{"id":508,"date":"2017-12-26T22:35:14","date_gmt":"2017-12-26T21:35:14","guid":{"rendered":"http:\/\/agora.xtec.cat\/escolamartipolsantfeliu\/?page_id=508"},"modified":"2026-01-26T13:14:43","modified_gmt":"2026-01-26T12:14:43","slug":"equip-docent","status":"publish","type":"page","link":"https:\/\/agora.xtec.cat\/escolamartipolsantfeliu\/lescola\/equip-docent\/","title":{"rendered":"Equip docent curs 25-26"},"content":{"rendered":"<h4><span style=\"color: #33cccc;\"><strong>TUTORIES<\/strong><\/span><\/h4>\n<p><span style=\"color: #000000;\"><strong>CICLE EDUCACI\u00d3 INFANTIL<\/strong><\/span><br \/>\n<span style=\"color: #000000;\">\u25cf I3A: Anna Tarr\u00e9s i Anna Dur\u00f3\u00a0 \u00a0 \u00a0 \u00a0 \u00a0 \u00a0 \u00a0 \u25cf I3B: Susi Cec\u00edlia<\/span><\/p>\n<p><span style=\"color: #000000;\">\u25cf I4A: Dolors Obiols\u00a0 \u00a0 \u00a0 \u00a0 \u00a0 \u00a0 \u00a0 \u00a0 \u00a0 \u00a0 \u00a0 \u00a0 \u00a0 \u00a0 \u00a0 \u00a0 \u00a0 \u25cf I4B: Elisabeth Guerrero<\/span><br \/>\n<span style=\"color: #000000;\">\u25cf I5A: Ia Ascensi\u00a0 \u00a0 \u00a0 \u00a0 \u00a0 \u00a0 \u00a0 \u00a0 \u00a0 \u00a0 \u00a0 \u00a0 \u00a0 \u00a0 \u00a0 \u00a0 \u00a0 \u00a0 \u00a0 \u00a0 \u00a0\u25cf I5B: Maria Murillo<\/span><\/p>\n<p><span style=\"color: #000000;\"><strong>CICLE INCIAL<\/strong><\/span><br \/>\n<span style=\"color: #000000;\">\u25cf 1rA:\u00a0 \u00c0ngels Pizarro\u00a0 \u00a0 \u00a0 \u00a0 \u00a0 \u00a0 \u00a0 \u00a0 \u00a0 \u00a0 \u00a0 \u00a0 \u00a0 \u00a0 \u00a0 \u00a0 \u00a0 \u25cf 1rB: Raquel G\u00f3mez<\/span><br \/>\n<span style=\"color: #000000;\">\u25cf 2nA: Ana Argudo\u00a0 \u00a0 \u00a0 \u00a0 \u00a0 \u00a0 \u00a0 \u00a0 \u00a0 \u00a0 \u00a0 \u00a0 \u00a0 \u00a0 \u00a0 \u00a0 \u00a0 \u00a0 \u00a0 \u00a0\u25cf 2nB: <span style=\"font-weight: 400;\">Marta Fabr\u00e9s i Daniel Sotomayor<\/span><\/span><\/p>\n<p><span style=\"color: #000000;\"><strong>CICLE MITJ\u00c0<\/strong><\/span><br \/>\n<span style=\"color: #000000;\">\u25cf 3rA: Ruth Castro\u00a0 \u00a0 \u00a0 \u00a0 \u00a0 \u00a0 \u00a0 \u00a0 \u00a0 \u00a0 \u00a0 \u00a0 \u00a0 \u00a0 \u00a0 \u00a0 \u00a0 \u00a0 \u00a0 \u00a0 \u25cf 3rB: <span style=\"font-weight: 400;\">Xavi Juli\u00e0<\/span><\/span><br \/>\n<span style=\"color: #000000;\">\u25cf 4tA: Estela Paredes\u00a0 \u00a0 \u00a0 \u00a0 \u00a0 \u00a0 \u00a0 \u00a0 \u00a0 \u00a0 \u00a0 \u00a0 \u00a0 \u00a0 \u00a0 \u00a0 \u00a0 \u00a0\u25cf 4tB: <span style=\"font-weight: 400;\">Noelia Mateos<\/span><\/span><\/p>\n<p><span style=\"color: #000000;\"><strong>CICLE SUPERIOR<\/strong><\/span><br \/>\n<span style=\"color: #000000;\">\u25cf 5\u00e8A: Laura Caus\u00a0 \u00a0 \u00a0 \u00a0 \u00a0 \u00a0 \u00a0 \u00a0 \u00a0 \u00a0 \u00a0 \u00a0 \u00a0 \u00a0 \u00a0 \u00a0 \u00a0 \u00a0 \u00a0 \u00a0 \u00a0\u25cf 5\u00e8B: Laura Garc\u00eda<\/span><br \/>\n<span style=\"color: #ff6600;\"><span style=\"color: #000000;\">\u25cf 6\u00e8A: Sandra Garc\u00eda\u00a0 \u00a0 \u00a0 \u00a0 \u00a0 <\/span><\/span><span style=\"color: #000000;\">\u00a0 \u00a0 \u00a0 \u00a0 \u00a0 \u00a0 \u00a0 \u00a0 \u00a0 \u00a0 \u00a0 \u00a0 \u00a0\u25cf 6\u00e8B: <\/span><span style=\"font-weight: 400;\"><span style=\"color: #000000;\">Toni Romero<\/span><\/span><\/p>\n<p>&nbsp;<\/p>\n<h4><span style=\"color: #33cccc;\"><strong>ESPECIALISTES<\/strong><\/span><\/h4>\n<p><span style=\"color: #000000;\">\u25cf M\u00fasica: Caterina del Cerro i Olga Pardo<\/span><br \/>\n<span style=\"color: #000000;\">\u25cf Angl\u00e8s: Emma Torrallardona, Silvia Pall\u00e0s i Laia Suils \/ Irene<\/span><br \/>\n<span style=\"color: #000000;\">\u25cf Pedagogia Terap\u00e8utica: Lidia Garc\u00eda, Susana Gallego, MaJos\u00e9 Mart\u00edn i Jennifer Rodr\u00edguez<\/span><br \/>\n<span style=\"color: #000000;\">\u25cf Educaci\u00f3 f\u00edsica: Oscar Gonz\u00e1lez<\/span><br \/>\n<span style=\"color: #000000;\">\u25cf Refor\u00e7: N\u00faria Bello \/ \u00c1lvaro Azor\u00edn<\/span><br \/>\n<span style=\"color: #000000;\">\u25cf Religi\u00f3: Tatiana Garcia<\/span><br \/>\n<span style=\"color: #000000;\">\u25cf SIAL: N\u00faria Acebr\u00f3n<\/span><\/p>\n<p>&nbsp;<\/p>\n<p><strong><span style=\"color: #000000;\">Amb el professorat tamb\u00e9 intervenen al centre:<\/span><\/strong><\/p>\n<p><span style=\"color: #000000;\">\u25cf T\u00e8cnica d\u2019Educaci\u00f3 Infantil: Paula Hern\u00e1ndez<\/span><\/p>\n<p><span style=\"color: #000000;\">\u25cf Vetlladores: Esther Ribas i Yolanda Luque\u00a0<\/span><br \/>\n<span style=\"color: #000000;\">\u25cf Auxiliar d&#8217;educaci\u00f3 especial: Maria Zaragoza<\/span><\/p>\n<p><span style=\"color: #000000;\">\u25cf Auxiliar de manteniment: Jordi Garrote<\/span><br \/>\n<span style=\"color: #000000;\">\u25cf Auxiliar administrativa: Montserrat Jim\u00e9nez<\/span><\/p>\n<p>&nbsp;<\/p>\n<h5><span style=\"color: #33cccc;\"><strong>EQUIP DIRECTIU<\/strong><\/span><\/h5>\n<p><span style=\"color: #000000;\">\u25cf Direcci\u00f3: Marta Dapena<\/span><br \/>\n<span style=\"color: #000000;\">\u25cf Cap d\u2019estudis: Maria Pe\u00f1alta<\/span><br \/>\n<span style=\"color: #000000;\">\u25cf Secretaria: Ma Jos\u00e9 Mart\u00edn<\/span><\/p>\n<p>&nbsp;<\/p>\n<h5><span style=\"color: #33cccc;\"><strong>Persones adjudicades als cicles\u00a0<\/strong><\/span><\/h5>\n<ul>\n<li><strong>CICLE INFANTIL: <\/strong><span style=\"color: #000000;\">Paula Hern\u00e1ndez i Olga Pardo<\/span><\/li>\n<li><strong>CICLE INICIAL:<\/strong> N\u00faria Acebr\u00f3n, <span style=\"color: #000000;\">Silvia Pall\u00e0s<\/span> i Jennifer Rodr\u00edguez<\/li>\n<li><strong>CICLE MITJ\u00c0:<\/strong> Susana Gallego, <span style=\"color: #000000;\">Caterina del Cerro<\/span> i Emma Torrallardona<\/li>\n<li><strong>CICLE SUPERIOR:<\/strong> Lidia Garc\u00eda, Oscar Gonzalez i Tatiana Garc\u00eda<\/li>\n<\/ul>\n<h5><\/h5>\n<h5><span style=\"color: #33cccc;\"><strong>COMISSIONS\u00a0<\/strong><\/span><\/h5>\n<ul>\n<li><span style=\"color: #000000;\"><strong>BIBLIOTECA:<\/strong> Susi Cec\u00edlia, Anna Tarr\u00e9s, Marta Fabr\u00e9s, Xavi Juli\u00e0 i Laia Suils \/ Irene.<\/span><\/li>\n<li><span style=\"color: #333333;\"><strong>TAC:<\/strong> Emma Torrallardona (coordinadora TAC), Dolors Obiols, Laura Garc\u00eda, \u00c0ngels Pizarro, Ana Argudo, Oscar Gonz\u00e1lez.<\/span><\/li>\n<li><span style=\"color: #333333;\"><strong>COCOBE:<\/strong> Susana Gallego (coordinadora COCOBE), Eva L\u00f3pez\/<span style=\"font-weight: 400;\">Noelia Mateos<\/span>, Eli Guerrero, L\u00eddia Garc\u00eda, Paula Hern\u00e1ndez, Silvia Pall\u00e0s i Ana Argudo.<\/span><\/li>\n<li><span style=\"color: #333333;\"><strong>ESCOLA VERDA:<\/strong> Estela Paredes.<\/span><\/li>\n<li><span style=\"color: #333333;\"><strong>FESTES<\/strong> (espor\u00e0dica): Oscar Gonzalez i Laia Suils \/ Irene.<\/span><\/li>\n<\/ul>\n<p><!--a=1--><\/p>\n<p><!--a=1--><!--a=1--><\/p>\n<p><!--a=1--><\/p>\n<p><!--a=1--><\/p>\n<p><!--a=1--><\/p>\n<p><!--a=1--><!--a=1--><\/p>\n<p><!--a=1--><\/p>\n<p><!--a=1--><\/p>\n<p><!--a=1--><\/p>\n<p><!--a=1--><\/p>\n<p><!--a=1--><\/p>\n<p><!--a=1--><\/p>\n<p><!--a=1--><\/p>\n","protected":false},"excerpt":{"rendered":"<p>TUTORIES CICLE EDUCACI\u00d3 INFANTIL \u25cf I3A: Anna Tarr\u00e9s i Anna Dur\u00f3\u00a0 \u00a0 \u00a0 \u00a0 \u00a0 \u00a0 \u00a0 \u25cf I3B: Susi Cec\u00edlia \u25cf I4A: Dolors Obiols\u00a0 \u00a0 \u00a0 \u00a0 \u00a0 \u00a0 \u00a0 \u00a0 \u00a0 \u00a0 \u00a0 \u00a0 \u00a0 \u00a0 \u00a0 \u00a0 \u00a0 \u25cf I4B: Elisabeth Guerrero \u25cf I5A: Ia Ascensi\u00a0 \u00a0 \u00a0 \u00a0 \u00a0 \u00a0 \u00a0 [&hellip;]<\/p>\n","protected":false},"author":1,"featured_media":0,"parent":22,"menu_order":4,"comment_status":"closed","ping_status":"closed","template":"","meta":{"_bbp_topic_count":0,"_bbp_reply_count":0,"_bbp_total_topic_count":0,"_bbp_total_reply_count":0,"_bbp_voice_count":0,"_bbp_anonymous_reply_count":0,"_bbp_topic_count_hidden":0,"_bbp_reply_count_hidden":0,"_bbp_forum_subforum_count":0,"site-sidebar-layout":"default","site-content-layout":"","ast-site-content-layout":"default","site-content-style":"default","site-sidebar-style":"default","ast-global-header-display":"","ast-banner-title-visibility":"","ast-main-header-display":"","ast-hfb-above-header-display":"","ast-hfb-below-header-display":"","ast-hfb-mobile-header-display":"","site-post-title":"","ast-breadcrumbs-content":"","ast-featured-img":"","footer-sml-layout":"","theme-transparent-header-meta":"default","adv-header-id-meta":"","stick-header-meta":"","header-above-stick-meta":"","header-main-stick-meta":"","header-below-stick-meta":"","astra-migrate-meta-layouts":"set","ast-page-background-enabled":"default","ast-page-background-meta":{"desktop":{"background-color":"var(--ast-global-color-4)","background-image":"","background-repeat":"repeat","background-position":"center center","background-size":"auto","background-attachment":"scroll","background-type":"","background-media":"","overlay-type":"","overlay-color":"","overlay-opacity":"","overlay-gradient":""},"tablet":{"background-color":"","background-image":"","background-repeat":"repeat","background-position":"center center","background-size":"auto","background-attachment":"scroll","background-type":"","background-media":"","overlay-type":"","overlay-color":"","overlay-opacity":"","overlay-gradient":""},"mobile":{"background-color":"","background-image":"","background-repeat":"repeat","background-position":"center center","background-size":"auto","background-attachment":"scroll","background-type":"","background-media":"","overlay-type":"","overlay-color":"","overlay-opacity":"","overlay-gradient":""}},"ast-content-background-meta":{"desktop":{"background-color":"var(--ast-global-color-5)","background-image":"","background-repeat":"repeat","background-position":"center center","background-size":"auto","background-attachment":"scroll","background-type":"","background-media":"","overlay-type":"","overlay-color":"","overlay-opacity":"","overlay-gradient":""},"tablet":{"background-color":"var(--ast-global-color-5)","background-image":"","background-repeat":"repeat","background-position":"center center","background-size":"auto","background-attachment":"scroll","background-type":"","background-media":"","overlay-type":"","overlay-color":"","overlay-opacity":"","overlay-gradient":""},"mobile":{"background-color":"var(--ast-global-color-5)","background-image":"","background-repeat":"repeat","background-position":"center center","background-size":"auto","background-attachment":"scroll","background-type":"","background-media":"","overlay-type":"","overlay-color":"","overlay-opacity":"","overlay-gradient":""}},"footnotes":""},"class_list":["post-508","page","type-page","status-publish","hentry"],"post_mailing_queue_ids":[],"_links":{"self":[{"href":"https:\/\/agora.xtec.cat\/escolamartipolsantfeliu\/wp-json\/wp\/v2\/pages\/508","targetHints":{"allow":["GET"]}}],"collection":[{"href":"https:\/\/agora.xtec.cat\/escolamartipolsantfeliu\/wp-json\/wp\/v2\/pages"}],"about":[{"href":"https:\/\/agora.xtec.cat\/escolamartipolsantfeliu\/wp-json\/wp\/v2\/types\/page"}],"author":[{"embeddable":true,"href":"https:\/\/agora.xtec.cat\/escolamartipolsantfeliu\/wp-json\/wp\/v2\/users\/1"}],"replies":[{"embeddable":true,"href":"https:\/\/agora.xtec.cat\/escolamartipolsantfeliu\/wp-json\/wp\/v2\/comments?post=508"}],"version-history":[{"count":6,"href":"https:\/\/agora.xtec.cat\/escolamartipolsantfeliu\/wp-json\/wp\/v2\/pages\/508\/revisions"}],"predecessor-version":[{"id":4290,"href":"https:\/\/agora.xtec.cat\/escolamartipolsantfeliu\/wp-json\/wp\/v2\/pages\/508\/revisions\/4290"}],"up":[{"embeddable":true,"href":"https:\/\/agora.xtec.cat\/escolamartipolsantfeliu\/wp-json\/wp\/v2\/pages\/22"}],"wp:attachment":[{"href":"https:\/\/agora.xtec.cat\/escolamartipolsantfeliu\/wp-json\/wp\/v2\/media?parent=508"}],"curies":[{"name":"wp","href":"https:\/\/api.w.org\/{rel}","templated":true}]}}