{"id":4263,"date":"2026-01-26T18:04:50","date_gmt":"2026-01-26T17:04:50","guid":{"rendered":"https:\/\/agora.xtec.cat\/escolamartipolsantfeliu\/?page_id=4263"},"modified":"2026-02-05T12:53:41","modified_gmt":"2026-02-05T11:53:41","slug":"robotica","status":"publish","type":"page","link":"https:\/\/agora.xtec.cat\/escolamartipolsantfeliu\/robotica\/","title":{"rendered":"Rob\u00f2tica CS"},"content":{"rendered":"<p><img loading=\"lazy\" decoding=\"async\" class=\"aligncenter size-large wp-image-4377\" src=\"https:\/\/agora.xtec.cat\/escolamartipolsantfeliu\/wp-content\/uploads\/usu1726\/2026\/02\/Captura-de-pantalla-2026-02-05-123255-1024x348.png\" alt=\"\" width=\"1024\" height=\"348\" srcset=\"https:\/\/agora.xtec.cat\/escolamartipolsantfeliu\/wp-content\/uploads\/usu1726\/2026\/02\/Captura-de-pantalla-2026-02-05-123255-1024x348.png 1024w, https:\/\/agora.xtec.cat\/escolamartipolsantfeliu\/wp-content\/uploads\/usu1726\/2026\/02\/Captura-de-pantalla-2026-02-05-123255-300x102.png 300w, https:\/\/agora.xtec.cat\/escolamartipolsantfeliu\/wp-content\/uploads\/usu1726\/2026\/02\/Captura-de-pantalla-2026-02-05-123255-768x261.png 768w, https:\/\/agora.xtec.cat\/escolamartipolsantfeliu\/wp-content\/uploads\/usu1726\/2026\/02\/Captura-de-pantalla-2026-02-05-123255-1536x522.png 1536w, https:\/\/agora.xtec.cat\/escolamartipolsantfeliu\/wp-content\/uploads\/usu1726\/2026\/02\/Captura-de-pantalla-2026-02-05-123255.png 1797w\" sizes=\"auto, (max-width: 1024px) 100vw, 1024px\" \/><\/p>\n<p style=\"font-size: 16px;\"><a href=\"https:\/\/projectes.xtec.cat\/digital\/wp-content\/uploads\/usu2317\/2024\/10\/Spike-Prime.pdf\"><img loading=\"lazy\" decoding=\"async\" class=\" wp-image-4371 alignleft\" src=\"https:\/\/agora.xtec.cat\/escolamartipolsantfeliu\/wp-content\/uploads\/usu1726\/2026\/02\/Captura-de-pantalla-2026-02-05-122619.png\" alt=\"\" width=\"206\" height=\"78\" \/><\/a><\/p>\n<p><a href=\"https:\/\/drive.google.com\/file\/d\/1kcokN21_sjFqj86fd0IxPOd7lTWn7Y-5\/view\"><img loading=\"lazy\" decoding=\"async\" class=\" wp-image-4372 alignright\" src=\"https:\/\/agora.xtec.cat\/escolamartipolsantfeliu\/wp-content\/uploads\/usu1726\/2026\/02\/Captura-de-pantalla-2026-02-05-122724.png\" alt=\"\" width=\"198\" height=\"83\" data-wp-editing=\"1\" \/><\/a><\/p>\n<p>&nbsp;<\/p>\n<p>&nbsp;<\/p>\n<p><img loading=\"lazy\" decoding=\"async\" class=\"aligncenter size-large wp-image-4328\" src=\"https:\/\/agora.xtec.cat\/escolamartipolsantfeliu\/wp-content\/uploads\/usu1726\/2026\/01\/Captura-de-pantalla-2026-01-28-175657-1024x321.png\" alt=\"\" width=\"1024\" height=\"321\" srcset=\"https:\/\/agora.xtec.cat\/escolamartipolsantfeliu\/wp-content\/uploads\/usu1726\/2026\/01\/Captura-de-pantalla-2026-01-28-175657-1024x321.png 1024w, https:\/\/agora.xtec.cat\/escolamartipolsantfeliu\/wp-content\/uploads\/usu1726\/2026\/01\/Captura-de-pantalla-2026-01-28-175657-300x94.png 300w, https:\/\/agora.xtec.cat\/escolamartipolsantfeliu\/wp-content\/uploads\/usu1726\/2026\/01\/Captura-de-pantalla-2026-01-28-175657-768x241.png 768w, https:\/\/agora.xtec.cat\/escolamartipolsantfeliu\/wp-content\/uploads\/usu1726\/2026\/01\/Captura-de-pantalla-2026-01-28-175657.png 1090w\" sizes=\"auto, (max-width: 1024px) 100vw, 1024px\" \/><\/p>\n<p style=\"text-align: justify;\" data-start=\"107\" data-end=\"275\">L\u2019any passat, en Ram\u00f3n, de l\u2019escola Falguera, i la teacher Emma, de l\u2019escola Miquel Mart\u00ed i Pol, van impulsar una col\u00b7laboraci\u00f3 molt enriquidora entre ambd\u00f3s centres.<\/p>\n<p style=\"text-align: justify;\" data-start=\"277\" data-end=\"503\">Al llarg de diverses sessions, les dues escoles van unir esfor\u00e7os perqu\u00e8 l\u2019alumnat de 6\u00e8 de l\u2019escola Falguera assum\u00eds el rol de mestres (degut al seu grau d&#8217;expertesa en Lego Spike) i compart\u00eds els seus aprenentatges amb els alumnes de 6\u00e8 de l\u2019escola Miquel Mart\u00ed i Pol.<\/p>\n<p style=\"text-align: justify;\" data-start=\"505\" data-end=\"681\">Aquesta experi\u00e8ncia va fomentar l\u2019aprenentatge entre iguals, la cooperaci\u00f3 i la confian\u00e7a, tot potenciant valors com la responsabilitat, el treball en equip i la comunicaci\u00f3.<\/p>\n<p><iframe class=\"wp-embedded-content\" sandbox=\"allow-scripts\" security=\"restricted\" title=\"Rob\u00f2tica col\u00b7laborativa AMB LEGO\" frameborder='0' width='1200' height='675' src='https:\/\/view.genially.com\/68360fa21fbf7ab21881a4ce#?secret=keOLVH9Uec' data-secret='keOLVH9Uec' scrolling='yes'><\/iframe><\/p>\n<p><a href=\"https:\/\/www.youtube.com\/watch?v=DURA_Ee4910\"><img loading=\"lazy\" decoding=\"async\" class=\"aligncenter size-large wp-image-4329\" src=\"https:\/\/agora.xtec.cat\/escolamartipolsantfeliu\/wp-content\/uploads\/usu1726\/2026\/01\/Captura-de-pantalla-2026-01-28-175906-1024x637.png\" alt=\"\" width=\"1024\" height=\"637\" srcset=\"https:\/\/agora.xtec.cat\/escolamartipolsantfeliu\/wp-content\/uploads\/usu1726\/2026\/01\/Captura-de-pantalla-2026-01-28-175906-1024x637.png 1024w, https:\/\/agora.xtec.cat\/escolamartipolsantfeliu\/wp-content\/uploads\/usu1726\/2026\/01\/Captura-de-pantalla-2026-01-28-175906-300x187.png 300w, https:\/\/agora.xtec.cat\/escolamartipolsantfeliu\/wp-content\/uploads\/usu1726\/2026\/01\/Captura-de-pantalla-2026-01-28-175906-768x478.png 768w, https:\/\/agora.xtec.cat\/escolamartipolsantfeliu\/wp-content\/uploads\/usu1726\/2026\/01\/Captura-de-pantalla-2026-01-28-175906.png 1102w\" sizes=\"auto, (max-width: 1024px) 100vw, 1024px\" \/><\/a><\/p>\n","protected":false},"excerpt":{"rendered":"<p>&nbsp; &nbsp; L\u2019any passat, en Ram\u00f3n, de l\u2019escola Falguera, i la teacher Emma, de l\u2019escola Miquel Mart\u00ed i Pol, van impulsar una col\u00b7laboraci\u00f3 molt enriquidora entre ambd\u00f3s centres. Al llarg de diverses sessions, les dues escoles van unir esfor\u00e7os perqu\u00e8 l\u2019alumnat de 6\u00e8 de l\u2019escola Falguera assum\u00eds el rol de mestres (degut al seu grau [&hellip;]<\/p>\n","protected":false},"author":1,"featured_media":0,"parent":0,"menu_order":0,"comment_status":"closed","ping_status":"closed","template":"","meta":{"_bbp_topic_count":0,"_bbp_reply_count":0,"_bbp_total_topic_count":0,"_bbp_total_reply_count":0,"_bbp_voice_count":0,"_bbp_anonymous_reply_count":0,"_bbp_topic_count_hidden":0,"_bbp_reply_count_hidden":0,"_bbp_forum_subforum_count":0,"site-sidebar-layout":"default","site-content-layout":"","ast-site-content-layout":"default","site-content-style":"default","site-sidebar-style":"default","ast-global-header-display":"","ast-banner-title-visibility":"","ast-main-header-display":"","ast-hfb-above-header-display":"","ast-hfb-below-header-display":"","ast-hfb-mobile-header-display":"","site-post-title":"","ast-breadcrumbs-content":"","ast-featured-img":"","footer-sml-layout":"","theme-transparent-header-meta":"default","adv-header-id-meta":"","stick-header-meta":"","header-above-stick-meta":"","header-main-stick-meta":"","header-below-stick-meta":"","astra-migrate-meta-layouts":"set","ast-page-background-enabled":"default","ast-page-background-meta":{"desktop":{"background-color":"var(--ast-global-color-4)","background-image":"","background-repeat":"repeat","background-position":"center center","background-size":"auto","background-attachment":"scroll","background-type":"","background-media":"","overlay-type":"","overlay-color":"","overlay-opacity":"","overlay-gradient":""},"tablet":{"background-color":"","background-image":"","background-repeat":"repeat","background-position":"center center","background-size":"auto","background-attachment":"scroll","background-type":"","background-media":"","overlay-type":"","overlay-color":"","overlay-opacity":"","overlay-gradient":""},"mobile":{"background-color":"","background-image":"","background-repeat":"repeat","background-position":"center center","background-size":"auto","background-attachment":"scroll","background-type":"","background-media":"","overlay-type":"","overlay-color":"","overlay-opacity":"","overlay-gradient":""}},"ast-content-background-meta":{"desktop":{"background-color":"var(--ast-global-color-5)","background-image":"","background-repeat":"repeat","background-position":"center center","background-size":"auto","background-attachment":"scroll","background-type":"","background-media":"","overlay-type":"","overlay-color":"","overlay-opacity":"","overlay-gradient":""},"tablet":{"background-color":"var(--ast-global-color-5)","background-image":"","background-repeat":"repeat","background-position":"center center","background-size":"auto","background-attachment":"scroll","background-type":"","background-media":"","overlay-type":"","overlay-color":"","overlay-opacity":"","overlay-gradient":""},"mobile":{"background-color":"var(--ast-global-color-5)","background-image":"","background-repeat":"repeat","background-position":"center center","background-size":"auto","background-attachment":"scroll","background-type":"","background-media":"","overlay-type":"","overlay-color":"","overlay-opacity":"","overlay-gradient":""}},"footnotes":""},"class_list":["post-4263","page","type-page","status-publish","hentry"],"post_mailing_queue_ids":[],"_links":{"self":[{"href":"https:\/\/agora.xtec.cat\/escolamartipolsantfeliu\/wp-json\/wp\/v2\/pages\/4263","targetHints":{"allow":["GET"]}}],"collection":[{"href":"https:\/\/agora.xtec.cat\/escolamartipolsantfeliu\/wp-json\/wp\/v2\/pages"}],"about":[{"href":"https:\/\/agora.xtec.cat\/escolamartipolsantfeliu\/wp-json\/wp\/v2\/types\/page"}],"author":[{"embeddable":true,"href":"https:\/\/agora.xtec.cat\/escolamartipolsantfeliu\/wp-json\/wp\/v2\/users\/1"}],"replies":[{"embeddable":true,"href":"https:\/\/agora.xtec.cat\/escolamartipolsantfeliu\/wp-json\/wp\/v2\/comments?post=4263"}],"version-history":[{"count":6,"href":"https:\/\/agora.xtec.cat\/escolamartipolsantfeliu\/wp-json\/wp\/v2\/pages\/4263\/revisions"}],"predecessor-version":[{"id":4380,"href":"https:\/\/agora.xtec.cat\/escolamartipolsantfeliu\/wp-json\/wp\/v2\/pages\/4263\/revisions\/4380"}],"wp:attachment":[{"href":"https:\/\/agora.xtec.cat\/escolamartipolsantfeliu\/wp-json\/wp\/v2\/media?parent=4263"}],"curies":[{"name":"wp","href":"https:\/\/api.w.org\/{rel}","templated":true}]}}