{"id":3914,"date":"2025-12-02T09:07:22","date_gmt":"2025-12-02T08:07:22","guid":{"rendered":"https:\/\/agora.xtec.cat\/escolamartipolsantfeliu\/?page_id=3914"},"modified":"2025-12-03T11:45:57","modified_gmt":"2025-12-03T10:45:57","slug":"persones-encarregades-del-menu-diari","status":"publish","type":"page","link":"https:\/\/agora.xtec.cat\/escolamartipolsantfeliu\/projectes-de-lescola\/treball-pel-collectiu\/persones-encarregades-del-menu-diari\/","title":{"rendered":"Persones encarregades del Men\u00fa diari"},"content":{"rendered":"<p><img loading=\"lazy\" decoding=\"async\" class=\"aligncenter size-full wp-image-3940\" src=\"https:\/\/agora.xtec.cat\/escolamartipolsantfeliu\/wp-content\/uploads\/usu1726\/2025\/12\/Captura-de-pantalla-2025-12-02-184656.png\" alt=\"\" width=\"626\" height=\"292\" srcset=\"https:\/\/agora.xtec.cat\/escolamartipolsantfeliu\/wp-content\/uploads\/usu1726\/2025\/12\/Captura-de-pantalla-2025-12-02-184656.png 626w, https:\/\/agora.xtec.cat\/escolamartipolsantfeliu\/wp-content\/uploads\/usu1726\/2025\/12\/Captura-de-pantalla-2025-12-02-184656-300x140.png 300w\" sizes=\"auto, (max-width: 626px) 100vw, 626px\" \/><\/p>\n<h2 style=\"text-align: center;\" data-start=\"129\" data-end=\"191\"><strong data-start=\"132\" data-end=\"191\">Els informadors del men\u00fa: escriure amb un prop\u00f2sit real<\/strong><\/h2>\n<p style=\"text-align: justify;\" data-start=\"193\" data-end=\"559\">A la nostra escola, els infants de 1r assumeixen el c\u00e0rrec d\u2019<strong data-start=\"254\" data-end=\"284\">informadors del men\u00fa diari<\/strong>, una responsabilitat que els permet participar activament en la vida del centre. Cada dia, consulten quin \u00e9s el men\u00fa i l\u2019escriuen a les <strong data-start=\"421\" data-end=\"452\">dues pissarres informatives<\/strong> situades a les escales que connecten les classes, perqu\u00e8 tots els cursos puguin saber qu\u00e8 hi ha per dinar.<\/p>\n<p style=\"text-align: justify;\" data-start=\"561\" data-end=\"930\">Aquesta tasca, senzilla per\u00f2 significativa, ofereix als infants una <strong data-start=\"629\" data-end=\"673\">situaci\u00f3 real d\u2019\u00fas de la llengua escrita<\/strong>. Els ajuda a escriure amb un prop\u00f2sit funcional i comprensible, refor\u00e7ant la seva <strong data-start=\"756\" data-end=\"775\">lectoescriptura<\/strong>, l\u2019autonomia i la cura en la presentaci\u00f3 del text. A m\u00e9s, fomenta la responsabilitat, la col\u00b7laboraci\u00f3 i el sentit de pertinen\u00e7a a la comunitat educativa.<\/p>\n<p style=\"text-align: justify;\" data-start=\"932\" data-end=\"1107\">Amb aquest petit gest, els alumnes de 1r contribueixen al bon funcionament de l\u2019escola i descobreixen que llegir i escriure t\u00e9 una utilitat clara i directa en el seu dia a dia.<\/p>\n<p><img loading=\"lazy\" decoding=\"async\" class=\"aligncenter size-large wp-image-3338\" src=\"https:\/\/agora.xtec.cat\/escolamartipolsantfeliu\/wp-content\/uploads\/usu1726\/2025\/02\/IMG-20250122-WA0007-e1764697698314-1024x1024.jpg\" alt=\"\" width=\"1024\" height=\"1024\" srcset=\"https:\/\/agora.xtec.cat\/escolamartipolsantfeliu\/wp-content\/uploads\/usu1726\/2025\/02\/IMG-20250122-WA0007-e1764697698314-1024x1024.jpg 1024w, https:\/\/agora.xtec.cat\/escolamartipolsantfeliu\/wp-content\/uploads\/usu1726\/2025\/02\/IMG-20250122-WA0007-e1764697698314-300x300.jpg 300w, https:\/\/agora.xtec.cat\/escolamartipolsantfeliu\/wp-content\/uploads\/usu1726\/2025\/02\/IMG-20250122-WA0007-e1764697698314-150x150.jpg 150w, https:\/\/agora.xtec.cat\/escolamartipolsantfeliu\/wp-content\/uploads\/usu1726\/2025\/02\/IMG-20250122-WA0007-e1764697698314-768x768.jpg 768w, https:\/\/agora.xtec.cat\/escolamartipolsantfeliu\/wp-content\/uploads\/usu1726\/2025\/02\/IMG-20250122-WA0007-e1764697698314.jpg 1115w\" sizes=\"auto, (max-width: 1024px) 100vw, 1024px\" \/><\/p>\n<p><img loading=\"lazy\" decoding=\"async\" class=\"aligncenter size-large wp-image-3336\" src=\"https:\/\/agora.xtec.cat\/escolamartipolsantfeliu\/wp-content\/uploads\/usu1726\/2025\/02\/IMG-20250203-WA0009-768x1024.jpg\" alt=\"\" width=\"768\" height=\"1024\" srcset=\"https:\/\/agora.xtec.cat\/escolamartipolsantfeliu\/wp-content\/uploads\/usu1726\/2025\/02\/IMG-20250203-WA0009-768x1024.jpg 768w, https:\/\/agora.xtec.cat\/escolamartipolsantfeliu\/wp-content\/uploads\/usu1726\/2025\/02\/IMG-20250203-WA0009-225x300.jpg 225w, https:\/\/agora.xtec.cat\/escolamartipolsantfeliu\/wp-content\/uploads\/usu1726\/2025\/02\/IMG-20250203-WA0009-1152x1536.jpg 1152w, https:\/\/agora.xtec.cat\/escolamartipolsantfeliu\/wp-content\/uploads\/usu1726\/2025\/02\/IMG-20250203-WA0009.jpg 1200w\" sizes=\"auto, (max-width: 768px) 100vw, 768px\" \/><\/p>\n<p><img loading=\"lazy\" decoding=\"async\" class=\"aligncenter wp-image-3354\" src=\"https:\/\/agora.xtec.cat\/escolamartipolsantfeliu\/wp-content\/uploads\/usu1726\/2025\/02\/1738752495431-min-1024x766.jpg\" alt=\"\" width=\"865\" height=\"647\" srcset=\"https:\/\/agora.xtec.cat\/escolamartipolsantfeliu\/wp-content\/uploads\/usu1726\/2025\/02\/1738752495431-min-1024x766.jpg 1024w, https:\/\/agora.xtec.cat\/escolamartipolsantfeliu\/wp-content\/uploads\/usu1726\/2025\/02\/1738752495431-min-300x224.jpg 300w, https:\/\/agora.xtec.cat\/escolamartipolsantfeliu\/wp-content\/uploads\/usu1726\/2025\/02\/1738752495431-min-768x575.jpg 768w, https:\/\/agora.xtec.cat\/escolamartipolsantfeliu\/wp-content\/uploads\/usu1726\/2025\/02\/1738752495431-min-1536x1149.jpg 1536w, https:\/\/agora.xtec.cat\/escolamartipolsantfeliu\/wp-content\/uploads\/usu1726\/2025\/02\/1738752495431-min-2048x1532.jpg 2048w, https:\/\/agora.xtec.cat\/escolamartipolsantfeliu\/wp-content\/uploads\/usu1726\/2025\/02\/1738752495431-min-200x150.jpg 200w\" sizes=\"auto, (max-width: 865px) 100vw, 865px\" \/><\/p>\n<p><!--a=1--><\/p>\n<p><!--a=1--><\/p>\n<p><!--a=1--><\/p>\n<p><!--a=1--><\/p>\n<p><!--a=1--><\/p>\n<p><!--a=1--><\/p>\n<p><!--a=1--><\/p>\n<p><!--a=1--><\/p>\n<p><!--a=1--><\/p>\n","protected":false},"excerpt":{"rendered":"<p>Els informadors del men\u00fa: escriure amb un prop\u00f2sit real A la nostra escola, els infants de 1r assumeixen el c\u00e0rrec d\u2019informadors del men\u00fa diari, una responsabilitat que els permet participar activament en la vida del centre. Cada dia, consulten quin \u00e9s el men\u00fa i l\u2019escriuen a les dues pissarres informatives situades a les escales que [&hellip;]<\/p>\n","protected":false},"author":1,"featured_media":0,"parent":576,"menu_order":1,"comment_status":"closed","ping_status":"closed","template":"","meta":{"_bbp_topic_count":0,"_bbp_reply_count":0,"_bbp_total_topic_count":0,"_bbp_total_reply_count":0,"_bbp_voice_count":0,"_bbp_anonymous_reply_count":0,"_bbp_topic_count_hidden":0,"_bbp_reply_count_hidden":0,"_bbp_forum_subforum_count":0,"site-sidebar-layout":"default","site-content-layout":"","ast-site-content-layout":"","site-content-style":"default","site-sidebar-style":"default","ast-global-header-display":"","ast-banner-title-visibility":"","ast-main-header-display":"","ast-hfb-above-header-display":"","ast-hfb-below-header-display":"","ast-hfb-mobile-header-display":"","site-post-title":"","ast-breadcrumbs-content":"","ast-featured-img":"","footer-sml-layout":"","theme-transparent-header-meta":"","adv-header-id-meta":"","stick-header-meta":"","header-above-stick-meta":"","header-main-stick-meta":"","header-below-stick-meta":"","astra-migrate-meta-layouts":"default","ast-page-background-enabled":"default","ast-page-background-meta":{"desktop":{"background-color":"var(--ast-global-color-4)","background-image":"","background-repeat":"repeat","background-position":"center center","background-size":"auto","background-attachment":"scroll","background-type":"","background-media":"","overlay-type":"","overlay-color":"","overlay-opacity":"","overlay-gradient":""},"tablet":{"background-color":"","background-image":"","background-repeat":"repeat","background-position":"center center","background-size":"auto","background-attachment":"scroll","background-type":"","background-media":"","overlay-type":"","overlay-color":"","overlay-opacity":"","overlay-gradient":""},"mobile":{"background-color":"","background-image":"","background-repeat":"repeat","background-position":"center center","background-size":"auto","background-attachment":"scroll","background-type":"","background-media":"","overlay-type":"","overlay-color":"","overlay-opacity":"","overlay-gradient":""}},"ast-content-background-meta":{"desktop":{"background-color":"var(--ast-global-color-5)","background-image":"","background-repeat":"repeat","background-position":"center center","background-size":"auto","background-attachment":"scroll","background-type":"","background-media":"","overlay-type":"","overlay-color":"","overlay-opacity":"","overlay-gradient":""},"tablet":{"background-color":"var(--ast-global-color-5)","background-image":"","background-repeat":"repeat","background-position":"center center","background-size":"auto","background-attachment":"scroll","background-type":"","background-media":"","overlay-type":"","overlay-color":"","overlay-opacity":"","overlay-gradient":""},"mobile":{"background-color":"var(--ast-global-color-5)","background-image":"","background-repeat":"repeat","background-position":"center center","background-size":"auto","background-attachment":"scroll","background-type":"","background-media":"","overlay-type":"","overlay-color":"","overlay-opacity":"","overlay-gradient":""}},"footnotes":""},"class_list":["post-3914","page","type-page","status-publish","hentry"],"post_mailing_queue_ids":[],"_links":{"self":[{"href":"https:\/\/agora.xtec.cat\/escolamartipolsantfeliu\/wp-json\/wp\/v2\/pages\/3914","targetHints":{"allow":["GET"]}}],"collection":[{"href":"https:\/\/agora.xtec.cat\/escolamartipolsantfeliu\/wp-json\/wp\/v2\/pages"}],"about":[{"href":"https:\/\/agora.xtec.cat\/escolamartipolsantfeliu\/wp-json\/wp\/v2\/types\/page"}],"author":[{"embeddable":true,"href":"https:\/\/agora.xtec.cat\/escolamartipolsantfeliu\/wp-json\/wp\/v2\/users\/1"}],"replies":[{"embeddable":true,"href":"https:\/\/agora.xtec.cat\/escolamartipolsantfeliu\/wp-json\/wp\/v2\/comments?post=3914"}],"version-history":[{"count":6,"href":"https:\/\/agora.xtec.cat\/escolamartipolsantfeliu\/wp-json\/wp\/v2\/pages\/3914\/revisions"}],"predecessor-version":[{"id":3953,"href":"https:\/\/agora.xtec.cat\/escolamartipolsantfeliu\/wp-json\/wp\/v2\/pages\/3914\/revisions\/3953"}],"up":[{"embeddable":true,"href":"https:\/\/agora.xtec.cat\/escolamartipolsantfeliu\/wp-json\/wp\/v2\/pages\/576"}],"wp:attachment":[{"href":"https:\/\/agora.xtec.cat\/escolamartipolsantfeliu\/wp-json\/wp\/v2\/media?parent=3914"}],"curies":[{"name":"wp","href":"https:\/\/api.w.org\/{rel}","templated":true}]}}