{"id":3912,"date":"2025-12-03T09:46:08","date_gmt":"2025-12-03T08:46:08","guid":{"rendered":"https:\/\/agora.xtec.cat\/escolamartipolsantfeliu\/?page_id=3912"},"modified":"2025-12-05T13:25:08","modified_gmt":"2025-12-05T12:25:08","slug":"persones-revisores-energetiques","status":"publish","type":"page","link":"https:\/\/agora.xtec.cat\/escolamartipolsantfeliu\/projectes-de-lescola\/treball-pel-collectiu\/persones-revisores-energetiques\/","title":{"rendered":"Persones revisores energ\u00e8tiques"},"content":{"rendered":"<p><img loading=\"lazy\" decoding=\"async\" class=\"aligncenter wp-image-3946 size-full\" src=\"https:\/\/agora.xtec.cat\/escolamartipolsantfeliu\/wp-content\/uploads\/usu1726\/2025\/12\/Captura-de-pantalla-2025-12-03-103003-e1764754454437.png\" alt=\"\" width=\"620\" height=\"254\" srcset=\"https:\/\/agora.xtec.cat\/escolamartipolsantfeliu\/wp-content\/uploads\/usu1726\/2025\/12\/Captura-de-pantalla-2025-12-03-103003-e1764754454437.png 620w, https:\/\/agora.xtec.cat\/escolamartipolsantfeliu\/wp-content\/uploads\/usu1726\/2025\/12\/Captura-de-pantalla-2025-12-03-103003-e1764754454437-300x123.png 300w\" sizes=\"auto, (max-width: 620px) 100vw, 620px\" \/><\/p>\n<h2 style=\"text-align: center;\" data-start=\"134\" data-end=\"234\"><strong data-start=\"137\" data-end=\"234\">Les persones revisores energ\u00e8tiques: un comprom\u00eds amb la sostenibilitat i la cura dels espais<\/strong><\/h2>\n<p data-start=\"236\" data-end=\"546\">A la nostra escola fomentem el desenvolupament de compet\u00e8ncies relacionades amb la responsabilitat, la ciutadania activa i la sostenibilitat. Per aix\u00f2, alguns infants assumeixen el rol de <strong data-start=\"424\" data-end=\"461\">\u201cpersones revisores energ\u00e8tiques\u201d<\/strong>, un c\u00e0rrec que promou la consci\u00e8ncia ambiental, l\u2019autonomia i el treball cooperatiu.<\/p>\n<p data-start=\"548\" data-end=\"1060\">Les persones revisores energ\u00e8tiques tenen l\u2019enc\u00e0rrec de <strong data-start=\"604\" data-end=\"668\">vetllar pel bon \u00fas de l\u2019energia a tots els espais del centre<\/strong>. La seva funci\u00f3 consisteix a comprovar que no quedi cap <strong data-start=\"725\" data-end=\"740\">llum encesa<\/strong> quan una aula est\u00e0 buida, que els <strong data-start=\"775\" data-end=\"811\">panells digitals i les pantalles<\/strong> estiguin apagats quan no s\u2019utilitzen i que, en cas que hi hagi la <strong data-start=\"878\" data-end=\"908\">calefacci\u00f3 en funcionament<\/strong>, <strong data-start=\"910\" data-end=\"942\">no hi hagi finestres obertes<\/strong>. Aquesta tasca afavoreix la reflexi\u00f3 sobre el consum responsable i la import\u00e0ncia de tenir cura dels recursos comuns.<\/p>\n<p data-start=\"1062\" data-end=\"1424\">Quan detecten alguna incid\u00e8ncia, les persones revisores emeten una <strong data-start=\"1129\" data-end=\"1160\">&#8220;multa energ\u00e8tica&#8221; en paper<\/strong>, que fan arribar a la classe corresponent com a recordatori amable de la necessitat d\u2019actuar amb coher\u00e8ncia i responsabilitat. Aquest petit gest ajuda a prendre consci\u00e8ncia de l\u2019impacte col\u00b7lectiu i refor\u00e7a el comprom\u00eds del centre amb la sostenibilitat ambiental.<\/p>\n<p data-start=\"1426\" data-end=\"1652\">A trav\u00e9s d\u2019aquest c\u00e0rrec, els infants aprenen a observar, prendre decisions, comunicar-se amb respecte i assumir responsabilitats reals dins la comunitat educativa, contribuint a un entorn m\u00e9s eficient, sostenible i \u00a0conscient.<\/p>\n<p data-start=\"1426\" data-end=\"1652\"><img loading=\"lazy\" decoding=\"async\" class=\"wp-image-3956 alignleft\" src=\"https:\/\/agora.xtec.cat\/escolamartipolsantfeliu\/wp-content\/uploads\/usu1726\/2025\/12\/IMG-20251204-WA0009-768x1024.jpg\" alt=\"\" width=\"441\" height=\"588\" srcset=\"https:\/\/agora.xtec.cat\/escolamartipolsantfeliu\/wp-content\/uploads\/usu1726\/2025\/12\/IMG-20251204-WA0009-768x1024.jpg 768w, https:\/\/agora.xtec.cat\/escolamartipolsantfeliu\/wp-content\/uploads\/usu1726\/2025\/12\/IMG-20251204-WA0009-225x300.jpg 225w, https:\/\/agora.xtec.cat\/escolamartipolsantfeliu\/wp-content\/uploads\/usu1726\/2025\/12\/IMG-20251204-WA0009-1152x1536.jpg 1152w, https:\/\/agora.xtec.cat\/escolamartipolsantfeliu\/wp-content\/uploads\/usu1726\/2025\/12\/IMG-20251204-WA0009.jpg 1200w\" sizes=\"auto, (max-width: 441px) 100vw, 441px\" \/><\/p>\n<p data-start=\"1426\" data-end=\"1652\"><img loading=\"lazy\" decoding=\"async\" class=\"aligncenter wp-image-3963\" src=\"https:\/\/agora.xtec.cat\/escolamartipolsantfeliu\/wp-content\/uploads\/usu1726\/2025\/12\/IMG-20251204-WA0011-768x1024.jpg\" alt=\"\" width=\"444\" height=\"592\" srcset=\"https:\/\/agora.xtec.cat\/escolamartipolsantfeliu\/wp-content\/uploads\/usu1726\/2025\/12\/IMG-20251204-WA0011-768x1024.jpg 768w, https:\/\/agora.xtec.cat\/escolamartipolsantfeliu\/wp-content\/uploads\/usu1726\/2025\/12\/IMG-20251204-WA0011-225x300.jpg 225w, https:\/\/agora.xtec.cat\/escolamartipolsantfeliu\/wp-content\/uploads\/usu1726\/2025\/12\/IMG-20251204-WA0011-1152x1536.jpg 1152w, https:\/\/agora.xtec.cat\/escolamartipolsantfeliu\/wp-content\/uploads\/usu1726\/2025\/12\/IMG-20251204-WA0011.jpg 1200w\" sizes=\"auto, (max-width: 444px) 100vw, 444px\" \/><\/p>\n<p><!--a=1--><\/p>\n<p><!--a=1--><\/p>\n<p><!--a=1--><\/p>\n<p><!--a=1--><\/p>\n<p><!--a=1--><\/p>\n<p><!--a=1--><\/p>\n","protected":false},"excerpt":{"rendered":"<p>Les persones revisores energ\u00e8tiques: un comprom\u00eds amb la sostenibilitat i la cura dels espais A la nostra escola fomentem el desenvolupament de compet\u00e8ncies relacionades amb la responsabilitat, la ciutadania activa i la sostenibilitat. Per aix\u00f2, alguns infants assumeixen el rol de \u201cpersones revisores energ\u00e8tiques\u201d, un c\u00e0rrec que promou la consci\u00e8ncia ambiental, l\u2019autonomia i el treball [&hellip;]<\/p>\n","protected":false},"author":1,"featured_media":0,"parent":576,"menu_order":3,"comment_status":"closed","ping_status":"closed","template":"","meta":{"_bbp_topic_count":0,"_bbp_reply_count":0,"_bbp_total_topic_count":0,"_bbp_total_reply_count":0,"_bbp_voice_count":0,"_bbp_anonymous_reply_count":0,"_bbp_topic_count_hidden":0,"_bbp_reply_count_hidden":0,"_bbp_forum_subforum_count":0,"site-sidebar-layout":"default","site-content-layout":"","ast-site-content-layout":"","site-content-style":"default","site-sidebar-style":"default","ast-global-header-display":"","ast-banner-title-visibility":"","ast-main-header-display":"","ast-hfb-above-header-display":"","ast-hfb-below-header-display":"","ast-hfb-mobile-header-display":"","site-post-title":"","ast-breadcrumbs-content":"","ast-featured-img":"","footer-sml-layout":"","theme-transparent-header-meta":"","adv-header-id-meta":"","stick-header-meta":"","header-above-stick-meta":"","header-main-stick-meta":"","header-below-stick-meta":"","astra-migrate-meta-layouts":"default","ast-page-background-enabled":"default","ast-page-background-meta":{"desktop":{"background-color":"var(--ast-global-color-4)","background-image":"","background-repeat":"repeat","background-position":"center center","background-size":"auto","background-attachment":"scroll","background-type":"","background-media":"","overlay-type":"","overlay-color":"","overlay-opacity":"","overlay-gradient":""},"tablet":{"background-color":"","background-image":"","background-repeat":"repeat","background-position":"center center","background-size":"auto","background-attachment":"scroll","background-type":"","background-media":"","overlay-type":"","overlay-color":"","overlay-opacity":"","overlay-gradient":""},"mobile":{"background-color":"","background-image":"","background-repeat":"repeat","background-position":"center center","background-size":"auto","background-attachment":"scroll","background-type":"","background-media":"","overlay-type":"","overlay-color":"","overlay-opacity":"","overlay-gradient":""}},"ast-content-background-meta":{"desktop":{"background-color":"var(--ast-global-color-5)","background-image":"","background-repeat":"repeat","background-position":"center center","background-size":"auto","background-attachment":"scroll","background-type":"","background-media":"","overlay-type":"","overlay-color":"","overlay-opacity":"","overlay-gradient":""},"tablet":{"background-color":"var(--ast-global-color-5)","background-image":"","background-repeat":"repeat","background-position":"center center","background-size":"auto","background-attachment":"scroll","background-type":"","background-media":"","overlay-type":"","overlay-color":"","overlay-opacity":"","overlay-gradient":""},"mobile":{"background-color":"var(--ast-global-color-5)","background-image":"","background-repeat":"repeat","background-position":"center center","background-size":"auto","background-attachment":"scroll","background-type":"","background-media":"","overlay-type":"","overlay-color":"","overlay-opacity":"","overlay-gradient":""}},"footnotes":""},"class_list":["post-3912","page","type-page","status-publish","hentry"],"post_mailing_queue_ids":[],"_links":{"self":[{"href":"https:\/\/agora.xtec.cat\/escolamartipolsantfeliu\/wp-json\/wp\/v2\/pages\/3912","targetHints":{"allow":["GET"]}}],"collection":[{"href":"https:\/\/agora.xtec.cat\/escolamartipolsantfeliu\/wp-json\/wp\/v2\/pages"}],"about":[{"href":"https:\/\/agora.xtec.cat\/escolamartipolsantfeliu\/wp-json\/wp\/v2\/types\/page"}],"author":[{"embeddable":true,"href":"https:\/\/agora.xtec.cat\/escolamartipolsantfeliu\/wp-json\/wp\/v2\/users\/1"}],"replies":[{"embeddable":true,"href":"https:\/\/agora.xtec.cat\/escolamartipolsantfeliu\/wp-json\/wp\/v2\/comments?post=3912"}],"version-history":[{"count":6,"href":"https:\/\/agora.xtec.cat\/escolamartipolsantfeliu\/wp-json\/wp\/v2\/pages\/3912\/revisions"}],"predecessor-version":[{"id":3974,"href":"https:\/\/agora.xtec.cat\/escolamartipolsantfeliu\/wp-json\/wp\/v2\/pages\/3912\/revisions\/3974"}],"up":[{"embeddable":true,"href":"https:\/\/agora.xtec.cat\/escolamartipolsantfeliu\/wp-json\/wp\/v2\/pages\/576"}],"wp:attachment":[{"href":"https:\/\/agora.xtec.cat\/escolamartipolsantfeliu\/wp-json\/wp\/v2\/media?parent=3912"}],"curies":[{"name":"wp","href":"https:\/\/api.w.org\/{rel}","templated":true}]}}