{"id":3908,"date":"2025-12-03T17:21:36","date_gmt":"2025-12-03T16:21:36","guid":{"rendered":"https:\/\/agora.xtec.cat\/escolamartipolsantfeliu\/?page_id=3908"},"modified":"2025-12-10T19:53:47","modified_gmt":"2025-12-10T18:53:47","slug":"objectes-perduts","status":"publish","type":"page","link":"https:\/\/agora.xtec.cat\/escolamartipolsantfeliu\/projectes-de-lescola\/treball-pel-collectiu\/objectes-perduts\/","title":{"rendered":"Objectes perduts"},"content":{"rendered":"<h3 data-start=\"88\" data-end=\"158\"><img loading=\"lazy\" decoding=\"async\" class=\"aligncenter wp-image-3970\" src=\"https:\/\/agora.xtec.cat\/escolamartipolsantfeliu\/wp-content\/uploads\/usu1726\/2025\/12\/Captura-de-pantalla-2025-12-05-101323.png\" alt=\"\" width=\"448\" height=\"172\" srcset=\"https:\/\/agora.xtec.cat\/escolamartipolsantfeliu\/wp-content\/uploads\/usu1726\/2025\/12\/Captura-de-pantalla-2025-12-05-101323.png 365w, https:\/\/agora.xtec.cat\/escolamartipolsantfeliu\/wp-content\/uploads\/usu1726\/2025\/12\/Captura-de-pantalla-2025-12-05-101323-300x115.png 300w\" sizes=\"auto, (max-width: 448px) 100vw, 448px\" \/><\/h3>\n<h3 data-start=\"88\" data-end=\"158\"><\/h3>\n<h3 style=\"text-align: center;\" data-start=\"88\" data-end=\"158\"><strong data-start=\"92\" data-end=\"158\">Projecte de Servei a la Comunitat: Objectes Perduts a l\u2019Escola<\/strong><\/h3>\n<p style=\"text-align: justify;\" data-start=\"160\" data-end=\"538\">Aquest trimestre, els alumnes de <strong data-start=\"193\" data-end=\"199\">6\u00e8<\/strong> iniciaran un projecte de servei al col\u00b7lectiu amb l\u2019objectiu de millorar l\u2019organitzaci\u00f3 i la conviv\u00e8ncia dins del centre. La seva tasca consistir\u00e0 a <strong data-start=\"349\" data-end=\"408\">recollir i classificar els objectes perduts de l\u2019escola<\/strong>, com ara carmanyoles, dessuadores, jaquetes i altres materials que sovint queden oblidats al pati, als passadissos o a les aules.<\/p>\n<p style=\"text-align: justify;\" data-start=\"540\" data-end=\"845\">A m\u00e9s de la recollida, els alumnes faran un <strong data-start=\"584\" data-end=\"619\">registre i un estudi estad\u00edstic<\/strong> per determinar <strong data-start=\"635\" data-end=\"694\">quins s\u00f3n els objectes que es perden amb m\u00e9s freq\u00fc\u00e8ncia<\/strong>. Aquest proc\u00e9s els permetr\u00e0 treballar habilitats matem\u00e0tiques i organitzatives, alhora que contribueixen a un espai escolar m\u00e9s endre\u00e7at i sostenible.<\/p>\n<p style=\"text-align: justify;\" data-start=\"847\" data-end=\"1049\">Finalment, els resultats es presentaran a la comunitat educativa amb l\u2019objectiu de <strong data-start=\"930\" data-end=\"1004\">sensibilitzar sobre la import\u00e0ncia de tenir cura del material personal<\/strong> i reduir la quantitat d\u2019objectes extraviats.<\/p>\n<p data-start=\"847\" data-end=\"1049\"><img loading=\"lazy\" decoding=\"async\" class=\"wp-image-3968 alignright\" src=\"https:\/\/agora.xtec.cat\/escolamartipolsantfeliu\/wp-content\/uploads\/usu1726\/2025\/12\/IMG_20251204_122021-1-1024x768.jpg\" alt=\"\" width=\"540\" height=\"405\" srcset=\"https:\/\/agora.xtec.cat\/escolamartipolsantfeliu\/wp-content\/uploads\/usu1726\/2025\/12\/IMG_20251204_122021-1-1024x768.jpg 1024w, https:\/\/agora.xtec.cat\/escolamartipolsantfeliu\/wp-content\/uploads\/usu1726\/2025\/12\/IMG_20251204_122021-1-300x225.jpg 300w, https:\/\/agora.xtec.cat\/escolamartipolsantfeliu\/wp-content\/uploads\/usu1726\/2025\/12\/IMG_20251204_122021-1-768x576.jpg 768w, https:\/\/agora.xtec.cat\/escolamartipolsantfeliu\/wp-content\/uploads\/usu1726\/2025\/12\/IMG_20251204_122021-1-1536x1152.jpg 1536w, https:\/\/agora.xtec.cat\/escolamartipolsantfeliu\/wp-content\/uploads\/usu1726\/2025\/12\/IMG_20251204_122021-1-2048x1536.jpg 2048w, https:\/\/agora.xtec.cat\/escolamartipolsantfeliu\/wp-content\/uploads\/usu1726\/2025\/12\/IMG_20251204_122021-1-200x150.jpg 200w\" sizes=\"auto, (max-width: 540px) 100vw, 540px\" \/><\/p>\n<p><img loading=\"lazy\" decoding=\"async\" class=\"wp-image-3967 alignleft\" style=\"text-align: justify;\" src=\"https:\/\/agora.xtec.cat\/escolamartipolsantfeliu\/wp-content\/uploads\/usu1726\/2025\/12\/IMG_20251205_095514-2-1-768x1024.jpg\" alt=\"\" width=\"367\" height=\"490\" srcset=\"https:\/\/agora.xtec.cat\/escolamartipolsantfeliu\/wp-content\/uploads\/usu1726\/2025\/12\/IMG_20251205_095514-2-1-768x1024.jpg 768w, https:\/\/agora.xtec.cat\/escolamartipolsantfeliu\/wp-content\/uploads\/usu1726\/2025\/12\/IMG_20251205_095514-2-1-225x300.jpg 225w, https:\/\/agora.xtec.cat\/escolamartipolsantfeliu\/wp-content\/uploads\/usu1726\/2025\/12\/IMG_20251205_095514-2-1-1152x1536.jpg 1152w, https:\/\/agora.xtec.cat\/escolamartipolsantfeliu\/wp-content\/uploads\/usu1726\/2025\/12\/IMG_20251205_095514-2-1-1536x2048.jpg 1536w, https:\/\/agora.xtec.cat\/escolamartipolsantfeliu\/wp-content\/uploads\/usu1726\/2025\/12\/IMG_20251205_095514-2-1-scaled.jpg 1920w\" sizes=\"auto, (max-width: 367px) 100vw, 367px\" \/><\/p>\n<p><!--a=1--><\/p>\n<p><!--a=1--><\/p>\n<p><!--a=1--><\/p>\n","protected":false},"excerpt":{"rendered":"<p>Projecte de Servei a la Comunitat: Objectes Perduts a l\u2019Escola Aquest trimestre, els alumnes de 6\u00e8 iniciaran un projecte de servei al col\u00b7lectiu amb l\u2019objectiu de millorar l\u2019organitzaci\u00f3 i la conviv\u00e8ncia dins del centre. La seva tasca consistir\u00e0 a recollir i classificar els objectes perduts de l\u2019escola, com ara carmanyoles, dessuadores, jaquetes i altres materials [&hellip;]<\/p>\n","protected":false},"author":1,"featured_media":0,"parent":576,"menu_order":6,"comment_status":"closed","ping_status":"closed","template":"","meta":{"_bbp_topic_count":0,"_bbp_reply_count":0,"_bbp_total_topic_count":0,"_bbp_total_reply_count":0,"_bbp_voice_count":0,"_bbp_anonymous_reply_count":0,"_bbp_topic_count_hidden":0,"_bbp_reply_count_hidden":0,"_bbp_forum_subforum_count":0,"site-sidebar-layout":"default","site-content-layout":"","ast-site-content-layout":"","site-content-style":"default","site-sidebar-style":"default","ast-global-header-display":"","ast-banner-title-visibility":"","ast-main-header-display":"","ast-hfb-above-header-display":"","ast-hfb-below-header-display":"","ast-hfb-mobile-header-display":"","site-post-title":"","ast-breadcrumbs-content":"","ast-featured-img":"","footer-sml-layout":"","theme-transparent-header-meta":"","adv-header-id-meta":"","stick-header-meta":"","header-above-stick-meta":"","header-main-stick-meta":"","header-below-stick-meta":"","astra-migrate-meta-layouts":"default","ast-page-background-enabled":"default","ast-page-background-meta":{"desktop":{"background-color":"var(--ast-global-color-4)","background-image":"","background-repeat":"repeat","background-position":"center center","background-size":"auto","background-attachment":"scroll","background-type":"","background-media":"","overlay-type":"","overlay-color":"","overlay-opacity":"","overlay-gradient":""},"tablet":{"background-color":"","background-image":"","background-repeat":"repeat","background-position":"center center","background-size":"auto","background-attachment":"scroll","background-type":"","background-media":"","overlay-type":"","overlay-color":"","overlay-opacity":"","overlay-gradient":""},"mobile":{"background-color":"","background-image":"","background-repeat":"repeat","background-position":"center center","background-size":"auto","background-attachment":"scroll","background-type":"","background-media":"","overlay-type":"","overlay-color":"","overlay-opacity":"","overlay-gradient":""}},"ast-content-background-meta":{"desktop":{"background-color":"var(--ast-global-color-5)","background-image":"","background-repeat":"repeat","background-position":"center center","background-size":"auto","background-attachment":"scroll","background-type":"","background-media":"","overlay-type":"","overlay-color":"","overlay-opacity":"","overlay-gradient":""},"tablet":{"background-color":"var(--ast-global-color-5)","background-image":"","background-repeat":"repeat","background-position":"center center","background-size":"auto","background-attachment":"scroll","background-type":"","background-media":"","overlay-type":"","overlay-color":"","overlay-opacity":"","overlay-gradient":""},"mobile":{"background-color":"var(--ast-global-color-5)","background-image":"","background-repeat":"repeat","background-position":"center center","background-size":"auto","background-attachment":"scroll","background-type":"","background-media":"","overlay-type":"","overlay-color":"","overlay-opacity":"","overlay-gradient":""}},"footnotes":""},"class_list":["post-3908","page","type-page","status-publish","hentry"],"post_mailing_queue_ids":[],"_links":{"self":[{"href":"https:\/\/agora.xtec.cat\/escolamartipolsantfeliu\/wp-json\/wp\/v2\/pages\/3908","targetHints":{"allow":["GET"]}}],"collection":[{"href":"https:\/\/agora.xtec.cat\/escolamartipolsantfeliu\/wp-json\/wp\/v2\/pages"}],"about":[{"href":"https:\/\/agora.xtec.cat\/escolamartipolsantfeliu\/wp-json\/wp\/v2\/types\/page"}],"author":[{"embeddable":true,"href":"https:\/\/agora.xtec.cat\/escolamartipolsantfeliu\/wp-json\/wp\/v2\/users\/1"}],"replies":[{"embeddable":true,"href":"https:\/\/agora.xtec.cat\/escolamartipolsantfeliu\/wp-json\/wp\/v2\/comments?post=3908"}],"version-history":[{"count":6,"href":"https:\/\/agora.xtec.cat\/escolamartipolsantfeliu\/wp-json\/wp\/v2\/pages\/3908\/revisions"}],"predecessor-version":[{"id":3999,"href":"https:\/\/agora.xtec.cat\/escolamartipolsantfeliu\/wp-json\/wp\/v2\/pages\/3908\/revisions\/3999"}],"up":[{"embeddable":true,"href":"https:\/\/agora.xtec.cat\/escolamartipolsantfeliu\/wp-json\/wp\/v2\/pages\/576"}],"wp:attachment":[{"href":"https:\/\/agora.xtec.cat\/escolamartipolsantfeliu\/wp-json\/wp\/v2\/media?parent=3908"}],"curies":[{"name":"wp","href":"https:\/\/api.w.org\/{rel}","templated":true}]}}