{"id":2876,"date":"2025-03-11T14:05:53","date_gmt":"2025-03-11T13:05:53","guid":{"rendered":"http:\/\/agora.xtec.cat\/escolamartipolsantfeliu\/?page_id=2876"},"modified":"2025-12-11T14:26:43","modified_gmt":"2025-12-11T13:26:43","slug":"per-qui-esta-format","status":"publish","type":"page","link":"https:\/\/agora.xtec.cat\/escolamartipolsantfeliu\/consell-escolar\/per-qui-esta-format\/","title":{"rendered":"Qui el forma?"},"content":{"rendered":"<h6 style=\"text-align: left;\">Us informem que des d&#8217;<em>avui mateix<\/em>, ja podeu trobar al porxo de l&#8217;entrada de l&#8217;escola, al costat de la biblioteca, les candidatures per renovar el Consell Escolar en el sector de fam\u00edlies.<\/h6>\n<h4 style=\"text-align: left;\">Les votacions es faran el dia <span style=\"color: #ff0000;\">20 de novembre<\/span> en diferents horaris per facilitar el m\u00e0xim de participaci\u00f3.<\/h4>\n<h6 style=\"text-align: left;\">Es podr\u00e0 votar a la biblioteca de l&#8217;escola de 9h a 9&#8217;15h, de 12&#8217;30h a 12&#8217;45h, de 15h a 15&#8217;15h i de 16&#8217;30h a 17h.<\/h6>\n<h6 style=\"text-align: left;\">Us animem a participar en aquestes votacions per escollir els que seran els vostres representants.<\/h6>\n<p><img loading=\"lazy\" decoding=\"async\" class=\"aligncenter size-large wp-image-3788\" src=\"https:\/\/agora.xtec.cat\/escolamartipolsantfeliu\/wp-content\/uploads\/usu1726\/2025\/10\/Captura-de-pantalla-2025-10-22-101822-1024x462.png\" alt=\"\" width=\"1024\" height=\"462\" srcset=\"https:\/\/agora.xtec.cat\/escolamartipolsantfeliu\/wp-content\/uploads\/usu1726\/2025\/10\/Captura-de-pantalla-2025-10-22-101822-1024x462.png 1024w, https:\/\/agora.xtec.cat\/escolamartipolsantfeliu\/wp-content\/uploads\/usu1726\/2025\/10\/Captura-de-pantalla-2025-10-22-101822-300x135.png 300w, https:\/\/agora.xtec.cat\/escolamartipolsantfeliu\/wp-content\/uploads\/usu1726\/2025\/10\/Captura-de-pantalla-2025-10-22-101822-768x347.png 768w, https:\/\/agora.xtec.cat\/escolamartipolsantfeliu\/wp-content\/uploads\/usu1726\/2025\/10\/Captura-de-pantalla-2025-10-22-101822.png 1159w\" sizes=\"auto, (max-width: 1024px) 100vw, 1024px\" \/><\/p>\n<p>El Consell Escolar est\u00e0 format per:<\/p>\n<ul>\n<li><strong>Equip Directiu: <\/strong>Marta Dapena (Directora), Maria Pe\u00f1alta (Cap d\u2019estudis) i\u00a0 Ma Jos\u00e9 Marin (Secret\u00e0ria).<\/li>\n<li><strong>Representant de mestres<\/strong>:\u00a0 Sandra Garcia, Ana Argudo i Eva L\u00f3pez.<\/li>\n<li><strong>Representant de fam\u00edlies<\/strong>:\u00a0 Laura Hidalgo, Josep Francesc Castell\u00f3 i Abigail Ortega.<\/li>\n<li><strong>Personal PAS<\/strong>: Jordi Garrote.<\/li>\n<li><strong>Representant de l\u2019AMPA<\/strong>:<\/li>\n<li><strong>Representant de l\u2019Ajuntament:<\/strong> Ana Cubet.<\/li>\n<\/ul>\n<p>Comissions del Consell Escolar:<\/p>\n<ul>\n<li>Comissi\u00f3 de conviv\u00e8ncia: Sandra Garcia, Laura Hidalgo, Abigail Ortega (responsable de coeducaci\u00f3) i Marta Dapena.<\/li>\n<li>Comissi\u00f3 permanent:\u00a0 Roser Castellote&#8230;<\/li>\n<li>Comissi\u00f3 econ\u00f2mica: &#8230;<\/li>\n<\/ul>\n<p><!--a=1--><!--a=1--><\/p>\n<p><!--a=1--><\/p>\n<p><!--a=1--><\/p>\n<p><!--a=1--><\/p>\n<p><!--a=1--><\/p>\n","protected":false},"excerpt":{"rendered":"<p>Us informem que des d&#8217;avui mateix, ja podeu trobar al porxo de l&#8217;entrada de l&#8217;escola, al costat de la biblioteca, les candidatures per renovar el Consell Escolar en el sector de fam\u00edlies. Les votacions es faran el dia 20 de novembre en diferents horaris per facilitar el m\u00e0xim de participaci\u00f3. Es podr\u00e0 votar a la [&hellip;]<\/p>\n","protected":false},"author":1,"featured_media":0,"parent":2867,"menu_order":1,"comment_status":"closed","ping_status":"closed","template":"page-templates\/side-menu.php","meta":{"_bbp_topic_count":0,"_bbp_reply_count":0,"_bbp_total_topic_count":0,"_bbp_total_reply_count":0,"_bbp_voice_count":0,"_bbp_anonymous_reply_count":0,"_bbp_topic_count_hidden":0,"_bbp_reply_count_hidden":0,"_bbp_forum_subforum_count":0,"site-sidebar-layout":"default","site-content-layout":"","ast-site-content-layout":"","site-content-style":"default","site-sidebar-style":"default","ast-global-header-display":"","ast-banner-title-visibility":"","ast-main-header-display":"","ast-hfb-above-header-display":"","ast-hfb-below-header-display":"","ast-hfb-mobile-header-display":"","site-post-title":"","ast-breadcrumbs-content":"","ast-featured-img":"","footer-sml-layout":"","theme-transparent-header-meta":"","adv-header-id-meta":"","stick-header-meta":"","header-above-stick-meta":"","header-main-stick-meta":"","header-below-stick-meta":"","astra-migrate-meta-layouts":"default","ast-page-background-enabled":"default","ast-page-background-meta":{"desktop":{"background-color":"var(--ast-global-color-4)","background-image":"","background-repeat":"repeat","background-position":"center center","background-size":"auto","background-attachment":"scroll","background-type":"","background-media":"","overlay-type":"","overlay-color":"","overlay-opacity":"","overlay-gradient":""},"tablet":{"background-color":"","background-image":"","background-repeat":"repeat","background-position":"center center","background-size":"auto","background-attachment":"scroll","background-type":"","background-media":"","overlay-type":"","overlay-color":"","overlay-opacity":"","overlay-gradient":""},"mobile":{"background-color":"","background-image":"","background-repeat":"repeat","background-position":"center center","background-size":"auto","background-attachment":"scroll","background-type":"","background-media":"","overlay-type":"","overlay-color":"","overlay-opacity":"","overlay-gradient":""}},"ast-content-background-meta":{"desktop":{"background-color":"var(--ast-global-color-5)","background-image":"","background-repeat":"repeat","background-position":"center center","background-size":"auto","background-attachment":"scroll","background-type":"","background-media":"","overlay-type":"","overlay-color":"","overlay-opacity":"","overlay-gradient":""},"tablet":{"background-color":"var(--ast-global-color-5)","background-image":"","background-repeat":"repeat","background-position":"center center","background-size":"auto","background-attachment":"scroll","background-type":"","background-media":"","overlay-type":"","overlay-color":"","overlay-opacity":"","overlay-gradient":""},"mobile":{"background-color":"var(--ast-global-color-5)","background-image":"","background-repeat":"repeat","background-position":"center center","background-size":"auto","background-attachment":"scroll","background-type":"","background-media":"","overlay-type":"","overlay-color":"","overlay-opacity":"","overlay-gradient":""}},"footnotes":""},"class_list":["post-2876","page","type-page","status-publish","hentry"],"post_mailing_queue_ids":[],"_links":{"self":[{"href":"https:\/\/agora.xtec.cat\/escolamartipolsantfeliu\/wp-json\/wp\/v2\/pages\/2876","targetHints":{"allow":["GET"]}}],"collection":[{"href":"https:\/\/agora.xtec.cat\/escolamartipolsantfeliu\/wp-json\/wp\/v2\/pages"}],"about":[{"href":"https:\/\/agora.xtec.cat\/escolamartipolsantfeliu\/wp-json\/wp\/v2\/types\/page"}],"author":[{"embeddable":true,"href":"https:\/\/agora.xtec.cat\/escolamartipolsantfeliu\/wp-json\/wp\/v2\/users\/1"}],"replies":[{"embeddable":true,"href":"https:\/\/agora.xtec.cat\/escolamartipolsantfeliu\/wp-json\/wp\/v2\/comments?post=2876"}],"version-history":[{"count":6,"href":"https:\/\/agora.xtec.cat\/escolamartipolsantfeliu\/wp-json\/wp\/v2\/pages\/2876\/revisions"}],"predecessor-version":[{"id":4021,"href":"https:\/\/agora.xtec.cat\/escolamartipolsantfeliu\/wp-json\/wp\/v2\/pages\/2876\/revisions\/4021"}],"up":[{"embeddable":true,"href":"https:\/\/agora.xtec.cat\/escolamartipolsantfeliu\/wp-json\/wp\/v2\/pages\/2867"}],"wp:attachment":[{"href":"https:\/\/agora.xtec.cat\/escolamartipolsantfeliu\/wp-json\/wp\/v2\/media?parent=2876"}],"curies":[{"name":"wp","href":"https:\/\/api.w.org\/{rel}","templated":true}]}}