{"id":2867,"date":"2024-12-11T13:58:38","date_gmt":"2024-12-11T12:58:38","guid":{"rendered":"http:\/\/agora.xtec.cat\/escolamartipolsantfeliu\/?page_id=2867"},"modified":"2025-11-04T13:20:05","modified_gmt":"2025-11-04T12:20:05","slug":"consell-escolar","status":"publish","type":"page","link":"https:\/\/agora.xtec.cat\/escolamartipolsantfeliu\/consell-escolar\/","title":{"rendered":"Consell Escolar"},"content":{"rendered":"<p>&nbsp;<\/p>\n<p>El consell escolar \u00e9s l&#8217;\u00f2rgan escolar de participaci\u00f3 de la comunitat escolar en el govern del centre, i l&#8217;\u00f2rgan de programaci\u00f3, seguiment i avaluaci\u00f3 general de les activitats.<br \/>\nCorresponen al consell escolar les facultats establertes, respectivament per a centres p\u00fablics i privats concertats, als articles 148 i 152 de la Llei 12\/2009 d&#8217;educaci\u00f3.<\/p>\n<p>Aquest \u00f2rgan est\u00e0 dividit en diferents comissions:<\/p>\n<ul>\n<li dir=\"ltr\">\n<p dir=\"ltr\" role=\"presentation\">Conviv\u00e8ncia<\/p>\n<\/li>\n<\/ul>\n<ul>\n<li dir=\"ltr\">\n<p dir=\"ltr\" role=\"presentation\">Igualtat de g\u00e8nere<\/p>\n<\/li>\n<li dir=\"ltr\">\n<p dir=\"ltr\" role=\"presentation\">Permanent<\/p>\n<\/li>\n<\/ul>\n<p>&nbsp;<\/p>\n<p><img loading=\"lazy\" decoding=\"async\" class=\"aligncenter wp-image-3824\" src=\"https:\/\/agora.xtec.cat\/escolamartipolsantfeliu\/wp-content\/uploads\/usu1726\/2025\/11\/Captura-de-pantalla-2025-11-02-112023.png\" alt=\"\" width=\"798\" height=\"251\" srcset=\"https:\/\/agora.xtec.cat\/escolamartipolsantfeliu\/wp-content\/uploads\/usu1726\/2025\/11\/Captura-de-pantalla-2025-11-02-112023.png 544w, https:\/\/agora.xtec.cat\/escolamartipolsantfeliu\/wp-content\/uploads\/usu1726\/2025\/11\/Captura-de-pantalla-2025-11-02-112023-300x94.png 300w\" sizes=\"auto, (max-width: 798px) 100vw, 798px\" \/><\/p>\n<p><span style=\"font-weight: 400;\">Us informem que s&#8217;ha publicat al DOGC la Resoluci\u00f3 EDF\/2520\/2025\u00a0 de 30 de juny, per la qual s&#8217;estableix el calendari del proc\u00e9s electoral per renovar els membres dels consells escolars dels centres p\u00fablics i privats sostinguts amb fons p\u00fablics.<\/span><\/p>\n<p><span style=\"font-weight: 400;\">Hem penjat el cens electoral de les fam\u00edlies al taulell interior de la porta 1 de l&#8217;escola. Reviseu que les vostres dades siguin correctes, si hi ha qualsevol errada, si us plau, ens ho comuniqueu abans de l&#8217;11 de novembre.<\/span><\/p>\n<p>&nbsp;<\/p>\n<p><span style=\"color: #993300;\"><b>El calendari electoral ser\u00e0 el seg\u00fcent:<\/b><\/span><\/p>\n<p><span style=\"font-weight: 400;\">-Presentaci\u00f3 de <a href=\"https:\/\/agora.xtec.cat\/escolamartipolsantfeliu\/wp-content\/uploads\/usu1726\/2025\/11\/candidatures-1.pdf\">candidatures (1)<\/a>: abans del dia <strong>10 de novembre.<\/strong><\/span><\/p>\n<p><span style=\"font-weight: 400;\">-Constituci\u00f3 mesa electoral: <strong>7 de novembre.<\/strong><\/span><\/p>\n<p><span style=\"font-weight: 400;\">-Votacions: <strong>20 de novembre.<\/strong><\/span><\/p>\n<p><span style=\"font-weight: 400;\">-Constituci\u00f3 nou Consell Escolar: <strong>2 de desembre.<\/strong><\/span><\/p>\n<p><span style=\"font-weight: 400;\"><em>Cal cobrir 4 vacants<\/em>. Des de l&#8217;escola us animem que presenteu candidatures donat que el Consell Escolar \u00e9s un \u00f2rgan molt important de l&#8217;escola on les fam\u00edlies esteu representades.<\/span><\/p>\n<p><span style=\"font-weight: 400;\">Per fer la vostra candidatura heu de fer servir el model enlla\u00e7at (a la paraula candidatures), afegint una<strong> fotografia<\/strong> mida carnet perqu\u00e8 l\u201911 de novembre posarem les candidatures al taulell d\u2019anuncis de l&#8217;entrada de l&#8217;escola perqu\u00e8 tothom pugui veure qui s\u00f3n els\/les candidats\/dates.<\/span><\/p>\n<p><span style=\"font-weight: 400;\">Aquestes candidatures es poden fer arribar a l&#8217;escola presencialment o via e-mail al correu <\/span><span style=\"font-weight: 400;\">a8063394@xtec.cat<\/span><span style=\"font-weight: 400;\">, indicant a l&#8217;assumpte &#8220;eleccions consell escolar&#8221;.\u00a0<\/span><\/p>\n<p><span style=\"font-weight: 400;\">Animeu-vos i presenteu les vostres <a href=\"https:\/\/agora.xtec.cat\/escolamartipolsantfeliu\/wp-content\/uploads\/usu1726\/2025\/11\/candidatures-1.pdf\">candidatures (1) clicant aqu\u00ed<\/a>!<\/span><\/p>\n<p>&nbsp;<\/p>\n<p><!--a=1--><\/p>\n<p><!--a=1--><\/p>\n","protected":false},"excerpt":{"rendered":"<p>&nbsp; El consell escolar \u00e9s l&#8217;\u00f2rgan escolar de participaci\u00f3 de la comunitat escolar en el govern del centre, i l&#8217;\u00f2rgan de programaci\u00f3, seguiment i avaluaci\u00f3 general de les activitats. Corresponen al consell escolar les facultats establertes, respectivament per a centres p\u00fablics i privats concertats, als articles 148 i 152 de la Llei 12\/2009 d&#8217;educaci\u00f3. Aquest [&hellip;]<\/p>\n","protected":false},"author":1,"featured_media":0,"parent":0,"menu_order":0,"comment_status":"closed","ping_status":"closed","template":"page-templates\/side-menu.php","meta":{"_bbp_topic_count":0,"_bbp_reply_count":0,"_bbp_total_topic_count":0,"_bbp_total_reply_count":0,"_bbp_voice_count":0,"_bbp_anonymous_reply_count":0,"_bbp_topic_count_hidden":0,"_bbp_reply_count_hidden":0,"_bbp_forum_subforum_count":0,"site-sidebar-layout":"default","site-content-layout":"","ast-site-content-layout":"","site-content-style":"default","site-sidebar-style":"default","ast-global-header-display":"","ast-banner-title-visibility":"","ast-main-header-display":"","ast-hfb-above-header-display":"","ast-hfb-below-header-display":"","ast-hfb-mobile-header-display":"","site-post-title":"","ast-breadcrumbs-content":"","ast-featured-img":"","footer-sml-layout":"","theme-transparent-header-meta":"","adv-header-id-meta":"","stick-header-meta":"","header-above-stick-meta":"","header-main-stick-meta":"","header-below-stick-meta":"","astra-migrate-meta-layouts":"default","ast-page-background-enabled":"default","ast-page-background-meta":{"desktop":{"background-color":"var(--ast-global-color-4)","background-image":"","background-repeat":"repeat","background-position":"center center","background-size":"auto","background-attachment":"scroll","background-type":"","background-media":"","overlay-type":"","overlay-color":"","overlay-opacity":"","overlay-gradient":""},"tablet":{"background-color":"","background-image":"","background-repeat":"repeat","background-position":"center center","background-size":"auto","background-attachment":"scroll","background-type":"","background-media":"","overlay-type":"","overlay-color":"","overlay-opacity":"","overlay-gradient":""},"mobile":{"background-color":"","background-image":"","background-repeat":"repeat","background-position":"center center","background-size":"auto","background-attachment":"scroll","background-type":"","background-media":"","overlay-type":"","overlay-color":"","overlay-opacity":"","overlay-gradient":""}},"ast-content-background-meta":{"desktop":{"background-color":"var(--ast-global-color-5)","background-image":"","background-repeat":"repeat","background-position":"center center","background-size":"auto","background-attachment":"scroll","background-type":"","background-media":"","overlay-type":"","overlay-color":"","overlay-opacity":"","overlay-gradient":""},"tablet":{"background-color":"var(--ast-global-color-5)","background-image":"","background-repeat":"repeat","background-position":"center center","background-size":"auto","background-attachment":"scroll","background-type":"","background-media":"","overlay-type":"","overlay-color":"","overlay-opacity":"","overlay-gradient":""},"mobile":{"background-color":"var(--ast-global-color-5)","background-image":"","background-repeat":"repeat","background-position":"center center","background-size":"auto","background-attachment":"scroll","background-type":"","background-media":"","overlay-type":"","overlay-color":"","overlay-opacity":"","overlay-gradient":""}},"footnotes":""},"class_list":["post-2867","page","type-page","status-publish","hentry"],"post_mailing_queue_ids":[],"_links":{"self":[{"href":"https:\/\/agora.xtec.cat\/escolamartipolsantfeliu\/wp-json\/wp\/v2\/pages\/2867","targetHints":{"allow":["GET"]}}],"collection":[{"href":"https:\/\/agora.xtec.cat\/escolamartipolsantfeliu\/wp-json\/wp\/v2\/pages"}],"about":[{"href":"https:\/\/agora.xtec.cat\/escolamartipolsantfeliu\/wp-json\/wp\/v2\/types\/page"}],"author":[{"embeddable":true,"href":"https:\/\/agora.xtec.cat\/escolamartipolsantfeliu\/wp-json\/wp\/v2\/users\/1"}],"replies":[{"embeddable":true,"href":"https:\/\/agora.xtec.cat\/escolamartipolsantfeliu\/wp-json\/wp\/v2\/comments?post=2867"}],"version-history":[{"count":6,"href":"https:\/\/agora.xtec.cat\/escolamartipolsantfeliu\/wp-json\/wp\/v2\/pages\/2867\/revisions"}],"predecessor-version":[{"id":3851,"href":"https:\/\/agora.xtec.cat\/escolamartipolsantfeliu\/wp-json\/wp\/v2\/pages\/2867\/revisions\/3851"}],"wp:attachment":[{"href":"https:\/\/agora.xtec.cat\/escolamartipolsantfeliu\/wp-json\/wp\/v2\/media?parent=2867"}],"curies":[{"name":"wp","href":"https:\/\/api.w.org\/{rel}","templated":true}]}}