{"id":2775,"date":"2020-10-21T12:52:58","date_gmt":"2020-10-21T10:52:58","guid":{"rendered":"http:\/\/agora.xtec.cat\/escolamartipolsantfeliu\/?page_id=2775"},"modified":"2025-12-03T11:48:53","modified_gmt":"2025-12-03T10:48:53","slug":"persones-carteres","status":"publish","type":"page","link":"https:\/\/agora.xtec.cat\/escolamartipolsantfeliu\/projectes-de-lescola\/treball-pel-collectiu\/persones-carteres\/","title":{"rendered":"Persones carteres"},"content":{"rendered":"<h5><img loading=\"lazy\" decoding=\"async\" class=\"aligncenter size-full wp-image-3938\" src=\"https:\/\/agora.xtec.cat\/escolamartipolsantfeliu\/wp-content\/uploads\/usu1726\/2025\/12\/Captura-de-pantalla-2025-12-02-184544.png\" alt=\"\" width=\"636\" height=\"226\" srcset=\"https:\/\/agora.xtec.cat\/escolamartipolsantfeliu\/wp-content\/uploads\/usu1726\/2025\/12\/Captura-de-pantalla-2025-12-02-184544.png 636w, https:\/\/agora.xtec.cat\/escolamartipolsantfeliu\/wp-content\/uploads\/usu1726\/2025\/12\/Captura-de-pantalla-2025-12-02-184544-300x107.png 300w\" sizes=\"auto, (max-width: 636px) 100vw, 636px\" \/><\/h5>\n<h2 style=\"text-align: center;\" data-start=\"173\" data-end=\"244\"><strong data-start=\"176\" data-end=\"244\">El servei postal escolar: escriure per comunicar i crear vincles<\/strong><\/h2>\n<p style=\"text-align: justify;\" data-start=\"246\" data-end=\"580\">Al cicle inicial, els infants s\u00f3n els responsables del <strong data-start=\"301\" data-end=\"337\">servei postal intern de l\u2019escola<\/strong>, un projecte que converteix l\u2019escriptura en un acte real de comunicaci\u00f3. Al passad\u00eds de prim\u00e0ria hi ha una <strong data-start=\"445\" data-end=\"455\">b\u00fastia<\/strong> on els nens i nenes poden deixar les seves cartes adre\u00e7ades a altres persones del centre: companys, mestres o altres cursos.<\/p>\n<p style=\"text-align: justify;\" data-start=\"582\" data-end=\"802\">Cada dijous, quatre alumnes del cicle inicial s\u2019encarreguen de <strong data-start=\"645\" data-end=\"679\">recollir i repartir les cartes<\/strong> als seus destinataris, assumint un rol organitzatiu i de responsabilitat que els fa sentir part activa de la vida escolar.<\/p>\n<p style=\"text-align: justify;\" data-start=\"804\" data-end=\"1191\">Aquest projecte t\u00e9 com a objectiu principal <strong data-start=\"848\" data-end=\"937\">potenciar la lectoescriptura d\u2019una manera significativa, funcional i contextualitzada<\/strong>. Els infants escriuen amb una finalitat real, milloren la seva expressi\u00f3 escrita i descobreixen el valor de la comunicaci\u00f3 interpersonal. A m\u00e9s, l\u2019intercanvi de cartes afavoreix la creaci\u00f3 de <strong data-start=\"1130\" data-end=\"1150\">vincles afectius<\/strong>, la cura dels altres i el respecte mutu.<\/p>\n<p style=\"text-align: justify;\" data-start=\"1193\" data-end=\"1336\">D\u2019aquesta manera, el servei postal escolar es converteix en una experi\u00e8ncia enriquidora que combina llengua, emocions, autonomia i conviv\u00e8ncia.<\/p>\n<p>&nbsp;<\/p>\n<p><img loading=\"lazy\" decoding=\"async\" class=\"aligncenter wp-image-3490\" src=\"https:\/\/agora.xtec.cat\/escolamartipolsantfeliu\/wp-content\/uploads\/usu1726\/2025\/04\/IMG_20250403_093416-2-1-scaled-1-1024x768.jpg\" alt=\"\" width=\"399\" height=\"300\" srcset=\"https:\/\/agora.xtec.cat\/escolamartipolsantfeliu\/wp-content\/uploads\/usu1726\/2025\/04\/IMG_20250403_093416-2-1-scaled-1-1024x768.jpg 1024w, https:\/\/agora.xtec.cat\/escolamartipolsantfeliu\/wp-content\/uploads\/usu1726\/2025\/04\/IMG_20250403_093416-2-1-scaled-1-300x225.jpg 300w, https:\/\/agora.xtec.cat\/escolamartipolsantfeliu\/wp-content\/uploads\/usu1726\/2025\/04\/IMG_20250403_093416-2-1-scaled-1-768x576.jpg 768w, https:\/\/agora.xtec.cat\/escolamartipolsantfeliu\/wp-content\/uploads\/usu1726\/2025\/04\/IMG_20250403_093416-2-1-scaled-1-1536x1152.jpg 1536w, https:\/\/agora.xtec.cat\/escolamartipolsantfeliu\/wp-content\/uploads\/usu1726\/2025\/04\/IMG_20250403_093416-2-1-scaled-1-2048x1536.jpg 2048w, https:\/\/agora.xtec.cat\/escolamartipolsantfeliu\/wp-content\/uploads\/usu1726\/2025\/04\/IMG_20250403_093416-2-1-scaled-1-200x150.jpg 200w\" sizes=\"auto, (max-width: 399px) 100vw, 399px\" \/><\/p>\n<p><a href=\"https:\/\/agora.xtec.cat\/escolamartipolsantfeliu\/wp-content\/uploads\/usu1726\/2020\/10\/carters3.png\"><img loading=\"lazy\" decoding=\"async\" class=\"aligncenter wp-image-3358\" src=\"https:\/\/agora.xtec.cat\/escolamartipolsantfeliu\/wp-content\/uploads\/usu1726\/2025\/02\/1738746252611-min-1-1024x766.jpg\" alt=\"\" width=\"807\" height=\"604\" srcset=\"https:\/\/agora.xtec.cat\/escolamartipolsantfeliu\/wp-content\/uploads\/usu1726\/2025\/02\/1738746252611-min-1-1024x766.jpg 1024w, https:\/\/agora.xtec.cat\/escolamartipolsantfeliu\/wp-content\/uploads\/usu1726\/2025\/02\/1738746252611-min-1-300x224.jpg 300w, https:\/\/agora.xtec.cat\/escolamartipolsantfeliu\/wp-content\/uploads\/usu1726\/2025\/02\/1738746252611-min-1-768x575.jpg 768w, https:\/\/agora.xtec.cat\/escolamartipolsantfeliu\/wp-content\/uploads\/usu1726\/2025\/02\/1738746252611-min-1-1536x1149.jpg 1536w, https:\/\/agora.xtec.cat\/escolamartipolsantfeliu\/wp-content\/uploads\/usu1726\/2025\/02\/1738746252611-min-1-2048x1532.jpg 2048w, https:\/\/agora.xtec.cat\/escolamartipolsantfeliu\/wp-content\/uploads\/usu1726\/2025\/02\/1738746252611-min-1-200x150.jpg 200w\" sizes=\"auto, (max-width: 807px) 100vw, 807px\" \/><\/a><\/p>\n<p><img loading=\"lazy\" decoding=\"async\" class=\"aligncenter size-large wp-image-3339\" src=\"https:\/\/agora.xtec.cat\/escolamartipolsantfeliu\/wp-content\/uploads\/usu1726\/2025\/02\/IMG-20250203-WA0010-1024x768.jpg\" alt=\"\" width=\"1024\" height=\"768\" srcset=\"https:\/\/agora.xtec.cat\/escolamartipolsantfeliu\/wp-content\/uploads\/usu1726\/2025\/02\/IMG-20250203-WA0010-1024x768.jpg 1024w, https:\/\/agora.xtec.cat\/escolamartipolsantfeliu\/wp-content\/uploads\/usu1726\/2025\/02\/IMG-20250203-WA0010-300x225.jpg 300w, https:\/\/agora.xtec.cat\/escolamartipolsantfeliu\/wp-content\/uploads\/usu1726\/2025\/02\/IMG-20250203-WA0010-768x576.jpg 768w, https:\/\/agora.xtec.cat\/escolamartipolsantfeliu\/wp-content\/uploads\/usu1726\/2025\/02\/IMG-20250203-WA0010-1536x1152.jpg 1536w, https:\/\/agora.xtec.cat\/escolamartipolsantfeliu\/wp-content\/uploads\/usu1726\/2025\/02\/IMG-20250203-WA0010-200x150.jpg 200w, https:\/\/agora.xtec.cat\/escolamartipolsantfeliu\/wp-content\/uploads\/usu1726\/2025\/02\/IMG-20250203-WA0010.jpg 1600w\" sizes=\"auto, (max-width: 1024px) 100vw, 1024px\" \/><\/p>\n<p>&nbsp;<\/p>\n<p><!--a=1--><\/p>\n<p><!--a=1--><\/p>\n<p><!--a=1--><\/p>\n<p><!--a=1--><\/p>\n<p><!--a=1--><\/p>\n<p><!--a=1--><\/p>\n<p><!--a=1--><\/p>\n<p><!--a=1--><\/p>\n<p><!--a=1--><\/p>\n<p><!--a=1--><\/p>\n<p><!--a=1--><\/p>\n<p><!--a=1--><\/p>\n<p><!--a=1--><\/p>\n<p><!--a=1--><\/p>\n","protected":false},"excerpt":{"rendered":"<p>El servei postal escolar: escriure per comunicar i crear vincles Al cicle inicial, els infants s\u00f3n els responsables del servei postal intern de l\u2019escola, un projecte que converteix l\u2019escriptura en un acte real de comunicaci\u00f3. Al passad\u00eds de prim\u00e0ria hi ha una b\u00fastia on els nens i nenes poden deixar les seves cartes adre\u00e7ades a [&hellip;]<\/p>\n","protected":false},"author":1,"featured_media":0,"parent":576,"menu_order":2,"comment_status":"closed","ping_status":"closed","template":"page-templates\/side-menu.php","meta":{"_bbp_topic_count":0,"_bbp_reply_count":0,"_bbp_total_topic_count":0,"_bbp_total_reply_count":0,"_bbp_voice_count":0,"_bbp_anonymous_reply_count":0,"_bbp_topic_count_hidden":0,"_bbp_reply_count_hidden":0,"_bbp_forum_subforum_count":0,"site-sidebar-layout":"default","site-content-layout":"","ast-site-content-layout":"","site-content-style":"default","site-sidebar-style":"default","ast-global-header-display":"","ast-banner-title-visibility":"","ast-main-header-display":"","ast-hfb-above-header-display":"","ast-hfb-below-header-display":"","ast-hfb-mobile-header-display":"","site-post-title":"","ast-breadcrumbs-content":"","ast-featured-img":"","footer-sml-layout":"","theme-transparent-header-meta":"","adv-header-id-meta":"","stick-header-meta":"","header-above-stick-meta":"","header-main-stick-meta":"","header-below-stick-meta":"","astra-migrate-meta-layouts":"default","ast-page-background-enabled":"default","ast-page-background-meta":{"desktop":{"background-color":"var(--ast-global-color-4)","background-image":"","background-repeat":"repeat","background-position":"center center","background-size":"auto","background-attachment":"scroll","background-type":"","background-media":"","overlay-type":"","overlay-color":"","overlay-opacity":"","overlay-gradient":""},"tablet":{"background-color":"","background-image":"","background-repeat":"repeat","background-position":"center center","background-size":"auto","background-attachment":"scroll","background-type":"","background-media":"","overlay-type":"","overlay-color":"","overlay-opacity":"","overlay-gradient":""},"mobile":{"background-color":"","background-image":"","background-repeat":"repeat","background-position":"center center","background-size":"auto","background-attachment":"scroll","background-type":"","background-media":"","overlay-type":"","overlay-color":"","overlay-opacity":"","overlay-gradient":""}},"ast-content-background-meta":{"desktop":{"background-color":"var(--ast-global-color-5)","background-image":"","background-repeat":"repeat","background-position":"center center","background-size":"auto","background-attachment":"scroll","background-type":"","background-media":"","overlay-type":"","overlay-color":"","overlay-opacity":"","overlay-gradient":""},"tablet":{"background-color":"var(--ast-global-color-5)","background-image":"","background-repeat":"repeat","background-position":"center center","background-size":"auto","background-attachment":"scroll","background-type":"","background-media":"","overlay-type":"","overlay-color":"","overlay-opacity":"","overlay-gradient":""},"mobile":{"background-color":"var(--ast-global-color-5)","background-image":"","background-repeat":"repeat","background-position":"center center","background-size":"auto","background-attachment":"scroll","background-type":"","background-media":"","overlay-type":"","overlay-color":"","overlay-opacity":"","overlay-gradient":""}},"footnotes":""},"class_list":["post-2775","page","type-page","status-publish","hentry"],"post_mailing_queue_ids":[],"_links":{"self":[{"href":"https:\/\/agora.xtec.cat\/escolamartipolsantfeliu\/wp-json\/wp\/v2\/pages\/2775","targetHints":{"allow":["GET"]}}],"collection":[{"href":"https:\/\/agora.xtec.cat\/escolamartipolsantfeliu\/wp-json\/wp\/v2\/pages"}],"about":[{"href":"https:\/\/agora.xtec.cat\/escolamartipolsantfeliu\/wp-json\/wp\/v2\/types\/page"}],"author":[{"embeddable":true,"href":"https:\/\/agora.xtec.cat\/escolamartipolsantfeliu\/wp-json\/wp\/v2\/users\/1"}],"replies":[{"embeddable":true,"href":"https:\/\/agora.xtec.cat\/escolamartipolsantfeliu\/wp-json\/wp\/v2\/comments?post=2775"}],"version-history":[{"count":6,"href":"https:\/\/agora.xtec.cat\/escolamartipolsantfeliu\/wp-json\/wp\/v2\/pages\/2775\/revisions"}],"predecessor-version":[{"id":3954,"href":"https:\/\/agora.xtec.cat\/escolamartipolsantfeliu\/wp-json\/wp\/v2\/pages\/2775\/revisions\/3954"}],"up":[{"embeddable":true,"href":"https:\/\/agora.xtec.cat\/escolamartipolsantfeliu\/wp-json\/wp\/v2\/pages\/576"}],"wp:attachment":[{"href":"https:\/\/agora.xtec.cat\/escolamartipolsantfeliu\/wp-json\/wp\/v2\/media?parent=2775"}],"curies":[{"name":"wp","href":"https:\/\/api.w.org\/{rel}","templated":true}]}}