{"id":2751,"date":"2024-10-21T10:43:13","date_gmt":"2024-10-21T08:43:13","guid":{"rendered":"http:\/\/agora.xtec.cat\/escolamartipolsantfeliu\/?page_id=2751"},"modified":"2026-02-12T17:17:12","modified_gmt":"2026-02-12T16:17:12","slug":"treball-per-projectes-3","status":"publish","type":"page","link":"https:\/\/agora.xtec.cat\/escolamartipolsantfeliu\/projecte-educatiu-2\/treball-per-projectes-3\/","title":{"rendered":"Treball per projectes"},"content":{"rendered":"<p><span style=\"color: #000000;\">A infantil es duen a terme petites investigacions, ja que els projectes impliquen treball en equip i els alumnes d\u2019aquestes edats encara no estan preparats per fer aquesta mena de tasques. Ells se centren a investigar coses que els criden l\u2019atenci\u00f3 i tant pot ser una investigaci\u00f3 te\u00f2rica buscant en internet, llibres\u2026, com una de m\u00e9s pr\u00e0ctica que impliqui observaci\u00f3, experiments, etc.\u00a0<\/span><\/p>\n<p><span style=\"color: #000000;\">A partir de 1r de prim\u00e0ria s\u00ed que es comencen a fer projectes. Un projecte \u00e9s una manera d\u2019aprendre certs continguts, habilitats, actituds\u2026 a partir de la investigaci\u00f3 d\u2019un problema, inquietud\u2026 que sorgeix dels mateixos alumnes.<\/span><\/p>\n<p><span style=\"color: #000000;\">La clau dels projectes \u00e9s el treball en equip. Cada equip investiga una part d\u2019all\u00f2 que es vol saber i totes i cadascuna de les parts s\u00f3n imprescindibles per avan\u00e7ar en el coneixement.<\/span><\/p>\n<p><span style=\"color: #000000;\">Els projectes potencien la responsabilitat cadascun dels infants, la implicaci\u00f3, ja que s\u00f3n necessaris tots i cadascun d\u2019ells perqu\u00e8 avanci el treball, cal que aprenguin a planificar-se i que es reparteixin els rols en els equips de treball. Aix\u00f2 fa que hagin d\u2019adquirir una s\u00e8rie d\u2019habilitats socials per a avan\u00e7ar en el seu treball.<\/span><\/p>\n<p><span style=\"color: #000000;\">En definitiva, el treball per projectes \u00e9s clau en la compet\u00e8ncia d\u2019aprendre a aprendre i en l\u2019adquisici\u00f3 d\u2019autonomia personal. A m\u00e9s, com a caracter\u00edstica principal, \u00e9s un treball interdisciplinari, \u00e9s a dir, que engloba totes les \u00e0rees d\u2019aprenentatge, de manera competencial.\u00a0<\/span><\/p>\n<h6><\/h6>\n<h5 style=\"text-align: justify;\"><a href=\"https:\/\/agora.xtec.cat\/escolamartipolsantfeliu\/wp-content\/uploads\/usu1726\/2020\/10\/treball-per-projectes.jpeg\"><img loading=\"lazy\" decoding=\"async\" class=\"size-medium wp-image-2727 alignleft\" src=\"https:\/\/agora.xtec.cat\/escolamartipolsantfeliu\/wp-content\/uploads\/usu1726\/2020\/10\/treball-per-projectes-300x225.jpeg\" alt=\"\" width=\"300\" height=\"225\" srcset=\"https:\/\/agora.xtec.cat\/escolamartipolsantfeliu\/wp-content\/uploads\/usu1726\/2020\/10\/treball-per-projectes-300x225.jpeg 300w, https:\/\/agora.xtec.cat\/escolamartipolsantfeliu\/wp-content\/uploads\/usu1726\/2020\/10\/treball-per-projectes-768x576.jpeg 768w, https:\/\/agora.xtec.cat\/escolamartipolsantfeliu\/wp-content\/uploads\/usu1726\/2020\/10\/treball-per-projectes-1024x768.jpeg 1024w, https:\/\/agora.xtec.cat\/escolamartipolsantfeliu\/wp-content\/uploads\/usu1726\/2020\/10\/treball-per-projectes-200x150.jpeg 200w, https:\/\/agora.xtec.cat\/escolamartipolsantfeliu\/wp-content\/uploads\/usu1726\/2020\/10\/treball-per-projectes.jpeg 1600w\" sizes=\"auto, (max-width: 300px) 100vw, 300px\" \/><\/a><\/h5>\n<p><a href=\"https:\/\/agora.xtec.cat\/escolamartipolsantfeliu\/wp-content\/uploads\/usu1726\/2020\/10\/treball-per-projectes-4.png\"><img loading=\"lazy\" decoding=\"async\" class=\"wp-image-2794 alignnone\" src=\"https:\/\/agora.xtec.cat\/escolamartipolsantfeliu\/wp-content\/uploads\/usu1726\/2020\/10\/treball-per-projectes-4-300x226.png\" alt=\"\" width=\"297\" height=\"224\" srcset=\"https:\/\/agora.xtec.cat\/escolamartipolsantfeliu\/wp-content\/uploads\/usu1726\/2020\/10\/treball-per-projectes-4-300x226.png 300w, https:\/\/agora.xtec.cat\/escolamartipolsantfeliu\/wp-content\/uploads\/usu1726\/2020\/10\/treball-per-projectes-4-200x150.png 200w, https:\/\/agora.xtec.cat\/escolamartipolsantfeliu\/wp-content\/uploads\/usu1726\/2020\/10\/treball-per-projectes-4.png 599w\" sizes=\"auto, (max-width: 297px) 100vw, 297px\" \/><\/a><\/p>\n<p>&nbsp;<\/p>\n<p>Si voleu descobrir m\u00e9s informaci\u00f3 sobre el\u00a0<a href=\"https:\/\/agora.xtec.cat\/escolamartipolsantfeliu\/wp-content\/uploads\/usu1726\/2026\/02\/treball-per-projectes.pdf\">treball per projectes<\/a>.<\/p>\n<p>&nbsp;<\/p>\n<p>&nbsp;<\/p>\n","protected":false},"excerpt":{"rendered":"<p>A infantil es duen a terme petites investigacions, ja que els projectes impliquen treball en equip i els alumnes d\u2019aquestes edats encara no estan preparats per fer aquesta mena de tasques. Ells se centren a investigar coses que els criden l\u2019atenci\u00f3 i tant pot ser una investigaci\u00f3 te\u00f2rica buscant en internet, llibres\u2026, com una de [&hellip;]<\/p>\n","protected":false},"author":1,"featured_media":0,"parent":2366,"menu_order":5,"comment_status":"closed","ping_status":"closed","template":"","meta":{"_bbp_topic_count":0,"_bbp_reply_count":0,"_bbp_total_topic_count":0,"_bbp_total_reply_count":0,"_bbp_voice_count":0,"_bbp_anonymous_reply_count":0,"_bbp_topic_count_hidden":0,"_bbp_reply_count_hidden":0,"_bbp_forum_subforum_count":0,"site-sidebar-layout":"default","site-content-layout":"","ast-site-content-layout":"default","site-content-style":"default","site-sidebar-style":"default","ast-global-header-display":"","ast-banner-title-visibility":"","ast-main-header-display":"","ast-hfb-above-header-display":"","ast-hfb-below-header-display":"","ast-hfb-mobile-header-display":"","site-post-title":"","ast-breadcrumbs-content":"","ast-featured-img":"","footer-sml-layout":"","theme-transparent-header-meta":"default","adv-header-id-meta":"","stick-header-meta":"","header-above-stick-meta":"","header-main-stick-meta":"","header-below-stick-meta":"","astra-migrate-meta-layouts":"set","ast-page-background-enabled":"default","ast-page-background-meta":{"desktop":{"background-color":"var(--ast-global-color-4)","background-image":"","background-repeat":"repeat","background-position":"center center","background-size":"auto","background-attachment":"scroll","background-type":"","background-media":"","overlay-type":"","overlay-color":"","overlay-opacity":"","overlay-gradient":""},"tablet":{"background-color":"","background-image":"","background-repeat":"repeat","background-position":"center center","background-size":"auto","background-attachment":"scroll","background-type":"","background-media":"","overlay-type":"","overlay-color":"","overlay-opacity":"","overlay-gradient":""},"mobile":{"background-color":"","background-image":"","background-repeat":"repeat","background-position":"center center","background-size":"auto","background-attachment":"scroll","background-type":"","background-media":"","overlay-type":"","overlay-color":"","overlay-opacity":"","overlay-gradient":""}},"ast-content-background-meta":{"desktop":{"background-color":"var(--ast-global-color-5)","background-image":"","background-repeat":"repeat","background-position":"center center","background-size":"auto","background-attachment":"scroll","background-type":"","background-media":"","overlay-type":"","overlay-color":"","overlay-opacity":"","overlay-gradient":""},"tablet":{"background-color":"var(--ast-global-color-5)","background-image":"","background-repeat":"repeat","background-position":"center center","background-size":"auto","background-attachment":"scroll","background-type":"","background-media":"","overlay-type":"","overlay-color":"","overlay-opacity":"","overlay-gradient":""},"mobile":{"background-color":"var(--ast-global-color-5)","background-image":"","background-repeat":"repeat","background-position":"center center","background-size":"auto","background-attachment":"scroll","background-type":"","background-media":"","overlay-type":"","overlay-color":"","overlay-opacity":"","overlay-gradient":""}},"footnotes":""},"class_list":["post-2751","page","type-page","status-publish","hentry"],"post_mailing_queue_ids":[],"_links":{"self":[{"href":"https:\/\/agora.xtec.cat\/escolamartipolsantfeliu\/wp-json\/wp\/v2\/pages\/2751","targetHints":{"allow":["GET"]}}],"collection":[{"href":"https:\/\/agora.xtec.cat\/escolamartipolsantfeliu\/wp-json\/wp\/v2\/pages"}],"about":[{"href":"https:\/\/agora.xtec.cat\/escolamartipolsantfeliu\/wp-json\/wp\/v2\/types\/page"}],"author":[{"embeddable":true,"href":"https:\/\/agora.xtec.cat\/escolamartipolsantfeliu\/wp-json\/wp\/v2\/users\/1"}],"replies":[{"embeddable":true,"href":"https:\/\/agora.xtec.cat\/escolamartipolsantfeliu\/wp-json\/wp\/v2\/comments?post=2751"}],"version-history":[{"count":5,"href":"https:\/\/agora.xtec.cat\/escolamartipolsantfeliu\/wp-json\/wp\/v2\/pages\/2751\/revisions"}],"predecessor-version":[{"id":4458,"href":"https:\/\/agora.xtec.cat\/escolamartipolsantfeliu\/wp-json\/wp\/v2\/pages\/2751\/revisions\/4458"}],"up":[{"embeddable":true,"href":"https:\/\/agora.xtec.cat\/escolamartipolsantfeliu\/wp-json\/wp\/v2\/pages\/2366"}],"wp:attachment":[{"href":"https:\/\/agora.xtec.cat\/escolamartipolsantfeliu\/wp-json\/wp\/v2\/media?parent=2751"}],"curies":[{"name":"wp","href":"https:\/\/api.w.org\/{rel}","templated":true}]}}