{"id":2678,"date":"2025-05-25T13:15:54","date_gmt":"2025-05-25T11:15:54","guid":{"rendered":"http:\/\/agora.xtec.cat\/escolamartipolsantfeliu\/?page_id=2678"},"modified":"2026-01-12T12:06:31","modified_gmt":"2026-01-12T11:06:31","slug":"angles","status":"publish","type":"page","link":"https:\/\/agora.xtec.cat\/escolamartipolsantfeliu\/projecte-educatiu\/angles\/","title":{"rendered":"Angl\u00e8s"},"content":{"rendered":"<p><img loading=\"lazy\" decoding=\"async\" class=\"aligncenter wp-image-3662\" src=\"https:\/\/agora.xtec.cat\/escolamartipolsantfeliu\/wp-content\/uploads\/usu1726\/2025\/05\/Captura-de-pantalla-2025-05-26-121733.png\" alt=\"\" width=\"527\" height=\"274\" srcset=\"https:\/\/agora.xtec.cat\/escolamartipolsantfeliu\/wp-content\/uploads\/usu1726\/2025\/05\/Captura-de-pantalla-2025-05-26-121733.png 750w, https:\/\/agora.xtec.cat\/escolamartipolsantfeliu\/wp-content\/uploads\/usu1726\/2025\/05\/Captura-de-pantalla-2025-05-26-121733-300x156.png 300w\" sizes=\"auto, (max-width: 527px) 100vw, 527px\" \/><\/p>\n<p style=\"text-align: justify;\" data-pm-slice=\"1 1 []\"><span style=\"color: #000000;\">A i3, i4 i i5 durant els matins de la setmana (de 09 h a 09:30\u202fh) fem 30 min d&#8217;angl\u00e8s amb un\/a teacher dins de l&#8217;aula. Un dia ho fa la classe A i a l&#8217;endem\u00e0 la classe B, de tal manera que ho fan 2 cops a la setmana. Els divendres \u00e9s i3 qui fa angl\u00e8s en aquest horari.<\/span><\/p>\n<p>&nbsp;<\/p>\n<p style=\"font-family: 'Helvetica Neue', Helvetica, Helvetica, Arial, sans-serif; font-size: 16px;\"><img loading=\"lazy\" decoding=\"async\" class=\"wp-image-3663 aligncenter\" style=\"font-weight: bold; text-align: justify;\" src=\"https:\/\/agora.xtec.cat\/escolamartipolsantfeliu\/wp-content\/uploads\/usu1726\/2025\/05\/Captura-de-pantalla-2025-05-26-121859.png\" alt=\"\" width=\"244\" height=\"313\" srcset=\"https:\/\/agora.xtec.cat\/escolamartipolsantfeliu\/wp-content\/uploads\/usu1726\/2025\/05\/Captura-de-pantalla-2025-05-26-121859.png 312w, https:\/\/agora.xtec.cat\/escolamartipolsantfeliu\/wp-content\/uploads\/usu1726\/2025\/05\/Captura-de-pantalla-2025-05-26-121859-234x300.png 234w\" sizes=\"auto, (max-width: 244px) 100vw, 244px\" \/><\/p>\n<p style=\"text-align: justify;\"><span style=\"color: #000000;\">El fil conductor \u00e9s la &#8220;box&#8221; gegant que duu el\/la teacher. Dins hi ha molt\u00edss<span style=\"font-family: inherit; font-size: 1em;\">imes propostes <\/span><span style=\"font-family: inherit; font-size: 1em;\">engrescadores dins de bossetes de colors que aprendrem i practicarem tot jugant. El nostre titella &#8220;Cheeky Monkey&#8221; ser\u00e0 qui comen\u00e7ar\u00e0 i acabar\u00e0 les sessions amb molt d&#8217;humor i gresca!<\/span><\/span><\/p>\n<p>&nbsp;<\/p>\n<p style=\"text-align: center;\"><span style=\"color: #99cc00;\"><strong>CLICA<\/strong> SOBRE EL GENIALLY I ESCOLTA ALGUNES DE LES CAN\u00c7ONS QUE FEM A CLASSE:<\/span><\/p>\n<p><a href=\"https:\/\/view.genially.com\/683441ffe87d3d9ae9f52170\/interactive-content-early-years-routines\"><img loading=\"lazy\" decoding=\"async\" class=\"aligncenter size-full wp-image-3665\" src=\"https:\/\/agora.xtec.cat\/escolamartipolsantfeliu\/wp-content\/uploads\/usu1726\/2025\/05\/Captura-de-pantalla-2025-05-26-125228.png\" alt=\"\" width=\"880\" height=\"486\" srcset=\"https:\/\/agora.xtec.cat\/escolamartipolsantfeliu\/wp-content\/uploads\/usu1726\/2025\/05\/Captura-de-pantalla-2025-05-26-125228.png 880w, https:\/\/agora.xtec.cat\/escolamartipolsantfeliu\/wp-content\/uploads\/usu1726\/2025\/05\/Captura-de-pantalla-2025-05-26-125228-300x166.png 300w, https:\/\/agora.xtec.cat\/escolamartipolsantfeliu\/wp-content\/uploads\/usu1726\/2025\/05\/Captura-de-pantalla-2025-05-26-125228-768x424.png 768w\" sizes=\"auto, (max-width: 880px) 100vw, 880px\" \/><\/a><\/p>\n<p>&nbsp;<\/p>\n<p>&nbsp;<\/p>\n<p><img loading=\"lazy\" decoding=\"async\" class=\"aligncenter size-full wp-image-3669\" src=\"https:\/\/agora.xtec.cat\/escolamartipolsantfeliu\/wp-content\/uploads\/usu1726\/2025\/05\/Captura-de-pantalla-2025-05-26-132407.png\" alt=\"\" width=\"669\" height=\"262\" srcset=\"https:\/\/agora.xtec.cat\/escolamartipolsantfeliu\/wp-content\/uploads\/usu1726\/2025\/05\/Captura-de-pantalla-2025-05-26-132407.png 669w, https:\/\/agora.xtec.cat\/escolamartipolsantfeliu\/wp-content\/uploads\/usu1726\/2025\/05\/Captura-de-pantalla-2025-05-26-132407-300x117.png 300w\" sizes=\"auto, (max-width: 669px) 100vw, 669px\" \/><\/p>\n<h6 data-start=\"198\" data-end=\"417\"><\/h6>\n<p style=\"text-align: justify;\"><span style=\"color: #000000;\">A educaci\u00f3 infantil, l&#8217;angl\u00e8s es treballa de manera oral i en moments concrets del mat\u00ed. Ens acompanya sempre el &#8220;Cheeky Monkey&#8221;, un titella entremaliat que ens ajuda a aprendre de manera divertida. Ho fa a trav\u00e9s de petites sorpreses que porta dins la seva bossa i que amaga a la seva caixa m\u00e0gica. Cada trobada amb ell \u00e9s una nova aventura que desperta la curiositat i l\u2019inter\u00e8s dels infants.\u00a0<\/span><\/p>\n<p style=\"text-align: justify;\"><span style=\"color: #000000;\">Els continguts que treballem s\u00f3n molt propers i inclouen temes com els colors, els n\u00fameros, les salutacions (<em data-start=\"625\" data-end=\"636\">greetings<\/em>), els sentiments (<em data-start=\"655\" data-end=\"665\">feelings<\/em>), les parts del cos i de la cara, l\u2019esmorzar, la fruita i la verdura, la fam\u00edlia, les formes geom\u00e8triques, el temps meteorol\u00f2gic i els animals, entre d\u2019altres. <\/span><span style=\"color: #000000;\">Cada sessi\u00f3 pot comen\u00e7ar d\u2019una manera diferent: una hist\u00f2ria, un projecte que ja estan treballant a la classe, una sorpresa que arriba de cop o alguna cosa que els infants han demanat o comentat. L\u2019important \u00e9s viure l\u2019angl\u00e8s amb naturalitat, jugant i compartint.<\/span><\/p>\n<p style=\"text-align: justify;\"><span style=\"color: #000000;\">Des d\u2019un punt de vista metodol\u00f2gic, es prioritza la comprensi\u00f3 oral i l\u2019expressi\u00f3 espont\u00e0nia a trav\u00e9s de jocs, can\u00e7ons, contes i rutines. L\u2019objectiu \u00e9s que els infants s\u2019apropin a la llengua amb confian\u00e7a i curiositat, i que gaudeixin del proc\u00e9s d\u2019aprendre. Es fomenta la repetici\u00f3, l\u2019\u00fas de materials visuals i manipulatius, i es parteix sempre dels interessos i experi\u00e8ncies dels mateixos infants.<\/span><\/p>\n<p><!--a=1--><\/p>\n<p><!--a=1--><\/p>\n<p><!--a=1--><\/p>\n<p><!--a=1--><\/p>\n<p><!--a=1--><\/p>\n","protected":false},"excerpt":{"rendered":"<p>A i3, i4 i i5 durant els matins de la setmana (de 09 h a 09:30\u202fh) fem 30 min d&#8217;angl\u00e8s amb un\/a teacher dins de l&#8217;aula. Un dia ho fa la classe A i a l&#8217;endem\u00e0 la classe B, de tal manera que ho fan 2 cops a la setmana. Els divendres \u00e9s i3 qui [&hellip;]<\/p>\n","protected":false},"author":1,"featured_media":0,"parent":64,"menu_order":1,"comment_status":"closed","ping_status":"closed","template":"","meta":{"_bbp_topic_count":0,"_bbp_reply_count":0,"_bbp_total_topic_count":0,"_bbp_total_reply_count":0,"_bbp_voice_count":0,"_bbp_anonymous_reply_count":0,"_bbp_topic_count_hidden":0,"_bbp_reply_count_hidden":0,"_bbp_forum_subforum_count":0,"site-sidebar-layout":"default","site-content-layout":"","ast-site-content-layout":"default","site-content-style":"default","site-sidebar-style":"default","ast-global-header-display":"","ast-banner-title-visibility":"","ast-main-header-display":"","ast-hfb-above-header-display":"","ast-hfb-below-header-display":"","ast-hfb-mobile-header-display":"","site-post-title":"","ast-breadcrumbs-content":"","ast-featured-img":"","footer-sml-layout":"","theme-transparent-header-meta":"default","adv-header-id-meta":"","stick-header-meta":"","header-above-stick-meta":"","header-main-stick-meta":"","header-below-stick-meta":"","astra-migrate-meta-layouts":"set","ast-page-background-enabled":"default","ast-page-background-meta":{"desktop":{"background-color":"var(--ast-global-color-4)","background-image":"","background-repeat":"repeat","background-position":"center center","background-size":"auto","background-attachment":"scroll","background-type":"","background-media":"","overlay-type":"","overlay-color":"","overlay-opacity":"","overlay-gradient":""},"tablet":{"background-color":"","background-image":"","background-repeat":"repeat","background-position":"center center","background-size":"auto","background-attachment":"scroll","background-type":"","background-media":"","overlay-type":"","overlay-color":"","overlay-opacity":"","overlay-gradient":""},"mobile":{"background-color":"","background-image":"","background-repeat":"repeat","background-position":"center center","background-size":"auto","background-attachment":"scroll","background-type":"","background-media":"","overlay-type":"","overlay-color":"","overlay-opacity":"","overlay-gradient":""}},"ast-content-background-meta":{"desktop":{"background-color":"var(--ast-global-color-5)","background-image":"","background-repeat":"repeat","background-position":"center center","background-size":"auto","background-attachment":"scroll","background-type":"","background-media":"","overlay-type":"","overlay-color":"","overlay-opacity":"","overlay-gradient":""},"tablet":{"background-color":"var(--ast-global-color-5)","background-image":"","background-repeat":"repeat","background-position":"center center","background-size":"auto","background-attachment":"scroll","background-type":"","background-media":"","overlay-type":"","overlay-color":"","overlay-opacity":"","overlay-gradient":""},"mobile":{"background-color":"var(--ast-global-color-5)","background-image":"","background-repeat":"repeat","background-position":"center center","background-size":"auto","background-attachment":"scroll","background-type":"","background-media":"","overlay-type":"","overlay-color":"","overlay-opacity":"","overlay-gradient":""}},"footnotes":""},"class_list":["post-2678","page","type-page","status-publish","hentry"],"post_mailing_queue_ids":[],"_links":{"self":[{"href":"https:\/\/agora.xtec.cat\/escolamartipolsantfeliu\/wp-json\/wp\/v2\/pages\/2678","targetHints":{"allow":["GET"]}}],"collection":[{"href":"https:\/\/agora.xtec.cat\/escolamartipolsantfeliu\/wp-json\/wp\/v2\/pages"}],"about":[{"href":"https:\/\/agora.xtec.cat\/escolamartipolsantfeliu\/wp-json\/wp\/v2\/types\/page"}],"author":[{"embeddable":true,"href":"https:\/\/agora.xtec.cat\/escolamartipolsantfeliu\/wp-json\/wp\/v2\/users\/1"}],"replies":[{"embeddable":true,"href":"https:\/\/agora.xtec.cat\/escolamartipolsantfeliu\/wp-json\/wp\/v2\/comments?post=2678"}],"version-history":[{"count":7,"href":"https:\/\/agora.xtec.cat\/escolamartipolsantfeliu\/wp-json\/wp\/v2\/pages\/2678\/revisions"}],"predecessor-version":[{"id":4037,"href":"https:\/\/agora.xtec.cat\/escolamartipolsantfeliu\/wp-json\/wp\/v2\/pages\/2678\/revisions\/4037"}],"up":[{"embeddable":true,"href":"https:\/\/agora.xtec.cat\/escolamartipolsantfeliu\/wp-json\/wp\/v2\/pages\/64"}],"wp:attachment":[{"href":"https:\/\/agora.xtec.cat\/escolamartipolsantfeliu\/wp-json\/wp\/v2\/media?parent=2678"}],"curies":[{"name":"wp","href":"https:\/\/api.w.org\/{rel}","templated":true}]}}