{"id":26,"date":"2014-09-18T12:24:32","date_gmt":"2014-09-18T11:24:32","guid":{"rendered":"http:\/\/agora.xtec.cat\/escolamartipolsantfeliu\/?page_id=26"},"modified":"2026-01-26T13:10:40","modified_gmt":"2026-01-26T12:10:40","slug":"historia","status":"publish","type":"page","link":"https:\/\/agora.xtec.cat\/escolamartipolsantfeliu\/lescola\/historia\/","title":{"rendered":"Hist\u00f2ria"},"content":{"rendered":"<h4><\/h4>\n<p><img loading=\"lazy\" decoding=\"async\" class=\"aligncenter wp-image-3831\" src=\"https:\/\/agora.xtec.cat\/escolamartipolsantfeliu\/wp-content\/uploads\/usu1726\/2025\/11\/Captura-de-pantalla-2025-11-02-115955.png\" alt=\"\" width=\"479\" height=\"225\" srcset=\"https:\/\/agora.xtec.cat\/escolamartipolsantfeliu\/wp-content\/uploads\/usu1726\/2025\/11\/Captura-de-pantalla-2025-11-02-115955.png 398w, https:\/\/agora.xtec.cat\/escolamartipolsantfeliu\/wp-content\/uploads\/usu1726\/2025\/11\/Captura-de-pantalla-2025-11-02-115955-300x141.png 300w\" sizes=\"auto, (max-width: 479px) 100vw, 479px\" \/><\/p>\n<h4 style=\"text-align: justify;\"><span style=\"font-family: Arial, sans-serif; color: #000000;\">La nostra escola va comen\u00e7ar a funcionar el curs 2004-2005. El primer any acollia infants de I3 i les classes es van fer en barracons. Al mateix temps es va anar construint l\u2019edifici que \u00e9s actualment on se situa el centre. Aquest es va inaugurar el curs seg\u00fcent, el curs 2005-2006.<\/span><\/h4>\n<h4 style=\"text-align: justify;\"><span style=\"font-family: Arial, sans-serif; color: #000000;\">Des de llavors la nostra escola ha estat acollint infants i ja tenim diverses generacions que han marxat cap a l\u2019ESO. Tots i cadascun d\u2019ells tenen les portes obertes de la que un dia va ser casa seva.\u00a0<\/span><\/h4>\n<h4 style=\"text-align: justify;\"><span style=\"font-family: Arial, sans-serif; color: #000000;\">Al llarg d\u2019aquests anys, l\u2019escola ha evolucionat adaptant-se a les noves necessitats dels\/les alumnes i actualment incorporem metodologies en la que els alumnes s\u00f3n el centre de tot l&#8217;aprenentatge.<\/span><\/h4>\n<h4 style=\"text-align: justify;\"><span style=\"font-family: Arial, sans-serif; color: #000000;\">En les fotografies seg\u00fcents podeu veure el proc\u00e9s de construcci\u00f3 de l\u2019escola.<\/span><\/h4>\n<h4><img loading=\"lazy\" decoding=\"async\" class=\"size-full wp-image-3838\" src=\"https:\/\/agora.xtec.cat\/escolamartipolsantfeliu\/wp-content\/uploads\/usu1726\/2025\/11\/Captura-de-pantalla-2025-11-02-122232.png\" alt=\"\" width=\"377\" height=\"245\" srcset=\"https:\/\/agora.xtec.cat\/escolamartipolsantfeliu\/wp-content\/uploads\/usu1726\/2025\/11\/Captura-de-pantalla-2025-11-02-122232.png 377w, https:\/\/agora.xtec.cat\/escolamartipolsantfeliu\/wp-content\/uploads\/usu1726\/2025\/11\/Captura-de-pantalla-2025-11-02-122232-300x195.png 300w\" sizes=\"auto, (max-width: 377px) 100vw, 377px\" \/><img loading=\"lazy\" decoding=\"async\" class=\"size-large wp-image-3839\" src=\"https:\/\/agora.xtec.cat\/escolamartipolsantfeliu\/wp-content\/uploads\/usu1726\/2025\/11\/Captura-de-pantalla-2025-11-02-122327.png\" alt=\"\" width=\"320\" height=\"240\" srcset=\"https:\/\/agora.xtec.cat\/escolamartipolsantfeliu\/wp-content\/uploads\/usu1726\/2025\/11\/Captura-de-pantalla-2025-11-02-122327.png 320w, https:\/\/agora.xtec.cat\/escolamartipolsantfeliu\/wp-content\/uploads\/usu1726\/2025\/11\/Captura-de-pantalla-2025-11-02-122327-300x225.png 300w, https:\/\/agora.xtec.cat\/escolamartipolsantfeliu\/wp-content\/uploads\/usu1726\/2025\/11\/Captura-de-pantalla-2025-11-02-122327-200x150.png 200w\" sizes=\"auto, (max-width: 320px) 100vw, 320px\" \/><img loading=\"lazy\" decoding=\"async\" class=\"wp-image-3840 alignright\" src=\"https:\/\/agora.xtec.cat\/escolamartipolsantfeliu\/wp-content\/uploads\/usu1726\/2025\/11\/Captura-de-pantalla-2025-11-02-122513.png\" alt=\"\" width=\"317\" height=\"225\" srcset=\"https:\/\/agora.xtec.cat\/escolamartipolsantfeliu\/wp-content\/uploads\/usu1726\/2025\/11\/Captura-de-pantalla-2025-11-02-122513.png 347w, https:\/\/agora.xtec.cat\/escolamartipolsantfeliu\/wp-content\/uploads\/usu1726\/2025\/11\/Captura-de-pantalla-2025-11-02-122513-300x213.png 300w\" sizes=\"auto, (max-width: 317px) 100vw, 317px\" \/><\/h4>\n<p>&nbsp;<\/p>\n<p><img loading=\"lazy\" decoding=\"async\" class=\" wp-image-3842 alignleft\" src=\"https:\/\/agora.xtec.cat\/escolamartipolsantfeliu\/wp-content\/uploads\/usu1726\/2025\/11\/Captura-de-pantalla-2025-11-02-122656.png\" alt=\"\" width=\"364\" height=\"217\" srcset=\"https:\/\/agora.xtec.cat\/escolamartipolsantfeliu\/wp-content\/uploads\/usu1726\/2025\/11\/Captura-de-pantalla-2025-11-02-122656.png 406w, https:\/\/agora.xtec.cat\/escolamartipolsantfeliu\/wp-content\/uploads\/usu1726\/2025\/11\/Captura-de-pantalla-2025-11-02-122656-300x179.png 300w\" sizes=\"auto, (max-width: 364px) 100vw, 364px\" \/><img loading=\"lazy\" decoding=\"async\" class=\"wp-image-3848 alignnone\" src=\"https:\/\/agora.xtec.cat\/escolamartipolsantfeliu\/wp-content\/uploads\/usu1726\/2025\/11\/Captura-de-pantalla-2025-11-02-123046.png\" alt=\"\" width=\"336\" height=\"257\" srcset=\"https:\/\/agora.xtec.cat\/escolamartipolsantfeliu\/wp-content\/uploads\/usu1726\/2025\/11\/Captura-de-pantalla-2025-11-02-123046.png 381w, https:\/\/agora.xtec.cat\/escolamartipolsantfeliu\/wp-content\/uploads\/usu1726\/2025\/11\/Captura-de-pantalla-2025-11-02-123046-300x229.png 300w\" sizes=\"auto, (max-width: 336px) 100vw, 336px\" \/><img loading=\"lazy\" decoding=\"async\" class=\"wp-image-3844 alignnone\" src=\"https:\/\/agora.xtec.cat\/escolamartipolsantfeliu\/wp-content\/uploads\/usu1726\/2025\/11\/Captura-de-pantalla-2025-11-02-122741.png\" alt=\"\" width=\"324\" height=\"293\" srcset=\"https:\/\/agora.xtec.cat\/escolamartipolsantfeliu\/wp-content\/uploads\/usu1726\/2025\/11\/Captura-de-pantalla-2025-11-02-122741.png 343w, https:\/\/agora.xtec.cat\/escolamartipolsantfeliu\/wp-content\/uploads\/usu1726\/2025\/11\/Captura-de-pantalla-2025-11-02-122741-300x271.png 300w\" sizes=\"auto, (max-width: 324px) 100vw, 324px\" \/><\/p>\n<p>&nbsp;<\/p>\n","protected":false},"excerpt":{"rendered":"<p>La nostra escola va comen\u00e7ar a funcionar el curs 2004-2005. El primer any acollia infants de I3 i les classes es van fer en barracons. Al mateix temps es va anar construint l\u2019edifici que \u00e9s actualment on se situa el centre. Aquest es va inaugurar el curs seg\u00fcent, el curs 2005-2006. Des de llavors la [&hellip;]<\/p>\n","protected":false},"author":1,"featured_media":0,"parent":22,"menu_order":3,"comment_status":"closed","ping_status":"closed","template":"","meta":{"_bbp_topic_count":0,"_bbp_reply_count":0,"_bbp_total_topic_count":0,"_bbp_total_reply_count":0,"_bbp_voice_count":0,"_bbp_anonymous_reply_count":0,"_bbp_topic_count_hidden":0,"_bbp_reply_count_hidden":0,"_bbp_forum_subforum_count":0,"site-sidebar-layout":"default","site-content-layout":"","ast-site-content-layout":"default","site-content-style":"default","site-sidebar-style":"default","ast-global-header-display":"","ast-banner-title-visibility":"","ast-main-header-display":"","ast-hfb-above-header-display":"","ast-hfb-below-header-display":"","ast-hfb-mobile-header-display":"","site-post-title":"","ast-breadcrumbs-content":"","ast-featured-img":"","footer-sml-layout":"","theme-transparent-header-meta":"default","adv-header-id-meta":"","stick-header-meta":"","header-above-stick-meta":"","header-main-stick-meta":"","header-below-stick-meta":"","astra-migrate-meta-layouts":"set","ast-page-background-enabled":"default","ast-page-background-meta":{"desktop":{"background-color":"var(--ast-global-color-4)","background-image":"","background-repeat":"repeat","background-position":"center center","background-size":"auto","background-attachment":"scroll","background-type":"","background-media":"","overlay-type":"","overlay-color":"","overlay-opacity":"","overlay-gradient":""},"tablet":{"background-color":"","background-image":"","background-repeat":"repeat","background-position":"center center","background-size":"auto","background-attachment":"scroll","background-type":"","background-media":"","overlay-type":"","overlay-color":"","overlay-opacity":"","overlay-gradient":""},"mobile":{"background-color":"","background-image":"","background-repeat":"repeat","background-position":"center center","background-size":"auto","background-attachment":"scroll","background-type":"","background-media":"","overlay-type":"","overlay-color":"","overlay-opacity":"","overlay-gradient":""}},"ast-content-background-meta":{"desktop":{"background-color":"var(--ast-global-color-5)","background-image":"","background-repeat":"repeat","background-position":"center center","background-size":"auto","background-attachment":"scroll","background-type":"","background-media":"","overlay-type":"","overlay-color":"","overlay-opacity":"","overlay-gradient":""},"tablet":{"background-color":"var(--ast-global-color-5)","background-image":"","background-repeat":"repeat","background-position":"center center","background-size":"auto","background-attachment":"scroll","background-type":"","background-media":"","overlay-type":"","overlay-color":"","overlay-opacity":"","overlay-gradient":""},"mobile":{"background-color":"var(--ast-global-color-5)","background-image":"","background-repeat":"repeat","background-position":"center center","background-size":"auto","background-attachment":"scroll","background-type":"","background-media":"","overlay-type":"","overlay-color":"","overlay-opacity":"","overlay-gradient":""}},"footnotes":""},"class_list":["post-26","page","type-page","status-publish","hentry"],"post_mailing_queue_ids":[],"_links":{"self":[{"href":"https:\/\/agora.xtec.cat\/escolamartipolsantfeliu\/wp-json\/wp\/v2\/pages\/26","targetHints":{"allow":["GET"]}}],"collection":[{"href":"https:\/\/agora.xtec.cat\/escolamartipolsantfeliu\/wp-json\/wp\/v2\/pages"}],"about":[{"href":"https:\/\/agora.xtec.cat\/escolamartipolsantfeliu\/wp-json\/wp\/v2\/types\/page"}],"author":[{"embeddable":true,"href":"https:\/\/agora.xtec.cat\/escolamartipolsantfeliu\/wp-json\/wp\/v2\/users\/1"}],"replies":[{"embeddable":true,"href":"https:\/\/agora.xtec.cat\/escolamartipolsantfeliu\/wp-json\/wp\/v2\/comments?post=26"}],"version-history":[{"count":6,"href":"https:\/\/agora.xtec.cat\/escolamartipolsantfeliu\/wp-json\/wp\/v2\/pages\/26\/revisions"}],"predecessor-version":[{"id":3866,"href":"https:\/\/agora.xtec.cat\/escolamartipolsantfeliu\/wp-json\/wp\/v2\/pages\/26\/revisions\/3866"}],"up":[{"embeddable":true,"href":"https:\/\/agora.xtec.cat\/escolamartipolsantfeliu\/wp-json\/wp\/v2\/pages\/22"}],"wp:attachment":[{"href":"https:\/\/agora.xtec.cat\/escolamartipolsantfeliu\/wp-json\/wp\/v2\/media?parent=26"}],"curies":[{"name":"wp","href":"https:\/\/api.w.org\/{rel}","templated":true}]}}