{"id":2559,"date":"2026-02-12T11:53:18","date_gmt":"2026-02-12T10:53:18","guid":{"rendered":"http:\/\/agora.xtec.cat\/escolamartipolsantfeliu\/?page_id=2559"},"modified":"2026-02-12T15:56:07","modified_gmt":"2026-02-12T14:56:07","slug":"eines-digitals","status":"publish","type":"page","link":"https:\/\/agora.xtec.cat\/escolamartipolsantfeliu\/projecte-educatiu-2\/eines-digitals\/","title":{"rendered":"Eines digitals"},"content":{"rendered":"<h5><\/h5>\n<h5><img loading=\"lazy\" decoding=\"async\" class=\"aligncenter size-full wp-image-3617\" src=\"https:\/\/agora.xtec.cat\/escolamartipolsantfeliu\/wp-content\/uploads\/usu1726\/2025\/05\/Captura-de-pantalla-2025-04-10-221313.png\" alt=\"\" width=\"325\" height=\"126\" srcset=\"https:\/\/agora.xtec.cat\/escolamartipolsantfeliu\/wp-content\/uploads\/usu1726\/2025\/05\/Captura-de-pantalla-2025-04-10-221313.png 325w, https:\/\/agora.xtec.cat\/escolamartipolsantfeliu\/wp-content\/uploads\/usu1726\/2025\/05\/Captura-de-pantalla-2025-04-10-221313-300x116.png 300w\" sizes=\"auto, (max-width: 325px) 100vw, 325px\" \/><\/h5>\n<h5 style=\"text-align: justify;\"><span style=\"font-size: 12pt; font-family: Arial, sans-serif; font-weight: normal; color: #000000;\">A la nostra escola donem import\u00e0ncia a la compet\u00e8ncia digital del nostre alumnat. Per aquest motiu totes les aules de Prim\u00e0ria estan dotades de dispositius com tauletes (1r i 2n) i C<\/span><span style=\"font-size: 12pt; font-family: Arial, sans-serif; font-weight: normal; color: #000000;\">hromebooks (3r a 6\u00e8) dins de les aules. A m\u00e9s, tamb\u00e9 disposem de<\/span><span style=\"font-size: 12pt; font-family: Arial, sans-serif; font-weight: normal; color: #000000;\"> pissarres digitals (PDI) desde I3 a 6\u00e8 i de panells digitals de 1r a 6\u00e8 (segons la dotaci\u00f3 de l&#8217;any 2024 provinent d&#8217;Europa) i tamb\u00e9 segons aules. <\/span><\/h5>\n<h5 style=\"text-align: justify;\"><span style=\"font-size: 12pt; font-family: Arial, sans-serif; font-weight: normal; color: #000000;\">El tractament de les noves tecnologies es basa en l&#8217;aprenentatge de les eines TAC tot integrant-les en els projectes d&#8217;aula, sempre vinculat amb la programaci\u00f3, per exemple, cerca i contrast d&#8217;informaci\u00f3, domini de diferents programes, creaci\u00f3 de presentacions, projectes duts a terme amb eines de rob\u00f2tica, edici\u00f3 de textos, de v\u00eddeo, etc.<\/span><\/h5>\n<h5 style=\"text-align: justify;\"><span style=\"font-size: 12pt; font-family: Arial, sans-serif; font-weight: normal; color: #000000;\">A m\u00e9s, aquest any hem engegat un projecte amb moltes ganes, estem creant la nostra <\/span><strong><span style=\"font-size: 12pt; font-family: Arial, sans-serif; color: #ff9900;\">aula Steam<\/span><\/strong><span style=\"font-size: 12pt; font-family: Arial, sans-serif; font-weight: normal; color: #000000;\">, amb material de rob\u00f2tica, audiovisual i robots per fer introducci\u00f3 a la programaci\u00f3 i rob\u00f2tica.\u00a0<\/span><\/h5>\n<p>Veieu tamb\u00e9 bot\u00f3 de rob\u00f2tica.<\/p>\n<p>&nbsp;<\/p>\n<p><span style=\"color: #ff6600;\"><a href=\"https:\/\/agora.xtec.cat\/escolamartipolsantfeliu\/wp-content\/uploads\/usu1726\/2020\/10\/tablet.png\"><img loading=\"lazy\" decoding=\"async\" class=\"wp-image-3614 alignleft\" src=\"https:\/\/agora.xtec.cat\/escolamartipolsantfeliu\/wp-content\/uploads\/usu1726\/2025\/05\/1746526067005-1-768x1024.jpg\" alt=\"\" width=\"248\" height=\"331\" srcset=\"https:\/\/agora.xtec.cat\/escolamartipolsantfeliu\/wp-content\/uploads\/usu1726\/2025\/05\/1746526067005-1-768x1024.jpg 768w, https:\/\/agora.xtec.cat\/escolamartipolsantfeliu\/wp-content\/uploads\/usu1726\/2025\/05\/1746526067005-1-225x300.jpg 225w, https:\/\/agora.xtec.cat\/escolamartipolsantfeliu\/wp-content\/uploads\/usu1726\/2025\/05\/1746526067005-1-1152x1536.jpg 1152w, https:\/\/agora.xtec.cat\/escolamartipolsantfeliu\/wp-content\/uploads\/usu1726\/2025\/05\/1746526067005-1-1536x2048.jpg 1536w, https:\/\/agora.xtec.cat\/escolamartipolsantfeliu\/wp-content\/uploads\/usu1726\/2025\/05\/1746526067005-1-scaled.jpg 1920w\" sizes=\"auto, (max-width: 248px) 100vw, 248px\" \/><img loading=\"lazy\" decoding=\"async\" class=\"aligncenter wp-image-3615\" src=\"https:\/\/agora.xtec.cat\/escolamartipolsantfeliu\/wp-content\/uploads\/usu1726\/2025\/05\/1746526066972-1-1024x768.jpg\" alt=\"\" width=\"389\" height=\"292\" srcset=\"https:\/\/agora.xtec.cat\/escolamartipolsantfeliu\/wp-content\/uploads\/usu1726\/2025\/05\/1746526066972-1-1024x768.jpg 1024w, https:\/\/agora.xtec.cat\/escolamartipolsantfeliu\/wp-content\/uploads\/usu1726\/2025\/05\/1746526066972-1-300x225.jpg 300w, https:\/\/agora.xtec.cat\/escolamartipolsantfeliu\/wp-content\/uploads\/usu1726\/2025\/05\/1746526066972-1-768x576.jpg 768w, https:\/\/agora.xtec.cat\/escolamartipolsantfeliu\/wp-content\/uploads\/usu1726\/2025\/05\/1746526066972-1-1536x1152.jpg 1536w, https:\/\/agora.xtec.cat\/escolamartipolsantfeliu\/wp-content\/uploads\/usu1726\/2025\/05\/1746526066972-1-2048x1536.jpg 2048w, https:\/\/agora.xtec.cat\/escolamartipolsantfeliu\/wp-content\/uploads\/usu1726\/2025\/05\/1746526066972-1-200x150.jpg 200w\" sizes=\"auto, (max-width: 389px) 100vw, 389px\" \/><\/a><\/span><\/p>\n<p style=\"text-align: center;\">\u00das de chromebooks a projecte<\/p>\n","protected":false},"excerpt":{"rendered":"<p>A la nostra escola donem import\u00e0ncia a la compet\u00e8ncia digital del nostre alumnat. Per aquest motiu totes les aules de Prim\u00e0ria estan dotades de dispositius com tauletes (1r i 2n) i Chromebooks (3r a 6\u00e8) dins de les aules. A m\u00e9s, tamb\u00e9 disposem de pissarres digitals (PDI) desde I3 a 6\u00e8 i de panells digitals [&hellip;]<\/p>\n","protected":false},"author":1,"featured_media":0,"parent":2366,"menu_order":7,"comment_status":"closed","ping_status":"closed","template":"","meta":{"_bbp_topic_count":0,"_bbp_reply_count":0,"_bbp_total_topic_count":0,"_bbp_total_reply_count":0,"_bbp_voice_count":0,"_bbp_anonymous_reply_count":0,"_bbp_topic_count_hidden":0,"_bbp_reply_count_hidden":0,"_bbp_forum_subforum_count":0,"site-sidebar-layout":"default","site-content-layout":"","ast-site-content-layout":"default","site-content-style":"default","site-sidebar-style":"default","ast-global-header-display":"","ast-banner-title-visibility":"","ast-main-header-display":"","ast-hfb-above-header-display":"","ast-hfb-below-header-display":"","ast-hfb-mobile-header-display":"","site-post-title":"","ast-breadcrumbs-content":"","ast-featured-img":"","footer-sml-layout":"","theme-transparent-header-meta":"default","adv-header-id-meta":"","stick-header-meta":"","header-above-stick-meta":"","header-main-stick-meta":"","header-below-stick-meta":"","astra-migrate-meta-layouts":"set","ast-page-background-enabled":"default","ast-page-background-meta":{"desktop":{"background-color":"var(--ast-global-color-4)","background-image":"","background-repeat":"repeat","background-position":"center center","background-size":"auto","background-attachment":"scroll","background-type":"","background-media":"","overlay-type":"","overlay-color":"","overlay-opacity":"","overlay-gradient":""},"tablet":{"background-color":"","background-image":"","background-repeat":"repeat","background-position":"center center","background-size":"auto","background-attachment":"scroll","background-type":"","background-media":"","overlay-type":"","overlay-color":"","overlay-opacity":"","overlay-gradient":""},"mobile":{"background-color":"","background-image":"","background-repeat":"repeat","background-position":"center center","background-size":"auto","background-attachment":"scroll","background-type":"","background-media":"","overlay-type":"","overlay-color":"","overlay-opacity":"","overlay-gradient":""}},"ast-content-background-meta":{"desktop":{"background-color":"var(--ast-global-color-5)","background-image":"","background-repeat":"repeat","background-position":"center center","background-size":"auto","background-attachment":"scroll","background-type":"","background-media":"","overlay-type":"","overlay-color":"","overlay-opacity":"","overlay-gradient":""},"tablet":{"background-color":"var(--ast-global-color-5)","background-image":"","background-repeat":"repeat","background-position":"center center","background-size":"auto","background-attachment":"scroll","background-type":"","background-media":"","overlay-type":"","overlay-color":"","overlay-opacity":"","overlay-gradient":""},"mobile":{"background-color":"var(--ast-global-color-5)","background-image":"","background-repeat":"repeat","background-position":"center center","background-size":"auto","background-attachment":"scroll","background-type":"","background-media":"","overlay-type":"","overlay-color":"","overlay-opacity":"","overlay-gradient":""}},"footnotes":""},"class_list":["post-2559","page","type-page","status-publish","hentry"],"post_mailing_queue_ids":[],"_links":{"self":[{"href":"https:\/\/agora.xtec.cat\/escolamartipolsantfeliu\/wp-json\/wp\/v2\/pages\/2559","targetHints":{"allow":["GET"]}}],"collection":[{"href":"https:\/\/agora.xtec.cat\/escolamartipolsantfeliu\/wp-json\/wp\/v2\/pages"}],"about":[{"href":"https:\/\/agora.xtec.cat\/escolamartipolsantfeliu\/wp-json\/wp\/v2\/types\/page"}],"author":[{"embeddable":true,"href":"https:\/\/agora.xtec.cat\/escolamartipolsantfeliu\/wp-json\/wp\/v2\/users\/1"}],"replies":[{"embeddable":true,"href":"https:\/\/agora.xtec.cat\/escolamartipolsantfeliu\/wp-json\/wp\/v2\/comments?post=2559"}],"version-history":[{"count":6,"href":"https:\/\/agora.xtec.cat\/escolamartipolsantfeliu\/wp-json\/wp\/v2\/pages\/2559\/revisions"}],"predecessor-version":[{"id":4450,"href":"https:\/\/agora.xtec.cat\/escolamartipolsantfeliu\/wp-json\/wp\/v2\/pages\/2559\/revisions\/4450"}],"up":[{"embeddable":true,"href":"https:\/\/agora.xtec.cat\/escolamartipolsantfeliu\/wp-json\/wp\/v2\/pages\/2366"}],"wp:attachment":[{"href":"https:\/\/agora.xtec.cat\/escolamartipolsantfeliu\/wp-json\/wp\/v2\/media?parent=2559"}],"curies":[{"name":"wp","href":"https:\/\/api.w.org\/{rel}","templated":true}]}}