{"id":2542,"date":"2020-10-13T10:35:00","date_gmt":"2020-10-13T08:35:00","guid":{"rendered":"http:\/\/agora.xtec.cat\/escolamartipolsantfeliu\/?page_id=2542"},"modified":"2026-02-13T09:58:59","modified_gmt":"2026-02-13T08:58:59","slug":"psicomotricitat","status":"publish","type":"page","link":"https:\/\/agora.xtec.cat\/escolamartipolsantfeliu\/projecte-educatiu\/psicomotricitat\/","title":{"rendered":"Psicomotricitat"},"content":{"rendered":"<p style=\"text-align: justify;\"><span style=\"font-weight: 400; color: #000000;\">En aquest espai oferim materials i activitats destinades a anar ampliant el bagatge motriu dels alumnes i millorar la consci\u00e8ncia del propi cos.\u00a0<\/span><\/p>\n<p style=\"text-align: justify;\"><span style=\"font-weight: 400; color: #000000;\">La sessi\u00f3 es basa fonamentalment en el joc motriu lliure com a motor de l\u2019activitat. Estructurem el temps en tres parts diferenciades:<\/span><\/p>\n<ul>\n<li style=\"font-weight: 400; text-align: justify;\"><span style=\"color: #000000;\"><strong><i>Ritual d\u2019entrada<\/i><\/strong><span style=\"font-weight: 400;\">: els infants es posen els mitjons i guarden les seves sabates a l\u2019armari de l\u2019entrada de la sala de psicomotricitat. Un cop a dins fem una petita activitat grupal de coneixement del propi cos i de moviment de les diferents parts i finalment \u201ctirem la muralla\u201d, el que representa l\u2019inici de l\u2019activitat motriu lliure.<\/span><\/span><\/li>\n<li style=\"font-weight: 400; text-align: justify;\"><span style=\"color: #000000;\"><strong><i>Espai de joc motriu lliure:<\/i><\/strong><span style=\"font-weight: 400;\"> es tracta d\u2019anar fomentant la interacci\u00f3 entre nens\/es i amb el material que es presenta a trav\u00e9s del joc motriu lliure. En aquesta part es fomenta la possibilitat de fer despla\u00e7aments, salts, girs, equilibris, balancejos&#8230;<\/span><\/span><\/li>\n<li style=\"font-weight: 400;\">\n<p style=\"text-align: justify;\"><span style=\"color: #000000;\"><strong><i style=\"font-size: 1.125em;\">Relaxaci\u00f3:<\/i><\/strong><span style=\"font-weight: 400;\"> en aquesta part es tracta de fomentar la distensi\u00f3 corporal a trav\u00e9s de diferents activitats de relaxaci\u00f3 (massatges, respiraci\u00f3&#8230;).<\/span><\/span><\/p>\n<\/li>\n<\/ul>\n<p>&nbsp;<\/p>\n<h5 style=\"text-align: center;\"><span style=\"color: #000000;\">Us deixem una petita mostra<\/span><\/h5>\n<div style=\"width: 476px;\" class=\"wp-video\"><!--[if lt IE 9]><script>document.createElement('video');<\/script><![endif]-->\n<video class=\"wp-video-shortcode\" id=\"video-2542-1\" width=\"476\" height=\"270\" preload=\"metadata\" controls=\"controls\"><source type=\"video\/mp4\" src=\"https:\/\/agora.xtec.cat\/escolamartipolsantfeliu\/wp-content\/uploads\/usu1726\/2020\/10\/psico-muralla.mp4?_=1\" \/><a href=\"https:\/\/agora.xtec.cat\/escolamartipolsantfeliu\/wp-content\/uploads\/usu1726\/2020\/10\/psico-muralla.mp4\">https:\/\/agora.xtec.cat\/escolamartipolsantfeliu\/wp-content\/uploads\/usu1726\/2020\/10\/psico-muralla.mp4<\/a><\/video><\/div>\n<p>&nbsp;<\/p>\n<p>&nbsp;<\/p>\n<p>&nbsp;<\/p>\n<p>&nbsp;<\/p>\n<p>&nbsp;<\/p>\n<p><!----comment node----><!--a=1--><\/p>\n<p><!----comment node----><!--a=1--><\/p>\n<p><!----comment node----><!--a=1--><\/p>\n<p><!----comment node----><!--a=1--><\/p>\n","protected":false},"excerpt":{"rendered":"<p>En aquest espai oferim materials i activitats destinades a anar ampliant el bagatge motriu dels alumnes i millorar la consci\u00e8ncia del propi cos.\u00a0 La sessi\u00f3 es basa fonamentalment en el joc motriu lliure com a motor de l\u2019activitat. Estructurem el temps en tres parts diferenciades: Ritual d\u2019entrada: els infants es posen els mitjons i guarden [&hellip;]<\/p>\n","protected":false},"author":1,"featured_media":0,"parent":64,"menu_order":4,"comment_status":"closed","ping_status":"closed","template":"","meta":{"_bbp_topic_count":0,"_bbp_reply_count":0,"_bbp_total_topic_count":0,"_bbp_total_reply_count":0,"_bbp_voice_count":0,"_bbp_anonymous_reply_count":0,"_bbp_topic_count_hidden":0,"_bbp_reply_count_hidden":0,"_bbp_forum_subforum_count":0,"site-sidebar-layout":"default","site-content-layout":"","ast-site-content-layout":"default","site-content-style":"default","site-sidebar-style":"default","ast-global-header-display":"","ast-banner-title-visibility":"","ast-main-header-display":"","ast-hfb-above-header-display":"","ast-hfb-below-header-display":"","ast-hfb-mobile-header-display":"","site-post-title":"","ast-breadcrumbs-content":"","ast-featured-img":"","footer-sml-layout":"","theme-transparent-header-meta":"default","adv-header-id-meta":"","stick-header-meta":"","header-above-stick-meta":"","header-main-stick-meta":"","header-below-stick-meta":"","astra-migrate-meta-layouts":"set","ast-page-background-enabled":"default","ast-page-background-meta":{"desktop":{"background-color":"var(--ast-global-color-4)","background-image":"","background-repeat":"repeat","background-position":"center center","background-size":"auto","background-attachment":"scroll","background-type":"","background-media":"","overlay-type":"","overlay-color":"","overlay-opacity":"","overlay-gradient":""},"tablet":{"background-color":"","background-image":"","background-repeat":"repeat","background-position":"center center","background-size":"auto","background-attachment":"scroll","background-type":"","background-media":"","overlay-type":"","overlay-color":"","overlay-opacity":"","overlay-gradient":""},"mobile":{"background-color":"","background-image":"","background-repeat":"repeat","background-position":"center center","background-size":"auto","background-attachment":"scroll","background-type":"","background-media":"","overlay-type":"","overlay-color":"","overlay-opacity":"","overlay-gradient":""}},"ast-content-background-meta":{"desktop":{"background-color":"var(--ast-global-color-5)","background-image":"","background-repeat":"repeat","background-position":"center center","background-size":"auto","background-attachment":"scroll","background-type":"","background-media":"","overlay-type":"","overlay-color":"","overlay-opacity":"","overlay-gradient":""},"tablet":{"background-color":"var(--ast-global-color-5)","background-image":"","background-repeat":"repeat","background-position":"center center","background-size":"auto","background-attachment":"scroll","background-type":"","background-media":"","overlay-type":"","overlay-color":"","overlay-opacity":"","overlay-gradient":""},"mobile":{"background-color":"var(--ast-global-color-5)","background-image":"","background-repeat":"repeat","background-position":"center center","background-size":"auto","background-attachment":"scroll","background-type":"","background-media":"","overlay-type":"","overlay-color":"","overlay-opacity":"","overlay-gradient":""}},"footnotes":""},"class_list":["post-2542","page","type-page","status-publish","hentry"],"post_mailing_queue_ids":[],"_links":{"self":[{"href":"https:\/\/agora.xtec.cat\/escolamartipolsantfeliu\/wp-json\/wp\/v2\/pages\/2542","targetHints":{"allow":["GET"]}}],"collection":[{"href":"https:\/\/agora.xtec.cat\/escolamartipolsantfeliu\/wp-json\/wp\/v2\/pages"}],"about":[{"href":"https:\/\/agora.xtec.cat\/escolamartipolsantfeliu\/wp-json\/wp\/v2\/types\/page"}],"author":[{"embeddable":true,"href":"https:\/\/agora.xtec.cat\/escolamartipolsantfeliu\/wp-json\/wp\/v2\/users\/1"}],"replies":[{"embeddable":true,"href":"https:\/\/agora.xtec.cat\/escolamartipolsantfeliu\/wp-json\/wp\/v2\/comments?post=2542"}],"version-history":[{"count":6,"href":"https:\/\/agora.xtec.cat\/escolamartipolsantfeliu\/wp-json\/wp\/v2\/pages\/2542\/revisions"}],"predecessor-version":[{"id":4039,"href":"https:\/\/agora.xtec.cat\/escolamartipolsantfeliu\/wp-json\/wp\/v2\/pages\/2542\/revisions\/4039"}],"up":[{"embeddable":true,"href":"https:\/\/agora.xtec.cat\/escolamartipolsantfeliu\/wp-json\/wp\/v2\/pages\/64"}],"wp:attachment":[{"href":"https:\/\/agora.xtec.cat\/escolamartipolsantfeliu\/wp-json\/wp\/v2\/media?parent=2542"}],"curies":[{"name":"wp","href":"https:\/\/api.w.org\/{rel}","templated":true}]}}