{"id":2534,"date":"2020-10-09T16:32:23","date_gmt":"2020-10-09T14:32:23","guid":{"rendered":"http:\/\/agora.xtec.cat\/escolamartipolsantfeliu\/?page_id=2534"},"modified":"2025-04-29T19:36:16","modified_gmt":"2025-04-29T17:36:16","slug":"pec-2","status":"publish","type":"page","link":"https:\/\/agora.xtec.cat\/escolamartipolsantfeliu\/projecte-educatiu-2\/pec-2\/","title":{"rendered":"PEC"},"content":{"rendered":"<h5>El PEC, Projecte Educatiu de Centre, \u00e9s el document que estableix la l\u00ednia pedag\u00f2gica de l&#8217;escola.<\/h5>\n<p>&nbsp;<\/p>\n<p>Clica aqu\u00ed per descarregar el PEC:\u00a0<a href=\"https:\/\/agora.xtec.cat\/escolamartipolsantfeliu\/wp-content\/uploads\/usu1726\/2021\/07\/PEC-MIQUEL-MARTI-I-POL-3.pdf\" target=\"_blank\" rel=\"noopener noreferrer\">PEC Miquel Mart\u00ed i Pol<\/a><\/p>\n<p>&nbsp;<\/p>\n<p><iframe loading=\"lazy\" src=\"https:\/\/www.scribd.com\/embeds\/480831289\/content?start_page=1&amp;view_mode=scroll&amp;access_key=key-7zRJLdJTxG8astDpsNXw\" width=\"600\" height=\"800\" frameborder=\"0\" data-auto-height=\"false\" data-aspect-ratio=\"0.7080062794348508\"><\/iframe><\/p>\n<p style=\"margin: 12px auto 6px auto; font-family: Helvetica,Arial,Sans-serif; font-style: normal; font-variant: normal; font-weight: normal; font-size: 14px; line-height: normal; font-size-adjust: none; font-stretch: normal; -x-system-font: none; display: block;\"><a style=\"text-decoration: underline;\" title=\"View PEC Miquel Marti i Pol.pdf on Scribd\" href=\"https:\/\/www.scribd.com\/document\/480831289\/PEC-Miquel-Marti-i-Pol-pdf#from_embed\">PEC Miquel Marti i Pol.pdf<\/a> by <a style=\"text-decoration: underline;\" title=\"View Escola Miquel Mart\u00ed i Pol's profile on Scribd\" href=\"https:\/\/www.scribd.com\/user\/197042664\/Escola-Miquel-Marti-i-Pol#from_embed\">Escola Miquel Mart\u00ed i Pol<\/a><\/p>\n","protected":false},"excerpt":{"rendered":"<p>El PEC, Projecte Educatiu de Centre, \u00e9s el document que estableix la l\u00ednia pedag\u00f2gica de l&#8217;escola. &nbsp; Clica aqu\u00ed per descarregar el PEC:\u00a0PEC Miquel Mart\u00ed i Pol &nbsp; PEC Miquel Marti i Pol.pdf by Escola Miquel Mart\u00ed i Pol<\/p>\n","protected":false},"author":1,"featured_media":0,"parent":2366,"menu_order":1,"comment_status":"closed","ping_status":"closed","template":"page-templates\/side-menu.php","meta":{"_bbp_topic_count":0,"_bbp_reply_count":0,"_bbp_total_topic_count":0,"_bbp_total_reply_count":0,"_bbp_voice_count":0,"_bbp_anonymous_reply_count":0,"_bbp_topic_count_hidden":0,"_bbp_reply_count_hidden":0,"_bbp_forum_subforum_count":0,"site-sidebar-layout":"default","site-content-layout":"","ast-site-content-layout":"","site-content-style":"default","site-sidebar-style":"default","ast-global-header-display":"","ast-banner-title-visibility":"","ast-main-header-display":"","ast-hfb-above-header-display":"","ast-hfb-below-header-display":"","ast-hfb-mobile-header-display":"","site-post-title":"","ast-breadcrumbs-content":"","ast-featured-img":"","footer-sml-layout":"","theme-transparent-header-meta":"","adv-header-id-meta":"","stick-header-meta":"","header-above-stick-meta":"","header-main-stick-meta":"","header-below-stick-meta":"","astra-migrate-meta-layouts":"default","ast-page-background-enabled":"default","ast-page-background-meta":{"desktop":{"background-color":"var(--ast-global-color-4)","background-image":"","background-repeat":"repeat","background-position":"center center","background-size":"auto","background-attachment":"scroll","background-type":"","background-media":"","overlay-type":"","overlay-color":"","overlay-opacity":"","overlay-gradient":""},"tablet":{"background-color":"","background-image":"","background-repeat":"repeat","background-position":"center center","background-size":"auto","background-attachment":"scroll","background-type":"","background-media":"","overlay-type":"","overlay-color":"","overlay-opacity":"","overlay-gradient":""},"mobile":{"background-color":"","background-image":"","background-repeat":"repeat","background-position":"center center","background-size":"auto","background-attachment":"scroll","background-type":"","background-media":"","overlay-type":"","overlay-color":"","overlay-opacity":"","overlay-gradient":""}},"ast-content-background-meta":{"desktop":{"background-color":"var(--ast-global-color-5)","background-image":"","background-repeat":"repeat","background-position":"center center","background-size":"auto","background-attachment":"scroll","background-type":"","background-media":"","overlay-type":"","overlay-color":"","overlay-opacity":"","overlay-gradient":""},"tablet":{"background-color":"var(--ast-global-color-5)","background-image":"","background-repeat":"repeat","background-position":"center center","background-size":"auto","background-attachment":"scroll","background-type":"","background-media":"","overlay-type":"","overlay-color":"","overlay-opacity":"","overlay-gradient":""},"mobile":{"background-color":"var(--ast-global-color-5)","background-image":"","background-repeat":"repeat","background-position":"center center","background-size":"auto","background-attachment":"scroll","background-type":"","background-media":"","overlay-type":"","overlay-color":"","overlay-opacity":"","overlay-gradient":""}},"footnotes":""},"class_list":["post-2534","page","type-page","status-publish","hentry"],"post_mailing_queue_ids":[],"_links":{"self":[{"href":"https:\/\/agora.xtec.cat\/escolamartipolsantfeliu\/wp-json\/wp\/v2\/pages\/2534","targetHints":{"allow":["GET"]}}],"collection":[{"href":"https:\/\/agora.xtec.cat\/escolamartipolsantfeliu\/wp-json\/wp\/v2\/pages"}],"about":[{"href":"https:\/\/agora.xtec.cat\/escolamartipolsantfeliu\/wp-json\/wp\/v2\/types\/page"}],"author":[{"embeddable":true,"href":"https:\/\/agora.xtec.cat\/escolamartipolsantfeliu\/wp-json\/wp\/v2\/users\/1"}],"replies":[{"embeddable":true,"href":"https:\/\/agora.xtec.cat\/escolamartipolsantfeliu\/wp-json\/wp\/v2\/comments?post=2534"}],"version-history":[{"count":5,"href":"https:\/\/agora.xtec.cat\/escolamartipolsantfeliu\/wp-json\/wp\/v2\/pages\/2534\/revisions"}],"predecessor-version":[{"id":3565,"href":"https:\/\/agora.xtec.cat\/escolamartipolsantfeliu\/wp-json\/wp\/v2\/pages\/2534\/revisions\/3565"}],"up":[{"embeddable":true,"href":"https:\/\/agora.xtec.cat\/escolamartipolsantfeliu\/wp-json\/wp\/v2\/pages\/2366"}],"wp:attachment":[{"href":"https:\/\/agora.xtec.cat\/escolamartipolsantfeliu\/wp-json\/wp\/v2\/media?parent=2534"}],"curies":[{"name":"wp","href":"https:\/\/api.w.org\/{rel}","templated":true}]}}