{"id":2507,"date":"2020-10-09T15:25:24","date_gmt":"2020-10-09T13:25:24","guid":{"rendered":"http:\/\/agora.xtec.cat\/escolamartipolsantfeliu\/?page_id=2507"},"modified":"2026-02-10T18:13:55","modified_gmt":"2026-02-10T17:13:55","slug":"com-contactar-amb-lescola","status":"publish","type":"page","link":"https:\/\/agora.xtec.cat\/escolamartipolsantfeliu\/lescola\/com-contactar-amb-lescola\/","title":{"rendered":"Com contactar amb l&#8217;escola"},"content":{"rendered":"<h3><span style=\"color: #000000;\"><span style=\"font-size: 12pt; font-family: Arial, sans-serif; font-weight: normal;\"><img loading=\"lazy\" decoding=\"async\" class=\" wp-image-3526 alignleft\" src=\"https:\/\/agora.xtec.cat\/escolamartipolsantfeliu\/wp-content\/uploads\/usu1726\/2025\/04\/Captura-de-pantalla-2025-04-23-161643.png\" alt=\"\" width=\"41\" height=\"40\" \/>El <\/span><strong><span style=\"font-size: 12pt; font-family: Arial, sans-serif;\">tel\u00e8fon de contacte<\/span><\/strong><span style=\"font-size: 12pt; font-family: Arial, sans-serif; font-weight: normal;\"> de l&#8217;escola \u00e9s 93 632 67 21. Podeu trucar de 9 a 12.30\u202fh i de 15 h a 16.30\u202fh.<\/span><\/span><\/h3>\n<p>&nbsp;<\/p>\n<p><span style=\"font-size: 12pt; font-family: Arial, sans-serif; font-weight: normal; color: #000000;\"><img loading=\"lazy\" decoding=\"async\" class=\"wp-image-3525 alignleft\" src=\"https:\/\/agora.xtec.cat\/escolamartipolsantfeliu\/wp-content\/uploads\/usu1726\/2025\/04\/Captura-de-pantalla-2025-04-23-161500.png\" alt=\"\" width=\"40\" height=\"37\" \/><\/span><span style=\"color: #000000;\"><span style=\"font-size: 12pt; font-family: Arial, sans-serif; font-weight: normal;\">L&#8217;<\/span><strong><span style=\"font-size: 12pt; font-family: Arial, sans-serif;\">adre\u00e7a electr\u00f2nica de l&#8217;escola<\/span><\/strong><span style=\"font-size: 12pt; font-family: Arial, sans-serif; font-weight: normal;\"> \u00e9s: a8063394@xtec.cat\u00a0 \u00a0<\/span><\/span><\/p>\n<p>&nbsp;<\/p>\n<h6><span style=\"font-size: 12pt; font-family: Arial, sans-serif; font-weight: normal;\">Per qualse<\/span><span style=\"font-size: 12pt; font-family: Arial, sans-serif; font-weight: normal;\">vol tema <\/span><strong><span style=\"font-size: 12pt; font-family: Arial, sans-serif;\">administrariu o econ\u00f2mic<\/span><\/strong><span style=\"font-size: 12pt; font-family: Arial, sans-serif; font-weight: normal;\"> l&#8217;adre\u00e7a electr\u00f2nica \u00e9s: \u00a0<\/span><a href=\"mailto:secretaria@martipolsantfeliu.cat\" target=\"_blank\" rel=\"noopener\">secretaria@martipolsantfeliu.<wbr \/>cat<\/a><\/h6>\n<p>&nbsp;<\/p>\n<p><span style=\"font-size: 12pt; font-family: Arial, sans-serif; font-weight: normal;\">Cada nivell t\u00e9 assignat un correu electr\u00f2nic propi, aquest serveix <strong>per comunicar-se fam\u00edlies i tutors\/es<\/strong><\/span><span style=\"font-size: 12.0pt; font-family: 'Arial',sans-serif; color: #ff6600; font-weight: normal;\">.<\/span><\/p>\n<p><!--a=1--><\/p>\n","protected":false},"excerpt":{"rendered":"<p>El tel\u00e8fon de contacte de l&#8217;escola \u00e9s 93 632 67 21. Podeu trucar de 9 a 12.30\u202fh i de 15 h a 16.30\u202fh. &nbsp; L&#8217;adre\u00e7a electr\u00f2nica de l&#8217;escola \u00e9s: a8063394@xtec.cat\u00a0 \u00a0 &nbsp; Per qualsevol tema administrariu o econ\u00f2mic l&#8217;adre\u00e7a electr\u00f2nica \u00e9s: \u00a0secretaria@martipolsantfeliu.cat &nbsp; Cada nivell t\u00e9 assignat un correu electr\u00f2nic propi, aquest serveix per comunicar-se [&hellip;]<\/p>\n","protected":false},"author":1,"featured_media":0,"parent":22,"menu_order":2,"comment_status":"closed","ping_status":"closed","template":"","meta":{"_bbp_topic_count":0,"_bbp_reply_count":0,"_bbp_total_topic_count":0,"_bbp_total_reply_count":0,"_bbp_voice_count":0,"_bbp_anonymous_reply_count":0,"_bbp_topic_count_hidden":0,"_bbp_reply_count_hidden":0,"_bbp_forum_subforum_count":0,"site-sidebar-layout":"default","site-content-layout":"","ast-site-content-layout":"default","site-content-style":"default","site-sidebar-style":"default","ast-global-header-display":"","ast-banner-title-visibility":"","ast-main-header-display":"","ast-hfb-above-header-display":"","ast-hfb-below-header-display":"","ast-hfb-mobile-header-display":"","site-post-title":"","ast-breadcrumbs-content":"","ast-featured-img":"","footer-sml-layout":"","theme-transparent-header-meta":"default","adv-header-id-meta":"","stick-header-meta":"","header-above-stick-meta":"","header-main-stick-meta":"","header-below-stick-meta":"","astra-migrate-meta-layouts":"set","ast-page-background-enabled":"default","ast-page-background-meta":{"desktop":{"background-color":"var(--ast-global-color-4)","background-image":"","background-repeat":"repeat","background-position":"center center","background-size":"auto","background-attachment":"scroll","background-type":"","background-media":"","overlay-type":"","overlay-color":"","overlay-opacity":"","overlay-gradient":""},"tablet":{"background-color":"","background-image":"","background-repeat":"repeat","background-position":"center center","background-size":"auto","background-attachment":"scroll","background-type":"","background-media":"","overlay-type":"","overlay-color":"","overlay-opacity":"","overlay-gradient":""},"mobile":{"background-color":"","background-image":"","background-repeat":"repeat","background-position":"center center","background-size":"auto","background-attachment":"scroll","background-type":"","background-media":"","overlay-type":"","overlay-color":"","overlay-opacity":"","overlay-gradient":""}},"ast-content-background-meta":{"desktop":{"background-color":"var(--ast-global-color-5)","background-image":"","background-repeat":"repeat","background-position":"center center","background-size":"auto","background-attachment":"scroll","background-type":"","background-media":"","overlay-type":"","overlay-color":"","overlay-opacity":"","overlay-gradient":""},"tablet":{"background-color":"var(--ast-global-color-5)","background-image":"","background-repeat":"repeat","background-position":"center center","background-size":"auto","background-attachment":"scroll","background-type":"","background-media":"","overlay-type":"","overlay-color":"","overlay-opacity":"","overlay-gradient":""},"mobile":{"background-color":"var(--ast-global-color-5)","background-image":"","background-repeat":"repeat","background-position":"center center","background-size":"auto","background-attachment":"scroll","background-type":"","background-media":"","overlay-type":"","overlay-color":"","overlay-opacity":"","overlay-gradient":""}},"footnotes":""},"class_list":["post-2507","page","type-page","status-publish","hentry"],"post_mailing_queue_ids":[],"_links":{"self":[{"href":"https:\/\/agora.xtec.cat\/escolamartipolsantfeliu\/wp-json\/wp\/v2\/pages\/2507","targetHints":{"allow":["GET"]}}],"collection":[{"href":"https:\/\/agora.xtec.cat\/escolamartipolsantfeliu\/wp-json\/wp\/v2\/pages"}],"about":[{"href":"https:\/\/agora.xtec.cat\/escolamartipolsantfeliu\/wp-json\/wp\/v2\/types\/page"}],"author":[{"embeddable":true,"href":"https:\/\/agora.xtec.cat\/escolamartipolsantfeliu\/wp-json\/wp\/v2\/users\/1"}],"replies":[{"embeddable":true,"href":"https:\/\/agora.xtec.cat\/escolamartipolsantfeliu\/wp-json\/wp\/v2\/comments?post=2507"}],"version-history":[{"count":6,"href":"https:\/\/agora.xtec.cat\/escolamartipolsantfeliu\/wp-json\/wp\/v2\/pages\/2507\/revisions"}],"predecessor-version":[{"id":3527,"href":"https:\/\/agora.xtec.cat\/escolamartipolsantfeliu\/wp-json\/wp\/v2\/pages\/2507\/revisions\/3527"}],"up":[{"embeddable":true,"href":"https:\/\/agora.xtec.cat\/escolamartipolsantfeliu\/wp-json\/wp\/v2\/pages\/22"}],"wp:attachment":[{"href":"https:\/\/agora.xtec.cat\/escolamartipolsantfeliu\/wp-json\/wp\/v2\/media?parent=2507"}],"curies":[{"name":"wp","href":"https:\/\/api.w.org\/{rel}","templated":true}]}}