{"id":2366,"date":"2020-10-06T12:16:31","date_gmt":"2020-10-06T10:16:31","guid":{"rendered":"http:\/\/agora.xtec.cat\/escolamartipolsantfeliu\/?page_id=2366"},"modified":"2026-01-19T12:27:57","modified_gmt":"2026-01-19T11:27:57","slug":"projecte-educatiu-2","status":"publish","type":"page","link":"https:\/\/agora.xtec.cat\/escolamartipolsantfeliu\/projecte-educatiu-2\/","title":{"rendered":"Projecte Educatiu"},"content":{"rendered":"<h5 style=\"text-align: justify;\"><span style=\"color: #000000;\">La nostra metodologia es basa en la personalitzaci\u00f3 de l&#8217;aprenentatge, \u00e9s a dir, cada alumne apr\u00e8n al seu propi ritme a partir d&#8217;una proposta de treball individualitzada a trav\u00e9s de: <em style=\"font-size: 1.4375em;\">microespais <\/em><\/span><span style=\"color: #000000;\">a infantil i <em style=\"font-size: 1.4375em;\">itineraris personals <\/em>a prim\u00e0ria.\u00a0<\/span><\/h5>\n<h5 style=\"text-align: justify;\"><span style=\"color: #000000;\">A m\u00e9s, creiem que l&#8217;alumnat ha de descobrir les seves habilitats i capacitats i, per aix\u00f2, oferim <em style=\"font-size: 1.4375em;\">ambients d&#8217;aprenentatge.<\/em><\/span><\/h5>\n<h5 style=\"text-align: justify;\"><span style=\"color: #000000;\">Partint de la idea que tothom \u00e9s diferent, entenem aquesta <em style=\"font-size: 1.4375em;\">diversitat <\/em>com a font de riquesa i d&#8217;aprenentatge. \u00c9s per aix\u00f2 que potenciem la interacci\u00f3 entre infants tant de la mateixa edat, com de diferents edats.\u00a0<\/span><\/h5>\n<h5 style=\"text-align: justify;\"><span style=\"color: #000000;\">Tamb\u00e9 li donem molta import\u00e0ncia al treball en equip, la investigaci\u00f3 i la recerca, l&#8217;aprenentatge significatiu, etc. Per aquest motiu, a tots els cursos es fan <em style=\"font-size: 1.4375em;\">projectes d&#8217;aprenentatge<\/em><span style=\"font-size: 1.4375em;\">.\u00a0<\/span><\/span><\/h5>\n<h5 style=\"text-align: justify;\"><span style=\"color: #000000;\">Les <em style=\"font-size: 1.4375em;\">eines digitals <\/em>estan integrades en totes aquestes maneres de fer.\u00a0<\/span><\/h5>\n<ul>\n<li><span style=\"color: #000000;\"><strong>Ambients a educaci\u00f3 infantil i prim\u00e0ria <\/strong><\/span><\/li>\n<li><span style=\"color: #000000;\"><strong>Microespais a educaci\u00f3 infantil <\/strong><\/span><\/li>\n<li><span style=\"color: #000000;\"><strong>Itineraris personals a educai\u00f3 prim\u00e0ria <\/strong><\/span><\/li>\n<li><span style=\"color: #000000;\"><strong>Petites investigacions a educaci\u00f3 infantil <\/strong><\/span><\/li>\n<li><span style=\"color: #000000;\"><strong>Situacions d&#8217;aprenentatge a educaci\u00f3 prim\u00e0ria <\/strong><\/span><\/li>\n<li><span style=\"color: #000000;\"><strong>Treball transversal de les emocions i la cohesi\u00f3 de grup.<\/strong><\/span><\/li>\n<\/ul>\n","protected":false},"excerpt":{"rendered":"<p>La nostra metodologia es basa en la personalitzaci\u00f3 de l&#8217;aprenentatge, \u00e9s a dir, cada alumne apr\u00e8n al seu propi ritme a partir d&#8217;una proposta de treball individualitzada a trav\u00e9s de: microespais a infantil i itineraris personals a prim\u00e0ria.\u00a0 A m\u00e9s, creiem que l&#8217;alumnat ha de descobrir les seves habilitats i capacitats i, per aix\u00f2, oferim [&hellip;]<\/p>\n","protected":false},"author":1,"featured_media":0,"parent":0,"menu_order":0,"comment_status":"closed","ping_status":"closed","template":"","meta":{"_bbp_topic_count":0,"_bbp_reply_count":0,"_bbp_total_topic_count":0,"_bbp_total_reply_count":0,"_bbp_voice_count":0,"_bbp_anonymous_reply_count":0,"_bbp_topic_count_hidden":0,"_bbp_reply_count_hidden":0,"_bbp_forum_subforum_count":0,"site-sidebar-layout":"default","site-content-layout":"","ast-site-content-layout":"default","site-content-style":"default","site-sidebar-style":"default","ast-global-header-display":"","ast-banner-title-visibility":"","ast-main-header-display":"","ast-hfb-above-header-display":"","ast-hfb-below-header-display":"","ast-hfb-mobile-header-display":"","site-post-title":"","ast-breadcrumbs-content":"","ast-featured-img":"","footer-sml-layout":"","theme-transparent-header-meta":"default","adv-header-id-meta":"","stick-header-meta":"","header-above-stick-meta":"","header-main-stick-meta":"","header-below-stick-meta":"","astra-migrate-meta-layouts":"set","ast-page-background-enabled":"default","ast-page-background-meta":{"desktop":{"background-color":"var(--ast-global-color-4)","background-image":"","background-repeat":"repeat","background-position":"center center","background-size":"auto","background-attachment":"scroll","background-type":"","background-media":"","overlay-type":"","overlay-color":"","overlay-opacity":"","overlay-gradient":""},"tablet":{"background-color":"","background-image":"","background-repeat":"repeat","background-position":"center center","background-size":"auto","background-attachment":"scroll","background-type":"","background-media":"","overlay-type":"","overlay-color":"","overlay-opacity":"","overlay-gradient":""},"mobile":{"background-color":"","background-image":"","background-repeat":"repeat","background-position":"center center","background-size":"auto","background-attachment":"scroll","background-type":"","background-media":"","overlay-type":"","overlay-color":"","overlay-opacity":"","overlay-gradient":""}},"ast-content-background-meta":{"desktop":{"background-color":"var(--ast-global-color-5)","background-image":"","background-repeat":"repeat","background-position":"center center","background-size":"auto","background-attachment":"scroll","background-type":"","background-media":"","overlay-type":"","overlay-color":"","overlay-opacity":"","overlay-gradient":""},"tablet":{"background-color":"var(--ast-global-color-5)","background-image":"","background-repeat":"repeat","background-position":"center center","background-size":"auto","background-attachment":"scroll","background-type":"","background-media":"","overlay-type":"","overlay-color":"","overlay-opacity":"","overlay-gradient":""},"mobile":{"background-color":"var(--ast-global-color-5)","background-image":"","background-repeat":"repeat","background-position":"center center","background-size":"auto","background-attachment":"scroll","background-type":"","background-media":"","overlay-type":"","overlay-color":"","overlay-opacity":"","overlay-gradient":""}},"footnotes":""},"class_list":["post-2366","page","type-page","status-publish","hentry"],"post_mailing_queue_ids":[],"_links":{"self":[{"href":"https:\/\/agora.xtec.cat\/escolamartipolsantfeliu\/wp-json\/wp\/v2\/pages\/2366","targetHints":{"allow":["GET"]}}],"collection":[{"href":"https:\/\/agora.xtec.cat\/escolamartipolsantfeliu\/wp-json\/wp\/v2\/pages"}],"about":[{"href":"https:\/\/agora.xtec.cat\/escolamartipolsantfeliu\/wp-json\/wp\/v2\/types\/page"}],"author":[{"embeddable":true,"href":"https:\/\/agora.xtec.cat\/escolamartipolsantfeliu\/wp-json\/wp\/v2\/users\/1"}],"replies":[{"embeddable":true,"href":"https:\/\/agora.xtec.cat\/escolamartipolsantfeliu\/wp-json\/wp\/v2\/comments?post=2366"}],"version-history":[{"count":6,"href":"https:\/\/agora.xtec.cat\/escolamartipolsantfeliu\/wp-json\/wp\/v2\/pages\/2366\/revisions"}],"predecessor-version":[{"id":4075,"href":"https:\/\/agora.xtec.cat\/escolamartipolsantfeliu\/wp-json\/wp\/v2\/pages\/2366\/revisions\/4075"}],"wp:attachment":[{"href":"https:\/\/agora.xtec.cat\/escolamartipolsantfeliu\/wp-json\/wp\/v2\/media?parent=2366"}],"curies":[{"name":"wp","href":"https:\/\/api.w.org\/{rel}","templated":true}]}}