{"id":1001,"date":"2018-11-07T09:21:42","date_gmt":"2018-11-07T08:21:42","guid":{"rendered":"http:\/\/agora.xtec.cat\/escolamartipolsantfeliu\/?page_id=1001"},"modified":"2020-10-07T17:56:48","modified_gmt":"2020-10-07T15:56:48","slug":"basquet","status":"publish","type":"page","link":"https:\/\/agora.xtec.cat\/escolamartipolsantfeliu\/projecte-educatiu\/educacio-fisica\/basquet\/","title":{"rendered":"B\u00e0squet"},"content":{"rendered":"<p><span style=\"font-weight: 400;\">El basquetbol, popularment conegut com a b\u00e0squet, \u00e9s un esport practicat entre dos equips de cinc jugadors en joc cadascun, que cerquen d\u2019introduir una pilota dins de la cistella defensada per l\u2019equip contrari, amb l\u2019objectiu d\u2019aconseguir m\u00e9s punts que l\u2019adversari, tot respectant les regles del joc.<\/span><\/p>\n<p><span style=\"font-weight: 400;\">La pista de b\u00e0squet: \u00e9s sim\u00e8trica tant de llargada com d\u2019amplada. A la FIBA, el terreny de joc \u00e9s de 28 m per 15 m. La dist\u00e0ncia de la l\u00ednia de tres punts respecte a la cistella \u00e9s de 6\u201975 metres.<\/span><\/p>\n<p><a href=\"https:\/\/agora.xtec.cat\/escolamartipolsantfeliu\/wp-content\/uploads\/usu1726\/2018\/11\/pistadebasquet.jpg\"><img loading=\"lazy\" decoding=\"async\" class=\"aligncenter size-full wp-image-1003\" src=\"https:\/\/agora.xtec.cat\/escolamartipolsantfeliu\/wp-content\/uploads\/usu1726\/2018\/11\/pistadebasquet.jpg\" alt=\"\" width=\"800\" height=\"533\" srcset=\"https:\/\/agora.xtec.cat\/escolamartipolsantfeliu\/wp-content\/uploads\/usu1726\/2018\/11\/pistadebasquet.jpg 800w, https:\/\/agora.xtec.cat\/escolamartipolsantfeliu\/wp-content\/uploads\/usu1726\/2018\/11\/pistadebasquet-300x200.jpg 300w, https:\/\/agora.xtec.cat\/escolamartipolsantfeliu\/wp-content\/uploads\/usu1726\/2018\/11\/pistadebasquet-768x512.jpg 768w\" sizes=\"auto, (max-width: 800px) 100vw, 800px\" \/><\/a><\/p>\n<p>&nbsp;<\/p>\n<p><b>Inici del partit:<\/b><span style=\"font-weight: 400;\"> un jugador de cada equip ha de col\u00b7locar-se dins del cercle central amb un peu prop de la l\u00ednia del mig camp, situat cadascun d\u2019ells en el seu camp. Els altres jugadors han d\u2019estar fora del cercle. L\u2019\u00e0rbitre llan\u00e7a la pilota verticalment des del centre del cercle i els dos jugadors salten verticalment per intentar desviar-la, sense agafar-la, cap a algun company del seu equip.<\/span><\/p>\n<p><b>Els jugadors:<\/b><span style=\"font-weight: 400;\"> en el b\u00e0squet juguen cinc jugadors de cada equip. Segons la seva funci\u00f3 s\u2019anomenen base (organitza el joc), ala (llan\u00e7ador) i pivot (reboteador). Amb cinc faltes personals el jugador queda eliminat.<\/span><\/p>\n<p><b>El temps:<\/b><span style=\"font-weight: 400;\"> Un partit de b\u00e0squet consta de quatre per\u00edodes de deu minuts cadascun, i un descans de deu minuts entre el segon i tercer quart. Al final del partit no pot haver-hi empat. Si nhi ha, cal jugar 5 minuts m\u00e9s.La possessi\u00f3 de pilota per tirar a cistella \u00e9s de vint-i-quatre segons. El llan\u00e7ament de tres punts es fa des de m\u00e9s enll\u00e0 d\u2019una l\u00ednia situada a 6,75 metres de la cistella.<\/span><\/p>\n<p><b>Puntuaci\u00f3:<\/b><span style=\"font-weight: 400;\"> Els tirs lliures valen un punt. Les cistelles normals valen dos punts i les que es fan m\u00e9s enll\u00e0 de la l\u00ednia de triples (6,75m) valen tres punts.<\/span><\/p>\n<p><b>Les infraccions:<\/b><span style=\"font-weight: 400;\"> les directes (emp\u00e8nyer o tocar l\u2019adversari) s\u2019anomenen faltes personals i un jugador \u00e9s definitivament eliminat en cometre\u2019n cinc. Si et fan falta personal quan est\u00e0s llen\u00e7ant es sanciona amb tirs lliures que valen nom\u00e9s un punt i, si no est\u00e0s llen\u00e7ant, \u00e9s treu des de la banda.<\/span><\/p>\n<p><b>Altres infraccions<\/b><span style=\"font-weight: 400;\"> pr\u00f2pies del b\u00e0squet s\u00f3n:<\/span><\/p>\n<ol>\n<li><b> Les passes:<\/b><span style=\"font-weight: 400;\"> No es poden fer m\u00e9s de dos passes sense botar la pilota<\/span><\/li>\n<li><b> Mig camp o camp enrere<\/b><span style=\"font-weight: 400;\">: Infracci\u00f3 que comet l\u2019equip que porta la pilota en fer-la passar de la zona d\u2019atac a la zona de defensa.<\/span><\/li>\n<li><b> Els dobles (o falta doble):<\/b><span style=\"font-weight: 400;\"> No \u00e9s perm\u00e8s de botar la pilota amb les dues mans alhora. Si es bota i s\u2019atura de botar-la en un moment donat, ja no es podr\u00e0 tornar a fer-la botar, llevat que la toqui un altre jugador.<\/span><\/li>\n<li><span style=\"font-weight: 400;\">\u00a0No es pot tocar la pilota amb les cames.<\/span><\/li>\n<\/ol>\n<p><span style=\"font-weight: 400;\">Caracter\u00edstiques dels jugadors en les seves diferents posicions:<\/span><\/p>\n<p><b>Posicions al b\u00e0squet:<\/b><span style=\"font-weight: 400;\"> 1-Base, 2-Escorta, 3-Aler, 4-Aler pivot, 5-Pivot.<\/span><\/p>\n<ul>\n<li style=\"font-weight: 400;\"><span style=\"font-weight: 400;\">Base: Sol ser el jugador m\u00e9s baix de l\u2019equip. \u00c9s l\u2019encarregat de dirigir el partit (ordenar les jugades en atac i les posicions defensives en defensa) i \u00e9s la prolongaci\u00f3 de l\u2019entrenador a la pista<\/span><\/li>\n<li style=\"font-weight: 400;\"><span style=\"font-weight: 400;\">Escorta: Solen ser m\u00e9s alts que el base, jugadors molt anotadors o grans defensors els quals s\u00f3n el principal objectiu de nombroses jugades de l\u2019equip.<\/span><\/li>\n<li style=\"font-weight: 400;\"><span style=\"font-weight: 400;\">Alers: Posici\u00f3 clau al b\u00e0squet modern. S\u00f3n els jugadors m\u00e9s polivalents de l\u2019equip i han de dominar quasi tots els aspectes que el joc.<\/span><\/li>\n<li style=\"font-weight: 400;\"><span style=\"font-weight: 400;\">Aler pivot: Jugadors interiors m\u00e9s forts que els alers i una mica m\u00e9s baixets que els pivots. Normalment poden jugar per l\u2019exterior.<\/span><\/li>\n<li style=\"font-weight: 400;\"><span style=\"font-weight: 400;\">Pivots: S\u00f3n els jugadors m\u00e9s alts d\u2019un equip. S\u00f3n els encarregats d\u2019agafar els rebots i de vigilar que l\u2019equip contrari no penetri dins de la l\u00ednia de tir.<\/span><\/li>\n<\/ul>\n<p><span style=\"font-weight: 400;\">Practica jugant amb aquest test i demostra el que has apr\u00e8s:<\/span><\/p>\n<p><a href=\"https:\/\/www.educaplay.com\/es\/recursoseducativos\/770873\/test_sobre_baloncesto_5_.htm\"><span style=\"font-weight: 400;\">https:\/\/www.educaplay.com\/es\/recursoseducativos\/770873\/test_sobre_baloncesto_5_.htm<\/span><\/a><\/p>\n","protected":false},"excerpt":{"rendered":"<p>El basquetbol, popularment conegut com a b\u00e0squet, \u00e9s un esport practicat entre dos equips de cinc jugadors en joc cadascun, que cerquen d\u2019introduir una pilota dins de la cistella defensada per l\u2019equip contrari, amb l\u2019objectiu d\u2019aconseguir m\u00e9s punts que l\u2019adversari, tot respectant les regles del joc. La pista de b\u00e0squet: \u00e9s sim\u00e8trica tant de llargada [&hellip;]<\/p>\n","protected":false},"author":1,"featured_media":0,"parent":791,"menu_order":0,"comment_status":"closed","ping_status":"closed","template":"page-templates\/side-menu.php","meta":{"_bbp_topic_count":0,"_bbp_reply_count":0,"_bbp_total_topic_count":0,"_bbp_total_reply_count":0,"_bbp_voice_count":0,"_bbp_anonymous_reply_count":0,"_bbp_topic_count_hidden":0,"_bbp_reply_count_hidden":0,"_bbp_forum_subforum_count":0,"site-sidebar-layout":"default","site-content-layout":"","ast-site-content-layout":"","site-content-style":"default","site-sidebar-style":"default","ast-global-header-display":"","ast-banner-title-visibility":"","ast-main-header-display":"","ast-hfb-above-header-display":"","ast-hfb-below-header-display":"","ast-hfb-mobile-header-display":"","site-post-title":"","ast-breadcrumbs-content":"","ast-featured-img":"","footer-sml-layout":"","theme-transparent-header-meta":"","adv-header-id-meta":"","stick-header-meta":"","header-above-stick-meta":"","header-main-stick-meta":"","header-below-stick-meta":"","astra-migrate-meta-layouts":"default","ast-page-background-enabled":"default","ast-page-background-meta":{"desktop":{"background-color":"var(--ast-global-color-4)","background-image":"","background-repeat":"repeat","background-position":"center center","background-size":"auto","background-attachment":"scroll","background-type":"","background-media":"","overlay-type":"","overlay-color":"","overlay-opacity":"","overlay-gradient":""},"tablet":{"background-color":"","background-image":"","background-repeat":"repeat","background-position":"center center","background-size":"auto","background-attachment":"scroll","background-type":"","background-media":"","overlay-type":"","overlay-color":"","overlay-opacity":"","overlay-gradient":""},"mobile":{"background-color":"","background-image":"","background-repeat":"repeat","background-position":"center center","background-size":"auto","background-attachment":"scroll","background-type":"","background-media":"","overlay-type":"","overlay-color":"","overlay-opacity":"","overlay-gradient":""}},"ast-content-background-meta":{"desktop":{"background-color":"var(--ast-global-color-5)","background-image":"","background-repeat":"repeat","background-position":"center center","background-size":"auto","background-attachment":"scroll","background-type":"","background-media":"","overlay-type":"","overlay-color":"","overlay-opacity":"","overlay-gradient":""},"tablet":{"background-color":"var(--ast-global-color-5)","background-image":"","background-repeat":"repeat","background-position":"center center","background-size":"auto","background-attachment":"scroll","background-type":"","background-media":"","overlay-type":"","overlay-color":"","overlay-opacity":"","overlay-gradient":""},"mobile":{"background-color":"var(--ast-global-color-5)","background-image":"","background-repeat":"repeat","background-position":"center center","background-size":"auto","background-attachment":"scroll","background-type":"","background-media":"","overlay-type":"","overlay-color":"","overlay-opacity":"","overlay-gradient":""}},"footnotes":""},"class_list":["post-1001","page","type-page","status-publish","hentry"],"post_mailing_queue_ids":[],"_links":{"self":[{"href":"https:\/\/agora.xtec.cat\/escolamartipolsantfeliu\/wp-json\/wp\/v2\/pages\/1001","targetHints":{"allow":["GET"]}}],"collection":[{"href":"https:\/\/agora.xtec.cat\/escolamartipolsantfeliu\/wp-json\/wp\/v2\/pages"}],"about":[{"href":"https:\/\/agora.xtec.cat\/escolamartipolsantfeliu\/wp-json\/wp\/v2\/types\/page"}],"author":[{"embeddable":true,"href":"https:\/\/agora.xtec.cat\/escolamartipolsantfeliu\/wp-json\/wp\/v2\/users\/1"}],"replies":[{"embeddable":true,"href":"https:\/\/agora.xtec.cat\/escolamartipolsantfeliu\/wp-json\/wp\/v2\/comments?post=1001"}],"version-history":[{"count":3,"href":"https:\/\/agora.xtec.cat\/escolamartipolsantfeliu\/wp-json\/wp\/v2\/pages\/1001\/revisions"}],"predecessor-version":[{"id":2412,"href":"https:\/\/agora.xtec.cat\/escolamartipolsantfeliu\/wp-json\/wp\/v2\/pages\/1001\/revisions\/2412"}],"up":[{"embeddable":true,"href":"https:\/\/agora.xtec.cat\/escolamartipolsantfeliu\/wp-json\/wp\/v2\/pages\/791"}],"wp:attachment":[{"href":"https:\/\/agora.xtec.cat\/escolamartipolsantfeliu\/wp-json\/wp\/v2\/media?parent=1001"}],"curies":[{"name":"wp","href":"https:\/\/api.w.org\/{rel}","templated":true}]}}