{"id":73,"date":"2014-09-18T14:01:51","date_gmt":"2014-09-18T14:01:51","guid":{"rendered":"http:\/\/agora.xtec.cat\/escolamartinet\/?page_id=73"},"modified":"2026-02-03T12:01:37","modified_gmt":"2026-02-03T11:01:37","slug":"menjador-escolar","status":"publish","type":"page","link":"https:\/\/agora.xtec.cat\/escolamartinet\/families\/serveis\/menjador-escolar\/","title":{"rendered":"Menjador escolar"},"content":{"rendered":"<p style=\"text-align: justify;\">El servei de menjador de la nostra escola est\u00e0 gestionat per l\u2019empresa <strong>Roca Gonz\u00e1lez<\/strong> i el de monitoratge, des de l&#8217;inici de l&#8217;escola,\u00a0 per <strong>Imalleure<\/strong>.<\/p>\n<p style=\"text-align: justify;\">Una part molt important de la nostra tasca es desenvolupa en els espais de temps lliure, per aix\u00f2 volem potenciar all\u00f2 que t\u00e9 d&#8217;educatiu l&#8217;oci en si mateix (pedagogia de l\u2019oci). La nostra filosofia \u00e9s aprofitar aquest espai alliberador i de diversi\u00f3 per tal de treballar amb els infants una <strong><em>educaci\u00f3 integral<\/em><\/strong>, tot respectant i recolzant el Projecte Educatiu del Centre.\u00a0Creiem que l&#8217;oci no s&#8217;ha de consumir sin\u00f3 crear, i l&#8217;educaci\u00f3 pel temps de lleure s&#8217;ha de dirigir a fonamentar i dotar els infants de coher\u00e8ncia i consci\u00e8ncia.<\/p>\n<p><u>Organitzaci\u00f3 del servei del menjador<\/u><\/p>\n<p style=\"text-align: justify;\">El servei de menjador s\u2019organitza en dos torns per tal d\u2019oferir a tots els participants un espai i un temps adequats a les seves necessitats. Aquesta distribuci\u00f3 pot ser modificada cada curs depenent del nombre d&#8217;alumnes de cada nivell.\u00a0<\/p>\n<ul>\n<li>1r Torn (12:40h\u201313:40h aprox.). Cursos: i3, i4, i5, 1r, 2n i 6\u00e8. L&#8217;alumnat d&#8217;educaci\u00f3 infantil dina a les seves aules.\u00a0<\/li>\n<li>2n Torn (13:45h- 14:35h aprox.). Cursos: 3r, 4t i 5\u00e8.<\/li>\n<\/ul>\n<p style=\"text-align: justify;\">Cadascun dels grups disposa d\u2019un nombre de referents educatius en funci\u00f3 de les caracter\u00edstiques del grup (edat, nombre de participants, etc&#8230;). Aquests monitors i monitores elaboren una programaci\u00f3 trimestral per tal de dur a terme les diverses activitats que oferim en l\u2019espai de menjador. L&#8217;equip de monitoratge es reuneix peri\u00f2dicament amb els tutors i tutores de classe per poder treballar d&#8217;una manera global amb l&#8217;infant.\u00a0<\/p>\n<p>ASPECTES ORGANITZATIUS<\/p>\n<p style=\"text-align: justify;\">Els o les monitors\/es de i3 i i4 faran cada dia un llibret individualitzat de cada infant que se li donar\u00e0 a les fam\u00edlies, i que utilitzarem com canal de comunicaci\u00f3 ambdues direccions. El llibret a i4 es deixa de fer en el tercer trimestre. Si un infant pateix qualsevol tipus d\u2019al\u00b7l\u00e8rgia ho haur\u00e0 de notificar mitjan\u00e7ant un justificant del metge. Si ha de prendre qualsevol medicament, haur\u00e0 de portar una autoritzaci\u00f3 de la fam\u00edlia, indicant la quantitat i l\u2019hora en qu\u00e8 se l&#8217;ha de prendre.<\/p>\n<p style=\"text-align: justify;\">En cas que un infant hagi de fer una dieta o un r\u00e8gim especial ha d\u2019informar amb antelaci\u00f3 a la coordinadora del servei del menjador.<\/p>\n<p style=\"text-align: justify;\">\u00a0<\/p>\n<p style=\"text-align: justify;\"><u><b>QUOTA DE MENJADOR<\/b><\/u><\/p>\n<p style=\"text-align: justify;\">La quota de menjador la fixa el Consell Escolar del centre un cop el Departament d&#8217;Educaci\u00f3 ha informat dels preus m\u00e0xims del servei i els prove\u00efdors han realitzat la seva oferta l&#8217;AFI (qui contracta aquest servei) i al centre escolar. La quota sempre ser\u00e0 la m\u00ednima per garantir el bon funcionament del servei. Cada setembre es publiquen els preus dels diferents serveis escolars addicionals (menjador, acollida, extraescolars, etc) en el\u00a0 <em>Dossier d&#8217;inici de curs<\/em>.<\/p>\n<p style=\"text-align: justify;\">El cobrament de la quota de menjador es far\u00e0 per domiciliaci\u00f3 banc\u00e0ria els primers dies de cada mes.\u00a0\u00a0<\/p>\n<p style=\"text-align: justify;\">Si l&#8217;alumnat fix del menjador no en pot fer \u00fas per malaltia o una altra ra\u00f3, cal que s&#8217;avisi al\/a la coordinador\/a de menjador per tal d&#8217;interrompre el servei. Es descomptar\u00e0 de la quota a pagar <b>a partir del tercer dia d&#8217;abs\u00e8ncia<\/b> del servei. El descompte s&#8217;aplicar\u00e0 en el cobrament del mes seg\u00fcent.<\/p>\n<p style=\"text-align: justify;\">La coordinaci\u00f3 de menjador estar\u00e0 a disposici\u00f3 de les fam\u00edlies per tal de gestionar les incid\u00e8ncies del servei tots els dies lectius, de dilluns a divendres, de 9 a 9.30 h al menjador de l&#8217;escola i pot rebre trucades i missatges WhatsApp fins a les 9.30 h del mat\u00ed al n\u00famero de tel\u00e8fon del menjador: <b>627.520.489<\/b>.<\/p>\n<p style=\"text-align: justify;\">Recordeu que els pagaments es fan per domiciliaci\u00f3 banc\u00e0ria i qualsevol impagat implica la c\u00e0rrega de <b>6 \u20ac<\/b> de comissi\u00f3 per despeses banc\u00e0ries.<\/p>\n","protected":false},"excerpt":{"rendered":"<p>El servei de menjador de la nostra escola est\u00e0 gestionat per l\u2019empresa Roca Gonz\u00e1lez i el de monitoratge, des de l&#8217;inici de l&#8217;escola,\u00a0 per Imalleure. Una part molt important de la nostra tasca es desenvolupa en els espais de temps lliure, per aix\u00f2 volem potenciar all\u00f2 que t\u00e9 d&#8217;educatiu l&#8217;oci en si mateix (pedagogia de [&hellip;]<\/p>\n","protected":false},"author":2,"featured_media":0,"parent":66,"menu_order":30,"comment_status":"closed","ping_status":"closed","template":"","meta":{"_bbp_topic_count":0,"_bbp_reply_count":0,"_bbp_total_topic_count":0,"_bbp_total_reply_count":0,"_bbp_voice_count":0,"_bbp_anonymous_reply_count":0,"_bbp_topic_count_hidden":0,"_bbp_reply_count_hidden":0,"_bbp_forum_subforum_count":0,"site-sidebar-layout":"default","site-content-layout":"","ast-site-content-layout":"default","site-content-style":"default","site-sidebar-style":"default","ast-global-header-display":"","ast-banner-title-visibility":"","ast-main-header-display":"","ast-hfb-above-header-display":"","ast-hfb-below-header-display":"","ast-hfb-mobile-header-display":"","site-post-title":"","ast-breadcrumbs-content":"","ast-featured-img":"","footer-sml-layout":"","theme-transparent-header-meta":"default","adv-header-id-meta":"","stick-header-meta":"","header-above-stick-meta":"","header-main-stick-meta":"","header-below-stick-meta":"","astra-migrate-meta-layouts":"set","ast-page-background-enabled":"default","ast-page-background-meta":{"desktop":{"background-color":"var(--ast-global-color-4)","background-image":"","background-repeat":"repeat","background-position":"center center","background-size":"auto","background-attachment":"scroll","background-type":"","background-media":"","overlay-type":"","overlay-color":"","overlay-opacity":"","overlay-gradient":""},"tablet":{"background-color":"","background-image":"","background-repeat":"repeat","background-position":"center center","background-size":"auto","background-attachment":"scroll","background-type":"","background-media":"","overlay-type":"","overlay-color":"","overlay-opacity":"","overlay-gradient":""},"mobile":{"background-color":"","background-image":"","background-repeat":"repeat","background-position":"center center","background-size":"auto","background-attachment":"scroll","background-type":"","background-media":"","overlay-type":"","overlay-color":"","overlay-opacity":"","overlay-gradient":""}},"ast-content-background-meta":{"desktop":{"background-color":"var(--ast-global-color-5)","background-image":"","background-repeat":"repeat","background-position":"center center","background-size":"auto","background-attachment":"scroll","background-type":"","background-media":"","overlay-type":"","overlay-color":"","overlay-opacity":"","overlay-gradient":""},"tablet":{"background-color":"var(--ast-global-color-5)","background-image":"","background-repeat":"repeat","background-position":"center center","background-size":"auto","background-attachment":"scroll","background-type":"","background-media":"","overlay-type":"","overlay-color":"","overlay-opacity":"","overlay-gradient":""},"mobile":{"background-color":"var(--ast-global-color-5)","background-image":"","background-repeat":"repeat","background-position":"center center","background-size":"auto","background-attachment":"scroll","background-type":"","background-media":"","overlay-type":"","overlay-color":"","overlay-opacity":"","overlay-gradient":""}},"footnotes":""},"class_list":["post-73","page","type-page","status-publish","hentry"],"post_mailing_queue_ids":[],"_links":{"self":[{"href":"https:\/\/agora.xtec.cat\/escolamartinet\/wp-json\/wp\/v2\/pages\/73","targetHints":{"allow":["GET"]}}],"collection":[{"href":"https:\/\/agora.xtec.cat\/escolamartinet\/wp-json\/wp\/v2\/pages"}],"about":[{"href":"https:\/\/agora.xtec.cat\/escolamartinet\/wp-json\/wp\/v2\/types\/page"}],"author":[{"embeddable":true,"href":"https:\/\/agora.xtec.cat\/escolamartinet\/wp-json\/wp\/v2\/users\/2"}],"replies":[{"embeddable":true,"href":"https:\/\/agora.xtec.cat\/escolamartinet\/wp-json\/wp\/v2\/comments?post=73"}],"version-history":[{"count":5,"href":"https:\/\/agora.xtec.cat\/escolamartinet\/wp-json\/wp\/v2\/pages\/73\/revisions"}],"predecessor-version":[{"id":12773,"href":"https:\/\/agora.xtec.cat\/escolamartinet\/wp-json\/wp\/v2\/pages\/73\/revisions\/12773"}],"up":[{"embeddable":true,"href":"https:\/\/agora.xtec.cat\/escolamartinet\/wp-json\/wp\/v2\/pages\/66"}],"wp:attachment":[{"href":"https:\/\/agora.xtec.cat\/escolamartinet\/wp-json\/wp\/v2\/media?parent=73"}],"curies":[{"name":"wp","href":"https:\/\/api.w.org\/{rel}","templated":true}]}}