{"id":7,"date":"2014-09-17T15:07:41","date_gmt":"2014-09-17T15:07:41","guid":{"rendered":"http:\/\/agora.xtec.cat\/escolamartinet\/?page_id=7"},"modified":"2015-11-01T19:46:36","modified_gmt":"2015-11-01T17:46:36","slug":"pagines-dinici","status":"publish","type":"page","link":"https:\/\/agora.xtec.cat\/escolamartinet\/pagines-dinici\/","title":{"rendered":"ESCOLA MARTINET"},"content":{"rendered":"<p style=\"text-align: justify;\"><span style=\"font-size: medium;\">L&#8217;Escola Martinet \u00e9s un centre p\u00fablic d&#8217;educaci\u00f3 infantil i prim\u00e0ria ubicat al barri d&#8217;Almeda de la ciutat de Cornell\u00e0 de Llobregat. \u00c9s un centre de nova creaci\u00f3 que s&#8217;ha inaugurat el curs 2008-09. Els dos primers cursos escolars ha estat ubicada en m\u00f2duls provisionals dins el recinte de la Fira de Cornell\u00e0 i l&#8217;octubre de 2010 va fer el trasllat a l&#8217;edifici actual situat al carrer Martinet n\u00famero 1, cantonada amb el carrer Silici, a la zona de Can Famadas (sortida 15 de la Ronda de Dalt).<\/span><\/p>\n<div style=\"text-align: justify;\"><span style=\"font-size: medium;\">\u00a0<\/span><\/div>\n<p style=\"text-align: justify;\"><span style=\"font-size: medium;\">\u00c9s una escola dissenyada de doble l\u00ednia i est\u00e0 previst que el curs 2015-2016 completar\u00e0 l&#8217;etapa dels 3 als 12 anys.<\/span><\/p>\n","protected":false},"excerpt":{"rendered":"<p>L&#8217;Escola Martinet \u00e9s un centre p\u00fablic d&#8217;educaci\u00f3 infantil i prim\u00e0ria ubicat al barri d&#8217;Almeda de la ciutat de Cornell\u00e0 de Llobregat. \u00c9s un centre de nova creaci\u00f3 que s&#8217;ha inaugurat el curs 2008-09. Els dos primers cursos escolars ha estat ubicada en m\u00f2duls provisionals dins el recinte de la Fira de Cornell\u00e0 i l&#8217;octubre de [&hellip;]<\/p>\n","protected":false},"author":2,"featured_media":0,"parent":0,"menu_order":0,"comment_status":"closed","ping_status":"closed","template":"page-templates\/front-page.php","meta":{"_bbp_topic_count":0,"_bbp_reply_count":0,"_bbp_total_topic_count":0,"_bbp_total_reply_count":0,"_bbp_voice_count":0,"_bbp_anonymous_reply_count":0,"_bbp_topic_count_hidden":0,"_bbp_reply_count_hidden":0,"_bbp_forum_subforum_count":0,"site-sidebar-layout":"default","site-content-layout":"","ast-site-content-layout":"","site-content-style":"default","site-sidebar-style":"default","ast-global-header-display":"","ast-banner-title-visibility":"","ast-main-header-display":"","ast-hfb-above-header-display":"","ast-hfb-below-header-display":"","ast-hfb-mobile-header-display":"","site-post-title":"","ast-breadcrumbs-content":"","ast-featured-img":"","footer-sml-layout":"","theme-transparent-header-meta":"","adv-header-id-meta":"","stick-header-meta":"","header-above-stick-meta":"","header-main-stick-meta":"","header-below-stick-meta":"","astra-migrate-meta-layouts":"default","ast-page-background-enabled":"default","ast-page-background-meta":{"desktop":{"background-color":"var(--ast-global-color-4)","background-image":"","background-repeat":"repeat","background-position":"center center","background-size":"auto","background-attachment":"scroll","background-type":"","background-media":"","overlay-type":"","overlay-color":"","overlay-opacity":"","overlay-gradient":""},"tablet":{"background-color":"","background-image":"","background-repeat":"repeat","background-position":"center center","background-size":"auto","background-attachment":"scroll","background-type":"","background-media":"","overlay-type":"","overlay-color":"","overlay-opacity":"","overlay-gradient":""},"mobile":{"background-color":"","background-image":"","background-repeat":"repeat","background-position":"center center","background-size":"auto","background-attachment":"scroll","background-type":"","background-media":"","overlay-type":"","overlay-color":"","overlay-opacity":"","overlay-gradient":""}},"ast-content-background-meta":{"desktop":{"background-color":"var(--ast-global-color-5)","background-image":"","background-repeat":"repeat","background-position":"center center","background-size":"auto","background-attachment":"scroll","background-type":"","background-media":"","overlay-type":"","overlay-color":"","overlay-opacity":"","overlay-gradient":""},"tablet":{"background-color":"var(--ast-global-color-5)","background-image":"","background-repeat":"repeat","background-position":"center center","background-size":"auto","background-attachment":"scroll","background-type":"","background-media":"","overlay-type":"","overlay-color":"","overlay-opacity":"","overlay-gradient":""},"mobile":{"background-color":"var(--ast-global-color-5)","background-image":"","background-repeat":"repeat","background-position":"center center","background-size":"auto","background-attachment":"scroll","background-type":"","background-media":"","overlay-type":"","overlay-color":"","overlay-opacity":"","overlay-gradient":""}},"footnotes":""},"class_list":["post-7","page","type-page","status-publish","hentry"],"post_mailing_queue_ids":[],"_links":{"self":[{"href":"https:\/\/agora.xtec.cat\/escolamartinet\/wp-json\/wp\/v2\/pages\/7","targetHints":{"allow":["GET"]}}],"collection":[{"href":"https:\/\/agora.xtec.cat\/escolamartinet\/wp-json\/wp\/v2\/pages"}],"about":[{"href":"https:\/\/agora.xtec.cat\/escolamartinet\/wp-json\/wp\/v2\/types\/page"}],"author":[{"embeddable":true,"href":"https:\/\/agora.xtec.cat\/escolamartinet\/wp-json\/wp\/v2\/users\/2"}],"replies":[{"embeddable":true,"href":"https:\/\/agora.xtec.cat\/escolamartinet\/wp-json\/wp\/v2\/comments?post=7"}],"version-history":[{"count":3,"href":"https:\/\/agora.xtec.cat\/escolamartinet\/wp-json\/wp\/v2\/pages\/7\/revisions"}],"predecessor-version":[{"id":181,"href":"https:\/\/agora.xtec.cat\/escolamartinet\/wp-json\/wp\/v2\/pages\/7\/revisions\/181"}],"wp:attachment":[{"href":"https:\/\/agora.xtec.cat\/escolamartinet\/wp-json\/wp\/v2\/media?parent=7"}],"curies":[{"name":"wp","href":"https:\/\/api.w.org\/{rel}","templated":true}]}}