{"id":679,"date":"2015-11-06T16:18:15","date_gmt":"2015-11-06T14:18:15","guid":{"rendered":"http:\/\/agora.xtec.cat\/escolamartinet\/?page_id=679"},"modified":"2026-02-02T16:32:22","modified_gmt":"2026-02-02T15:32:22","slug":"relacio-famila-escola","status":"publish","type":"page","link":"https:\/\/agora.xtec.cat\/escolamartinet\/families\/relacio-famila-escola\/","title":{"rendered":"Relacions fam\u00edlia &#8211; escola"},"content":{"rendered":"<h3 id=\"sites-page-title-header\" style=\"text-align: center;\" align=\"left\">\u00a0<\/h3>\n<div id=\"sites-canvas-main\" class=\"sites-canvas-main\">\n<div id=\"sites-canvas-main-content\">\n<p style=\"font-family: 'Helvetica Neue', Helvetica, Helvetica, Arial, sans-serif; font-size: 14px;\"><span style=\"font-size: 16px;\"><u><b>Comunicaci\u00f3 d&#8217;avisos i eventualitats<\/b><\/u><\/span><\/p>\n<p style=\"text-align: justify;\"><span style=\"font-size: 16px;\">Preguem que tots els avisos es facin mitjan\u00e7ant una nota escrita. Eviteu els enc\u00e0rrecs verbals a l&#8217;entrada o sortida.<\/span><\/p>\n<p style=\"font-family: 'Helvetica Neue', Helvetica, Helvetica, Arial, sans-serif; font-size: 14px;\"><span style=\"font-size: 16px;\"><u><b><br \/>\nEntrevistes amb els\/les tutors\/es o els\/les especialistes<\/b><\/u><\/span><\/p>\n<p style=\"text-align: justify;\"><span style=\"font-size: 16px;\">Es far\u00e0, com a m\u00ednim, una entrevista anual per fer el seguiment del proc\u00e9s evolutiu i d&#8217;aprenentatge del vostre fill o filla. Les entrevistes les poden demanar els \/ les mestres o b\u00e9 la fam\u00edlia. En el cas que la fam\u00edlia demani una entrevista ho haur\u00e0 de comunicar al\/a la mestre\/a i aquest\/a planificar\u00e0 el millor moment per a realitzar-la. Les entrevistes es realitzaran dins l&#8217;horari que els \/ les mestres disposen per atendre a les fam\u00edlies, que es concreta en:<span style=\"font-family: verdana, sans-serif;\"><br \/>\n<\/span><\/span><\/p>\n<ul style=\"font-size: 14px; font-family: 'Helvetica Neue', Helvetica, Helvetica, Arial, sans-serif;\">\n<li style=\"list-style-type: none;\">\n<ul>\n<li><span style=\"font-family: verdana, sans-serif; font-size: 16px;\">Tots els\/les mestres: dimecres de 12.30 a 13.30 h.<\/span><\/li>\n<li><span style=\"font-size: 16px;\">Pot haver alguna excepcionalitat: algun\/a mestre\/a que per motius horaris propis disposar\u00e0 d&#8217;un horari diferent. Es far\u00e0 saber a les fam\u00edlies implicades.<br \/>\n<\/span><\/li>\n<li><span style=\"font-size: 16px;\">Les entrevistes que es realitzen amb el referent de l&#8217;EAP es realitzaran el dia en el qual aquest referent estigui al centre, en horari de 9 h a 13 h.\u00a0<\/span><\/li>\n<\/ul>\n<\/li>\n<\/ul>\n<\/div>\n<p style=\"text-align: justify;\"><span style=\"font-size: 16px;\"><span style=\"font-family: verdana, sans-serif;\">Cal dir, tamb\u00e9<\/span><span style=\"font-family: Verdana, sans-serif;\">, que la <\/span><b>direcci\u00f3 <\/b><span style=\"font-family: Verdana, sans-serif;\">del centre aix\u00ed com la resta d&#8217;equip de gesti\u00f3 t\u00e9 un horari a la vostra disposici\u00f3 per tal de comentar aspectes generals.\u00a0<\/span><\/span><\/p>\n<ul style=\"font-size: 14px; font-family: 'Helvetica Neue', Helvetica, Helvetica, Arial, sans-serif;\">\n<li><span style=\"font-size: 16px;\"><b>Director<\/b>: <a href=\"mailto:direccio@escolamartinet.cat\">direccio@escolamartinet.cat<\/a><\/span><\/li>\n<li><span style=\"font-size: 16px;\"><b>Cap d&#8217;Estudis<\/b>: <a href=\"mailto:capdestudis@escolamartinet.cat\">capdestudis@escolamartinet.cat\u00a0<\/a><\/span><\/li>\n<li><span style=\"font-size: 16px;\"><b>Secretaria<\/b>: <a href=\"mailto:secretaria@escolamartinet.cat\">secretaria<span class=\"\"><span class=\"\">@escolamartinet.cat<\/span><\/span><\/a>\n<p><\/span><\/li>\n<\/ul>\n<\/div>\n<div dir=\"ltr\" style=\"text-align: justify;\">\n<p><span style=\"font-size: 16px;\"><b><u>Reunions d&#8217;aula<\/u><\/b><\/span><\/p>\n<p><span style=\"font-size: 16px;\">Al principi de cada curs, es far\u00e0 una reuni\u00f3 general per cada nivell per tal de comentar els aspectes pedag\u00f2gics i organitzatius dels grups-classe.<\/span><\/div>\n<div dir=\"ltr\">\u00a0<\/div>\n<div dir=\"ltr\" style=\"text-align: justify;\"><span style=\"font-size: 16px;\">Els dies de reunions es detallaran a l&#8217;inici del curs. L&#8217;alumnat no pot assistir en aquestes reunions, l&#8217;AFI (Associaci\u00f3 de Fam\u00edlies d&#8217;Infants) de l&#8217;escola ofereix un servei d&#8217;acollida (gratu\u00eft) per als nens i nenes durant l&#8217;horari de la reuni\u00f3.<\/p>\n<p>Totes les reunions comen\u00e7aran a les 17 h.<\/span><\/p>\n<p>&nbsp;<\/p>\n<ul>\n<li><span style=\"font-size: 16px;\"><u><b>Lliurament d&#8217;informes:<\/b><\/u><\/span><\/li>\n<\/ul>\n<div style=\"text-align: justify;\"><span style=\"font-size: 16px;\"><b>Educaci\u00f3 infantil<\/b>:<span lang=\"CA\"> finals de gener i finals de juny.<\/span><\/span><\/div>\n<p style=\"text-align: justify;\"><span style=\"font-size: 16px;\"><b>Educaci\u00f3 prim\u00e0ria<\/b>: A finals de cada trimestre.<\/span><\/p>\n<\/div>\n<div dir=\"ltr\">\n<ul>\n<li style=\"text-align: justify;\"><span style=\"font-size: 16px;\"><b><u>Col\u00b7laboracions puntuals de mares i pares<\/u><\/b><\/span><\/li>\n<\/ul>\n<p style=\"text-align: justify;\"><span style=\"font-size: 16px;\"><span lang=\"CA\">Al llarg del curs els \/ les mestres poden demanar l&#8217;ajuda de les fam\u00edlies per a col\u00b7laborar en la realitzaci\u00f3 de petites tasques com: organitzaci\u00f3 de festes, participaci\u00f3 en projectes, col\u00b7laboraci\u00f3 en tasques concretes de l&#8217;aula, gesti\u00f3 de fotografies, etc&#8230;<\/span><\/span><\/p>\n<\/div>\n<p>&nbsp;<\/p>\n<div id=\"sites-canvas-main\" class=\"sites-canvas-main\">\n<div id=\"sites-canvas-main-content\">\u00a0<\/div>\n<\/div>\n","protected":false},"excerpt":{"rendered":"<p>\u00a0 Comunicaci\u00f3 d&#8217;avisos i eventualitats Preguem que tots els avisos es facin mitjan\u00e7ant una nota escrita. Eviteu els enc\u00e0rrecs verbals a l&#8217;entrada o sortida. Entrevistes amb els\/les tutors\/es o els\/les especialistes Es far\u00e0, com a m\u00ednim, una entrevista anual per fer el seguiment del proc\u00e9s evolutiu i d&#8217;aprenentatge del vostre fill o filla. Les entrevistes [&hellip;]<\/p>\n","protected":false},"author":1,"featured_media":0,"parent":281,"menu_order":2,"comment_status":"closed","ping_status":"closed","template":"","meta":{"_bbp_topic_count":0,"_bbp_reply_count":0,"_bbp_total_topic_count":0,"_bbp_total_reply_count":0,"_bbp_voice_count":0,"_bbp_anonymous_reply_count":0,"_bbp_topic_count_hidden":0,"_bbp_reply_count_hidden":0,"_bbp_forum_subforum_count":0,"site-sidebar-layout":"default","site-content-layout":"","ast-site-content-layout":"default","site-content-style":"default","site-sidebar-style":"default","ast-global-header-display":"","ast-banner-title-visibility":"","ast-main-header-display":"","ast-hfb-above-header-display":"","ast-hfb-below-header-display":"","ast-hfb-mobile-header-display":"","site-post-title":"","ast-breadcrumbs-content":"","ast-featured-img":"","footer-sml-layout":"","theme-transparent-header-meta":"default","adv-header-id-meta":"","stick-header-meta":"","header-above-stick-meta":"","header-main-stick-meta":"","header-below-stick-meta":"","astra-migrate-meta-layouts":"set","ast-page-background-enabled":"default","ast-page-background-meta":{"desktop":{"background-color":"var(--ast-global-color-4)","background-image":"","background-repeat":"repeat","background-position":"center center","background-size":"auto","background-attachment":"scroll","background-type":"","background-media":"","overlay-type":"","overlay-color":"","overlay-opacity":"","overlay-gradient":""},"tablet":{"background-color":"","background-image":"","background-repeat":"repeat","background-position":"center center","background-size":"auto","background-attachment":"scroll","background-type":"","background-media":"","overlay-type":"","overlay-color":"","overlay-opacity":"","overlay-gradient":""},"mobile":{"background-color":"","background-image":"","background-repeat":"repeat","background-position":"center center","background-size":"auto","background-attachment":"scroll","background-type":"","background-media":"","overlay-type":"","overlay-color":"","overlay-opacity":"","overlay-gradient":""}},"ast-content-background-meta":{"desktop":{"background-color":"var(--ast-global-color-5)","background-image":"","background-repeat":"repeat","background-position":"center center","background-size":"auto","background-attachment":"scroll","background-type":"","background-media":"","overlay-type":"","overlay-color":"","overlay-opacity":"","overlay-gradient":""},"tablet":{"background-color":"var(--ast-global-color-5)","background-image":"","background-repeat":"repeat","background-position":"center center","background-size":"auto","background-attachment":"scroll","background-type":"","background-media":"","overlay-type":"","overlay-color":"","overlay-opacity":"","overlay-gradient":""},"mobile":{"background-color":"var(--ast-global-color-5)","background-image":"","background-repeat":"repeat","background-position":"center center","background-size":"auto","background-attachment":"scroll","background-type":"","background-media":"","overlay-type":"","overlay-color":"","overlay-opacity":"","overlay-gradient":""}},"footnotes":""},"class_list":["post-679","page","type-page","status-publish","hentry"],"post_mailing_queue_ids":[],"_links":{"self":[{"href":"https:\/\/agora.xtec.cat\/escolamartinet\/wp-json\/wp\/v2\/pages\/679","targetHints":{"allow":["GET"]}}],"collection":[{"href":"https:\/\/agora.xtec.cat\/escolamartinet\/wp-json\/wp\/v2\/pages"}],"about":[{"href":"https:\/\/agora.xtec.cat\/escolamartinet\/wp-json\/wp\/v2\/types\/page"}],"author":[{"embeddable":true,"href":"https:\/\/agora.xtec.cat\/escolamartinet\/wp-json\/wp\/v2\/users\/1"}],"replies":[{"embeddable":true,"href":"https:\/\/agora.xtec.cat\/escolamartinet\/wp-json\/wp\/v2\/comments?post=679"}],"version-history":[{"count":6,"href":"https:\/\/agora.xtec.cat\/escolamartinet\/wp-json\/wp\/v2\/pages\/679\/revisions"}],"predecessor-version":[{"id":12770,"href":"https:\/\/agora.xtec.cat\/escolamartinet\/wp-json\/wp\/v2\/pages\/679\/revisions\/12770"}],"up":[{"embeddable":true,"href":"https:\/\/agora.xtec.cat\/escolamartinet\/wp-json\/wp\/v2\/pages\/281"}],"wp:attachment":[{"href":"https:\/\/agora.xtec.cat\/escolamartinet\/wp-json\/wp\/v2\/media?parent=679"}],"curies":[{"name":"wp","href":"https:\/\/api.w.org\/{rel}","templated":true}]}}