{"id":64,"date":"2014-09-18T12:39:08","date_gmt":"2014-09-18T10:39:08","guid":{"rendered":"http:\/\/agora.xtec.cat\/escolamartinet\/?page_id=64"},"modified":"2026-01-23T16:14:51","modified_gmt":"2026-01-23T15:14:51","slug":"projecte-educatiu","status":"publish","type":"page","link":"https:\/\/agora.xtec.cat\/escolamartinet\/lescola\/projecte-educatiu\/","title":{"rendered":"El projecte educatiu"},"content":{"rendered":"<h3 align=\"left\"><span style=\"background-color: #ffffff; color: #ffffff;\">.<\/span><\/h3>\n<h1><a href=\"https:\/\/agora.xtec.cat\/escolamartinet\/wp-content\/uploads\/usu369\/2025\/05\/PEC-Escola-Martinet.pdf\" target=\"_blank\" rel=\"noopener\">Projecte Educatiu de Centre (PEC)<\/a><\/h1>\n<h3 id=\"sites-page-title-header\" align=\"left\"><span id=\"sites-page-title\" dir=\"ltr\" tabindex=\"-1\"><span style=\"color: #ffffff;\">.<\/span><br \/>\nProjecte educatiu<\/span><\/h3>\n<div style=\"width: 100%;\">\n<div style=\"width: 100%;\">\n<div style=\"position: relative; padding-bottom: 56.25%; padding-top: 0; height: 0;\"><iframe loading=\"lazy\" style=\"position: absolute; top: 0; left: 0; width: 100%; height: 100%;\" src=\"https:\/\/view.genial.ly\/5eb2980852e86d0d777f47ed\" width=\"1688.888888888889\" height=\"950\" frameborder=\"0\" scrolling=\"yes\" allowfullscreen=\"allowfullscreen\"><\/iframe><\/div>\n<\/div>\n<\/div>\n<div id=\"sites-canvas-main\" class=\"sites-canvas-main\">\n<div id=\"sites-canvas-main-content\">\n<p><strong><em>Definici\u00f3<\/em><\/strong><\/p>\n<p>El projecte educatiu estableix les l\u00ednies d\u2019actuaci\u00f3 per a tots els membres de la nostra Comunitat Educativa i \u00e9s, alhora, el comprom\u00eds de la nostra escola amb la societat del segle XXI.<\/p>\n<p><strong><em>La nostra missi\u00f3<\/em><\/strong><\/p>\n<p>Volem una escola en la qual els i les alumnes tinguin consci\u00e8ncia d\u2019all\u00f2 que estan fent, de com ho estan fent i del perqu\u00e8 ho fan. Volem oferir una educaci\u00f3 oberta a la nostra societat basada en els valors de civilitat, creativitat i l\u2019autonomia personal.<\/p>\n<p><strong><em>La nostra visi\u00f3<\/em><\/strong><\/p>\n<p>Neix d&#8217;un projecte amb l\u2019oportunitat d\u2019innovar i proposar una escola m\u00e9s adequada a la realitat que ens envolta, que respongui m\u00e9s acuradament a les necessitats d\u2019un alumnat m\u00e9s adaptable als canvis i amb m\u00e9s capacitat per resoldre\u2019ls.<\/p>\n<p><strong><em>Els nostres trets d\u2019identitat<\/em><\/strong><\/p>\n<p style=\"text-align: justify;\">El nostre objectiu \u00e9s ajudar a fer que tot el nostre alumnat pugui construir el seu aprenentatge segons les seves capacitats, \u00e9s a dir, dotar-los dels instruments necessaris per arribar-hi. Partint del reconeixement de qu\u00e8 tots els nens i nenes tenen capacitat per aprendre.<\/p>\n<p style=\"text-align: justify;\">Som una escola acollidora de tots els col\u00b7lectius que la formen: alumnes, fam\u00edlies, mestres i altres professionals.<\/p>\n<p style=\"text-align: justify;\">Creiem en l\u2019escola inclusiva, integradora de diferents cultures i ideologies, i respectuosa amb les diferents capacitats de cada alumne\/a.<\/p>\n<p style=\"text-align: justify;\">Veiem la necessitat del treball en grup, la cooperaci\u00f3 i la solidaritat. L\u2019intercanvi i interacci\u00f3 com a instruments d\u2019aprenentatge.<\/p>\n<p><strong><em>Els grans eixos sobre els quals gira l\u2019escola s\u00f3n:<\/em><\/strong><\/p>\n<ul>\n<li style=\"text-align: justify;\">La pluralitat ling\u00fc\u00edstica, fent de l\u2019angl\u00e8s una llengua d\u2019\u00fas quotidi\u00e0 a l\u2019aula des del nivell de i3 i amb la participaci\u00f3 en programes innovadors i projectes internacionals.<\/li>\n<li>Escola multimetodol\u00f2gica, on ens agrada treballar de diferents maneres per tal que l&#8217;alumnat estigui preparat per un m\u00f3n viu i canviant, potenciant l&#8217;adaptabilitat a diferents situacions d&#8217;aprenentatge.\u00a0<\/li>\n<li style=\"text-align: justify;\">Fomentar i posar a l\u2019abast de l\u2019alumnat les tecnologies de la informaci\u00f3, l\u2019audiovisual i la comunicaci\u00f3 com a eina fonamental de l\u2019aprenentatge.<\/li>\n<li style=\"text-align: justify;\">Desenvolupar un projecte mediambiental, potenciador de valors per a la sostenibilitat i el consum racional, amb el reconeixement d\u2019Escola Verda.<\/li>\n<li style=\"text-align: justify;\">Considerem imprescindible fomentar i potenciar unes relacions positives, d\u2019afecte i col\u00b7laboraci\u00f3 entre els nens i les nenes, tant dins del seu grup classe com amb la resta de companyes i companys de l\u2019escola. Necessitat d\u2019afecte i col\u00b7laboraci\u00f3, tamb\u00e9, extensible entre l\u2019alumnat i les persones adultes.<\/li>\n<li style=\"text-align: justify;\">Apostem per un projecte integral que inspirin totes les activitats que realitzem en el marc de l\u2019escola tant en temps lectiu com extraescolar i\/o complementari.<\/li>\n<\/ul>\n<p style=\"text-align: center;\">\u00a0<\/p>\n<\/div>\n<\/div>\n","protected":false},"excerpt":{"rendered":"<p>. Projecte Educatiu de Centre (PEC) . Projecte educatiu Definici\u00f3 El projecte educatiu estableix les l\u00ednies d\u2019actuaci\u00f3 per a tots els membres de la nostra Comunitat Educativa i \u00e9s, alhora, el comprom\u00eds de la nostra escola amb la societat del segle XXI. La nostra missi\u00f3 Volem una escola en la qual els i les alumnes [&hellip;]<\/p>\n","protected":false},"author":2,"featured_media":0,"parent":22,"menu_order":2,"comment_status":"closed","ping_status":"closed","template":"","meta":{"_bbp_topic_count":0,"_bbp_reply_count":0,"_bbp_total_topic_count":0,"_bbp_total_reply_count":0,"_bbp_voice_count":0,"_bbp_anonymous_reply_count":0,"_bbp_topic_count_hidden":0,"_bbp_reply_count_hidden":0,"_bbp_forum_subforum_count":0,"site-sidebar-layout":"default","site-content-layout":"","ast-site-content-layout":"default","site-content-style":"default","site-sidebar-style":"default","ast-global-header-display":"","ast-banner-title-visibility":"","ast-main-header-display":"","ast-hfb-above-header-display":"","ast-hfb-below-header-display":"","ast-hfb-mobile-header-display":"","site-post-title":"","ast-breadcrumbs-content":"","ast-featured-img":"","footer-sml-layout":"","theme-transparent-header-meta":"default","adv-header-id-meta":"","stick-header-meta":"","header-above-stick-meta":"","header-main-stick-meta":"","header-below-stick-meta":"","astra-migrate-meta-layouts":"set","ast-page-background-enabled":"default","ast-page-background-meta":{"desktop":{"background-color":"var(--ast-global-color-4)","background-image":"","background-repeat":"repeat","background-position":"center center","background-size":"auto","background-attachment":"scroll","background-type":"","background-media":"","overlay-type":"","overlay-color":"","overlay-opacity":"","overlay-gradient":""},"tablet":{"background-color":"","background-image":"","background-repeat":"repeat","background-position":"center center","background-size":"auto","background-attachment":"scroll","background-type":"","background-media":"","overlay-type":"","overlay-color":"","overlay-opacity":"","overlay-gradient":""},"mobile":{"background-color":"","background-image":"","background-repeat":"repeat","background-position":"center center","background-size":"auto","background-attachment":"scroll","background-type":"","background-media":"","overlay-type":"","overlay-color":"","overlay-opacity":"","overlay-gradient":""}},"ast-content-background-meta":{"desktop":{"background-color":"var(--ast-global-color-5)","background-image":"","background-repeat":"repeat","background-position":"center center","background-size":"auto","background-attachment":"scroll","background-type":"","background-media":"","overlay-type":"","overlay-color":"","overlay-opacity":"","overlay-gradient":""},"tablet":{"background-color":"var(--ast-global-color-5)","background-image":"","background-repeat":"repeat","background-position":"center center","background-size":"auto","background-attachment":"scroll","background-type":"","background-media":"","overlay-type":"","overlay-color":"","overlay-opacity":"","overlay-gradient":""},"mobile":{"background-color":"var(--ast-global-color-5)","background-image":"","background-repeat":"repeat","background-position":"center center","background-size":"auto","background-attachment":"scroll","background-type":"","background-media":"","overlay-type":"","overlay-color":"","overlay-opacity":"","overlay-gradient":""}},"footnotes":""},"class_list":["post-64","page","type-page","status-publish","hentry"],"post_mailing_queue_ids":[],"_links":{"self":[{"href":"https:\/\/agora.xtec.cat\/escolamartinet\/wp-json\/wp\/v2\/pages\/64","targetHints":{"allow":["GET"]}}],"collection":[{"href":"https:\/\/agora.xtec.cat\/escolamartinet\/wp-json\/wp\/v2\/pages"}],"about":[{"href":"https:\/\/agora.xtec.cat\/escolamartinet\/wp-json\/wp\/v2\/types\/page"}],"author":[{"embeddable":true,"href":"https:\/\/agora.xtec.cat\/escolamartinet\/wp-json\/wp\/v2\/users\/2"}],"replies":[{"embeddable":true,"href":"https:\/\/agora.xtec.cat\/escolamartinet\/wp-json\/wp\/v2\/comments?post=64"}],"version-history":[{"count":6,"href":"https:\/\/agora.xtec.cat\/escolamartinet\/wp-json\/wp\/v2\/pages\/64\/revisions"}],"predecessor-version":[{"id":12689,"href":"https:\/\/agora.xtec.cat\/escolamartinet\/wp-json\/wp\/v2\/pages\/64\/revisions\/12689"}],"up":[{"embeddable":true,"href":"https:\/\/agora.xtec.cat\/escolamartinet\/wp-json\/wp\/v2\/pages\/22"}],"wp:attachment":[{"href":"https:\/\/agora.xtec.cat\/escolamartinet\/wp-json\/wp\/v2\/media?parent=64"}],"curies":[{"name":"wp","href":"https:\/\/api.w.org\/{rel}","templated":true}]}}