{"id":364,"date":"2015-09-22T17:13:20","date_gmt":"2015-09-22T15:13:20","guid":{"rendered":"http:\/\/agora.xtec.cat\/escolamartinet\/?page_id=364"},"modified":"2026-01-27T15:36:15","modified_gmt":"2026-01-27T14:36:15","slug":"detecciofactors","status":"publish","type":"page","link":"https:\/\/agora.xtec.cat\/escolamartinet\/projectes\/detecciofactors\/","title":{"rendered":"Detecci\u00f3 dels factors implicats en el rendiment escolar (Vall d&#8217;Hebron \/ Sant Joan de D\u00e9u)"},"content":{"rendered":"<p style=\"text-align: justify;\"><span style=\"font-weight: 400;\">L\u2019Escola participa, quan les entitats disposen del pressupost necessari, en el projecte \u201cDetecci\u00f3 dels factors psicopatol\u00f2gics implicats en el frac\u00e0s i abandonament acad\u00e8mic\u201d, del Servei de Psiquiatria de l\u2019Hospital Universitari Vall d\u2019Hebron de Barcelona i de Sant Joan de D\u00e9u. <\/span><\/p>\n<p style=\"text-align: justify;\"><span style=\"font-weight: 400;\">Es tracta d\u2019un \u00a0Projecte orientat en la detecci\u00f3 de causes que poden ocasionar frac\u00e0s escolar. L\u2019objectiu de l\u2019estudi, que es porta a terme en altres escoles, \u00a0\u00e9s determinar quina \u00e9s la freq\u00fc\u00e8ncia de psicopatologia entre els alumnes a Catalunya amb l\u2019objectiu de concretar la seva vinculaci\u00f3 amb el rendiment i frac\u00e0s escolar. Aquest estudi ens suposa una gran ajuda per diagnosticar i orientar casos amb baix rendiment escolar o dificultats d\u2019altre tipus. La participaci\u00f3 en aquest projecte \u00e9s volunt\u00e0ria i dep\u00e8n del consentiment de cada fam\u00edlia.<\/span><\/p>\n<p><span style=\"font-weight: 400;\"><img loading=\"lazy\" decoding=\"async\" class=\"aligncenter\" src=\"data:image\/png;base64,iVBORw0KGgoAAAANSUhEUgAAAVwAAACRCAMAAAC4yfDAAAAAkFBMVEX\/\/\/+QkJAdHRsAAACNjY0bGxmLi4vu7u4WFhQYGBb29vbZ2dnMzMyGhobf398ICAObm5uurq7Dw8O3t7empqYPDwzl5eXx8fE4ODZNTUxEREMGBgDT09IqKil9fXxwcG9jY2IxMS+hoaBXV1aYmJhGRkVoaGcmJiW8vLxbW1rGxsZOTk10dHMvLy6zs7KAgH+MbF2AAAAPiUlEQVR4nO2dCXuqOhCGgQAGBBElSNG6olJr7f\/\/dzeTsAQ3liO3rfI9zzmVRUhehmEySVCSmsg\/eEO5XNHanZmNTvC68te2qlZgS6XqetzhraGxXpEslx75P13ivyNPr4MWZA9+usx\/RafabKnx9n661H9D\/QZsZXX908X+G6rlbnPTnf10uf+CZk0Ml5ru8KcL\/hfkNbNc2e68brmaoe38QhVNioar3lVhz\/ini\/771ROJqbI7vqPTUPDP6umni\/77JcJVh5OSvcc5XdX9X8r3p1WAW\/6MGqod3OoS4VaIruIObg3VhDvq4NZQB7dFdXBbVAe3RXVwW1SLcH3rEMfW4IX7hNqCOxlFtq6rqq7rnvWqfNuBOxmrQltOl0evibcVuIfzDk9dth5X5L+jFuD21lfy7\/rwRo\/xZGI+rVk\/Hq51fQSEql\/JUfZPQ1uXIy+elaWM\/qQeDte92W2kR2cd8laUuA9Vt+1nzGA+GG5PvtdrZHuCgc6yZ56qR4fOckvh9kuG7qhqEjeYszzxrnv9x9bp1+ihcK3ynmRdPlmz2JOzq6DqzxtIPBLuuFIvvQpti3wpeuJe5AfCvfIou+jWvDBkr41K\/RY9DK55Ed2q9tAdj09r\/aZBq+pz988\/Cu4kOrNQVR8nN7z48CqabWmH6B\/Xg+D6Z2FCFhZwza5FaPrTJy0fA\/d8pKR63tg1Lx2yfnhoRX6jHgL3PATTvct0wcgu4n+F8dOPgHvGTb6WRZCkgRg36MMnjsAyPQDueXh7637Ps2WqPX5U+X+1\/h3uuTe9M\/zRkm0IfO3zDM6z6l\/hXoS39t1EwWDsreMXQUtjqMZw2ayIi\/BWf9YkTBOdmsKV9YnUi8\/jV\/1lrLJcZuFhVA8u3f88b6DqrzL7bxCvZbtMhaHPFaY\/He4lvlT5FeIrqllUeTZvxqZCc\/Te3J\/ysdPPocsUVQVVyVr7t4+rRk\/bi1uQebcn65bsKnBuX5qnzswKWjdhq1aiM75x6OtN3idU3GhSpF3pST+xr3\/5eTvCipo0YquPqh39Wrygvs4LGEZNnIJeOZVymZl9ygEdNxQ1YGtXtFvQ2bsv9Oi5O8KKqk1W1eVardaR0PbQ7dcaHlq0K\/3+dF6q6FQ3IdAby+ywujp8LbRFuKrl98rU5BxmfzSOR7MXae4KEu22SwA+WILdvkqr6f+TAPc1uqr+T3VwW1QHt0V1cFtUB7dFdXBbVAe3RXVwW1QHt0V1cFtUB7dFdXBb1B+G25tR\/eoMcXtwF+F2G5xlMZdX1mUa7FerPRvI0\/uin+SyE7iIKjnY4n1lJEN4TsF2G34UoO\/gtPe7Reke4bzsjHXVHlwPYYz0wiqfriLBrS\/0ETYQy3v2iGEgu+wEJ6QoKdylY6BJfl6yKsB9I7Qo93tQ6Jemy7Iz1lV7cHu07rhI0gMcNy1yAFsTuJri1INLlByuohhBES6me96HS89IlmVnrKsWfe4HySvP9YnP14jq4NaQe26n\/pRW++vm\/h3cGvIdTTH2woo10Lg9aLqDW0fMLwh1Yl7h9kO7g1tHbtFSfXjCfaZLE5irczoI\/e3V4B70z\/BtPjb\/Ca7ZH6\/dg3idU7i9g+fFhRfzwYACWO7r2yAdTm8Oxu76dP1FRr2x51q8Wm3C9WmJcZgtDjN4kmTtFMS1yU5bBa4Voik2MEHvbnO4E3nFz\/2ZV5nDNb8x27BSc24hImgsmXN64uQJ4tvJ95VFPjhr8LHb7eifHdsyXcCVa7WFBpWaZpVaGZlXOCJaGUXT6H8YfSYVqQCXxrCKAl9UDKTHDeFaCjIUJow2KUSAu5u8I41tMBDOZnaGWEOxGdCjKlMGd4imyfc1go7pbn1EyFQaTR2+xSGzluEyv5DeSsAOf7CPG\/pRQ1OoHa22E+Q73IcLtkq\/iOg\/CjM0BLgIF+EWvvcpwo0BLZ4ieghFIVril+gZjc2WKATxDQZKB2iHWEHjN8K+otLlOVwAipUjRull7NNS7Q+I3lTMcBRsmO3CnQDPTbIQATs3ZaQReeD7frwlGf9SuLBawcpw0PNnS6SwuiVw7c3HmwBX23+L05BWWg53MIWFrXxafwCltMHI7iTaLlxGp2gJ+A2SuGQKF2\/otdyqp7XLnZtCjOPaVUNmzUu+G4Wr7BWizD33G8P9ResqwG1h4OwGTKaXFVJz2OctrE1Gl5vUWeAVr3YZXBtsUknqDNfqapPEY+ZNHEFgSSncN5J5fgs2JH6UW5vCD2cpcEMtsnIr+cMCnsoKWvI6uSjf0mfQP9kGfw83x1KE28IPa7mocHLuFQb0jkLLdJcFVFbi6+\/DnSjAInuEzJ07cC+VwLWy+4dqBkaOGQ9muVmc2GfmzZfCxAy5jrS4ZJeeC9y+YWT1y6J6WK8FhYF4j5+q0KN3XuIXZKgV8zy+ret2xmhXGS5wyeuV2FBduPR0+C3b99tJnRLJjTgrLbc2gEs+kvUmNXZNyeNHYM29c1+8auY7+KzCEFJ9PCiR36uZP13CySdpGdHlt30oRjW4LJQTfNf2eqaCwTWQKJzBhVqjfH4iXCAOjghuWeJRZEKUFTwdSw8X2PnOTwZIyTH9hDLqS3wOF16RViJVrve6PzcFwkqxKGzzrfh0NFjF2XIZXGZmQqNDnt6EawRifG\/moVgfvuP2\/FRfYIhwySFaEPOUFGlyk8OzAqdbWAtevMNhv3cpqSDKVoOzO4NbRerF+0HvyceJX1CnwvWXBtGG8GDbMSrDpXe0thfq76I7cAv3SB6KzZgvycUedXAhoL3zKXyF0tEMM8W3SlfPSfECs\/0IfIBQDIurm8CF96LUmHBC4wWN0NLT56eRkjGP9E7VIG5E+\/m2slugcAvGdaoM960I99wbwzEA7ofwFepME3uFUCxrZuZPiERzwut3FW6j3+azq8+AZOYVC75J4m0IjALVtSZmjWiBugXjS4DmNYVLUFHwcD23XIBrpA+LO3DhdnJuwW30c6glr08RNeGPeNvJfRXUHoepb6keLUSoeEsuLpLx2eHvwhUijlzgc0Nh+YPecQr7VIDL6iEmfJhHhg\/X4Aq\/q1VLlaMG6u+0\/YQ2FbI0+UfiKbiqwx0h0W0zT1Mb7gAgXuvFo+s1Tbhy0LbhSAtwTygNvbgG07StfRXuoNn81MpvqAO\/4Ng4j2AgGso8RBKs8YKWwIWgWbC6+E6ceztxA9kjJzc937IsdggWiuXUwMJ5mqYIt4+EoFfid9NUT7ZcwpWs67Ofy3Qd5aXALygs3kraDRMaQORB2WSvVYXLjTylaQa4CVybmpqT96FvqMtlbFjaYnvtVAW4EgvLM8vqYS11d9fhSla9X6bnsiu\/6ANMk6UJMypC+SbQW1EVriXkFiaf5E5u4TZc3q7LXnOG0jYvyy1kIwEgnE0bckW4a1aG9KyQdko23oAr+UO7Nt7qb1ZyefQzzWydnRgt4n7f0vccEatfecpxDnVWoll\/Fr3TuExrAFc6snTnHM7os0ckN2OecEMLOJ4\/R8KdVoQrreixDOyBez6ELL1xuAuX1sstb5zpBQOv\/ku+0I4QslLgz7Q0HnIMzHJY+3BUKVkeMjIg+rwJaPOqPlwzgHo7ztd2BecmSfsAQrEloqX6Cr8cxiw1hjO4M8hHashYBXverE6s\/TZcqJBfppkYWNTI8rA7X\/Bn9NbCSfxuoCDm+ahxtW6eOXKSXgCCBgo26sOVeqxTgVofs\/wwT5ajQ0QLRtdDcfOxQiExCqOEDhjqoxnMZnA2MOgu3AoyBbo14LIxXSgS1sQBNVriILTyTMmmHxHkH\/qwG8tE9eDT99WD9edfPPL\/GEjBKlAu4a5h674ANxRGldFqfPNUDiWDslf1wB5xXrAwDxw2q2AlNi+k3jL5vkHQKuthYKXP9tkVlipJCNtqwDVnl8MRraG+s5McUDw\/Dk\/UgMyDZSU9sjRAOtxy6mZvdhjHsJ9pXvulHjb4sci8f1YAf7iFyr8J7yyBPcCI+2t99z0UfZ55eZqBzC7X\/hjnG1gt8z0KS5XUa2S5nSqpg9uiOrgtqoPbojq4LaqD26I6uC2qg9uiOrgtqoPbojq4LaqD26I6uC2qg9uiOrgtqoPbojq4LaqD26Jqwi10j1ztkumUqx5c8zNYZd2S3lewbUDXCrbBvR+q2YarZ\/lpqppwA8ImbjENEd43gDtCmE1wHW42V2dyGWUvqfg7qgvXyIfZDJHx3ggu75SfI3R1spGidXAbwzUHgwH0eM9JOhGsqA4uqCHcVN8d3KJuwbX0ZbjMf5V+IC+324XLNk7W67XUi5Zhsiz5nuvNJM\/bYLLz+M\/\/WvJHuJ0nwzE6uKAM7uAtmYmw44NQ5WRxDwf0EZqOYKTdlC8znzuU2JA3wiYv9D75LCC0YoNqXhmuY5sTJlOecrgDTMjUHh5pFMBGt8XIcL69KHAwjPf2sbbfo7coCuh2oDdCMJERRvQqmkbXmIFDFH1tE4wdONwrw80nzhCFww2Js4SNfoDZyNiFg5kFLxGMF4ThpjwskBGBcZEcbu5zh2jKB81vMRvB\/NJw4YUVTAqHO0LpVLIBYZPuPwifl+y7bszgpm+aCTEMh0\/hptHCPAy4s14jNhXhpeFqRiKNw5072VjSI+N1dPAmPxSFmw7o9xi9c7hZSbaYDeB9ZbjO+QON2yNTjGBOzwxeSoi3yY\/7AdxksgXd8HYVruXNP1dTrLw83ItoIcibq5QeTAo+fCGHYAcFMMPMx0Y6Q62PYMLyBdxTMnNX6eBewBUs10XcvZrjOQ2vCBsoX7Dca3A9ZKBgIY992engnsM9kmzVjuQvLjBnCwSzIwFu0ro4IZiLewbXVIwkxzBEHdxzuCdk7LlpDhB7dh3GYz7l40hwyKKFZHLlJ56qF3B9pO3T43Vwz+GaK0yWEIuZIWYTfD5Q8s483dEwj3PZ9N41YhPBsjjXYbvlcFeG8+qh2GXzlz7GnFU0ir4If7RFSIMZc\/56Cm+ko3A1ND2OT0ukONBaSOGuKdVTPJH2mOxoO220JQrejMxXhouvJMtnCpqy5MB7n+\/k8Fl7MLEMooX9kDXoNPQF7oM2OhjcPjzxqCmf2FvR4BUfWMHIl7SXTZaH70rWzbNW3tOJd6fdNtwu0o4F\/xOmflHebzMeikkHSO3gBXPNh33wzsKEw3L7RejlGLFJSl\/z3pFeIF8KAuU14UqQsEk\/QwIn31LI7M5ke2nz3wNO4lz\/0E9ffSBMAksOMDgcfPg0g1d9PlG3pynncFv5NVChEfF6cjPT1VuxmJeGa8qcrlr9JTe19NJwJfPE4K7v\/6JFYz0X3P8An4QnU1kGCCwAAAAASUVORK5CYII=\" width=\"290\" height=\"121\" \/>\u00a0 \u00a0 \u00a0 <img loading=\"lazy\" decoding=\"async\" class=\"wp-image-9457 aligncenter\" src=\"https:\/\/agora.xtec.cat\/escolamartinet\/wp-content\/uploads\/usu369\/2022\/11\/SJD.jpg\" alt=\"\" width=\"292\" height=\"167\" srcset=\"https:\/\/agora.xtec.cat\/escolamartinet\/wp-content\/uploads\/usu369\/2022\/11\/SJD.jpg 374w, https:\/\/agora.xtec.cat\/escolamartinet\/wp-content\/uploads\/usu369\/2022\/11\/SJD-300x172.jpg 300w\" sizes=\"auto, (max-width: 292px) 100vw, 292px\" \/><br \/>\n<\/span><\/p>\n","protected":false},"excerpt":{"rendered":"<p>L\u2019Escola participa, quan les entitats disposen del pressupost necessari, en el projecte \u201cDetecci\u00f3 dels factors psicopatol\u00f2gics implicats en el frac\u00e0s i abandonament acad\u00e8mic\u201d, del Servei de Psiquiatria de l\u2019Hospital Universitari Vall d\u2019Hebron de Barcelona i de Sant Joan de D\u00e9u. Es tracta d\u2019un \u00a0Projecte orientat en la detecci\u00f3 de causes que poden ocasionar frac\u00e0s escolar. [&hellip;]<\/p>\n","protected":false},"author":1,"featured_media":0,"parent":277,"menu_order":17,"comment_status":"closed","ping_status":"closed","template":"","meta":{"_bbp_topic_count":0,"_bbp_reply_count":0,"_bbp_total_topic_count":0,"_bbp_total_reply_count":0,"_bbp_voice_count":0,"_bbp_anonymous_reply_count":0,"_bbp_topic_count_hidden":0,"_bbp_reply_count_hidden":0,"_bbp_forum_subforum_count":0,"site-sidebar-layout":"default","site-content-layout":"","ast-site-content-layout":"default","site-content-style":"default","site-sidebar-style":"default","ast-global-header-display":"","ast-banner-title-visibility":"","ast-main-header-display":"","ast-hfb-above-header-display":"","ast-hfb-below-header-display":"","ast-hfb-mobile-header-display":"","site-post-title":"","ast-breadcrumbs-content":"","ast-featured-img":"","footer-sml-layout":"","theme-transparent-header-meta":"default","adv-header-id-meta":"","stick-header-meta":"","header-above-stick-meta":"","header-main-stick-meta":"","header-below-stick-meta":"","astra-migrate-meta-layouts":"set","ast-page-background-enabled":"default","ast-page-background-meta":{"desktop":{"background-color":"var(--ast-global-color-4)","background-image":"","background-repeat":"repeat","background-position":"center center","background-size":"auto","background-attachment":"scroll","background-type":"","background-media":"","overlay-type":"","overlay-color":"","overlay-opacity":"","overlay-gradient":""},"tablet":{"background-color":"","background-image":"","background-repeat":"repeat","background-position":"center center","background-size":"auto","background-attachment":"scroll","background-type":"","background-media":"","overlay-type":"","overlay-color":"","overlay-opacity":"","overlay-gradient":""},"mobile":{"background-color":"","background-image":"","background-repeat":"repeat","background-position":"center center","background-size":"auto","background-attachment":"scroll","background-type":"","background-media":"","overlay-type":"","overlay-color":"","overlay-opacity":"","overlay-gradient":""}},"ast-content-background-meta":{"desktop":{"background-color":"var(--ast-global-color-5)","background-image":"","background-repeat":"repeat","background-position":"center center","background-size":"auto","background-attachment":"scroll","background-type":"","background-media":"","overlay-type":"","overlay-color":"","overlay-opacity":"","overlay-gradient":""},"tablet":{"background-color":"var(--ast-global-color-5)","background-image":"","background-repeat":"repeat","background-position":"center center","background-size":"auto","background-attachment":"scroll","background-type":"","background-media":"","overlay-type":"","overlay-color":"","overlay-opacity":"","overlay-gradient":""},"mobile":{"background-color":"var(--ast-global-color-5)","background-image":"","background-repeat":"repeat","background-position":"center center","background-size":"auto","background-attachment":"scroll","background-type":"","background-media":"","overlay-type":"","overlay-color":"","overlay-opacity":"","overlay-gradient":""}},"footnotes":""},"class_list":["post-364","page","type-page","status-publish","hentry"],"post_mailing_queue_ids":[],"_links":{"self":[{"href":"https:\/\/agora.xtec.cat\/escolamartinet\/wp-json\/wp\/v2\/pages\/364","targetHints":{"allow":["GET"]}}],"collection":[{"href":"https:\/\/agora.xtec.cat\/escolamartinet\/wp-json\/wp\/v2\/pages"}],"about":[{"href":"https:\/\/agora.xtec.cat\/escolamartinet\/wp-json\/wp\/v2\/types\/page"}],"author":[{"embeddable":true,"href":"https:\/\/agora.xtec.cat\/escolamartinet\/wp-json\/wp\/v2\/users\/1"}],"replies":[{"embeddable":true,"href":"https:\/\/agora.xtec.cat\/escolamartinet\/wp-json\/wp\/v2\/comments?post=364"}],"version-history":[{"count":4,"href":"https:\/\/agora.xtec.cat\/escolamartinet\/wp-json\/wp\/v2\/pages\/364\/revisions"}],"predecessor-version":[{"id":12724,"href":"https:\/\/agora.xtec.cat\/escolamartinet\/wp-json\/wp\/v2\/pages\/364\/revisions\/12724"}],"up":[{"embeddable":true,"href":"https:\/\/agora.xtec.cat\/escolamartinet\/wp-json\/wp\/v2\/pages\/277"}],"wp:attachment":[{"href":"https:\/\/agora.xtec.cat\/escolamartinet\/wp-json\/wp\/v2\/media?parent=364"}],"curies":[{"name":"wp","href":"https:\/\/api.w.org\/{rel}","templated":true}]}}