{"id":362,"date":"2015-09-22T17:13:01","date_gmt":"2015-09-22T15:13:01","guid":{"rendered":"http:\/\/agora.xtec.cat\/escolamartinet\/?page_id=362"},"modified":"2026-01-26T16:04:34","modified_gmt":"2026-01-26T15:04:34","slug":"binding","status":"publish","type":"page","link":"https:\/\/agora.xtec.cat\/escolamartinet\/projectes\/binding\/","title":{"rendered":"Binding &#8211; Impuls a la lectura"},"content":{"rendered":"<p style=\"text-align: justify;\"><span style=\"font-weight: 400;\">La nostra escola est\u00e0 col\u00b7laborant amb el projecte Binding de la Universitat de Barcelona, un projecte basat en l\u2019evid\u00e8ncia cient\u00edfica i destinat a millorar l\u2019aprenentatge de la lectura. <\/span><\/p>\n<p style=\"text-align: justify;\"><span style=\"font-weight: 400;\">Un dels principals objectius d\u2019aquesta primera fase \u00e9s aconseguir m\u00e9s velocitat i mec\u00e0nica lectora, sobretot la d\u2019aquells nens a qui costa una mica m\u00e9s llegir. <\/span><\/p>\n<p style=\"text-align: justify;\"><span style=\"font-weight: 400;\">Es tracta de <strong>d<\/strong><\/span><b>esenvolupar eines per a l\u2019adquisici\u00f3 i la millora de les habilitats lectores<\/b><span style=\"font-weight: 400;\">. <\/span><b>Tenim com a missi\u00f3 no deixar cap nen\/a enrere en la lectura<\/b><span style=\"font-weight: 400;\">, ja que aquesta \u00e9s una capacitat b\u00e0sica de la comunicaci\u00f3 humana i del creixement personal. <\/span><\/p>\n<p style=\"text-align: justify;\"><i><span style=\"font-weight: 400;\">La comunitat cient\u00edfica ha arribat al consens que la principal causa del frac\u00e0s escolar \u00e9s la disl\u00e8xia o dificultat lectora. Incomptables estudis afirmen que els nens que tenen una descodificaci\u00f3 lectora situada per sota del percentil 30 a primer de prim\u00e0ria s\u00f3n els que tenen m\u00e9s probabilitats de no acabar l\u2019educaci\u00f3 obligat\u00f2ria.<\/span><\/i><\/p>\n<p style=\"text-align: justify;\"><span style=\"font-weight: 400;\">Per tant, \u00e9s mitjan\u00e7ant la creaci\u00f3, el desenvolupament i l\u2019aplicaci\u00f3 de la metodologia Binding que ens hem marcat com a objectiu reduir el baix rendiment escolar dels nostres nens i nenes.<\/span><\/p>\n<p style=\"text-align: justify;\"><span style=\"font-weight: 400;\">Per l\u2019Escola Martinet \u00e9s una metodologia m\u00e9s en l\u2019aprenentatge de la lectura. Per tant, \u00e9s un complement m\u00e9s a la nostra manera d\u2019ensenyar a llegir.<\/span><\/p>\n<p style=\"text-align: justify;\"><span style=\"font-weight: 400;\">El projecte Binding no t\u00e9 \u00e0nim de lucre, i destina tots els recursos que es generen en el mateix projecte a produir i desenvolupar estudis cient\u00edfics i noves investigacions, a la millora constant dels materials i a una obra social creixent que es porta a terme per poder fer arribar el tractament a tothom que el necessiti.<\/span><\/p>\n<p>Per saber-ne m\u00e9s: <a href=\"https:\/\/www.ubinding.cat\/visita\/projecte-binding\/\" target=\"_blank\" rel=\"noopener noreferrer\">https:\/\/www.ubinding.cat\/visita\/projecte-binding\/<\/a><\/p>\n<p style=\"text-align: justify;\">\u00a0<\/p>\n","protected":false},"excerpt":{"rendered":"<p>La nostra escola est\u00e0 col\u00b7laborant amb el projecte Binding de la Universitat de Barcelona, un projecte basat en l\u2019evid\u00e8ncia cient\u00edfica i destinat a millorar l\u2019aprenentatge de la lectura. Un dels principals objectius d\u2019aquesta primera fase \u00e9s aconseguir m\u00e9s velocitat i mec\u00e0nica lectora, sobretot la d\u2019aquells nens a qui costa una mica m\u00e9s llegir. Es tracta [&hellip;]<\/p>\n","protected":false},"author":1,"featured_media":0,"parent":277,"menu_order":7,"comment_status":"closed","ping_status":"closed","template":"","meta":{"_bbp_topic_count":0,"_bbp_reply_count":0,"_bbp_total_topic_count":0,"_bbp_total_reply_count":0,"_bbp_voice_count":0,"_bbp_anonymous_reply_count":0,"_bbp_topic_count_hidden":0,"_bbp_reply_count_hidden":0,"_bbp_forum_subforum_count":0,"site-sidebar-layout":"default","site-content-layout":"","ast-site-content-layout":"default","site-content-style":"default","site-sidebar-style":"default","ast-global-header-display":"","ast-banner-title-visibility":"","ast-main-header-display":"","ast-hfb-above-header-display":"","ast-hfb-below-header-display":"","ast-hfb-mobile-header-display":"","site-post-title":"","ast-breadcrumbs-content":"","ast-featured-img":"","footer-sml-layout":"","theme-transparent-header-meta":"default","adv-header-id-meta":"","stick-header-meta":"","header-above-stick-meta":"","header-main-stick-meta":"","header-below-stick-meta":"","astra-migrate-meta-layouts":"set","ast-page-background-enabled":"default","ast-page-background-meta":{"desktop":{"background-color":"var(--ast-global-color-4)","background-image":"","background-repeat":"repeat","background-position":"center center","background-size":"auto","background-attachment":"scroll","background-type":"","background-media":"","overlay-type":"","overlay-color":"","overlay-opacity":"","overlay-gradient":""},"tablet":{"background-color":"","background-image":"","background-repeat":"repeat","background-position":"center center","background-size":"auto","background-attachment":"scroll","background-type":"","background-media":"","overlay-type":"","overlay-color":"","overlay-opacity":"","overlay-gradient":""},"mobile":{"background-color":"","background-image":"","background-repeat":"repeat","background-position":"center center","background-size":"auto","background-attachment":"scroll","background-type":"","background-media":"","overlay-type":"","overlay-color":"","overlay-opacity":"","overlay-gradient":""}},"ast-content-background-meta":{"desktop":{"background-color":"var(--ast-global-color-5)","background-image":"","background-repeat":"repeat","background-position":"center center","background-size":"auto","background-attachment":"scroll","background-type":"","background-media":"","overlay-type":"","overlay-color":"","overlay-opacity":"","overlay-gradient":""},"tablet":{"background-color":"var(--ast-global-color-5)","background-image":"","background-repeat":"repeat","background-position":"center center","background-size":"auto","background-attachment":"scroll","background-type":"","background-media":"","overlay-type":"","overlay-color":"","overlay-opacity":"","overlay-gradient":""},"mobile":{"background-color":"var(--ast-global-color-5)","background-image":"","background-repeat":"repeat","background-position":"center center","background-size":"auto","background-attachment":"scroll","background-type":"","background-media":"","overlay-type":"","overlay-color":"","overlay-opacity":"","overlay-gradient":""}},"footnotes":""},"class_list":["post-362","page","type-page","status-publish","hentry"],"post_mailing_queue_ids":[],"_links":{"self":[{"href":"https:\/\/agora.xtec.cat\/escolamartinet\/wp-json\/wp\/v2\/pages\/362","targetHints":{"allow":["GET"]}}],"collection":[{"href":"https:\/\/agora.xtec.cat\/escolamartinet\/wp-json\/wp\/v2\/pages"}],"about":[{"href":"https:\/\/agora.xtec.cat\/escolamartinet\/wp-json\/wp\/v2\/types\/page"}],"author":[{"embeddable":true,"href":"https:\/\/agora.xtec.cat\/escolamartinet\/wp-json\/wp\/v2\/users\/1"}],"replies":[{"embeddable":true,"href":"https:\/\/agora.xtec.cat\/escolamartinet\/wp-json\/wp\/v2\/comments?post=362"}],"version-history":[{"count":4,"href":"https:\/\/agora.xtec.cat\/escolamartinet\/wp-json\/wp\/v2\/pages\/362\/revisions"}],"predecessor-version":[{"id":12703,"href":"https:\/\/agora.xtec.cat\/escolamartinet\/wp-json\/wp\/v2\/pages\/362\/revisions\/12703"}],"up":[{"embeddable":true,"href":"https:\/\/agora.xtec.cat\/escolamartinet\/wp-json\/wp\/v2\/pages\/277"}],"wp:attachment":[{"href":"https:\/\/agora.xtec.cat\/escolamartinet\/wp-json\/wp\/v2\/media?parent=362"}],"curies":[{"name":"wp","href":"https:\/\/api.w.org\/{rel}","templated":true}]}}