{"id":360,"date":"2015-09-22T17:12:11","date_gmt":"2015-09-22T15:12:11","guid":{"rendered":"http:\/\/agora.xtec.cat\/escolamartinet\/?page_id=360"},"modified":"2026-01-26T16:43:49","modified_gmt":"2026-01-26T15:43:49","slug":"escola-verda","status":"publish","type":"page","link":"https:\/\/agora.xtec.cat\/escolamartinet\/projectes\/escola-verda\/","title":{"rendered":"Escola Verda"},"content":{"rendered":"<p>&nbsp;<\/p>\n<p style=\"text-align: justify;\"><span style=\"font-weight: 400;\">El programa Escoles Verdes t\u00e9 la voluntat de millorar l&#8217;escola d&#8217;acord amb els nous reptes de l&#8217;educaci\u00f3 i ho fa a trav\u00e9s de l&#8217;objectiu de sensibilitzar, dinamitzar i donar suport a la comunitat educativa per tal que incorpori els principis i els valors de la sostenibilitat en tots els \u00e0mbits de la vida escolar.<\/span><\/p>\n<p><span style=\"font-weight: 400;\">El programa vol promoure un canvi en la cultura de centre a trav\u00e9s de quatre contextos d&#8217;acci\u00f3: el curr\u00edculum, l&#8217;organitzaci\u00f3 i la participaci\u00f3, la gesti\u00f3 sostenible de recursos i materials i la implicaci\u00f3 en l&#8217;entorn. Aix\u00ed doncs, ent\u00e9n que el proc\u00e9s educatiu que ha de provocar aquest canvi no nom\u00e9s es d\u00f3na a l&#8217;aula, sin\u00f3 tamb\u00e9 en tots els moments i espais de la vida escolar.<\/span><\/p>\n<p><span style=\"font-weight: 400;\">El Pla d\u2019acci\u00f3 actual pret\u00e9n desenvolupar una s\u00e8rie d\u2019objectius, alguns de continu\u00eftat i, altres nous:<\/span><\/p>\n<ol>\n<li style=\"font-weight: 400;\"><span style=\"font-weight: 400;\">L\u2019energia i el seu estalvi.<\/span><\/li>\n<li style=\"font-weight: 400;\"><span style=\"font-weight: 400;\">Contextualitzaci\u00f3 del curr\u00edculum respecte a l\u2019aigua.<\/span><\/li>\n<li style=\"font-weight: 400;\"><span style=\"font-weight: 400;\">El conreu de l\u2019hort.<\/span><\/li>\n<li style=\"font-weight: 400;\"><span style=\"font-weight: 400;\">Compostatge.<\/span><\/li>\n<li style=\"font-weight: 400;\"><span style=\"font-weight: 400;\">Estalvi \u00fas paper. Reutilitzaci\u00f3 llibres de text<\/span><\/li>\n<li style=\"font-weight: 400;\"><span style=\"font-weight: 400;\">Millora i manteniment de centre.<\/span><\/li>\n<li>El canvi clim\u00e0tic<\/li>\n<\/ol>\n<p style=\"text-align: center;\"><a href=\"http:\/\/mediambient.gencat.cat\/ca\/05_ambits_dactuacio\/educacio_i_sostenibilitat\/educacio_per_a_la_sostenibilitat\/escoles_verdes\/el_programa_escoles_verdes\/\" target=\"_blank\" rel=\"noopener\"><img loading=\"lazy\" decoding=\"async\" class=\"wp-image-12700 aligncenter\" src=\"https:\/\/agora.xtec.cat\/escolamartinet\/wp-content\/uploads\/usu369\/2026\/01\/escola-verda.png\" alt=\"\" width=\"177\" height=\"177\" srcset=\"https:\/\/agora.xtec.cat\/escolamartinet\/wp-content\/uploads\/usu369\/2026\/01\/escola-verda.png 340w, https:\/\/agora.xtec.cat\/escolamartinet\/wp-content\/uploads\/usu369\/2026\/01\/escola-verda-300x300.png 300w, https:\/\/agora.xtec.cat\/escolamartinet\/wp-content\/uploads\/usu369\/2026\/01\/escola-verda-150x150.png 150w\" sizes=\"auto, (max-width: 177px) 100vw, 177px\" \/><\/a><\/p>\n<p style=\"text-align: center;\"><span style=\"font-size: 20px;\"><strong><a href=\"http:\/\/mediambient.gencat.cat\/ca\/05_ambits_dactuacio\/educacio_i_sostenibilitat\/educacio_per_a_la_sostenibilitat\/escoles_verdes\/el_programa_escoles_verdes\/\" target=\"_blank\" rel=\"noopener noreferrer\">El programa escoles verdes<\/a><\/strong><\/span><\/p>\n<p style=\"text-align: center;\">\n","protected":false},"excerpt":{"rendered":"<p>&nbsp; El programa Escoles Verdes t\u00e9 la voluntat de millorar l&#8217;escola d&#8217;acord amb els nous reptes de l&#8217;educaci\u00f3 i ho fa a trav\u00e9s de l&#8217;objectiu de sensibilitzar, dinamitzar i donar suport a la comunitat educativa per tal que incorpori els principis i els valors de la sostenibilitat en tots els \u00e0mbits de la vida escolar. [&hellip;]<\/p>\n","protected":false},"author":1,"featured_media":0,"parent":277,"menu_order":6,"comment_status":"closed","ping_status":"closed","template":"","meta":{"_bbp_topic_count":0,"_bbp_reply_count":0,"_bbp_total_topic_count":0,"_bbp_total_reply_count":0,"_bbp_voice_count":0,"_bbp_anonymous_reply_count":0,"_bbp_topic_count_hidden":0,"_bbp_reply_count_hidden":0,"_bbp_forum_subforum_count":0,"site-sidebar-layout":"default","site-content-layout":"","ast-site-content-layout":"default","site-content-style":"default","site-sidebar-style":"default","ast-global-header-display":"","ast-banner-title-visibility":"","ast-main-header-display":"","ast-hfb-above-header-display":"","ast-hfb-below-header-display":"","ast-hfb-mobile-header-display":"","site-post-title":"","ast-breadcrumbs-content":"","ast-featured-img":"","footer-sml-layout":"","theme-transparent-header-meta":"default","adv-header-id-meta":"","stick-header-meta":"","header-above-stick-meta":"","header-main-stick-meta":"","header-below-stick-meta":"","astra-migrate-meta-layouts":"set","ast-page-background-enabled":"default","ast-page-background-meta":{"desktop":{"background-color":"var(--ast-global-color-4)","background-image":"","background-repeat":"repeat","background-position":"center center","background-size":"auto","background-attachment":"scroll","background-type":"","background-media":"","overlay-type":"","overlay-color":"","overlay-opacity":"","overlay-gradient":""},"tablet":{"background-color":"","background-image":"","background-repeat":"repeat","background-position":"center center","background-size":"auto","background-attachment":"scroll","background-type":"","background-media":"","overlay-type":"","overlay-color":"","overlay-opacity":"","overlay-gradient":""},"mobile":{"background-color":"","background-image":"","background-repeat":"repeat","background-position":"center center","background-size":"auto","background-attachment":"scroll","background-type":"","background-media":"","overlay-type":"","overlay-color":"","overlay-opacity":"","overlay-gradient":""}},"ast-content-background-meta":{"desktop":{"background-color":"var(--ast-global-color-5)","background-image":"","background-repeat":"repeat","background-position":"center center","background-size":"auto","background-attachment":"scroll","background-type":"","background-media":"","overlay-type":"","overlay-color":"","overlay-opacity":"","overlay-gradient":""},"tablet":{"background-color":"var(--ast-global-color-5)","background-image":"","background-repeat":"repeat","background-position":"center center","background-size":"auto","background-attachment":"scroll","background-type":"","background-media":"","overlay-type":"","overlay-color":"","overlay-opacity":"","overlay-gradient":""},"mobile":{"background-color":"var(--ast-global-color-5)","background-image":"","background-repeat":"repeat","background-position":"center center","background-size":"auto","background-attachment":"scroll","background-type":"","background-media":"","overlay-type":"","overlay-color":"","overlay-opacity":"","overlay-gradient":""}},"footnotes":""},"class_list":["post-360","page","type-page","status-publish","hentry"],"post_mailing_queue_ids":[],"_links":{"self":[{"href":"https:\/\/agora.xtec.cat\/escolamartinet\/wp-json\/wp\/v2\/pages\/360","targetHints":{"allow":["GET"]}}],"collection":[{"href":"https:\/\/agora.xtec.cat\/escolamartinet\/wp-json\/wp\/v2\/pages"}],"about":[{"href":"https:\/\/agora.xtec.cat\/escolamartinet\/wp-json\/wp\/v2\/types\/page"}],"author":[{"embeddable":true,"href":"https:\/\/agora.xtec.cat\/escolamartinet\/wp-json\/wp\/v2\/users\/1"}],"replies":[{"embeddable":true,"href":"https:\/\/agora.xtec.cat\/escolamartinet\/wp-json\/wp\/v2\/comments?post=360"}],"version-history":[{"count":4,"href":"https:\/\/agora.xtec.cat\/escolamartinet\/wp-json\/wp\/v2\/pages\/360\/revisions"}],"predecessor-version":[{"id":12701,"href":"https:\/\/agora.xtec.cat\/escolamartinet\/wp-json\/wp\/v2\/pages\/360\/revisions\/12701"}],"up":[{"embeddable":true,"href":"https:\/\/agora.xtec.cat\/escolamartinet\/wp-json\/wp\/v2\/pages\/277"}],"wp:attachment":[{"href":"https:\/\/agora.xtec.cat\/escolamartinet\/wp-json\/wp\/v2\/media?parent=360"}],"curies":[{"name":"wp","href":"https:\/\/api.w.org\/{rel}","templated":true}]}}