{"id":358,"date":"2015-09-22T17:11:49","date_gmt":"2015-09-22T15:11:49","guid":{"rendered":"http:\/\/agora.xtec.cat\/escolamartinet\/?page_id=358"},"modified":"2026-01-27T16:02:30","modified_gmt":"2026-01-27T15:02:30","slug":"erasmus","status":"publish","type":"page","link":"https:\/\/agora.xtec.cat\/escolamartinet\/projectes\/tractament-llengues-estrangeres\/erasmus\/","title":{"rendered":"Projectes Erasmus +"},"content":{"rendered":"<p style=\"text-align: justify;\">ERASMUS + \u00e9s el programa de la Uni\u00f3 Europea en els \u00e0mbits de l&#8217;educaci\u00f3, la formaci\u00f3, la joventut i l&#8217;esport. Aquest est\u00e0 dissenyat per donar suport als pa\u00efsos participants en la utilitzaci\u00f3 del talent hum\u00e0 i el capital social europeu. Tamb\u00e9 pret\u00e9n millorar les oportunitats de cooperaci\u00f3 i mobilitat amb els pa\u00efsos associats, en especial a l&#8217;esfera de l&#8217;educaci\u00f3 superior i la joventut.<\/p>\n<p style=\"text-align: justify;\">Des de fa anys, el nostre centre est\u00e0 fermament comprom\u00e8s en orientar els nostres alumnes cap a la millora de les seves compet\u00e8ncies. Entre d\u2019altres, la compet\u00e8ncia ling\u00fc\u00edstica en llengua estrangera, mitjan\u00e7ant el nostre comprom\u00eds amb els projectes Erasmus +.<\/p>\n<p style=\"text-align: justify;\">Aquestes accions afavoreixen el desenvolupament, la transfer\u00e8ncia i implementaci\u00f3 de pr\u00e0ctiques innovadores que garanteixen una millora de la nostra qualitat educativa. A m\u00e9s ajuden a impulsar les compet\u00e8ncies b\u00e0siques, especialment, les lleng\u00fces i les TAC entre el nostre alumnat. Afavoreixen la prevenci\u00f3 de l\u2019abandonament escolar i fomenten la inclusi\u00f3 i el respecte cap a altres cultures.<\/p>\n<p><span style=\"font-weight: 400;\">Des del curs 2015 l\u2019Escola Martinet ha coordinat i coordina projectes europeu Erasmus+ de la UE. Aquest programa s\u2019ha creat com resposta de la UE als reptes socioecon\u00f2mics actuals. Es tracta d&#8217;una estrat\u00e8gia coordinada per al creixement i l&#8217;ocupaci\u00f3 de la qual l&#8217;educaci\u00f3 i la formaci\u00f3 en s\u00f3n una part integral. La inversi\u00f3 en educaci\u00f3 i formaci\u00f3 es considera clau per al desenvolupament del potencial personal, l&#8217;adquisici\u00f3 de noves habilitats i l&#8217;increment de les perspectives laborals. <\/span><\/p>\n<p><span style=\"font-weight: 400;\">Des de l&#8217;any 2020 i fins al 2027 som <strong>ESCOLA ACREDITADA ERASMUS<\/strong>, una de les primeres escoles d&#8217;educaci\u00f3 infantil i prim\u00e0ria a aconseguir-ho a Catalunya. Actualment, el nostre projecte Erasmus gira al voltant de tres eixos: l&#8217;art, la tecnologia en l&#8217;educaci\u00f3 i l&#8217;angl\u00e8s com llengua integradora. Visitem i aprenem d&#8217;altres centres europeus i tamb\u00e9 ens visiten, fent que el nostre alumnat hagi d&#8217;utilitzar l&#8217;angl\u00e8s com una eina real de comunicaci\u00f3 i no tan sols com una assignatura. Des del curs 2022 l&#8217;alumnat de 5\u00e8 t\u00e9 la possibilitat de fer un intercanvi amb una escola europea, accions que s\u00f3n tot un \u00e8xit.\u00a0<\/span><\/p>\n<p style=\"text-align: justify;\">Alguns dels projectes Erasmus portats a terme s\u00f3n els seg\u00fcents:<\/p>\n<p style=\"font-family: 'Helvetica Neue', Helvetica, Helvetica, Arial, sans-serif; font-size: 16px;\"><img loading=\"lazy\" decoding=\"async\" class=\"alignleft  wp-image-6676\" src=\"https:\/\/agora.xtec.cat\/escolamartinet\/wp-content\/uploads\/usu369\/2020\/11\/AIM-logo.jpg\" alt=\"\" width=\"79\" height=\"76\" srcset=\"https:\/\/agora.xtec.cat\/escolamartinet\/wp-content\/uploads\/usu369\/2020\/11\/AIM-logo.jpg 570w, https:\/\/agora.xtec.cat\/escolamartinet\/wp-content\/uploads\/usu369\/2020\/11\/AIM-logo-300x291.jpg 300w\" sizes=\"auto, (max-width: 79px) 100vw, 79px\" \/><\/p>\n<p>&nbsp;<\/p>\n<p><span style=\"color: #800080;\"><strong>KA 229<\/strong> &#8211; AIM (A<\/span><span style=\"font-family: inherit; font-size: 1em;\"><span style=\"color: #800080;\">ctive and Innovative Methodologies) 2019-2022<\/span><br \/>\n<\/span><a href=\"https:\/\/erasmusaim.wordpress.com\/\" target=\"_blank\" rel=\"noopener noreferrer\">https:\/\/erasmus-aim.<\/a><a href=\"https:\/\/erasmusaim.wordpress.com\/\" target=\"_blank\" rel=\"noopener noreferrer\">com\/<\/a><\/p>\n<p><a href=\"https:\/\/erasmusplushappens.com\/\" target=\"_blank\" rel=\"noopener noreferrer\"><img loading=\"lazy\" decoding=\"async\" class=\"aligncenter\" src=\"https:\/\/erasmusaim.files.wordpress.com\/2020\/11\/cropped-capcelera-erasmus-.jpg\" width=\"490\" height=\"141\" \/><\/a><\/p>\n<p>Aquest projecte est\u00e0 enfocat a millorar els\u00a0processos\u00a0d&#8217;ensenyament i aprenentatge en l&#8217;\u00e0rea de les matem\u00e0tiques, la rob\u00f2tica i les\u00a0<span class=\"hiddenGrammarError\">TACs<\/span>, mitjan\u00e7ant l&#8217;intercanvi de bones pr\u00e0ctiques entre 5 centres europeus: L&#8217;Escola Martinet, escola coordinadora i\u00a0<span class=\"hiddenSpellError\">engegadora<\/span>\u00a0del projecte; Newark\u00a0<span class=\"hiddenSpellError\">School<\/span>, de Malta;\u00a0<span class=\"hiddenSpellError\">Petkim<\/span>\u00a0<span class=\"hiddenSpellError\">Latife<\/span>\u00a0<span class=\"hiddenSpellError\">Hanim<\/span>\u00a0<span class=\"hiddenSpellError\">Ilkokulu<\/span>\u00a0de Turquia;\u00a0<span class=\"hiddenSpellError\">Create<\/span>\u00a0<span class=\"hiddenSpellError\">Partnership<\/span>\u00a0Trust, del Regne Unit i\u00a0<span class=\"hiddenSpellError\">Istituto<\/span>\u00a0<span class=\"hiddenSpellError\">Comprensivo<\/span>\u00a0<span class=\"hiddenSpellError\">Statale<\/span>\u00a0<span class=\"hiddenSpellError\">Ettore<\/span>\u00a0<span class=\"hiddenSpellError\">Sacconi<\/span>\u00a0d&#8217;It\u00e0lia.<\/p>\n<p>Mitjan\u00e7ant les activitats proposades pretenem innovar en l&#8217;aprenentatge de les matem\u00e0tiques, fent-les m\u00e9s properes i\u00a0<span class=\"hiddenSpellError\">viv\u00e8ncials<\/span>, potenciant el treball cooperatiu i la interacci\u00f3 entre l&#8217;alumnat. La llengua d&#8217;\u00fas d&#8217;aquest projecte \u00e9s l&#8217;angl\u00e8s.<\/p>\n<p><strong>\u00a0 \u00a0 \u00a0 \u00a0 \u00a0 \u00a0 \u00a0 \u00a0 \u00a0 \u00a0 \u00a0 \u00a0 \u00a0<span style=\"color: #800080;\">KA101<\/span><\/strong><span style=\"color: #800080;\">\u00a0&#8211; 2017-2018: Formaci\u00f3 de l&#8217;equip docent en metodologies actives i innovadores.<\/span><\/p>\n<p>Amb aquest projecte l&#8217;Equip Docent va poder participar en diferents formacions per potenciar les metodologies actives i innovadores. Les formacions es van produir en diferents institucions europees a Utrecht, Flor\u00e8ncia, Roma, Plymouth, Chester i Oxford. Tamb\u00e9 es va realitzar un Job Shadowing de tres mestres a una escola de Londres. Gr\u00e0cies a aquest projecte, a part de millorar la compet\u00e8ncia ling\u00fc\u00edstica de l&#8217;equip docent, es van engegar canvis metodol\u00f2gics com &#8220;Flipped Classroom&#8221; i les \u00e0rees CLIL \/ AICLE.<\/p>\n<p><img loading=\"lazy\" decoding=\"async\" class=\"alignleft\" src=\"http:\/\/agora.xtec.cat\/escolamartinet\/wp-content\/uploads\/usu369\/2015\/11\/logo-alimentazione-benessere-con-mela.png\" width=\"98\" height=\"55\" \/><\/p>\n<p style=\"font-family: 'Helvetica Neue', Helvetica, Helvetica, Arial, sans-serif; font-size: 16px;\"><span style=\"color: #800080;\"><strong>KA 219<\/strong> &#8211; HAPPENS (Health Action Promoting the Physical, Emotional, Nutritional and Social) 2015-2017<\/span> <a href=\"https:\/\/erasmusplushappens.com\/\" target=\"_blank\" rel=\"noopener noreferrer\">https:\/\/erasmusplushappens.com\/<\/a><\/p>\n<p>&nbsp;<\/p>\n<p><a href=\"https:\/\/erasmusplushappens.com\/\" target=\"_blank\" rel=\"noopener noreferrer\"><img loading=\"lazy\" decoding=\"async\" class=\"alignleft\" style=\"font-family: inherit; font-size: 1em;\" src=\"https:\/\/erasmusplushappens.files.wordpress.com\/2016\/03\/cropped-1.png\" width=\"494\" height=\"159\" \/><\/a><\/p>\n<p>&nbsp;<\/p>\n<p>&nbsp;<\/p>\n<p>&nbsp;<\/p>\n<p>&nbsp;<\/p>\n<p><span style=\"font-family: inherit; font-size: 1em;\"><strong>\u00a0 \u00a0 \u00a0 \u00a0 \u00a0 \u00a0 \u00a0 \u00a0 \u00a0 \u00a0 \u00a0 \u00a0<\/strong><\/span><\/p>\n<p style=\"text-align: justify;\">\u00a0<\/p>\n<p>&nbsp;<\/p>\n<p style=\"text-align: justify;\"><span style=\"font-weight: 400;\">El <strong>projecte KA 219 &#8211; HAPPENS (Health Action Promoting the Physical, Emotional, Nutritional and Social)<\/strong> 2015-2017 que es port\u00e0 a terme a la nostra escola s\u2019anomen\u00e0 \u201cHealth Actions Promoting the Physical, Emotional, Nutritional and Social\u201d i va tenir com a objectiu millorar l\u2019estat f\u00edsic, an\u00edmic i de salut del nostre alumnat, professorat i de la comunitat local en general. Es realitzaran activitats per prendre consciencia de la import\u00e0ncia de cuidar el nostre cos, no tan sols per fora sin\u00f3 que tamb\u00e9 per dintre. Ja \u00e9s habitual veure accions que es centren en una millora de la nutrici\u00f3 i de l\u2019estat f\u00edsic, per\u00f2 aquest projecte va m\u00e9s enll\u00e0 i pret\u00e9n que tots i totes comprenguem la import\u00e0ncia que t\u00e9 el saber cuidar tamb\u00e9 de la nostra ment. La nostra escola particip\u00e0 en aquestes accions com coordinadora i responsable d\u2019una associaci\u00f3 en la que participen cinc escoles m\u00e9s d\u2019Europa (Irlanda, Regne Unit, Pol\u00f2nia, It\u00e0lia i Gr\u00e8cia). \u00a0<\/span><\/p>\n<p>&nbsp;<\/p>\n<p style=\"text-align: center;\"><a href=\"http:\/\/agora.xtec.cat\/escolamartinet\/wp-content\/uploads\/usu369\/2015\/09\/IMG_1658.jpg\"><img loading=\"lazy\" decoding=\"async\" class=\"aligncenter wp-image-728 size-large\" src=\"http:\/\/agora.xtec.cat\/escolamartinet\/wp-content\/uploads\/usu369\/2015\/09\/IMG_1658-e1447419428402-1024x619.jpg\" alt=\"IMG_1658\" width=\"1024\" height=\"619\" srcset=\"https:\/\/agora.xtec.cat\/escolamartinet\/wp-content\/uploads\/usu369\/2015\/09\/IMG_1658-e1447419428402-1024x619.jpg 1024w, https:\/\/agora.xtec.cat\/escolamartinet\/wp-content\/uploads\/usu369\/2015\/09\/IMG_1658-e1447419428402-300x181.jpg 300w\" sizes=\"auto, (max-width: 1024px) 100vw, 1024px\" \/><\/a><\/p>\n<p style=\"text-align: justify;\">\u00a0<\/p>\n","protected":false},"excerpt":{"rendered":"<p>ERASMUS + \u00e9s el programa de la Uni\u00f3 Europea en els \u00e0mbits de l&#8217;educaci\u00f3, la formaci\u00f3, la joventut i l&#8217;esport. Aquest est\u00e0 dissenyat per donar suport als pa\u00efsos participants en la utilitzaci\u00f3 del talent hum\u00e0 i el capital social europeu. Tamb\u00e9 pret\u00e9n millorar les oportunitats de cooperaci\u00f3 i mobilitat amb els pa\u00efsos associats, en especial [&hellip;]<\/p>\n","protected":false},"author":1,"featured_media":0,"parent":320,"menu_order":2,"comment_status":"closed","ping_status":"closed","template":"","meta":{"_bbp_topic_count":0,"_bbp_reply_count":0,"_bbp_total_topic_count":0,"_bbp_total_reply_count":0,"_bbp_voice_count":0,"_bbp_anonymous_reply_count":0,"_bbp_topic_count_hidden":0,"_bbp_reply_count_hidden":0,"_bbp_forum_subforum_count":0,"site-sidebar-layout":"default","site-content-layout":"","ast-site-content-layout":"default","site-content-style":"default","site-sidebar-style":"default","ast-global-header-display":"","ast-banner-title-visibility":"","ast-main-header-display":"","ast-hfb-above-header-display":"","ast-hfb-below-header-display":"","ast-hfb-mobile-header-display":"","site-post-title":"","ast-breadcrumbs-content":"","ast-featured-img":"","footer-sml-layout":"","theme-transparent-header-meta":"default","adv-header-id-meta":"","stick-header-meta":"","header-above-stick-meta":"","header-main-stick-meta":"","header-below-stick-meta":"","astra-migrate-meta-layouts":"set","ast-page-background-enabled":"default","ast-page-background-meta":{"desktop":{"background-color":"var(--ast-global-color-4)","background-image":"","background-repeat":"repeat","background-position":"center center","background-size":"auto","background-attachment":"scroll","background-type":"","background-media":"","overlay-type":"","overlay-color":"","overlay-opacity":"","overlay-gradient":""},"tablet":{"background-color":"","background-image":"","background-repeat":"repeat","background-position":"center center","background-size":"auto","background-attachment":"scroll","background-type":"","background-media":"","overlay-type":"","overlay-color":"","overlay-opacity":"","overlay-gradient":""},"mobile":{"background-color":"","background-image":"","background-repeat":"repeat","background-position":"center center","background-size":"auto","background-attachment":"scroll","background-type":"","background-media":"","overlay-type":"","overlay-color":"","overlay-opacity":"","overlay-gradient":""}},"ast-content-background-meta":{"desktop":{"background-color":"var(--ast-global-color-5)","background-image":"","background-repeat":"repeat","background-position":"center center","background-size":"auto","background-attachment":"scroll","background-type":"","background-media":"","overlay-type":"","overlay-color":"","overlay-opacity":"","overlay-gradient":""},"tablet":{"background-color":"var(--ast-global-color-5)","background-image":"","background-repeat":"repeat","background-position":"center center","background-size":"auto","background-attachment":"scroll","background-type":"","background-media":"","overlay-type":"","overlay-color":"","overlay-opacity":"","overlay-gradient":""},"mobile":{"background-color":"var(--ast-global-color-5)","background-image":"","background-repeat":"repeat","background-position":"center center","background-size":"auto","background-attachment":"scroll","background-type":"","background-media":"","overlay-type":"","overlay-color":"","overlay-opacity":"","overlay-gradient":""}},"footnotes":""},"class_list":["post-358","page","type-page","status-publish","hentry"],"post_mailing_queue_ids":[],"_links":{"self":[{"href":"https:\/\/agora.xtec.cat\/escolamartinet\/wp-json\/wp\/v2\/pages\/358","targetHints":{"allow":["GET"]}}],"collection":[{"href":"https:\/\/agora.xtec.cat\/escolamartinet\/wp-json\/wp\/v2\/pages"}],"about":[{"href":"https:\/\/agora.xtec.cat\/escolamartinet\/wp-json\/wp\/v2\/types\/page"}],"author":[{"embeddable":true,"href":"https:\/\/agora.xtec.cat\/escolamartinet\/wp-json\/wp\/v2\/users\/1"}],"replies":[{"embeddable":true,"href":"https:\/\/agora.xtec.cat\/escolamartinet\/wp-json\/wp\/v2\/comments?post=358"}],"version-history":[{"count":4,"href":"https:\/\/agora.xtec.cat\/escolamartinet\/wp-json\/wp\/v2\/pages\/358\/revisions"}],"predecessor-version":[{"id":12727,"href":"https:\/\/agora.xtec.cat\/escolamartinet\/wp-json\/wp\/v2\/pages\/358\/revisions\/12727"}],"up":[{"embeddable":true,"href":"https:\/\/agora.xtec.cat\/escolamartinet\/wp-json\/wp\/v2\/pages\/320"}],"wp:attachment":[{"href":"https:\/\/agora.xtec.cat\/escolamartinet\/wp-json\/wp\/v2\/media?parent=358"}],"curies":[{"name":"wp","href":"https:\/\/api.w.org\/{rel}","templated":true}]}}