{"id":322,"date":"2015-07-07T13:02:43","date_gmt":"2015-07-07T11:02:43","guid":{"rendered":"http:\/\/agora.xtec.cat\/escolamartinet\/?page_id=322"},"modified":"2026-01-27T15:47:29","modified_gmt":"2026-01-27T14:47:29","slug":"comenius","status":"publish","type":"page","link":"https:\/\/agora.xtec.cat\/escolamartinet\/projectes\/tractament-llengues-estrangeres\/comenius\/","title":{"rendered":"Comenius 2013-2015"},"content":{"rendered":"<p style=\"text-align: justify;\">Els programes Comenius (previs als programes Erasmus+) han estat uns programes europeus que han tingut l&#8217;objectiu de refor\u00e7ar la dimensi\u00f3 europea en el terreny de l\u2019educaci\u00f3 infantil, prim\u00e0ria i secund\u00e0ria, promovent la mobilitat i la cooperaci\u00f3 entre les diferents institucions. La Uni\u00f3 Europea subvencionava diferents accions amb la finalitat de desenvolupar projectes educatius conjunts entre l\u2019alumnat i el professorat.<\/p>\n<p style=\"text-align: justify;\"><span style=\"font-weight: 400;\">L\u2019escola Martinet va participar durant els cursos 2013-2015 en el projecte Comenius \u201cMyths, Legends, Fairytales and Culture in Europe\u201d juntament amb escoles de cinc pa\u00efsos europeus: Regne Unit (Esc\u00f2cia), Xipre, Fran\u00e7a, Pol\u00f2nia i Alemanya.\u00a0<\/span><\/p>\n<p style=\"text-align: justify;\"><span style=\"font-weight: 400;\">En el projecte va participar tot l&#8217;alumnat del centre (d&#8217;i3 a 6\u00e8) amb l\u2019objectiu principal d\u2019aprendre el propi patrimoni cultural i el dels altres pa\u00efsos europeus, comprendre la seva import\u00e0ncia, respectar-la i aprendre entre les similituds i difer\u00e8ncies. Vam encoratjar un gran respecte per la nostra cultura tot integrant els principis de diversitat entre tots els participants: alumnat, personal docent, pares i comunitat educativa en general. Mitjan\u00e7ant la promoci\u00f3 de la cooperaci\u00f3 entre escoles europees s\u2019ha intentat enfortir els lligams entre la fam\u00edlia europea. <\/span><\/p>\n<p style=\"text-align: justify;\"><span style=\"font-weight: 400;\">El projecte va estudiar les llegendes locals, mites i contes a partir de tres activitats que van progressar de manera simult\u00e0nia: introducci\u00f3 (con\u00e8ixer nous pa\u00efsos i les seves cultures), desenvolupament (intercanvi de contes de cada cultura) i final (creaci\u00f3 d\u2019un conte europeu entre tots). Aix\u00f2 es va aconseguir mitjan\u00e7ant: <\/span><\/p>\n<ul>\n<li style=\"font-weight: 400; text-align: justify;\"><span style=\"font-weight: 400;\">Intercanvi de llegendes, mites, contes, m\u00fasica, etc. de cada pa\u00eds. <\/span><\/li>\n<li style=\"font-weight: 400; text-align: justify;\"><span style=\"font-weight: 400;\">Desenvolupament d\u2019habilitats ling\u00fc\u00edstiques de tots els participants mitjan\u00e7ant un quadern de frases en totes les lleng\u00fces del projecte. <\/span><\/li>\n<li style=\"font-weight: 400; text-align: justify;\"><span style=\"font-weight: 400;\">\u00das de les TIC per ensenyar a l\u2019alumnat que per compartir resultats i treballar amb altres nens i nenes la dist\u00e0ncia no t\u00e9 per qu\u00e8 ser un obstacle en la cooperaci\u00f3.<\/span><\/li>\n<li style=\"font-weight: 400; text-align: justify;\"><span style=\"font-weight: 400;\">Compondre una can\u00e7\u00f3 entre tots i totes.<\/span><\/li>\n<\/ul>\n<p>&nbsp;<\/p>\n<p style=\"text-align: center;\"><a href=\"http:\/\/agora.xtec.cat\/escolamartinet\/wp-content\/uploads\/usu369\/2015\/09\/Vest\u00edbul.jpg\"><img loading=\"lazy\" decoding=\"async\" class=\"aligncenter wp-image-412 \" src=\"http:\/\/agora.xtec.cat\/escolamartinet\/wp-content\/uploads\/usu369\/2015\/09\/Vest\u00edbul-e1447418171358.jpg\" alt=\"Vest\u00edbul\" width=\"639\" height=\"476\" srcset=\"https:\/\/agora.xtec.cat\/escolamartinet\/wp-content\/uploads\/usu369\/2015\/09\/Vest\u00edbul-e1447418171358.jpg 612w, https:\/\/agora.xtec.cat\/escolamartinet\/wp-content\/uploads\/usu369\/2015\/09\/Vest\u00edbul-e1447418171358-300x224.jpg 300w, https:\/\/agora.xtec.cat\/escolamartinet\/wp-content\/uploads\/usu369\/2015\/09\/Vest\u00edbul-e1447418171358-200x150.jpg 200w\" sizes=\"auto, (max-width: 639px) 100vw, 639px\" \/><\/a><\/p>\n","protected":false},"excerpt":{"rendered":"<p>Els programes Comenius (previs als programes Erasmus+) han estat uns programes europeus que han tingut l&#8217;objectiu de refor\u00e7ar la dimensi\u00f3 europea en el terreny de l\u2019educaci\u00f3 infantil, prim\u00e0ria i secund\u00e0ria, promovent la mobilitat i la cooperaci\u00f3 entre les diferents institucions. La Uni\u00f3 Europea subvencionava diferents accions amb la finalitat de desenvolupar projectes educatius conjunts entre [&hellip;]<\/p>\n","protected":false},"author":1,"featured_media":0,"parent":320,"menu_order":3,"comment_status":"closed","ping_status":"closed","template":"","meta":{"_bbp_topic_count":0,"_bbp_reply_count":0,"_bbp_total_topic_count":0,"_bbp_total_reply_count":0,"_bbp_voice_count":0,"_bbp_anonymous_reply_count":0,"_bbp_topic_count_hidden":0,"_bbp_reply_count_hidden":0,"_bbp_forum_subforum_count":0,"site-sidebar-layout":"default","site-content-layout":"","ast-site-content-layout":"default","site-content-style":"default","site-sidebar-style":"default","ast-global-header-display":"","ast-banner-title-visibility":"","ast-main-header-display":"","ast-hfb-above-header-display":"","ast-hfb-below-header-display":"","ast-hfb-mobile-header-display":"","site-post-title":"","ast-breadcrumbs-content":"","ast-featured-img":"","footer-sml-layout":"","theme-transparent-header-meta":"default","adv-header-id-meta":"","stick-header-meta":"","header-above-stick-meta":"","header-main-stick-meta":"","header-below-stick-meta":"","astra-migrate-meta-layouts":"set","ast-page-background-enabled":"default","ast-page-background-meta":{"desktop":{"background-color":"var(--ast-global-color-4)","background-image":"","background-repeat":"repeat","background-position":"center center","background-size":"auto","background-attachment":"scroll","background-type":"","background-media":"","overlay-type":"","overlay-color":"","overlay-opacity":"","overlay-gradient":""},"tablet":{"background-color":"","background-image":"","background-repeat":"repeat","background-position":"center center","background-size":"auto","background-attachment":"scroll","background-type":"","background-media":"","overlay-type":"","overlay-color":"","overlay-opacity":"","overlay-gradient":""},"mobile":{"background-color":"","background-image":"","background-repeat":"repeat","background-position":"center center","background-size":"auto","background-attachment":"scroll","background-type":"","background-media":"","overlay-type":"","overlay-color":"","overlay-opacity":"","overlay-gradient":""}},"ast-content-background-meta":{"desktop":{"background-color":"var(--ast-global-color-5)","background-image":"","background-repeat":"repeat","background-position":"center center","background-size":"auto","background-attachment":"scroll","background-type":"","background-media":"","overlay-type":"","overlay-color":"","overlay-opacity":"","overlay-gradient":""},"tablet":{"background-color":"var(--ast-global-color-5)","background-image":"","background-repeat":"repeat","background-position":"center center","background-size":"auto","background-attachment":"scroll","background-type":"","background-media":"","overlay-type":"","overlay-color":"","overlay-opacity":"","overlay-gradient":""},"mobile":{"background-color":"var(--ast-global-color-5)","background-image":"","background-repeat":"repeat","background-position":"center center","background-size":"auto","background-attachment":"scroll","background-type":"","background-media":"","overlay-type":"","overlay-color":"","overlay-opacity":"","overlay-gradient":""}},"footnotes":""},"class_list":["post-322","page","type-page","status-publish","hentry"],"post_mailing_queue_ids":[],"_links":{"self":[{"href":"https:\/\/agora.xtec.cat\/escolamartinet\/wp-json\/wp\/v2\/pages\/322","targetHints":{"allow":["GET"]}}],"collection":[{"href":"https:\/\/agora.xtec.cat\/escolamartinet\/wp-json\/wp\/v2\/pages"}],"about":[{"href":"https:\/\/agora.xtec.cat\/escolamartinet\/wp-json\/wp\/v2\/types\/page"}],"author":[{"embeddable":true,"href":"https:\/\/agora.xtec.cat\/escolamartinet\/wp-json\/wp\/v2\/users\/1"}],"replies":[{"embeddable":true,"href":"https:\/\/agora.xtec.cat\/escolamartinet\/wp-json\/wp\/v2\/comments?post=322"}],"version-history":[{"count":5,"href":"https:\/\/agora.xtec.cat\/escolamartinet\/wp-json\/wp\/v2\/pages\/322\/revisions"}],"predecessor-version":[{"id":12726,"href":"https:\/\/agora.xtec.cat\/escolamartinet\/wp-json\/wp\/v2\/pages\/322\/revisions\/12726"}],"up":[{"embeddable":true,"href":"https:\/\/agora.xtec.cat\/escolamartinet\/wp-json\/wp\/v2\/pages\/320"}],"wp:attachment":[{"href":"https:\/\/agora.xtec.cat\/escolamartinet\/wp-json\/wp\/v2\/media?parent=322"}],"curies":[{"name":"wp","href":"https:\/\/api.w.org\/{rel}","templated":true}]}}