{"id":32,"date":"2014-09-18T12:31:33","date_gmt":"2014-09-18T10:31:33","guid":{"rendered":"http:\/\/agora.xtec.cat\/escolamartinet\/?page_id=32"},"modified":"2026-02-02T08:57:08","modified_gmt":"2026-02-02T07:57:08","slug":"calendari-del-curs","status":"publish","type":"page","link":"https:\/\/agora.xtec.cat\/escolamartinet\/families\/calendari-del-curs\/","title":{"rendered":"Calendari del curs 2025-2026"},"content":{"rendered":"\r\n<p>&nbsp;<\/p>\r\n\r\n\r\n\r\n<h4 class=\"wp-block-heading\"><\/h4>\r\n\r\n\r\n\r\n<iframe loading=\"lazy\" src=\"https:\/\/calendar.google.com\/calendar\/embed?src=xtec.cat_t11bvnequ6q8aqm9tckj6fs7k8%40group.calendar.google.com&#038;ctz=Europe%2FMadrid\" style=\"border: 0\" width=\"800\" height=\"600\" frameborder=\"0\" scrolling=\"no\"><\/iframe>\r\n\r\n\r\n\r\n<p><strong>Inici de curs:<\/strong><\/p>\r\n\r\n\r\n\r\n<p>8 de setembre de 2024<\/p>\r\n\r\n\r\n\r\n<h4 class=\"wp-block-heading\">&nbsp;<\/h4>\r\n\r\n\r\n\r\n<h4 class=\"wp-block-heading\"><strong>Vacances:<\/strong><\/h4>\r\n\r\n\r\n\r\n<p>\u00b7 Vacances de Nadal: del 20 de desembre de 2024 al 7 de gener de 2026 (ambd\u00f3s inclosos)<\/p>\r\n\r\n\r\n\r\n<p>\u00b7 Vacances de Pasqua \/ primavera: del 28 de mar\u00e7 al 06 d&#8217;abril de 2026 (ambd\u00f3s inclosos)<\/p>\r\n\r\n\r\n\r\n<p>\u00b7 Vacances d&#8217;estiu: a partir del 20 de juny de 2026.<\/p>\r\n\r\n\r\n\r\n<h4 class=\"wp-block-heading\">&nbsp;<\/h4>\r\n\r\n\r\n\r\n<h4 class=\"wp-block-heading\"><strong>Dies festius de lliure disposici\u00f3:<\/strong><\/h4>\r\n\r\n\r\n\r\n<p>03 de novembre de 2025<\/p>\r\n\r\n\r\n\r\n<p>05 de desembre de 2025<\/p>\r\n\r\n\r\n\r\n<p>16 de febrer de 2026<\/p>\r\n\r\n\r\n\r\n<p>30 d&#8217;abril de 2026<\/p>\r\n\r\n\r\n\r\n<h4 class=\"wp-block-heading\">&nbsp;<\/h4>\r\n\r\n\r\n\r\n<h4 class=\"wp-block-heading\"><strong>Festes locals:<\/strong><\/h4>\r\n\r\n\r\n\r\n<p>25 de maig&nbsp;<\/p>\r\n\r\n\r\n\r\n<p>25 de maig de 2026 (2a Pasqua)<\/p>\r\n\r\n\r\n\r\n<p>05 de juny 2026 (Festa del Corpus)<\/p>\r\n\r\n\r\n\r\n<h4 class=\"wp-block-heading\">&nbsp;<\/h4>\r\n\r\n\r\n\r\n<h4 class=\"wp-block-heading\"><strong>Jornada intensiva:<\/strong><\/h4>\r\n\r\n\r\n\r\n<p>19 de desembre de 2025 i del 08 al 19 de juny de 2026 (ambd\u00f3s inclosos)<\/p>\r\n\r\n\r\n\r\n<p>L\u2019<b>horari lectiu<\/b> del centre \u00e9s de 9 a 12:30 h i de 15:00 a 16:30 h per a tots els alumnes del centre.<\/p>\r\n\r\n\r\n\r\n<p><strong>Jornada intensiva<\/strong>: el dia 19 de desembre de 2025 i a partir del 08 de juny de 2026 es realitza horari compactat de 9 a 13h. (Els alumnes que utilitzen el servei de menjador surten a les 15:30h.)<\/p>\r\n\r\n\r\n\r\n<p>Per als alumnes que inicien l\u2019escolaritzaci\u00f3 a <strong>EI 3<\/strong> s\u2019organitza un breu <strong>per\u00edode d\u2019adaptaci\u00f3<\/strong> que suposa una certa modificaci\u00f3 dels horaris dels dos primers dies de classe, i que es fa saber a les fam\u00edlies en les reunions pr\u00e8vies corresponents.<\/p>\r\n","protected":false},"excerpt":{"rendered":"<p>&nbsp; Inici de curs: 8 de setembre de 2024 &nbsp; Vacances: \u00b7 Vacances de Nadal: del 20 de desembre de 2024 al 7 de gener de 2026 (ambd\u00f3s inclosos) \u00b7 Vacances de Pasqua \/ primavera: del 28 de mar\u00e7 al 06 d&#8217;abril de 2026 (ambd\u00f3s inclosos) \u00b7 Vacances d&#8217;estiu: a partir del 20 de juny [&hellip;]<\/p>\n","protected":false},"author":2,"featured_media":0,"parent":281,"menu_order":1,"comment_status":"closed","ping_status":"closed","template":"","meta":{"_bbp_topic_count":0,"_bbp_reply_count":0,"_bbp_total_topic_count":0,"_bbp_total_reply_count":0,"_bbp_voice_count":0,"_bbp_anonymous_reply_count":0,"_bbp_topic_count_hidden":0,"_bbp_reply_count_hidden":0,"_bbp_forum_subforum_count":0,"site-sidebar-layout":"default","site-content-layout":"","ast-site-content-layout":"default","site-content-style":"default","site-sidebar-style":"default","ast-global-header-display":"","ast-banner-title-visibility":"","ast-main-header-display":"","ast-hfb-above-header-display":"","ast-hfb-below-header-display":"","ast-hfb-mobile-header-display":"","site-post-title":"","ast-breadcrumbs-content":"","ast-featured-img":"","footer-sml-layout":"","theme-transparent-header-meta":"default","adv-header-id-meta":"","stick-header-meta":"","header-above-stick-meta":"","header-main-stick-meta":"","header-below-stick-meta":"","astra-migrate-meta-layouts":"set","ast-page-background-enabled":"default","ast-page-background-meta":{"desktop":{"background-color":"var(--ast-global-color-4)","background-image":"","background-repeat":"repeat","background-position":"center center","background-size":"auto","background-attachment":"scroll","background-type":"","background-media":"","overlay-type":"","overlay-color":"","overlay-opacity":"","overlay-gradient":""},"tablet":{"background-color":"","background-image":"","background-repeat":"repeat","background-position":"center center","background-size":"auto","background-attachment":"scroll","background-type":"","background-media":"","overlay-type":"","overlay-color":"","overlay-opacity":"","overlay-gradient":""},"mobile":{"background-color":"","background-image":"","background-repeat":"repeat","background-position":"center center","background-size":"auto","background-attachment":"scroll","background-type":"","background-media":"","overlay-type":"","overlay-color":"","overlay-opacity":"","overlay-gradient":""}},"ast-content-background-meta":{"desktop":{"background-color":"var(--ast-global-color-5)","background-image":"","background-repeat":"repeat","background-position":"center center","background-size":"auto","background-attachment":"scroll","background-type":"","background-media":"","overlay-type":"","overlay-color":"","overlay-opacity":"","overlay-gradient":""},"tablet":{"background-color":"var(--ast-global-color-5)","background-image":"","background-repeat":"repeat","background-position":"center center","background-size":"auto","background-attachment":"scroll","background-type":"","background-media":"","overlay-type":"","overlay-color":"","overlay-opacity":"","overlay-gradient":""},"mobile":{"background-color":"var(--ast-global-color-5)","background-image":"","background-repeat":"repeat","background-position":"center center","background-size":"auto","background-attachment":"scroll","background-type":"","background-media":"","overlay-type":"","overlay-color":"","overlay-opacity":"","overlay-gradient":""}},"footnotes":""},"class_list":["post-32","page","type-page","status-publish","hentry"],"post_mailing_queue_ids":[],"_links":{"self":[{"href":"https:\/\/agora.xtec.cat\/escolamartinet\/wp-json\/wp\/v2\/pages\/32","targetHints":{"allow":["GET"]}}],"collection":[{"href":"https:\/\/agora.xtec.cat\/escolamartinet\/wp-json\/wp\/v2\/pages"}],"about":[{"href":"https:\/\/agora.xtec.cat\/escolamartinet\/wp-json\/wp\/v2\/types\/page"}],"author":[{"embeddable":true,"href":"https:\/\/agora.xtec.cat\/escolamartinet\/wp-json\/wp\/v2\/users\/2"}],"replies":[{"embeddable":true,"href":"https:\/\/agora.xtec.cat\/escolamartinet\/wp-json\/wp\/v2\/comments?post=32"}],"version-history":[{"count":6,"href":"https:\/\/agora.xtec.cat\/escolamartinet\/wp-json\/wp\/v2\/pages\/32\/revisions"}],"predecessor-version":[{"id":12384,"href":"https:\/\/agora.xtec.cat\/escolamartinet\/wp-json\/wp\/v2\/pages\/32\/revisions\/12384"}],"up":[{"embeddable":true,"href":"https:\/\/agora.xtec.cat\/escolamartinet\/wp-json\/wp\/v2\/pages\/281"}],"wp:attachment":[{"href":"https:\/\/agora.xtec.cat\/escolamartinet\/wp-json\/wp\/v2\/media?parent=32"}],"curies":[{"name":"wp","href":"https:\/\/api.w.org\/{rel}","templated":true}]}}