{"id":28,"date":"2014-09-18T12:29:35","date_gmt":"2014-09-18T12:29:35","guid":{"rendered":"http:\/\/agora.xtec.cat\/escolamartinet\/?page_id=28"},"modified":"2025-02-19T13:16:10","modified_gmt":"2025-02-19T12:16:10","slug":"equiphuma","status":"publish","type":"page","link":"https:\/\/agora.xtec.cat\/escolamartinet\/lescola\/equiphuma\/","title":{"rendered":"Equip hum\u00e0"},"content":{"rendered":"<p style=\"text-align: justify;\">Els professionals de l&#8217;Escola Martinet ens caracteritzem per la participaci\u00f3 activa en moviments d&#8217;innovaci\u00f3 i de renovaci\u00f3 pedag\u00f2gica, per una formaci\u00f3 permanent constant que ens ajudi a millorar la nostra tasca di\u00e0ria. Formem un equip hum\u00e0 il\u00b7lusionat i comprom\u00e8s amb uns objectius a compartir amb les fam\u00edlies.<\/p>\n<p style=\"text-align: justify;\"><span style=\"font-size: 20px;\"><a href=\"http:\/\/agora.xtec.cat\/escolamartinet\/lescola\/consell-escolar\/equip-docent\/\">Equip docent<\/a><\/span><\/p>\n<p style=\"text-align: justify;\"><span style=\"font-size: 20px;\"><a href=\"http:\/\/agora.xtec.cat\/escolamartinet\/lescola\/consell-escolar\/equip-directiu\/\">Equip directiu i de gesti\u00f3<\/a><\/span><\/p>\n<p style=\"text-align: justify;\"><span style=\"font-size: 20px;\"><a href=\"http:\/\/agora.xtec.cat\/escolamartinet\/lescola\/consell-escolar\/personal-dadministracio-i-serveis\/\">Personal d&#8217;administraci\u00f3, serveis i menjador<\/a><\/span><\/p>\n<p style=\"text-align: justify;\">\n","protected":false},"excerpt":{"rendered":"<p>Els professionals de l&#8217;Escola Martinet ens caracteritzem per la participaci\u00f3 activa en moviments d&#8217;innovaci\u00f3 i de renovaci\u00f3 pedag\u00f2gica, per una formaci\u00f3 permanent constant que ens ajudi a millorar la nostra tasca di\u00e0ria. Formem un equip hum\u00e0 il\u00b7lusionat i comprom\u00e8s amb uns objectius a compartir amb les fam\u00edlies. Equip docent Equip directiu i de gesti\u00f3 Personal [&hellip;]<\/p>\n","protected":false},"author":1,"featured_media":0,"parent":22,"menu_order":6,"comment_status":"closed","ping_status":"closed","template":"page-templates\/side-menu.php","meta":{"_bbp_topic_count":0,"_bbp_reply_count":0,"_bbp_total_topic_count":0,"_bbp_total_reply_count":0,"_bbp_voice_count":0,"_bbp_anonymous_reply_count":0,"_bbp_topic_count_hidden":0,"_bbp_reply_count_hidden":0,"_bbp_forum_subforum_count":0,"site-sidebar-layout":"default","site-content-layout":"","ast-site-content-layout":"","site-content-style":"default","site-sidebar-style":"default","ast-global-header-display":"","ast-banner-title-visibility":"","ast-main-header-display":"","ast-hfb-above-header-display":"","ast-hfb-below-header-display":"","ast-hfb-mobile-header-display":"","site-post-title":"","ast-breadcrumbs-content":"","ast-featured-img":"","footer-sml-layout":"","theme-transparent-header-meta":"","adv-header-id-meta":"","stick-header-meta":"","header-above-stick-meta":"","header-main-stick-meta":"","header-below-stick-meta":"","astra-migrate-meta-layouts":"default","ast-page-background-enabled":"default","ast-page-background-meta":{"desktop":{"background-color":"var(--ast-global-color-4)","background-image":"","background-repeat":"repeat","background-position":"center center","background-size":"auto","background-attachment":"scroll","background-type":"","background-media":"","overlay-type":"","overlay-color":"","overlay-opacity":"","overlay-gradient":""},"tablet":{"background-color":"","background-image":"","background-repeat":"repeat","background-position":"center center","background-size":"auto","background-attachment":"scroll","background-type":"","background-media":"","overlay-type":"","overlay-color":"","overlay-opacity":"","overlay-gradient":""},"mobile":{"background-color":"","background-image":"","background-repeat":"repeat","background-position":"center center","background-size":"auto","background-attachment":"scroll","background-type":"","background-media":"","overlay-type":"","overlay-color":"","overlay-opacity":"","overlay-gradient":""}},"ast-content-background-meta":{"desktop":{"background-color":"var(--ast-global-color-5)","background-image":"","background-repeat":"repeat","background-position":"center center","background-size":"auto","background-attachment":"scroll","background-type":"","background-media":"","overlay-type":"","overlay-color":"","overlay-opacity":"","overlay-gradient":""},"tablet":{"background-color":"var(--ast-global-color-5)","background-image":"","background-repeat":"repeat","background-position":"center center","background-size":"auto","background-attachment":"scroll","background-type":"","background-media":"","overlay-type":"","overlay-color":"","overlay-opacity":"","overlay-gradient":""},"mobile":{"background-color":"var(--ast-global-color-5)","background-image":"","background-repeat":"repeat","background-position":"center center","background-size":"auto","background-attachment":"scroll","background-type":"","background-media":"","overlay-type":"","overlay-color":"","overlay-opacity":"","overlay-gradient":""}},"footnotes":""},"class_list":["post-28","page","type-page","status-publish","hentry"],"post_mailing_queue_ids":[],"_links":{"self":[{"href":"https:\/\/agora.xtec.cat\/escolamartinet\/wp-json\/wp\/v2\/pages\/28","targetHints":{"allow":["GET"]}}],"collection":[{"href":"https:\/\/agora.xtec.cat\/escolamartinet\/wp-json\/wp\/v2\/pages"}],"about":[{"href":"https:\/\/agora.xtec.cat\/escolamartinet\/wp-json\/wp\/v2\/types\/page"}],"author":[{"embeddable":true,"href":"https:\/\/agora.xtec.cat\/escolamartinet\/wp-json\/wp\/v2\/users\/1"}],"replies":[{"embeddable":true,"href":"https:\/\/agora.xtec.cat\/escolamartinet\/wp-json\/wp\/v2\/comments?post=28"}],"version-history":[{"count":4,"href":"https:\/\/agora.xtec.cat\/escolamartinet\/wp-json\/wp\/v2\/pages\/28\/revisions"}],"predecessor-version":[{"id":11938,"href":"https:\/\/agora.xtec.cat\/escolamartinet\/wp-json\/wp\/v2\/pages\/28\/revisions\/11938"}],"up":[{"embeddable":true,"href":"https:\/\/agora.xtec.cat\/escolamartinet\/wp-json\/wp\/v2\/pages\/22"}],"wp:attachment":[{"href":"https:\/\/agora.xtec.cat\/escolamartinet\/wp-json\/wp\/v2\/media?parent=28"}],"curies":[{"name":"wp","href":"https:\/\/api.w.org\/{rel}","templated":true}]}}