{"id":277,"date":"2015-07-07T12:50:00","date_gmt":"2015-07-07T11:50:00","guid":{"rendered":"http:\/\/agora.xtec.cat\/escolamartinet\/?page_id=277"},"modified":"2025-02-14T08:33:43","modified_gmt":"2025-02-14T07:33:43","slug":"projectes","status":"publish","type":"page","link":"https:\/\/agora.xtec.cat\/escolamartinet\/projectes\/","title":{"rendered":"Projectes a l&#8217;Escola Martinet"},"content":{"rendered":"<ul class=\"sub-menu menu-odd  menu-depth-1\">\n<li id=\"nav-menu-item-11757\" class=\"sub-menu-item  menu-item-odd menu-item-depth-1 menu-item menu-item-type-post_type menu-item-object-page\"><a class=\"menu-link sub-menu-link\" href=\"https:\/\/agora.xtec.cat\/escolamartinet\/projectes\/treball-per-projectes\/\">Treball per projectes<\/a><\/li>\n<li id=\"nav-menu-item-11758\" class=\"sub-menu-item  menu-item-odd menu-item-depth-1 menu-item menu-item-type-post_type menu-item-object-page menu-item-has-children\"><a class=\"menu-link sub-menu-link\" href=\"https:\/\/agora.xtec.cat\/escolamartinet\/projectes\/tractament-llengues-estrangeres\/\">Tractament lleng\u00fces<\/a>\n<ul class=\"sub-menu menu-even sub-sub-menu menu-depth-2\">\n<li id=\"nav-menu-item-11761\" class=\"sub-menu-item sub-sub-menu-item menu-item-even menu-item-depth-2 menu-item menu-item-type-post_type menu-item-object-page\"><a class=\"menu-link sub-menu-link\" href=\"https:\/\/agora.xtec.cat\/escolamartinet\/projectes\/tractament-llengues-estrangeres\/comenius\/\">Comenius 2013-2015<\/a><\/li>\n<li id=\"nav-menu-item-11760\" class=\"sub-menu-item sub-sub-menu-item menu-item-even menu-item-depth-2 menu-item menu-item-type-post_type menu-item-object-page\"><a class=\"menu-link sub-menu-link\" href=\"https:\/\/agora.xtec.cat\/escolamartinet\/projectes\/tractament-llengues-estrangeres\/erasmus\/\">Projectes Erasmus +<\/a><\/li>\n<li id=\"nav-menu-item-11759\" class=\"sub-menu-item sub-sub-menu-item menu-item-even menu-item-depth-2 menu-item menu-item-type-post_type menu-item-object-page\"><a class=\"menu-link sub-menu-link\" href=\"https:\/\/agora.xtec.cat\/escolamartinet\/projectes\/tractament-llengues-estrangeres\/projecte-gep\/\">Projecte GEP<\/a><\/li>\n<\/ul>\n<\/li>\n<li id=\"nav-menu-item-11790\" class=\"sub-menu-item  menu-item-odd menu-item-depth-1 menu-item menu-item-type-post_type menu-item-object-page\"><a class=\"menu-link sub-menu-link\" href=\"https:\/\/agora.xtec.cat\/escolamartinet\/projectes\/diversitatiinclusio\/\">Diversitat i inclusi\u00f3<\/a><\/li>\n<li id=\"nav-menu-item-11791\" class=\"sub-menu-item  menu-item-odd menu-item-depth-1 menu-item menu-item-type-post_type menu-item-object-page\"><a class=\"menu-link sub-menu-link\" href=\"https:\/\/agora.xtec.cat\/escolamartinet\/projectes\/educacio-emocional\/\">Educaci\u00f3 emocional<\/a><\/li>\n<li id=\"nav-menu-item-11786\" class=\"sub-menu-item  menu-item-odd menu-item-depth-1 menu-item menu-item-type-post_type menu-item-object-page\"><a class=\"menu-link sub-menu-link\" href=\"https:\/\/agora.xtec.cat\/escolamartinet\/projectes\/biblioteca-escolar\/\">Biblioteca escolar<\/a><\/li>\n<li id=\"nav-menu-item-11787\" class=\"sub-menu-item  menu-item-odd menu-item-depth-1 menu-item menu-item-type-post_type menu-item-object-page\"><a class=\"menu-link sub-menu-link\" href=\"https:\/\/agora.xtec.cat\/escolamartinet\/projectes\/escola-verda\/\">Escola Verda<\/a><\/li>\n<li id=\"nav-menu-item-11800\" class=\"sub-menu-item  menu-item-odd menu-item-depth-1 menu-item menu-item-type-post_type menu-item-object-page\"><a class=\"menu-link sub-menu-link\" href=\"https:\/\/agora.xtec.cat\/escolamartinet\/projectes\/espais-dinnovacio-organitzativa-i-metodologica-a-les-aules\/\">Espais d\u2019innovaci\u00f3 organitzativa i metodol\u00f2gica a les aules<\/a><\/li>\n<li id=\"nav-menu-item-11795\" class=\"sub-menu-item  menu-item-odd menu-item-depth-1 menu-item menu-item-type-post_type menu-item-object-page\"><a class=\"menu-link sub-menu-link\" href=\"https:\/\/agora.xtec.cat\/escolamartinet\/projectes\/racons-de-treball\/\">Racons de treball<\/a><\/li>\n<li id=\"nav-menu-item-11799\" class=\"sub-menu-item  menu-item-odd menu-item-depth-1 menu-item menu-item-type-post_type menu-item-object-page\"><a class=\"menu-link sub-menu-link\" href=\"https:\/\/agora.xtec.cat\/escolamartinet\/projectes\/espais-daprenentatge-a-infantil\/\">Espais d\u2019aprenentatge internivells a Infantil<\/a><\/li>\n<li id=\"nav-menu-item-11798\" class=\"sub-menu-item  menu-item-odd menu-item-depth-1 menu-item menu-item-type-post_type menu-item-object-page\"><a class=\"menu-link sub-menu-link\" href=\"https:\/\/agora.xtec.cat\/escolamartinet\/projectes\/projecte-ilec\/\">Projecte ILEC \u2013 Impuls a la lectura<\/a><\/li>\n<li id=\"nav-menu-item-11797\" class=\"sub-menu-item  menu-item-odd menu-item-depth-1 menu-item menu-item-type-post_type menu-item-object-page\"><a class=\"menu-link sub-menu-link\" href=\"https:\/\/agora.xtec.cat\/escolamartinet\/projectes\/noves-tecnologies-tac\/\">Cultura digital i rob\u00f2tica educativa<\/a><\/li>\n<li id=\"nav-menu-item-11789\" class=\"sub-menu-item  menu-item-odd menu-item-depth-1 menu-item menu-item-type-post_type menu-item-object-page\"><a class=\"menu-link sub-menu-link\" href=\"https:\/\/agora.xtec.cat\/escolamartinet\/projectes\/xarxa-de-competencies-basiques\/\">Xarxa de Compet\u00e8ncies (XdC)<\/a><\/li>\n<li id=\"nav-menu-item-11796\" class=\"sub-menu-item  menu-item-odd menu-item-depth-1 menu-item menu-item-type-post_type menu-item-object-page\"><a class=\"menu-link sub-menu-link\" href=\"https:\/\/agora.xtec.cat\/escolamartinet\/projectes\/treball-cooperatiu\/\">Treball cooperatiu<\/a><\/li>\n<li id=\"nav-menu-item-11793\" class=\"sub-menu-item  menu-item-odd menu-item-depth-1 menu-item menu-item-type-post_type menu-item-object-page\"><a class=\"menu-link sub-menu-link\" href=\"https:\/\/agora.xtec.cat\/escolamartinet\/projectes\/hort-escolar\/\">Hort escolar<\/a><\/li>\n<li id=\"nav-menu-item-11794\" class=\"sub-menu-item  menu-item-odd menu-item-depth-1 menu-item menu-item-type-post_type menu-item-object-page\"><a class=\"menu-link sub-menu-link\" href=\"https:\/\/agora.xtec.cat\/escolamartinet\/projectes\/apadrinament-lector-1r-5e\/\">Apadrinament lector 1r \u2013 5\u00e8<\/a><\/li>\n<li id=\"nav-menu-item-11788\" class=\"sub-menu-item  menu-item-odd menu-item-depth-1 menu-item menu-item-type-post_type menu-item-object-page\"><a class=\"menu-link sub-menu-link\" href=\"https:\/\/agora.xtec.cat\/escolamartinet\/projectes\/binding\/\">Binding \u2013 Impuls a la lectura<\/a><\/li>\n<li id=\"nav-menu-item-11801\" class=\"sub-menu-item  menu-item-odd menu-item-depth-1 menu-item menu-item-type-post_type menu-item-object-page\"><a class=\"menu-link sub-menu-link\" href=\"https:\/\/agora.xtec.cat\/escolamartinet\/projectes\/detecciofactors\/\">Projecte de detecci\u00f3 dels factors implicats en el rendiment escolar (Vall d\u2019Hebron \/ Sant Joan de D\u00e9u)<\/a><\/li>\n<li id=\"nav-menu-item-11792\" class=\"sub-menu-item  menu-item-odd menu-item-depth-1 menu-item menu-item-type-post_type menu-item-object-page\"><a class=\"menu-link sub-menu-link\" href=\"https:\/\/agora.xtec.cat\/escolamartinet\/projectes\/escola-formadora\/\">Escola formadora<\/a><\/li>\n<li id=\"nav-menu-item-11785\" class=\"sub-menu-item  menu-item-odd menu-item-depth-1 menu-item menu-item-type-post_type menu-item-object-page\"><a class=\"menu-link sub-menu-link\" href=\"https:\/\/agora.xtec.cat\/escolamartinet\/projectes\/programa-cultura-emprenedora-cueme\/\">Cultura Emprenedora a l\u2019Escola (CuEmE)<\/a><\/li>\n<\/ul>\n<p style=\"text-align: center;\"><a href=\"https:\/\/agora.xtec.cat\/escolamartinet\/wp-content\/uploads\/usu369\/2024\/01\/Projectes-escola-martinet-e1705936628709-1024x959.jpg\"><img loading=\"lazy\" decoding=\"async\" class=\"wp-image-10632  aligncenter\" src=\"https:\/\/agora.xtec.cat\/escolamartinet\/wp-content\/uploads\/usu369\/2024\/01\/Projectes-escola-martinet-e1705936628709-1024x959.jpg\" alt=\"\" width=\"768\" height=\"720\" srcset=\"https:\/\/agora.xtec.cat\/escolamartinet\/wp-content\/uploads\/usu369\/2024\/01\/Projectes-escola-martinet-e1705936628709-1024x959.jpg 1024w, https:\/\/agora.xtec.cat\/escolamartinet\/wp-content\/uploads\/usu369\/2024\/01\/Projectes-escola-martinet-e1705936628709-300x281.jpg 300w, https:\/\/agora.xtec.cat\/escolamartinet\/wp-content\/uploads\/usu369\/2024\/01\/Projectes-escola-martinet-e1705936628709-768x719.jpg 768w, https:\/\/agora.xtec.cat\/escolamartinet\/wp-content\/uploads\/usu369\/2024\/01\/Projectes-escola-martinet-e1705936628709.jpg 1130w\" sizes=\"auto, (max-width: 768px) 100vw, 768px\" \/><\/a><\/p>\n","protected":false},"excerpt":{"rendered":"<p>Treball per projectes Tractament lleng\u00fces Comenius 2013-2015 Projectes Erasmus + Projecte GEP Diversitat i inclusi\u00f3 Educaci\u00f3 emocional Biblioteca escolar Escola Verda Espais d\u2019innovaci\u00f3 organitzativa i metodol\u00f2gica a les aules Racons de treball Espais d\u2019aprenentatge internivells a Infantil Projecte ILEC \u2013 Impuls a la lectura Cultura digital i rob\u00f2tica educativa Xarxa de Compet\u00e8ncies (XdC) Treball cooperatiu [&hellip;]<\/p>\n","protected":false},"author":1,"featured_media":0,"parent":0,"menu_order":0,"comment_status":"closed","ping_status":"closed","template":"page-templates\/side-menu.php","meta":{"_bbp_topic_count":0,"_bbp_reply_count":0,"_bbp_total_topic_count":0,"_bbp_total_reply_count":0,"_bbp_voice_count":0,"_bbp_anonymous_reply_count":0,"_bbp_topic_count_hidden":0,"_bbp_reply_count_hidden":0,"_bbp_forum_subforum_count":0,"site-sidebar-layout":"default","site-content-layout":"","ast-site-content-layout":"","site-content-style":"default","site-sidebar-style":"default","ast-global-header-display":"","ast-banner-title-visibility":"","ast-main-header-display":"","ast-hfb-above-header-display":"","ast-hfb-below-header-display":"","ast-hfb-mobile-header-display":"","site-post-title":"","ast-breadcrumbs-content":"","ast-featured-img":"","footer-sml-layout":"","theme-transparent-header-meta":"","adv-header-id-meta":"","stick-header-meta":"","header-above-stick-meta":"","header-main-stick-meta":"","header-below-stick-meta":"","astra-migrate-meta-layouts":"default","ast-page-background-enabled":"default","ast-page-background-meta":{"desktop":{"background-color":"var(--ast-global-color-4)","background-image":"","background-repeat":"repeat","background-position":"center center","background-size":"auto","background-attachment":"scroll","background-type":"","background-media":"","overlay-type":"","overlay-color":"","overlay-opacity":"","overlay-gradient":""},"tablet":{"background-color":"","background-image":"","background-repeat":"repeat","background-position":"center center","background-size":"auto","background-attachment":"scroll","background-type":"","background-media":"","overlay-type":"","overlay-color":"","overlay-opacity":"","overlay-gradient":""},"mobile":{"background-color":"","background-image":"","background-repeat":"repeat","background-position":"center center","background-size":"auto","background-attachment":"scroll","background-type":"","background-media":"","overlay-type":"","overlay-color":"","overlay-opacity":"","overlay-gradient":""}},"ast-content-background-meta":{"desktop":{"background-color":"var(--ast-global-color-5)","background-image":"","background-repeat":"repeat","background-position":"center center","background-size":"auto","background-attachment":"scroll","background-type":"","background-media":"","overlay-type":"","overlay-color":"","overlay-opacity":"","overlay-gradient":""},"tablet":{"background-color":"var(--ast-global-color-5)","background-image":"","background-repeat":"repeat","background-position":"center center","background-size":"auto","background-attachment":"scroll","background-type":"","background-media":"","overlay-type":"","overlay-color":"","overlay-opacity":"","overlay-gradient":""},"mobile":{"background-color":"var(--ast-global-color-5)","background-image":"","background-repeat":"repeat","background-position":"center center","background-size":"auto","background-attachment":"scroll","background-type":"","background-media":"","overlay-type":"","overlay-color":"","overlay-opacity":"","overlay-gradient":""}},"footnotes":""},"class_list":["post-277","page","type-page","status-publish","hentry"],"post_mailing_queue_ids":[],"_links":{"self":[{"href":"https:\/\/agora.xtec.cat\/escolamartinet\/wp-json\/wp\/v2\/pages\/277","targetHints":{"allow":["GET"]}}],"collection":[{"href":"https:\/\/agora.xtec.cat\/escolamartinet\/wp-json\/wp\/v2\/pages"}],"about":[{"href":"https:\/\/agora.xtec.cat\/escolamartinet\/wp-json\/wp\/v2\/types\/page"}],"author":[{"embeddable":true,"href":"https:\/\/agora.xtec.cat\/escolamartinet\/wp-json\/wp\/v2\/users\/1"}],"replies":[{"embeddable":true,"href":"https:\/\/agora.xtec.cat\/escolamartinet\/wp-json\/wp\/v2\/comments?post=277"}],"version-history":[{"count":5,"href":"https:\/\/agora.xtec.cat\/escolamartinet\/wp-json\/wp\/v2\/pages\/277\/revisions"}],"predecessor-version":[{"id":11919,"href":"https:\/\/agora.xtec.cat\/escolamartinet\/wp-json\/wp\/v2\/pages\/277\/revisions\/11919"}],"wp:attachment":[{"href":"https:\/\/agora.xtec.cat\/escolamartinet\/wp-json\/wp\/v2\/media?parent=277"}],"curies":[{"name":"wp","href":"https:\/\/api.w.org\/{rel}","templated":true}]}}