{"id":250,"date":"2015-07-07T11:54:58","date_gmt":"2015-07-07T09:54:58","guid":{"rendered":"http:\/\/agora.xtec.cat\/escolamartinet\/?page_id=250"},"modified":"2026-01-23T16:32:17","modified_gmt":"2026-01-23T15:32:17","slug":"documentacio","status":"publish","type":"page","link":"https:\/\/agora.xtec.cat\/escolamartinet\/lescola\/documentacio-de-centre\/documentacio\/","title":{"rendered":"Documentaci\u00f3 estrat\u00e8gica i transper\u00e8ncia"},"content":{"rendered":"\r\n<p class=\"has-white-color has-text-color has-link-color wp-elements-371ce96d6b58289a7ffa2422df1fad7a\">\u00a0<\/p>\r\n\r\n\r\n<p class=\"has-medium-font-size\"><a href=\"https:\/\/agora.xtec.cat\/escolamartinet\/wp-content\/uploads\/usu369\/2025\/05\/PEC-Escola-Martinet.pdf\" target=\"_blank\" rel=\"noreferrer noopener\" data-type=\"link\" data-id=\"https:\/\/agora.xtec.cat\/escolamartinet\/wp-content\/uploads\/usu369\/2025\/05\/PEC-Escola-Martinet.pdf\"><strong>Projecte Educatiu del Centre (PEC)<\/strong><\/a><\/p>\r\n\r\n\r\n<p class=\"has-medium-font-size\"><a href=\"https:\/\/agora.xtec.cat\/escolamartinet\/wp-content\/uploads\/usu369\/2024\/07\/NOFC-definitiu-28.5.2024.pdf\" target=\"_blank\" rel=\"noreferrer noopener\" data-type=\"attachment\" data-id=\"11304\"><strong>Normes d&#8217;Organitzaci\u00f3 i Funcionament de centre (NOFC)<\/strong><\/a><\/p>\r\n\r\n\r\n<p class=\"has-medium-font-size\"><a href=\"https:\/\/agora.xtec.cat\/escolamartinet\/wp-content\/uploads\/usu369\/2025\/05\/Pla-Linguistic-del-Centre.pdf\" target=\"_blank\" rel=\"noreferrer noopener\" data-type=\"link\" data-id=\"https:\/\/agora.xtec.cat\/escolamartinet\/wp-content\/uploads\/usu369\/2025\/05\/Pla-Linguistic-del-Centre.pdf\"><strong>Projecte Ling\u00fc\u00edstic del Centre (PLC)<\/strong><\/a><\/p>\r\n\r\n\r\n<p class=\"has-medium-font-size\"><a href=\"https:\/\/agora.xtec.cat\/escolamartinet\/wp-content\/uploads\/usu369\/2026\/01\/PdD_24-28_Extracte.pdf\" target=\"_blank\" rel=\"noopener\"><strong>Projecte de Direcci\u00f3 2024-2028<\/strong><\/a><\/p>\r\n\r\n\r\n<p class=\"has-medium-font-size\"><a href=\"https:\/\/agora.xtec.cat\/escolamartinet\/wp-content\/uploads\/usu369\/2025\/11\/PLA-ANUAL-25-26-v.-web.pdf\" target=\"_blank\" rel=\"noreferrer noopener\"><strong>Pla General Anual 2025-2026<br \/>\r\n<\/strong><\/a><\/p>\r\n\r\n\r\n<p class=\"has-medium-font-size\"><a href=\"https:\/\/agora.xtec.cat\/escolamartinet\/wp-content\/uploads\/usu369\/2025\/02\/Liquidacio-del-pressupost_2024.pdf\" target=\"_blank\" rel=\"noreferrer noopener\" data-type=\"attachment\" data-id=\"11716\"><strong>Liquidaci\u00f3 pressupost\u00e0ria 2024<\/strong><\/a><\/p>\r\n\r\n\r\n\r\n<p class=\"has-medium-font-size\"><a href=\"https:\/\/agora.xtec.cat\/escolamartinet\/wp-content\/uploads\/usu369\/2025\/02\/Dades-del-pressupost_2025.pdf\" target=\"_blank\" rel=\"noreferrer noopener\" data-type=\"attachment\" data-id=\"11717\"><strong>Pressupost 2025<\/strong><\/a><\/p>\r\n\r\n\r\n<p>&nbsp;<\/p>\r\n\r\n\r\n<p>&nbsp;<\/p>\r\n\r\n\r\n<p>&nbsp;<\/p>\r\n\r\n\r\n<p>&nbsp;<\/p>\r\n\r\n\r\n<p>&nbsp;<\/p>\r\n","protected":false},"excerpt":{"rendered":"<p>\u00a0 Projecte Educatiu del Centre (PEC) Normes d&#8217;Organitzaci\u00f3 i Funcionament de centre (NOFC) Projecte Ling\u00fc\u00edstic del Centre (PLC) Projecte de Direcci\u00f3 2024-2028 Pla General Anual 2025-2026 Liquidaci\u00f3 pressupost\u00e0ria 2024 Pressupost 2025 &nbsp; &nbsp; &nbsp; &nbsp; &nbsp;<\/p>\n","protected":false},"author":1,"featured_media":0,"parent":11835,"menu_order":1,"comment_status":"closed","ping_status":"closed","template":"","meta":{"_bbp_topic_count":0,"_bbp_reply_count":0,"_bbp_total_topic_count":0,"_bbp_total_reply_count":0,"_bbp_voice_count":0,"_bbp_anonymous_reply_count":0,"_bbp_topic_count_hidden":0,"_bbp_reply_count_hidden":0,"_bbp_forum_subforum_count":0,"site-sidebar-layout":"default","site-content-layout":"","ast-site-content-layout":"default","site-content-style":"default","site-sidebar-style":"default","ast-global-header-display":"","ast-banner-title-visibility":"","ast-main-header-display":"","ast-hfb-above-header-display":"","ast-hfb-below-header-display":"","ast-hfb-mobile-header-display":"","site-post-title":"","ast-breadcrumbs-content":"","ast-featured-img":"","footer-sml-layout":"","theme-transparent-header-meta":"default","adv-header-id-meta":"","stick-header-meta":"","header-above-stick-meta":"","header-main-stick-meta":"","header-below-stick-meta":"","astra-migrate-meta-layouts":"set","ast-page-background-enabled":"default","ast-page-background-meta":{"desktop":{"background-color":"var(--ast-global-color-4)","background-image":"","background-repeat":"repeat","background-position":"center center","background-size":"auto","background-attachment":"scroll","background-type":"","background-media":"","overlay-type":"","overlay-color":"","overlay-opacity":"","overlay-gradient":""},"tablet":{"background-color":"","background-image":"","background-repeat":"repeat","background-position":"center center","background-size":"auto","background-attachment":"scroll","background-type":"","background-media":"","overlay-type":"","overlay-color":"","overlay-opacity":"","overlay-gradient":""},"mobile":{"background-color":"","background-image":"","background-repeat":"repeat","background-position":"center center","background-size":"auto","background-attachment":"scroll","background-type":"","background-media":"","overlay-type":"","overlay-color":"","overlay-opacity":"","overlay-gradient":""}},"ast-content-background-meta":{"desktop":{"background-color":"var(--ast-global-color-5)","background-image":"","background-repeat":"repeat","background-position":"center center","background-size":"auto","background-attachment":"scroll","background-type":"","background-media":"","overlay-type":"","overlay-color":"","overlay-opacity":"","overlay-gradient":""},"tablet":{"background-color":"var(--ast-global-color-5)","background-image":"","background-repeat":"repeat","background-position":"center center","background-size":"auto","background-attachment":"scroll","background-type":"","background-media":"","overlay-type":"","overlay-color":"","overlay-opacity":"","overlay-gradient":""},"mobile":{"background-color":"var(--ast-global-color-5)","background-image":"","background-repeat":"repeat","background-position":"center center","background-size":"auto","background-attachment":"scroll","background-type":"","background-media":"","overlay-type":"","overlay-color":"","overlay-opacity":"","overlay-gradient":""}},"footnotes":""},"class_list":["post-250","page","type-page","status-publish","hentry"],"post_mailing_queue_ids":[],"_links":{"self":[{"href":"https:\/\/agora.xtec.cat\/escolamartinet\/wp-json\/wp\/v2\/pages\/250","targetHints":{"allow":["GET"]}}],"collection":[{"href":"https:\/\/agora.xtec.cat\/escolamartinet\/wp-json\/wp\/v2\/pages"}],"about":[{"href":"https:\/\/agora.xtec.cat\/escolamartinet\/wp-json\/wp\/v2\/types\/page"}],"author":[{"embeddable":true,"href":"https:\/\/agora.xtec.cat\/escolamartinet\/wp-json\/wp\/v2\/users\/1"}],"replies":[{"embeddable":true,"href":"https:\/\/agora.xtec.cat\/escolamartinet\/wp-json\/wp\/v2\/comments?post=250"}],"version-history":[{"count":6,"href":"https:\/\/agora.xtec.cat\/escolamartinet\/wp-json\/wp\/v2\/pages\/250\/revisions"}],"predecessor-version":[{"id":12696,"href":"https:\/\/agora.xtec.cat\/escolamartinet\/wp-json\/wp\/v2\/pages\/250\/revisions\/12696"}],"up":[{"embeddable":true,"href":"https:\/\/agora.xtec.cat\/escolamartinet\/wp-json\/wp\/v2\/pages\/11835"}],"wp:attachment":[{"href":"https:\/\/agora.xtec.cat\/escolamartinet\/wp-json\/wp\/v2\/media?parent=250"}],"curies":[{"name":"wp","href":"https:\/\/api.w.org\/{rel}","templated":true}]}}