{"id":241,"date":"2015-07-07T11:37:55","date_gmt":"2015-07-07T09:37:55","guid":{"rendered":"http:\/\/agora.xtec.cat\/escolamartinet\/?page_id=241"},"modified":"2025-02-14T11:41:35","modified_gmt":"2025-02-14T10:41:35","slug":"noticies","status":"publish","type":"page","link":"https:\/\/agora.xtec.cat\/escolamartinet\/noticies\/","title":{"rendered":"Not\u00edcies"},"content":{"rendered":"<ul class=\"sub-menu menu-odd  menu-depth-1\">\n<li id=\"nav-menu-item-11815\" class=\"sub-menu-item  menu-item-odd menu-item-depth-1 menu-item menu-item-type-taxonomy menu-item-object-category\"><a class=\"menu-link sub-menu-link\" href=\"https:\/\/agora.xtec.cat\/escolamartinet\/categoria\/general\/\">General<\/a><\/li>\n<li id=\"nav-menu-item-11817\" class=\"sub-menu-item  menu-item-odd menu-item-depth-1 menu-item menu-item-type-taxonomy menu-item-object-category\"><a class=\"menu-link sub-menu-link\" href=\"https:\/\/agora.xtec.cat\/escolamartinet\/categoria\/inicial\/\">Inicial (1r i 2n)<\/a><\/li>\n<li id=\"nav-menu-item-11821\" class=\"sub-menu-item  menu-item-odd menu-item-depth-1 menu-item menu-item-type-taxonomy menu-item-object-category\"><a class=\"menu-link sub-menu-link\" href=\"https:\/\/agora.xtec.cat\/escolamartinet\/categoria\/petits\/\">Petits (EI3, EI4 i EI5)<\/a><\/li>\n<li id=\"nav-menu-item-11816\" class=\"sub-menu-item  menu-item-odd menu-item-depth-1 menu-item menu-item-type-taxonomy menu-item-object-category\"><a class=\"menu-link sub-menu-link\" href=\"https:\/\/agora.xtec.cat\/escolamartinet\/categoria\/grans\/\">Grans (5\u00e8 i 6\u00e8)<\/a><\/li>\n<li id=\"nav-menu-item-11819\" class=\"sub-menu-item  menu-item-odd menu-item-depth-1 menu-item menu-item-type-taxonomy menu-item-object-category\"><a class=\"menu-link sub-menu-link\" href=\"https:\/\/agora.xtec.cat\/escolamartinet\/categoria\/mitjans\/\">Mitjans (3r i 4t)<\/a><\/li>\n<li id=\"nav-menu-item-11812\" class=\"sub-menu-item  menu-item-odd menu-item-depth-1 menu-item menu-item-type-taxonomy menu-item-object-category\"><a class=\"menu-link sub-menu-link\" href=\"https:\/\/agora.xtec.cat\/escolamartinet\/categoria\/english\/\">English<\/a><\/li>\n<li id=\"nav-menu-item-11810\" class=\"sub-menu-item  menu-item-odd menu-item-depth-1 menu-item menu-item-type-taxonomy menu-item-object-category\"><a class=\"menu-link sub-menu-link\" href=\"https:\/\/agora.xtec.cat\/escolamartinet\/categoria\/biblioteca\/\">Biblioteca<\/a><\/li>\n<li id=\"nav-menu-item-11809\" class=\"sub-menu-item  menu-item-odd menu-item-depth-1 menu-item menu-item-type-taxonomy menu-item-object-category\"><a class=\"menu-link sub-menu-link\" href=\"https:\/\/agora.xtec.cat\/escolamartinet\/categoria\/afi\/\">AFI<\/a><\/li>\n<li id=\"nav-menu-item-11811\" class=\"sub-menu-item  menu-item-odd menu-item-depth-1 menu-item menu-item-type-taxonomy menu-item-object-category\"><a class=\"menu-link sub-menu-link\" href=\"https:\/\/agora.xtec.cat\/escolamartinet\/categoria\/educacio-fisica\/\">Educaci\u00f3 F\u00edsica<\/a><\/li>\n<li id=\"nav-menu-item-11820\" class=\"sub-menu-item  menu-item-odd menu-item-depth-1 menu-item menu-item-type-taxonomy menu-item-object-category\"><a class=\"menu-link sub-menu-link\" href=\"https:\/\/agora.xtec.cat\/escolamartinet\/categoria\/musica\/\">M\u00fasica<\/a><\/li>\n<li id=\"nav-menu-item-11813\" class=\"sub-menu-item  menu-item-odd menu-item-depth-1 menu-item menu-item-type-taxonomy menu-item-object-category\"><a class=\"menu-link sub-menu-link\" href=\"https:\/\/agora.xtec.cat\/escolamartinet\/categoria\/erasmus\/\">Erasmus +<\/a><\/li>\n<li id=\"nav-menu-item-11814\" class=\"sub-menu-item  menu-item-odd menu-item-depth-1 menu-item menu-item-type-taxonomy menu-item-object-category\"><a class=\"menu-link sub-menu-link\" href=\"https:\/\/agora.xtec.cat\/escolamartinet\/categoria\/festes\/\">Festes<\/a><\/li>\n<li id=\"nav-menu-item-11818\" class=\"sub-menu-item  menu-item-odd menu-item-depth-1 menu-item menu-item-type-taxonomy menu-item-object-category\"><a class=\"menu-link sub-menu-link\" href=\"https:\/\/agora.xtec.cat\/escolamartinet\/categoria\/lleure\/\">Lleure<\/a><\/li>\n<li id=\"nav-menu-item-11822\" class=\"sub-menu-item  menu-item-odd menu-item-depth-1 menu-item menu-item-type-taxonomy menu-item-object-category\"><a class=\"menu-link sub-menu-link\" href=\"https:\/\/agora.xtec.cat\/escolamartinet\/categoria\/projectes\/\">Projectes<\/a><\/li>\n<li id=\"nav-menu-item-11823\" class=\"sub-menu-item  menu-item-odd menu-item-depth-1 menu-item menu-item-type-taxonomy menu-item-object-category\"><a class=\"menu-link sub-menu-link\" href=\"https:\/\/agora.xtec.cat\/escolamartinet\/categoria\/sortides\/\">Sortides<\/a><\/li>\n<\/ul>\n","protected":false},"excerpt":{"rendered":"<p>General Inicial (1r i 2n) Petits (EI3, EI4 i EI5) Grans (5\u00e8 i 6\u00e8) Mitjans (3r i 4t) English Biblioteca AFI Educaci\u00f3 F\u00edsica M\u00fasica Erasmus + Festes Lleure Projectes Sortides<\/p>\n","protected":false},"author":1,"featured_media":0,"parent":0,"menu_order":0,"comment_status":"closed","ping_status":"closed","template":"","meta":{"_bbp_topic_count":0,"_bbp_reply_count":0,"_bbp_total_topic_count":0,"_bbp_total_reply_count":0,"_bbp_voice_count":0,"_bbp_anonymous_reply_count":0,"_bbp_topic_count_hidden":0,"_bbp_reply_count_hidden":0,"_bbp_forum_subforum_count":0,"site-sidebar-layout":"default","site-content-layout":"","ast-site-content-layout":"","site-content-style":"default","site-sidebar-style":"default","ast-global-header-display":"","ast-banner-title-visibility":"","ast-main-header-display":"","ast-hfb-above-header-display":"","ast-hfb-below-header-display":"","ast-hfb-mobile-header-display":"","site-post-title":"","ast-breadcrumbs-content":"","ast-featured-img":"","footer-sml-layout":"","theme-transparent-header-meta":"","adv-header-id-meta":"","stick-header-meta":"","header-above-stick-meta":"","header-main-stick-meta":"","header-below-stick-meta":"","astra-migrate-meta-layouts":"default","ast-page-background-enabled":"default","ast-page-background-meta":{"desktop":{"background-color":"var(--ast-global-color-4)","background-image":"","background-repeat":"repeat","background-position":"center center","background-size":"auto","background-attachment":"scroll","background-type":"","background-media":"","overlay-type":"","overlay-color":"","overlay-opacity":"","overlay-gradient":""},"tablet":{"background-color":"","background-image":"","background-repeat":"repeat","background-position":"center center","background-size":"auto","background-attachment":"scroll","background-type":"","background-media":"","overlay-type":"","overlay-color":"","overlay-opacity":"","overlay-gradient":""},"mobile":{"background-color":"","background-image":"","background-repeat":"repeat","background-position":"center center","background-size":"auto","background-attachment":"scroll","background-type":"","background-media":"","overlay-type":"","overlay-color":"","overlay-opacity":"","overlay-gradient":""}},"ast-content-background-meta":{"desktop":{"background-color":"var(--ast-global-color-5)","background-image":"","background-repeat":"repeat","background-position":"center center","background-size":"auto","background-attachment":"scroll","background-type":"","background-media":"","overlay-type":"","overlay-color":"","overlay-opacity":"","overlay-gradient":""},"tablet":{"background-color":"var(--ast-global-color-5)","background-image":"","background-repeat":"repeat","background-position":"center center","background-size":"auto","background-attachment":"scroll","background-type":"","background-media":"","overlay-type":"","overlay-color":"","overlay-opacity":"","overlay-gradient":""},"mobile":{"background-color":"var(--ast-global-color-5)","background-image":"","background-repeat":"repeat","background-position":"center center","background-size":"auto","background-attachment":"scroll","background-type":"","background-media":"","overlay-type":"","overlay-color":"","overlay-opacity":"","overlay-gradient":""}},"footnotes":""},"class_list":["post-241","page","type-page","status-publish","hentry"],"post_mailing_queue_ids":[],"_links":{"self":[{"href":"https:\/\/agora.xtec.cat\/escolamartinet\/wp-json\/wp\/v2\/pages\/241","targetHints":{"allow":["GET"]}}],"collection":[{"href":"https:\/\/agora.xtec.cat\/escolamartinet\/wp-json\/wp\/v2\/pages"}],"about":[{"href":"https:\/\/agora.xtec.cat\/escolamartinet\/wp-json\/wp\/v2\/types\/page"}],"author":[{"embeddable":true,"href":"https:\/\/agora.xtec.cat\/escolamartinet\/wp-json\/wp\/v2\/users\/1"}],"replies":[{"embeddable":true,"href":"https:\/\/agora.xtec.cat\/escolamartinet\/wp-json\/wp\/v2\/comments?post=241"}],"version-history":[{"count":4,"href":"https:\/\/agora.xtec.cat\/escolamartinet\/wp-json\/wp\/v2\/pages\/241\/revisions"}],"predecessor-version":[{"id":11916,"href":"https:\/\/agora.xtec.cat\/escolamartinet\/wp-json\/wp\/v2\/pages\/241\/revisions\/11916"}],"wp:attachment":[{"href":"https:\/\/agora.xtec.cat\/escolamartinet\/wp-json\/wp\/v2\/media?parent=241"}],"curies":[{"name":"wp","href":"https:\/\/api.w.org\/{rel}","templated":true}]}}