{"id":225,"date":"2015-07-07T11:23:14","date_gmt":"2015-07-07T10:23:14","guid":{"rendered":"http:\/\/agora.xtec.cat\/escolamartinet\/?page_id=225"},"modified":"2026-01-27T16:21:59","modified_gmt":"2026-01-27T15:21:59","slug":"menjador","status":"publish","type":"page","link":"https:\/\/agora.xtec.cat\/escolamartinet\/organitzacio\/normativa\/menjador\/","title":{"rendered":"Menjador"},"content":{"rendered":"<p style=\"text-align: justify;\">L&#8217;escola disposa d&#8217;un gran equip del menjador a l&#8217;escola. Son coneixedor de les inquietuds que comporta el menjador de l&#8217;escola i dels infants que hi gaudeixen d&#8217;aquest espai.<\/p>\n<p style=\"text-align: justify;\">Informaci\u00f3 a tenir en compte d&#8217;aquest servei:<\/p>\n<ol style=\"text-align: justify;\">\n<li><b>L&#8217;horari per avisar<\/b> si el vostre fill\/a es quedar\u00e0 de forma eventual al menjador es far\u00e0 tots els matins de 9 h a 9.30 h al menjador del centre, o trucant fins a les 9.30 del mat\u00ed al tel\u00e8fon <strong>627.520.489<\/strong>, tamb\u00e9 s&#8217;hauran d&#8217;avisar, fins aquesta hora, si ha d&#8217;haver-hi qualsevol canvi en el men\u00fa (dietes, al\u00b7l\u00e8rgies, etc&#8230;).<\/li>\n<li>Tots els dilluns els\/les nens\/es de P-3 hauran de portar dos<b> pitets<\/b>, durant la setmana, un el dimecres i l&#8217;altre el divendres, us seran tornats per a qu\u00e8 els netegeu.<\/li>\n<li>Cada nen\/a tindr\u00e0 el seu propi<b> llen\u00e7ol<\/b>, aquest ser\u00e0 enviat a casa per tal de qu\u00e8 el netegeu.<\/li>\n<li>Mitjan\u00e7ant un <b>llibret individual<\/b> que us enviarem cada dia dintre de la bosseta del vostre infant, us informarem de com ha menjat, de com ha descansat, en general de la seva evoluci\u00f3 dintre d&#8217;aquest espai i de qualsevol cosa d&#8217;inter\u00e8s que us vulguem fer arribar. Aquest llibret ser\u00e0 una eina molt \u00fatil per mantenir un trasp\u00e0s d&#8217;informaci\u00f3 fluid entre les fam\u00edlies i l&#8217;equip de monitors\/es. A m\u00e9s us volem demanar que els vostres fills i filles el portin cada dia i que tingueu cura d&#8217;ell.<\/li>\n<\/ol>\n<p style=\"text-align: justify;\">\u00a0<\/p>\n","protected":false},"excerpt":{"rendered":"<p>L&#8217;escola disposa d&#8217;un gran equip del menjador a l&#8217;escola. Son coneixedor de les inquietuds que comporta el menjador de l&#8217;escola i dels infants que hi gaudeixen d&#8217;aquest espai. Informaci\u00f3 a tenir en compte d&#8217;aquest servei: L&#8217;horari per avisar si el vostre fill\/a es quedar\u00e0 de forma eventual al menjador es far\u00e0 tots els matins de [&hellip;]<\/p>\n","protected":false},"author":1,"featured_media":0,"parent":214,"menu_order":0,"comment_status":"closed","ping_status":"closed","template":"","meta":{"_bbp_topic_count":0,"_bbp_reply_count":0,"_bbp_total_topic_count":0,"_bbp_total_reply_count":0,"_bbp_voice_count":0,"_bbp_anonymous_reply_count":0,"_bbp_topic_count_hidden":0,"_bbp_reply_count_hidden":0,"_bbp_forum_subforum_count":0,"site-sidebar-layout":"default","site-content-layout":"","ast-site-content-layout":"default","site-content-style":"default","site-sidebar-style":"default","ast-global-header-display":"","ast-banner-title-visibility":"","ast-main-header-display":"","ast-hfb-above-header-display":"","ast-hfb-below-header-display":"","ast-hfb-mobile-header-display":"","site-post-title":"","ast-breadcrumbs-content":"","ast-featured-img":"","footer-sml-layout":"","theme-transparent-header-meta":"default","adv-header-id-meta":"","stick-header-meta":"","header-above-stick-meta":"","header-main-stick-meta":"","header-below-stick-meta":"","astra-migrate-meta-layouts":"set","ast-page-background-enabled":"default","ast-page-background-meta":{"desktop":{"background-color":"var(--ast-global-color-4)","background-image":"","background-repeat":"repeat","background-position":"center center","background-size":"auto","background-attachment":"scroll","background-type":"","background-media":"","overlay-type":"","overlay-color":"","overlay-opacity":"","overlay-gradient":""},"tablet":{"background-color":"","background-image":"","background-repeat":"repeat","background-position":"center center","background-size":"auto","background-attachment":"scroll","background-type":"","background-media":"","overlay-type":"","overlay-color":"","overlay-opacity":"","overlay-gradient":""},"mobile":{"background-color":"","background-image":"","background-repeat":"repeat","background-position":"center center","background-size":"auto","background-attachment":"scroll","background-type":"","background-media":"","overlay-type":"","overlay-color":"","overlay-opacity":"","overlay-gradient":""}},"ast-content-background-meta":{"desktop":{"background-color":"var(--ast-global-color-5)","background-image":"","background-repeat":"repeat","background-position":"center center","background-size":"auto","background-attachment":"scroll","background-type":"","background-media":"","overlay-type":"","overlay-color":"","overlay-opacity":"","overlay-gradient":""},"tablet":{"background-color":"var(--ast-global-color-5)","background-image":"","background-repeat":"repeat","background-position":"center center","background-size":"auto","background-attachment":"scroll","background-type":"","background-media":"","overlay-type":"","overlay-color":"","overlay-opacity":"","overlay-gradient":""},"mobile":{"background-color":"var(--ast-global-color-5)","background-image":"","background-repeat":"repeat","background-position":"center center","background-size":"auto","background-attachment":"scroll","background-type":"","background-media":"","overlay-type":"","overlay-color":"","overlay-opacity":"","overlay-gradient":""}},"footnotes":""},"class_list":["post-225","page","type-page","status-publish","hentry"],"post_mailing_queue_ids":[],"_links":{"self":[{"href":"https:\/\/agora.xtec.cat\/escolamartinet\/wp-json\/wp\/v2\/pages\/225","targetHints":{"allow":["GET"]}}],"collection":[{"href":"https:\/\/agora.xtec.cat\/escolamartinet\/wp-json\/wp\/v2\/pages"}],"about":[{"href":"https:\/\/agora.xtec.cat\/escolamartinet\/wp-json\/wp\/v2\/types\/page"}],"author":[{"embeddable":true,"href":"https:\/\/agora.xtec.cat\/escolamartinet\/wp-json\/wp\/v2\/users\/1"}],"replies":[{"embeddable":true,"href":"https:\/\/agora.xtec.cat\/escolamartinet\/wp-json\/wp\/v2\/comments?post=225"}],"version-history":[{"count":4,"href":"https:\/\/agora.xtec.cat\/escolamartinet\/wp-json\/wp\/v2\/pages\/225\/revisions"}],"predecessor-version":[{"id":12730,"href":"https:\/\/agora.xtec.cat\/escolamartinet\/wp-json\/wp\/v2\/pages\/225\/revisions\/12730"}],"up":[{"embeddable":true,"href":"https:\/\/agora.xtec.cat\/escolamartinet\/wp-json\/wp\/v2\/pages\/214"}],"wp:attachment":[{"href":"https:\/\/agora.xtec.cat\/escolamartinet\/wp-json\/wp\/v2\/media?parent=225"}],"curies":[{"name":"wp","href":"https:\/\/api.w.org\/{rel}","templated":true}]}}