{"id":223,"date":"2015-07-07T11:22:28","date_gmt":"2015-07-07T10:22:28","guid":{"rendered":"http:\/\/agora.xtec.cat\/escolamartinet\/?page_id=223"},"modified":"2023-01-27T13:50:34","modified_gmt":"2023-01-27T12:50:34","slug":"medicaments-i-aspectes-sanitaris","status":"publish","type":"page","link":"https:\/\/agora.xtec.cat\/escolamartinet\/organitzacio\/normativa\/medicaments-i-aspectes-sanitaris\/","title":{"rendered":"Medicaments i aspectes sanitaris"},"content":{"rendered":"<p style=\"text-align: justify;\"><span style=\"color: #000000; font-family: Verdana;\">L&#8217;alumnat ha de venir a l&#8217;escola sempre en bon estat de salut, ja que si es troben malament passen una mala estona. Tampoc ha de venir al centre amb malalties de tipus infecci\u00f3s donat que hi ha molts riscos de contagis (p. ex.: conjuntivitis v\u00edrica, etc.). Tingueu sempre present que l&#8217;escola no pot administrar cap medicament als vostres fills en el cas de qu\u00e8 es trobin malament (febre, mal de cap, mal de panxa, &#8230;). El nostre procediment ser\u00e0 avisar a la fam\u00edlia si considerem que el nen o la nena no est\u00e0 en condicions de romandre a l&#8217;escola.<\/span><\/p>\n<p><span style=\"color: #000000; font-family: Verdana;\">Si alguna criatura ha de prendre alguna medicina en horari escolar caldr\u00e0 que porteu la prescripci\u00f3 m\u00e8dica, on s&#8217;especifiqui el medicament, la dosi i l&#8217;hora que ho ha de prendre. Cal escriure, tamb\u00e9, el nom, la dosi i l&#8217;hora en la capsa del medicament.<\/span><\/p>\n<p><span style=\"color: #000000; font-family: Verdana;\">En cas d&#8217;accident es far\u00e0 la primera cura a l&#8217;escola, si es creu oport\u00fa es trucar\u00e0 a la fam\u00edlia. Si \u00e9s necessari el trasllat a un servei m\u00e8dic, es trucar\u00e0 al 112 per a qu\u00e8 traslladi a l&#8217;infant i a la vegada es trucar\u00e0 a la fam\u00edlia. Si la fam\u00edlia no hi \u00e9s en el moment del trasllat, personal del centre acompanyar\u00e0 al nen o a la nena.<\/span><\/p>\n<p><span style=\"color: #000000; font-family: Verdana;\">En el cas de qu\u00e8 detecteu pediculosi (<b>polls al cap<\/b>) us preguem que ho comuniqueu a l&#8217;escola, inicieu r\u00e0pidament el tractament i tingueu el nen o la nena a casa fins que s&#8217;hagi solucionat el problema. L&#8217;escola lliurar\u00e0 una circular orientadora del tractament a seguir i de la previsi\u00f3 necess\u00e0ria.<\/span><\/p>\n","protected":false},"excerpt":{"rendered":"<p>L&#8217;alumnat ha de venir a l&#8217;escola sempre en bon estat de salut, ja que si es troben malament passen una mala estona. Tampoc ha de venir al centre amb malalties de tipus infecci\u00f3s donat que hi ha molts riscos de contagis (p. ex.: conjuntivitis v\u00edrica, etc.). Tingueu sempre present que l&#8217;escola no pot administrar cap [&hellip;]<\/p>\n","protected":false},"author":1,"featured_media":0,"parent":214,"menu_order":0,"comment_status":"closed","ping_status":"closed","template":"page-templates\/side-menu.php","meta":{"_bbp_topic_count":0,"_bbp_reply_count":0,"_bbp_total_topic_count":0,"_bbp_total_reply_count":0,"_bbp_voice_count":0,"_bbp_anonymous_reply_count":0,"_bbp_topic_count_hidden":0,"_bbp_reply_count_hidden":0,"_bbp_forum_subforum_count":0,"site-sidebar-layout":"default","site-content-layout":"","ast-site-content-layout":"","site-content-style":"default","site-sidebar-style":"default","ast-global-header-display":"","ast-banner-title-visibility":"","ast-main-header-display":"","ast-hfb-above-header-display":"","ast-hfb-below-header-display":"","ast-hfb-mobile-header-display":"","site-post-title":"","ast-breadcrumbs-content":"","ast-featured-img":"","footer-sml-layout":"","theme-transparent-header-meta":"","adv-header-id-meta":"","stick-header-meta":"","header-above-stick-meta":"","header-main-stick-meta":"","header-below-stick-meta":"","astra-migrate-meta-layouts":"default","ast-page-background-enabled":"default","ast-page-background-meta":{"desktop":{"background-color":"var(--ast-global-color-4)","background-image":"","background-repeat":"repeat","background-position":"center center","background-size":"auto","background-attachment":"scroll","background-type":"","background-media":"","overlay-type":"","overlay-color":"","overlay-opacity":"","overlay-gradient":""},"tablet":{"background-color":"","background-image":"","background-repeat":"repeat","background-position":"center center","background-size":"auto","background-attachment":"scroll","background-type":"","background-media":"","overlay-type":"","overlay-color":"","overlay-opacity":"","overlay-gradient":""},"mobile":{"background-color":"","background-image":"","background-repeat":"repeat","background-position":"center center","background-size":"auto","background-attachment":"scroll","background-type":"","background-media":"","overlay-type":"","overlay-color":"","overlay-opacity":"","overlay-gradient":""}},"ast-content-background-meta":{"desktop":{"background-color":"var(--ast-global-color-5)","background-image":"","background-repeat":"repeat","background-position":"center center","background-size":"auto","background-attachment":"scroll","background-type":"","background-media":"","overlay-type":"","overlay-color":"","overlay-opacity":"","overlay-gradient":""},"tablet":{"background-color":"var(--ast-global-color-5)","background-image":"","background-repeat":"repeat","background-position":"center center","background-size":"auto","background-attachment":"scroll","background-type":"","background-media":"","overlay-type":"","overlay-color":"","overlay-opacity":"","overlay-gradient":""},"mobile":{"background-color":"var(--ast-global-color-5)","background-image":"","background-repeat":"repeat","background-position":"center center","background-size":"auto","background-attachment":"scroll","background-type":"","background-media":"","overlay-type":"","overlay-color":"","overlay-opacity":"","overlay-gradient":""}},"footnotes":""},"class_list":["post-223","page","type-page","status-publish","hentry"],"post_mailing_queue_ids":[],"_links":{"self":[{"href":"https:\/\/agora.xtec.cat\/escolamartinet\/wp-json\/wp\/v2\/pages\/223","targetHints":{"allow":["GET"]}}],"collection":[{"href":"https:\/\/agora.xtec.cat\/escolamartinet\/wp-json\/wp\/v2\/pages"}],"about":[{"href":"https:\/\/agora.xtec.cat\/escolamartinet\/wp-json\/wp\/v2\/types\/page"}],"author":[{"embeddable":true,"href":"https:\/\/agora.xtec.cat\/escolamartinet\/wp-json\/wp\/v2\/users\/1"}],"replies":[{"embeddable":true,"href":"https:\/\/agora.xtec.cat\/escolamartinet\/wp-json\/wp\/v2\/comments?post=223"}],"version-history":[{"count":2,"href":"https:\/\/agora.xtec.cat\/escolamartinet\/wp-json\/wp\/v2\/pages\/223\/revisions"}],"predecessor-version":[{"id":9667,"href":"https:\/\/agora.xtec.cat\/escolamartinet\/wp-json\/wp\/v2\/pages\/223\/revisions\/9667"}],"up":[{"embeddable":true,"href":"https:\/\/agora.xtec.cat\/escolamartinet\/wp-json\/wp\/v2\/pages\/214"}],"wp:attachment":[{"href":"https:\/\/agora.xtec.cat\/escolamartinet\/wp-json\/wp\/v2\/media?parent=223"}],"curies":[{"name":"wp","href":"https:\/\/api.w.org\/{rel}","templated":true}]}}