{"id":221,"date":"2015-07-07T11:21:39","date_gmt":"2015-07-07T09:21:39","guid":{"rendered":"http:\/\/agora.xtec.cat\/escolamartinet\/?page_id=221"},"modified":"2023-01-27T13:52:35","modified_gmt":"2023-01-27T12:52:35","slug":"esmorzars-i-aniversaris","status":"publish","type":"page","link":"https:\/\/agora.xtec.cat\/escolamartinet\/organitzacio\/normativa\/esmorzars-i-aniversaris\/","title":{"rendered":"Esmorzars i aniversaris"},"content":{"rendered":"<div style=\"text-align: justify;\"><span style=\"color: #000000; font-family: Verdana;\">Cal que els alumnes esmorzin b\u00e9 a casa. Per afavorir l&#8217;adquisici\u00f3 de bons h\u00e0bits d&#8217;alimentaci\u00f3, els nens i les nenes podran portar per esmorzar un petit entrep\u00e0 o una pe\u00e7a de fruita, cal evitar la bolleria industrial. Els dimecres \u00e9s el dia de la fruita i, per tant, encoratgem portar fruita per esmorzar.\u00a0 No es podran portar ni sucs, ni iogurts, ni actimels.<\/span><\/div>\n<div style=\"text-align: justify;\"><span style=\"color: #000000; font-family: Verdana;\">\u00a0<\/span><\/div>\n<div style=\"text-align: justify;\"><span style=\"color: #000000; font-family: Verdana;\">Com a l&#8217;escola eduquem per la sostenibilitat, us demanem que l&#8217;esmorzar es porti dins d&#8217;una carmanyola, d&#8217;aquesta manera produ\u00efm menys residus.<\/span><\/div>\n<div style=\"text-align: justify;\"><span style=\"color: #000000; font-family: Verdana;\">\u00a0<\/span><\/div>\n<div style=\"text-align: justify;\"><span style=\"color: #000000; font-family: Verdana;\">Si es vol celebrar a l&#8217;escola l&#8217;aniversari del nen o de la nena, s&#8217;avisar\u00e0 al\/a la tutor\/a dies abans per tal de planificar-ho. No s&#8217;accepta cap tipus de llaminadura ni es repartiran invitaciones a festes particulars (llevat dels cassos que tota la classe estigui convidada).<\/span><\/div>\n","protected":false},"excerpt":{"rendered":"<p>Cal que els alumnes esmorzin b\u00e9 a casa. Per afavorir l&#8217;adquisici\u00f3 de bons h\u00e0bits d&#8217;alimentaci\u00f3, els nens i les nenes podran portar per esmorzar un petit entrep\u00e0 o una pe\u00e7a de fruita, cal evitar la bolleria industrial. Els dimecres \u00e9s el dia de la fruita i, per tant, encoratgem portar fruita per esmorzar.\u00a0 No es [&hellip;]<\/p>\n","protected":false},"author":1,"featured_media":0,"parent":214,"menu_order":0,"comment_status":"closed","ping_status":"closed","template":"page-templates\/side-menu.php","meta":{"_bbp_topic_count":0,"_bbp_reply_count":0,"_bbp_total_topic_count":0,"_bbp_total_reply_count":0,"_bbp_voice_count":0,"_bbp_anonymous_reply_count":0,"_bbp_topic_count_hidden":0,"_bbp_reply_count_hidden":0,"_bbp_forum_subforum_count":0,"site-sidebar-layout":"default","site-content-layout":"","ast-site-content-layout":"","site-content-style":"default","site-sidebar-style":"default","ast-global-header-display":"","ast-banner-title-visibility":"","ast-main-header-display":"","ast-hfb-above-header-display":"","ast-hfb-below-header-display":"","ast-hfb-mobile-header-display":"","site-post-title":"","ast-breadcrumbs-content":"","ast-featured-img":"","footer-sml-layout":"","theme-transparent-header-meta":"","adv-header-id-meta":"","stick-header-meta":"","header-above-stick-meta":"","header-main-stick-meta":"","header-below-stick-meta":"","astra-migrate-meta-layouts":"default","ast-page-background-enabled":"default","ast-page-background-meta":{"desktop":{"background-color":"var(--ast-global-color-4)","background-image":"","background-repeat":"repeat","background-position":"center center","background-size":"auto","background-attachment":"scroll","background-type":"","background-media":"","overlay-type":"","overlay-color":"","overlay-opacity":"","overlay-gradient":""},"tablet":{"background-color":"","background-image":"","background-repeat":"repeat","background-position":"center center","background-size":"auto","background-attachment":"scroll","background-type":"","background-media":"","overlay-type":"","overlay-color":"","overlay-opacity":"","overlay-gradient":""},"mobile":{"background-color":"","background-image":"","background-repeat":"repeat","background-position":"center center","background-size":"auto","background-attachment":"scroll","background-type":"","background-media":"","overlay-type":"","overlay-color":"","overlay-opacity":"","overlay-gradient":""}},"ast-content-background-meta":{"desktop":{"background-color":"var(--ast-global-color-5)","background-image":"","background-repeat":"repeat","background-position":"center center","background-size":"auto","background-attachment":"scroll","background-type":"","background-media":"","overlay-type":"","overlay-color":"","overlay-opacity":"","overlay-gradient":""},"tablet":{"background-color":"var(--ast-global-color-5)","background-image":"","background-repeat":"repeat","background-position":"center center","background-size":"auto","background-attachment":"scroll","background-type":"","background-media":"","overlay-type":"","overlay-color":"","overlay-opacity":"","overlay-gradient":""},"mobile":{"background-color":"var(--ast-global-color-5)","background-image":"","background-repeat":"repeat","background-position":"center center","background-size":"auto","background-attachment":"scroll","background-type":"","background-media":"","overlay-type":"","overlay-color":"","overlay-opacity":"","overlay-gradient":""}},"footnotes":""},"class_list":["post-221","page","type-page","status-publish","hentry"],"post_mailing_queue_ids":[],"_links":{"self":[{"href":"https:\/\/agora.xtec.cat\/escolamartinet\/wp-json\/wp\/v2\/pages\/221","targetHints":{"allow":["GET"]}}],"collection":[{"href":"https:\/\/agora.xtec.cat\/escolamartinet\/wp-json\/wp\/v2\/pages"}],"about":[{"href":"https:\/\/agora.xtec.cat\/escolamartinet\/wp-json\/wp\/v2\/types\/page"}],"author":[{"embeddable":true,"href":"https:\/\/agora.xtec.cat\/escolamartinet\/wp-json\/wp\/v2\/users\/1"}],"replies":[{"embeddable":true,"href":"https:\/\/agora.xtec.cat\/escolamartinet\/wp-json\/wp\/v2\/comments?post=221"}],"version-history":[{"count":2,"href":"https:\/\/agora.xtec.cat\/escolamartinet\/wp-json\/wp\/v2\/pages\/221\/revisions"}],"predecessor-version":[{"id":9668,"href":"https:\/\/agora.xtec.cat\/escolamartinet\/wp-json\/wp\/v2\/pages\/221\/revisions\/9668"}],"up":[{"embeddable":true,"href":"https:\/\/agora.xtec.cat\/escolamartinet\/wp-json\/wp\/v2\/pages\/214"}],"wp:attachment":[{"href":"https:\/\/agora.xtec.cat\/escolamartinet\/wp-json\/wp\/v2\/media?parent=221"}],"curies":[{"name":"wp","href":"https:\/\/api.w.org\/{rel}","templated":true}]}}