{"id":22,"date":"2014-09-18T12:19:57","date_gmt":"2014-09-18T12:19:57","guid":{"rendered":"http:\/\/agora.xtec.cat\/escolamartinet\/?page_id=22"},"modified":"2025-02-14T11:50:32","modified_gmt":"2025-02-14T10:50:32","slug":"lescola","status":"publish","type":"page","link":"https:\/\/agora.xtec.cat\/escolamartinet\/lescola\/","title":{"rendered":"L&#8217;Escola"},"content":{"rendered":"<ul class=\"sub-menu menu-odd  menu-depth-1\">\n<li id=\"nav-menu-item-11763\" class=\"sub-menu-item  menu-item-odd menu-item-depth-1 menu-item menu-item-type-post_type menu-item-object-page\"><a class=\"menu-link sub-menu-link\" href=\"https:\/\/agora.xtec.cat\/escolamartinet\/lescola\/on-som\/\">On som<\/a><\/li>\n<li id=\"nav-menu-item-11764\" class=\"sub-menu-item  menu-item-odd menu-item-depth-1 menu-item menu-item-type-post_type menu-item-object-page\"><a class=\"menu-link sub-menu-link\" href=\"https:\/\/agora.xtec.cat\/escolamartinet\/lescola\/historia\/\">Hist\u00f2ria<\/a><\/li>\n<li id=\"nav-menu-item-11765\" class=\"sub-menu-item  menu-item-odd menu-item-depth-1 menu-item menu-item-type-post_type menu-item-object-page\"><a class=\"menu-link sub-menu-link\" href=\"https:\/\/agora.xtec.cat\/escolamartinet\/lescola\/projecte-educatiu\/\">El projecte educatiu<\/a><\/li>\n<li id=\"nav-menu-item-11782\" class=\"sub-menu-item  menu-item-odd menu-item-depth-1 menu-item menu-item-type-post_type menu-item-object-page\"><a class=\"menu-link sub-menu-link\" href=\"https:\/\/agora.xtec.cat\/escolamartinet\/lescola\/instal%c2%b7lacions\/\">Espais i instal\u00b7lacions<\/a><\/li>\n<li id=\"nav-menu-item-11838\" class=\"sub-menu-item  menu-item-odd menu-item-depth-1 menu-item menu-item-type-post_type menu-item-object-page menu-item-has-children\"><a class=\"menu-link sub-menu-link\" href=\"https:\/\/agora.xtec.cat\/escolamartinet\/lescola\/documentacio-de-centre\/\">Documentaci\u00f3 de centre<\/a>\n<ul class=\"sub-menu menu-even sub-sub-menu menu-depth-2\">\n<li id=\"nav-menu-item-11839\" class=\"sub-menu-item sub-sub-menu-item menu-item-even menu-item-depth-2 menu-item menu-item-type-post_type menu-item-object-page\"><a class=\"menu-link sub-menu-link\" href=\"https:\/\/agora.xtec.cat\/escolamartinet\/lescola\/documentacio-de-centre\/documentacio\/\">Documentaci\u00f3 estrat\u00e8gica i transpar\u00e8ncia<\/a><\/li>\n<li id=\"nav-menu-item-11840\" class=\"sub-menu-item sub-sub-menu-item menu-item-even menu-item-depth-2 menu-item menu-item-type-post_type menu-item-object-page\"><a class=\"menu-link sub-menu-link\" href=\"https:\/\/agora.xtec.cat\/escolamartinet\/lescola\/documentacio-de-centre\/autoritzacions\/\">Autoritzacions i carta de comprom\u00eds<\/a><\/li>\n<li id=\"nav-menu-item-11870\" class=\"sub-menu-item sub-sub-menu-item menu-item-even menu-item-depth-2 menu-item menu-item-type-post_type menu-item-object-page\"><a class=\"menu-link sub-menu-link\" href=\"https:\/\/agora.xtec.cat\/escolamartinet\/lescola\/documentacio-de-centre\/document-inici-de-curs-24-25\/\">Document inici de curs 24-25<\/a><\/li>\n<\/ul>\n<\/li>\n<li id=\"nav-menu-item-11781\" class=\"sub-menu-item  menu-item-odd menu-item-depth-1 menu-item menu-item-type-post_type menu-item-object-page menu-item-has-children\"><a class=\"menu-link sub-menu-link\" href=\"https:\/\/agora.xtec.cat\/escolamartinet\/lescola\/equiphuma\/\">Equip hum\u00e0<\/a>\n<ul class=\"sub-menu menu-even sub-sub-menu menu-depth-2\">\n<li id=\"nav-menu-item-11777\" class=\"sub-menu-item sub-sub-menu-item menu-item-even menu-item-depth-2 menu-item menu-item-type-post_type menu-item-object-page\"><a class=\"menu-link sub-menu-link\" href=\"https:\/\/agora.xtec.cat\/escolamartinet\/lescola\/equiphuma\/equip-docent\/\">Equip docent<\/a><\/li>\n<li id=\"nav-menu-item-11778\" class=\"sub-menu-item sub-sub-menu-item menu-item-even menu-item-depth-2 menu-item menu-item-type-post_type menu-item-object-page\"><a class=\"menu-link sub-menu-link\" href=\"https:\/\/agora.xtec.cat\/escolamartinet\/lescola\/equiphuma\/personal-dadministracio-i-serveis\/\">Personal d\u2019administraci\u00f3, serveis i menjador<\/a><\/li>\n<li id=\"nav-menu-item-11776\" class=\"sub-menu-item sub-sub-menu-item menu-item-even menu-item-depth-2 menu-item menu-item-type-post_type menu-item-object-page\"><a class=\"menu-link sub-menu-link\" href=\"https:\/\/agora.xtec.cat\/escolamartinet\/lescola\/equiphuma\/equip-directiu\/\">Equip directiu i de gesti\u00f3<\/a><\/li>\n<\/ul>\n<\/li>\n<li id=\"nav-menu-item-11780\" class=\"sub-menu-item  menu-item-odd menu-item-depth-1 menu-item menu-item-type-post_type menu-item-object-page menu-item-has-children\"><a class=\"menu-link sub-menu-link\" href=\"https:\/\/agora.xtec.cat\/escolamartinet\/lescola\/consell-escolar-2\/\">Consell escolar<\/a>\n<ul class=\"sub-menu menu-even sub-sub-menu menu-depth-2\">\n<li id=\"nav-menu-item-11773\" class=\"sub-menu-item sub-sub-menu-item menu-item-even menu-item-depth-2 menu-item menu-item-type-post_type menu-item-object-page\"><a class=\"menu-link sub-menu-link\" href=\"https:\/\/agora.xtec.cat\/escolamartinet\/lescola\/consell-escolar-2\/consell-escolar-actual\/\">Consell escolar actual<\/a><\/li>\n<li id=\"nav-menu-item-11774\" class=\"sub-menu-item sub-sub-menu-item menu-item-even menu-item-depth-2 menu-item menu-item-type-post_type menu-item-object-page\"><a class=\"menu-link sub-menu-link\" href=\"https:\/\/agora.xtec.cat\/escolamartinet\/lescola\/consell-escolar-2\/consells-escolars-anteriors\/\">Consells escolars anteriors<\/a><\/li>\n<li id=\"nav-menu-item-11775\" class=\"sub-menu-item sub-sub-menu-item menu-item-even menu-item-depth-2 menu-item menu-item-type-post_type menu-item-object-page\"><a class=\"menu-link sub-menu-link\" href=\"https:\/\/agora.xtec.cat\/escolamartinet\/lescola\/consell-escolar-2\/actes\/\">Actes Consell Escolar<\/a><\/li>\n<\/ul>\n<\/li>\n<\/ul>\n","protected":false},"excerpt":{"rendered":"<p>On som Hist\u00f2ria El projecte educatiu Espais i instal\u00b7lacions Documentaci\u00f3 de centre Documentaci\u00f3 estrat\u00e8gica i transpar\u00e8ncia Autoritzacions i carta de comprom\u00eds Document inici de curs 24-25 Equip hum\u00e0 Equip docent Personal d\u2019administraci\u00f3, serveis i menjador Equip directiu i de gesti\u00f3 Consell escolar Consell escolar actual Consells escolars anteriors Actes Consell Escolar<\/p>\n","protected":false},"author":2,"featured_media":0,"parent":0,"menu_order":0,"comment_status":"closed","ping_status":"closed","template":"page-templates\/side-menu.php","meta":{"_bbp_topic_count":0,"_bbp_reply_count":0,"_bbp_total_topic_count":0,"_bbp_total_reply_count":0,"_bbp_voice_count":0,"_bbp_anonymous_reply_count":0,"_bbp_topic_count_hidden":0,"_bbp_reply_count_hidden":0,"_bbp_forum_subforum_count":0,"site-sidebar-layout":"default","site-content-layout":"","ast-site-content-layout":"","site-content-style":"default","site-sidebar-style":"default","ast-global-header-display":"","ast-banner-title-visibility":"","ast-main-header-display":"","ast-hfb-above-header-display":"","ast-hfb-below-header-display":"","ast-hfb-mobile-header-display":"","site-post-title":"","ast-breadcrumbs-content":"","ast-featured-img":"","footer-sml-layout":"","theme-transparent-header-meta":"","adv-header-id-meta":"","stick-header-meta":"","header-above-stick-meta":"","header-main-stick-meta":"","header-below-stick-meta":"","astra-migrate-meta-layouts":"default","ast-page-background-enabled":"default","ast-page-background-meta":{"desktop":{"background-color":"var(--ast-global-color-4)","background-image":"","background-repeat":"repeat","background-position":"center center","background-size":"auto","background-attachment":"scroll","background-type":"","background-media":"","overlay-type":"","overlay-color":"","overlay-opacity":"","overlay-gradient":""},"tablet":{"background-color":"","background-image":"","background-repeat":"repeat","background-position":"center center","background-size":"auto","background-attachment":"scroll","background-type":"","background-media":"","overlay-type":"","overlay-color":"","overlay-opacity":"","overlay-gradient":""},"mobile":{"background-color":"","background-image":"","background-repeat":"repeat","background-position":"center center","background-size":"auto","background-attachment":"scroll","background-type":"","background-media":"","overlay-type":"","overlay-color":"","overlay-opacity":"","overlay-gradient":""}},"ast-content-background-meta":{"desktop":{"background-color":"var(--ast-global-color-5)","background-image":"","background-repeat":"repeat","background-position":"center center","background-size":"auto","background-attachment":"scroll","background-type":"","background-media":"","overlay-type":"","overlay-color":"","overlay-opacity":"","overlay-gradient":""},"tablet":{"background-color":"var(--ast-global-color-5)","background-image":"","background-repeat":"repeat","background-position":"center center","background-size":"auto","background-attachment":"scroll","background-type":"","background-media":"","overlay-type":"","overlay-color":"","overlay-opacity":"","overlay-gradient":""},"mobile":{"background-color":"var(--ast-global-color-5)","background-image":"","background-repeat":"repeat","background-position":"center center","background-size":"auto","background-attachment":"scroll","background-type":"","background-media":"","overlay-type":"","overlay-color":"","overlay-opacity":"","overlay-gradient":""}},"footnotes":""},"class_list":["post-22","page","type-page","status-publish","hentry"],"post_mailing_queue_ids":[],"_links":{"self":[{"href":"https:\/\/agora.xtec.cat\/escolamartinet\/wp-json\/wp\/v2\/pages\/22","targetHints":{"allow":["GET"]}}],"collection":[{"href":"https:\/\/agora.xtec.cat\/escolamartinet\/wp-json\/wp\/v2\/pages"}],"about":[{"href":"https:\/\/agora.xtec.cat\/escolamartinet\/wp-json\/wp\/v2\/types\/page"}],"author":[{"embeddable":true,"href":"https:\/\/agora.xtec.cat\/escolamartinet\/wp-json\/wp\/v2\/users\/2"}],"replies":[{"embeddable":true,"href":"https:\/\/agora.xtec.cat\/escolamartinet\/wp-json\/wp\/v2\/comments?post=22"}],"version-history":[{"count":6,"href":"https:\/\/agora.xtec.cat\/escolamartinet\/wp-json\/wp\/v2\/pages\/22\/revisions"}],"predecessor-version":[{"id":11924,"href":"https:\/\/agora.xtec.cat\/escolamartinet\/wp-json\/wp\/v2\/pages\/22\/revisions\/11924"}],"wp:attachment":[{"href":"https:\/\/agora.xtec.cat\/escolamartinet\/wp-json\/wp\/v2\/media?parent=22"}],"curies":[{"name":"wp","href":"https:\/\/api.w.org\/{rel}","templated":true}]}}