{"id":1746,"date":"2016-10-07T15:21:50","date_gmt":"2016-10-07T13:21:50","guid":{"rendered":"http:\/\/agora.xtec.cat\/escolamartinet\/?page_id=1746"},"modified":"2026-01-27T12:34:55","modified_gmt":"2026-01-27T11:34:55","slug":"noves-tecnologies-tac","status":"publish","type":"page","link":"https:\/\/agora.xtec.cat\/escolamartinet\/projectes\/noves-tecnologies-tac\/","title":{"rendered":"Cultura digital i rob\u00f2tica educativa"},"content":{"rendered":"<p><strong><em><u>Les eines i recursos digitals en el desenvolupament curricular. Les eines d\u2019aprenentatge<\/u><\/em><\/strong><\/p>\n<p style=\"text-align: justify;\">Emprem la tecnologia (tablets, ipad&#8217;s, notebooks, beebots,&#8230;) com a <strong>eina de treball, de cerca i de programaci\u00f3<\/strong>. La tecnologia \u00e9s present a l&#8217;aula quan aporta uns recursos necessaris i addicionals.<strong>\u00a0Aprenem amb tecnologia<\/strong>, generant un entorn d\u2019aprenentatge m\u00e9s motivador i competencial,\u00a0<strong>\u00a0i sobre tecnologia<\/strong>, assegurant una recerca de continguts fiables i segurs.<\/p>\n<p style=\"text-align: justify;\">L\u2019alumnat \u00e9s el centre del Projecte Educatiu i de l&#8217;Estrat\u00e8gia Digital del Centre (EDC). Considerem l\u2019escola un espai on tota la comunitat, especialment alumnes i mestres, som aprenents.<\/p>\n<p style=\"text-align: justify;\">Volem utilitzar la tecnologia per ajudar l&#8217;alumnat a millorar les seves compet\u00e8ncies en els aprenentatges. L\u2019ampli ventall de recursos i eines tecnol\u00f2giques que tenim al nostre abast ens ofereix grans possibilitats pedag\u00f2giques. Cal que a l\u2019escola, com tamb\u00e9 s&#8217;hauria de fer a casa, guiem els alumnes a fer un bon \u00fas de les tecnologies per aprendre.<\/p>\n<p style=\"text-align: justify;\">Seguint les orientacions del Departament, per assolir les compet\u00e8ncies b\u00e0siques, ens centrem en el \u201cTractament de la informaci\u00f3 i compet\u00e8ncia digital\u201d:<\/p>\n<p style=\"text-align: justify;\">\u201cLa compet\u00e8ncia en el tractament de la informaci\u00f3 incorpora diferents habilitats, que van des de l\u2019acc\u00e9s a la informaci\u00f3 fins a la seva transmissi\u00f3, tot usant distints suports, incloent-hi la utilitzaci\u00f3 de les tecnologies de la informaci\u00f3 i la comunicaci\u00f3 com element essencial per informar-se, aprendre i comunicar-se. Per aix\u00f2 \u00e9s una compet\u00e8ncia transversal que cal atendre i particularitzar en cadascuna de les \u00e0rees curriculars.\u201d<\/p>\n<p style=\"text-align: justify;\">\u201cL\u2019\u00fas reflexiu i competent d\u2019aquestes tecnologies \u00e9s clau en el desenvolupament de totes les compet\u00e8ncies\u201d<\/p>\n<p style=\"text-align: justify;\">Els nostres alumnes s\u00f3n nadius digitals i fan servir habitualment les tecnologies per a l\u2019oci. Quan per aprendre emprem recursos digitals, diversos i de qualitat, facilitem que estiguin m\u00e9s atents i que augmenti la seva motivaci\u00f3. Els materials pedag\u00f2gics digitals ofereixen avantatges per a l\u2019aprenentatge com interactuar amb els continguts, desenvolupar la iniciativa, aprendre a partir de les errades, fomentar l\u2019aprenentatge cooperatiu, facilitar l\u2019acc\u00e9s a informacions multim\u00e8dia, ajudar a entendre nous conceptes mitjan\u00e7ant simulacions, oferir la possibilitat de compartir els treballs\u2026 Tamb\u00e9 possibiliten que el mestre millori la seva efic\u00e0cia docent, faci un seguiment m\u00e9s individualitzat de cada alumne i ajuden a atendre millor la diversitat d\u2019alumnes. Pretenem que a l\u2019escola les eines, equipaments i recursos digitals estiguin integrades de manera habitual en el treball quotidi\u00e0.<\/p>\n<p style=\"text-align: justify;\">Donat que la tecnologia avan\u00e7a\u00a0 r\u00e0pidament els materials i les eines que utilitzem han d\u2019estar en revisi\u00f3 constant.\u00a0<\/p>\n<p>&nbsp;<\/p>\n<p><span style=\"text-decoration: underline;\"><strong>Projectes EduLab (Citilab)<\/strong><\/span><\/p>\n<p style=\"text-align: justify;\">L&#8217;escola est\u00e0 en contacte amb les activitats que proposa l&#8217;entitat Citilab, i hi col\u00b7labora puntualment. Es tracta de projectes que incorporen la rob\u00f2tica educativa en el dia a dia de l&#8217;escola. Els projecte prepretenen<strong>mentar l\u2019ensenyament de la programaci\u00f3 com a llenguatge transversal per entendre i relacionar-se amb la tecnologia i per desenvolupar un pensament cr\u00edtic i creatiu<\/strong>\u00a0a les escoles. De la mateixa manera que la llengua i les matem\u00e0tiques han ajudat a entendre el m\u00f3n d\u2019avui,\u00a0<strong>la programaci\u00f3 \u00e9s un coneixement fonamental per entendre el m\u00f3n d\u2019avui i de dem\u00e0<\/strong>. No es tracta tant que tothom esdevingui programador, ni de fer-ho nom\u00e9s a l\u2019aula d\u2019inform\u00e0tica, com de portar\u00a0la programaci\u00f3\u00a0-complementada amb\u00a0\u00a0la rob\u00f2tica i altres tecnologies,\u00a0com ara\u00a0la impressi\u00f3 3D- de manera transversal a tots els \u00e0mbits de coneixement de l\u2019escola.<\/p>\n<p>Per saber m\u00e9s&#8230;<\/p>\n<p><a href=\"https:\/\/www.citilab.eu\/projecte\/edulab-programacio-robotica-per-nens\/\" target=\"_blank\" rel=\"noopener noreferrer\"><img loading=\"lazy\" decoding=\"async\" class=\"aligncenter wp-image-3494 \" src=\"https:\/\/agora.xtec.cat\/escolamartinet\/wp-content\/uploads\/usu369\/2018\/10\/logo-citilab.png\" alt=\"\" width=\"534\" height=\"124\" srcset=\"https:\/\/agora.xtec.cat\/escolamartinet\/wp-content\/uploads\/usu369\/2018\/10\/logo-citilab.png 512w, https:\/\/agora.xtec.cat\/escolamartinet\/wp-content\/uploads\/usu369\/2018\/10\/logo-citilab-300x70.png 300w\" sizes=\"auto, (max-width: 534px) 100vw, 534px\" \/><\/a><\/p>\n","protected":false},"excerpt":{"rendered":"<p>Les eines i recursos digitals en el desenvolupament curricular. Les eines d\u2019aprenentatge Emprem la tecnologia (tablets, ipad&#8217;s, notebooks, beebots,&#8230;) com a eina de treball, de cerca i de programaci\u00f3. La tecnologia \u00e9s present a l&#8217;aula quan aporta uns recursos necessaris i addicionals.\u00a0Aprenem amb tecnologia, generant un entorn d\u2019aprenentatge m\u00e9s motivador i competencial,\u00a0\u00a0i sobre tecnologia, assegurant [&hellip;]<\/p>\n","protected":false},"author":1,"featured_media":0,"parent":277,"menu_order":14,"comment_status":"closed","ping_status":"closed","template":"","meta":{"_bbp_topic_count":0,"_bbp_reply_count":0,"_bbp_total_topic_count":0,"_bbp_total_reply_count":0,"_bbp_voice_count":0,"_bbp_anonymous_reply_count":0,"_bbp_topic_count_hidden":0,"_bbp_reply_count_hidden":0,"_bbp_forum_subforum_count":0,"site-sidebar-layout":"default","site-content-layout":"","ast-site-content-layout":"default","site-content-style":"default","site-sidebar-style":"default","ast-global-header-display":"","ast-banner-title-visibility":"","ast-main-header-display":"","ast-hfb-above-header-display":"","ast-hfb-below-header-display":"","ast-hfb-mobile-header-display":"","site-post-title":"","ast-breadcrumbs-content":"","ast-featured-img":"","footer-sml-layout":"","theme-transparent-header-meta":"default","adv-header-id-meta":"","stick-header-meta":"","header-above-stick-meta":"","header-main-stick-meta":"","header-below-stick-meta":"","astra-migrate-meta-layouts":"set","ast-page-background-enabled":"default","ast-page-background-meta":{"desktop":{"background-color":"var(--ast-global-color-4)","background-image":"","background-repeat":"repeat","background-position":"center center","background-size":"auto","background-attachment":"scroll","background-type":"","background-media":"","overlay-type":"","overlay-color":"","overlay-opacity":"","overlay-gradient":""},"tablet":{"background-color":"","background-image":"","background-repeat":"repeat","background-position":"center center","background-size":"auto","background-attachment":"scroll","background-type":"","background-media":"","overlay-type":"","overlay-color":"","overlay-opacity":"","overlay-gradient":""},"mobile":{"background-color":"","background-image":"","background-repeat":"repeat","background-position":"center center","background-size":"auto","background-attachment":"scroll","background-type":"","background-media":"","overlay-type":"","overlay-color":"","overlay-opacity":"","overlay-gradient":""}},"ast-content-background-meta":{"desktop":{"background-color":"var(--ast-global-color-5)","background-image":"","background-repeat":"repeat","background-position":"center center","background-size":"auto","background-attachment":"scroll","background-type":"","background-media":"","overlay-type":"","overlay-color":"","overlay-opacity":"","overlay-gradient":""},"tablet":{"background-color":"var(--ast-global-color-5)","background-image":"","background-repeat":"repeat","background-position":"center center","background-size":"auto","background-attachment":"scroll","background-type":"","background-media":"","overlay-type":"","overlay-color":"","overlay-opacity":"","overlay-gradient":""},"mobile":{"background-color":"var(--ast-global-color-5)","background-image":"","background-repeat":"repeat","background-position":"center center","background-size":"auto","background-attachment":"scroll","background-type":"","background-media":"","overlay-type":"","overlay-color":"","overlay-opacity":"","overlay-gradient":""}},"footnotes":""},"class_list":["post-1746","page","type-page","status-publish","hentry"],"post_mailing_queue_ids":[],"_links":{"self":[{"href":"https:\/\/agora.xtec.cat\/escolamartinet\/wp-json\/wp\/v2\/pages\/1746","targetHints":{"allow":["GET"]}}],"collection":[{"href":"https:\/\/agora.xtec.cat\/escolamartinet\/wp-json\/wp\/v2\/pages"}],"about":[{"href":"https:\/\/agora.xtec.cat\/escolamartinet\/wp-json\/wp\/v2\/types\/page"}],"author":[{"embeddable":true,"href":"https:\/\/agora.xtec.cat\/escolamartinet\/wp-json\/wp\/v2\/users\/1"}],"replies":[{"embeddable":true,"href":"https:\/\/agora.xtec.cat\/escolamartinet\/wp-json\/wp\/v2\/comments?post=1746"}],"version-history":[{"count":6,"href":"https:\/\/agora.xtec.cat\/escolamartinet\/wp-json\/wp\/v2\/pages\/1746\/revisions"}],"predecessor-version":[{"id":12713,"href":"https:\/\/agora.xtec.cat\/escolamartinet\/wp-json\/wp\/v2\/pages\/1746\/revisions\/12713"}],"up":[{"embeddable":true,"href":"https:\/\/agora.xtec.cat\/escolamartinet\/wp-json\/wp\/v2\/pages\/277"}],"wp:attachment":[{"href":"https:\/\/agora.xtec.cat\/escolamartinet\/wp-json\/wp\/v2\/media?parent=1746"}],"curies":[{"name":"wp","href":"https:\/\/api.w.org\/{rel}","templated":true}]}}