{"id":1744,"date":"2016-10-07T15:20:56","date_gmt":"2016-10-07T13:20:56","guid":{"rendered":"http:\/\/agora.xtec.cat\/escolamartinet\/?page_id=1744"},"modified":"2026-01-27T12:10:15","modified_gmt":"2026-01-27T11:10:15","slug":"racons-de-treball","status":"publish","type":"page","link":"https:\/\/agora.xtec.cat\/escolamartinet\/projectes\/racons-de-treball\/","title":{"rendered":"Racons de treball"},"content":{"rendered":"<p style=\"text-align: justify;\"><span style=\"font-weight: 400;\">El treball per racons \u00e9s una proposta metodol\u00f2gica que proposa delimitar, dintre de l\u2019aula, diferents espais on els nostres alumnes puguin realitzar de manera simult\u00e0nia diferents activitats. La manera d\u2019organitzar la classe \u00e9s oferir una gran varietat de propostes a les quals l&#8217;alumnat pot accedir de forma rotativa. Els nens poden realitzar activitats de forma m\u00e9s aut\u00f2noma i amb l\u2019ajuda de dos Mestres per aula. <\/span><b>\u00a0<\/b><\/p>\n<p style=\"text-align: justify;\"><b>\u00a0<\/b><span style=\"font-weight: 400;\">Aquesta manera de treballar implica una metodologia m\u00e9s creativa i flexible, en la que el rol del mestre \u00e9s dinamitzar els aprenentatges i proporcionar oportunitats perqu\u00e8 els alumnes puguin explorar tots els centres d\u2019aprenentatges.<\/span><\/p>\n<p style=\"text-align: justify;\"><span style=\"font-weight: 400;\">Aquesta metodologia, present a les nostres aules des de l\u2019inici, ha anat modificant-se per tal d\u2019arribar millor als aprenentatges competencials i tenint en compte les progressives valoracions de l\u2019equip docent.<\/span><\/p>\n<p style=\"text-align: justify;\"><span style=\"font-weight: 400;\">Creiem que aquesta metodologia afavoreix millor la possibilitat d\u2019atendre a cada nen de manera individual, respectant els seus interessos i ritme d\u2019aprenentatge, d\u2019afavorir l\u2019autonomia i capacitat d\u2019organitzaci\u00f3 del nen.<\/span><\/p>\n<p style=\"text-align: justify;\"><span style=\"font-weight: 400;\">Es tracta, a m\u00e9s, de crear espais per aconseguir que tots els nens tinguin les mateixes oportunitats i manipulin i coneguin els diferents materials disponibles. \u00c9s un bon instrument per afavorir l\u2019atenci\u00f3 a la diversitat.<\/span><\/p>\n<p style=\"text-align: justify;\"><b> <\/b><img loading=\"lazy\" decoding=\"async\" class=\"aligncenter wp-image-5720 size-full\" src=\"https:\/\/agora.xtec.cat\/escolamartinet\/wp-content\/uploads\/usu369\/2020\/05\/Racons-1.jpeg\" alt=\"\" width=\"871\" height=\"653\" srcset=\"https:\/\/agora.xtec.cat\/escolamartinet\/wp-content\/uploads\/usu369\/2020\/05\/Racons-1.jpeg 871w, https:\/\/agora.xtec.cat\/escolamartinet\/wp-content\/uploads\/usu369\/2020\/05\/Racons-1-300x225.jpeg 300w, https:\/\/agora.xtec.cat\/escolamartinet\/wp-content\/uploads\/usu369\/2020\/05\/Racons-1-768x576.jpeg 768w, https:\/\/agora.xtec.cat\/escolamartinet\/wp-content\/uploads\/usu369\/2020\/05\/Racons-1-200x150.jpeg 200w\" sizes=\"auto, (max-width: 871px) 100vw, 871px\" \/><\/p>\n<p style=\"text-align: justify;\"><img loading=\"lazy\" decoding=\"async\" class=\"aligncenter wp-image-5721 size-full\" src=\"https:\/\/agora.xtec.cat\/escolamartinet\/wp-content\/uploads\/usu369\/2020\/05\/racons-2.jpg\" alt=\"\" width=\"805\" height=\"604\" srcset=\"https:\/\/agora.xtec.cat\/escolamartinet\/wp-content\/uploads\/usu369\/2020\/05\/racons-2.jpg 805w, https:\/\/agora.xtec.cat\/escolamartinet\/wp-content\/uploads\/usu369\/2020\/05\/racons-2-300x225.jpg 300w, https:\/\/agora.xtec.cat\/escolamartinet\/wp-content\/uploads\/usu369\/2020\/05\/racons-2-768x576.jpg 768w, https:\/\/agora.xtec.cat\/escolamartinet\/wp-content\/uploads\/usu369\/2020\/05\/racons-2-200x150.jpg 200w\" sizes=\"auto, (max-width: 805px) 100vw, 805px\" \/><\/p>\n<p style=\"text-align: justify;\"><img loading=\"lazy\" decoding=\"async\" class=\"aligncenter wp-image-5722 size-full\" src=\"https:\/\/agora.xtec.cat\/escolamartinet\/wp-content\/uploads\/usu369\/2020\/05\/racons-3.jpg\" alt=\"\" width=\"805\" height=\"604\" srcset=\"https:\/\/agora.xtec.cat\/escolamartinet\/wp-content\/uploads\/usu369\/2020\/05\/racons-3.jpg 805w, https:\/\/agora.xtec.cat\/escolamartinet\/wp-content\/uploads\/usu369\/2020\/05\/racons-3-300x225.jpg 300w, https:\/\/agora.xtec.cat\/escolamartinet\/wp-content\/uploads\/usu369\/2020\/05\/racons-3-768x576.jpg 768w, https:\/\/agora.xtec.cat\/escolamartinet\/wp-content\/uploads\/usu369\/2020\/05\/racons-3-200x150.jpg 200w\" sizes=\"auto, (max-width: 805px) 100vw, 805px\" \/><\/p>\n<p style=\"text-align: justify;\"><img loading=\"lazy\" decoding=\"async\" class=\"aligncenter wp-image-5723 size-full\" src=\"https:\/\/agora.xtec.cat\/escolamartinet\/wp-content\/uploads\/usu369\/2020\/05\/racons-4.jpg\" alt=\"\" width=\"805\" height=\"604\" srcset=\"https:\/\/agora.xtec.cat\/escolamartinet\/wp-content\/uploads\/usu369\/2020\/05\/racons-4.jpg 805w, https:\/\/agora.xtec.cat\/escolamartinet\/wp-content\/uploads\/usu369\/2020\/05\/racons-4-300x225.jpg 300w, https:\/\/agora.xtec.cat\/escolamartinet\/wp-content\/uploads\/usu369\/2020\/05\/racons-4-768x576.jpg 768w, https:\/\/agora.xtec.cat\/escolamartinet\/wp-content\/uploads\/usu369\/2020\/05\/racons-4-200x150.jpg 200w\" sizes=\"auto, (max-width: 805px) 100vw, 805px\" \/><\/p>\n<p style=\"text-align: justify;\"><img loading=\"lazy\" decoding=\"async\" class=\"aligncenter wp-image-5724 size-full\" src=\"https:\/\/agora.xtec.cat\/escolamartinet\/wp-content\/uploads\/usu369\/2020\/05\/racons-5.jpg\" alt=\"\" width=\"805\" height=\"604\" srcset=\"https:\/\/agora.xtec.cat\/escolamartinet\/wp-content\/uploads\/usu369\/2020\/05\/racons-5.jpg 805w, https:\/\/agora.xtec.cat\/escolamartinet\/wp-content\/uploads\/usu369\/2020\/05\/racons-5-300x225.jpg 300w, https:\/\/agora.xtec.cat\/escolamartinet\/wp-content\/uploads\/usu369\/2020\/05\/racons-5-768x576.jpg 768w, https:\/\/agora.xtec.cat\/escolamartinet\/wp-content\/uploads\/usu369\/2020\/05\/racons-5-200x150.jpg 200w\" sizes=\"auto, (max-width: 805px) 100vw, 805px\" \/><\/p>\n","protected":false},"excerpt":{"rendered":"<p>El treball per racons \u00e9s una proposta metodol\u00f2gica que proposa delimitar, dintre de l\u2019aula, diferents espais on els nostres alumnes puguin realitzar de manera simult\u00e0nia diferents activitats. La manera d\u2019organitzar la classe \u00e9s oferir una gran varietat de propostes a les quals l&#8217;alumnat pot accedir de forma rotativa. Els nens poden realitzar activitats de forma [&hellip;]<\/p>\n","protected":false},"author":1,"featured_media":0,"parent":277,"menu_order":12,"comment_status":"closed","ping_status":"closed","template":"","meta":{"_bbp_topic_count":0,"_bbp_reply_count":0,"_bbp_total_topic_count":0,"_bbp_total_reply_count":0,"_bbp_voice_count":0,"_bbp_anonymous_reply_count":0,"_bbp_topic_count_hidden":0,"_bbp_reply_count_hidden":0,"_bbp_forum_subforum_count":0,"site-sidebar-layout":"default","site-content-layout":"","ast-site-content-layout":"default","site-content-style":"default","site-sidebar-style":"default","ast-global-header-display":"","ast-banner-title-visibility":"","ast-main-header-display":"","ast-hfb-above-header-display":"","ast-hfb-below-header-display":"","ast-hfb-mobile-header-display":"","site-post-title":"","ast-breadcrumbs-content":"","ast-featured-img":"","footer-sml-layout":"","theme-transparent-header-meta":"default","adv-header-id-meta":"","stick-header-meta":"","header-above-stick-meta":"","header-main-stick-meta":"","header-below-stick-meta":"","astra-migrate-meta-layouts":"set","ast-page-background-enabled":"default","ast-page-background-meta":{"desktop":{"background-color":"var(--ast-global-color-4)","background-image":"","background-repeat":"repeat","background-position":"center center","background-size":"auto","background-attachment":"scroll","background-type":"","background-media":"","overlay-type":"","overlay-color":"","overlay-opacity":"","overlay-gradient":""},"tablet":{"background-color":"","background-image":"","background-repeat":"repeat","background-position":"center center","background-size":"auto","background-attachment":"scroll","background-type":"","background-media":"","overlay-type":"","overlay-color":"","overlay-opacity":"","overlay-gradient":""},"mobile":{"background-color":"","background-image":"","background-repeat":"repeat","background-position":"center center","background-size":"auto","background-attachment":"scroll","background-type":"","background-media":"","overlay-type":"","overlay-color":"","overlay-opacity":"","overlay-gradient":""}},"ast-content-background-meta":{"desktop":{"background-color":"var(--ast-global-color-5)","background-image":"","background-repeat":"repeat","background-position":"center center","background-size":"auto","background-attachment":"scroll","background-type":"","background-media":"","overlay-type":"","overlay-color":"","overlay-opacity":"","overlay-gradient":""},"tablet":{"background-color":"var(--ast-global-color-5)","background-image":"","background-repeat":"repeat","background-position":"center center","background-size":"auto","background-attachment":"scroll","background-type":"","background-media":"","overlay-type":"","overlay-color":"","overlay-opacity":"","overlay-gradient":""},"mobile":{"background-color":"var(--ast-global-color-5)","background-image":"","background-repeat":"repeat","background-position":"center center","background-size":"auto","background-attachment":"scroll","background-type":"","background-media":"","overlay-type":"","overlay-color":"","overlay-opacity":"","overlay-gradient":""}},"footnotes":""},"class_list":["post-1744","page","type-page","status-publish","hentry"],"post_mailing_queue_ids":[],"_links":{"self":[{"href":"https:\/\/agora.xtec.cat\/escolamartinet\/wp-json\/wp\/v2\/pages\/1744","targetHints":{"allow":["GET"]}}],"collection":[{"href":"https:\/\/agora.xtec.cat\/escolamartinet\/wp-json\/wp\/v2\/pages"}],"about":[{"href":"https:\/\/agora.xtec.cat\/escolamartinet\/wp-json\/wp\/v2\/types\/page"}],"author":[{"embeddable":true,"href":"https:\/\/agora.xtec.cat\/escolamartinet\/wp-json\/wp\/v2\/users\/1"}],"replies":[{"embeddable":true,"href":"https:\/\/agora.xtec.cat\/escolamartinet\/wp-json\/wp\/v2\/comments?post=1744"}],"version-history":[{"count":5,"href":"https:\/\/agora.xtec.cat\/escolamartinet\/wp-json\/wp\/v2\/pages\/1744\/revisions"}],"predecessor-version":[{"id":12710,"href":"https:\/\/agora.xtec.cat\/escolamartinet\/wp-json\/wp\/v2\/pages\/1744\/revisions\/12710"}],"up":[{"embeddable":true,"href":"https:\/\/agora.xtec.cat\/escolamartinet\/wp-json\/wp\/v2\/pages\/277"}],"wp:attachment":[{"href":"https:\/\/agora.xtec.cat\/escolamartinet\/wp-json\/wp\/v2\/media?parent=1744"}],"curies":[{"name":"wp","href":"https:\/\/api.w.org\/{rel}","templated":true}]}}