{"id":1736,"date":"2016-10-07T15:18:35","date_gmt":"2016-10-07T13:18:35","guid":{"rendered":"http:\/\/agora.xtec.cat\/escolamartinet\/?page_id=1736"},"modified":"2020-06-26T12:59:30","modified_gmt":"2020-06-26T10:59:30","slug":"educacio-emocional","status":"publish","type":"page","link":"https:\/\/agora.xtec.cat\/escolamartinet\/projectes\/educacio-emocional\/","title":{"rendered":"Educaci\u00f3 emocional"},"content":{"rendered":"<p style=\"text-align: justify;\">L\u2019<span class=\"s2\"><b>educaci\u00f3 emocional<\/b><\/span>\u00a0\u00e9s l\u2019educaci\u00f3 centrada a con\u00e8ixer i recon\u00e8ixer els sentiments i les emocions, propis i dels altres, i a fer-les servir de manera adaptativa. Aix\u00ed doncs, l\u2019educaci\u00f3 emocional pret\u00e9n aprendre a identificar i expressar emocions i sentiments, treballant la forma d\u2019interaccionar amb el m\u00f3n.<\/p>\n<p style=\"text-align: justify;\">L\u2019estat emocional d\u2019una persona determina la forma en qu\u00e8 percep el m\u00f3n. Per aquest motiu resulta tant important con\u00e9ixer el m\u00f3n de les emocions, per tal de comprendre\u2019ns millor a nosaltres mateixos i entendre les persones del nostre entorn.<\/p>\n<p style=\"text-align: justify;\">Les reaccions a cada emoci\u00f3 tenen una explicaci\u00f3 evolutiva i obeeixen a estrat\u00e8gies de superviv\u00e8ncia que tenen poc a veure amb el m\u00f3n en qu\u00e8 vivim ara mateix. Sovint hem de recon\u00e8ixer aquestes emocions i regular-les de forma racional. Aquest \u00e9s el gran repte de l\u2019educaci\u00f3 emocional.\u00a0<\/p>\n<p style=\"text-align: justify;\">A l&#8217;Escola ens preocupem de l\u2019<strong>aprenentatge social i emocional<\/strong>. No podem educar sense tenir en compte el cor i per tant, acompanyem i ajudem els infants en el seu <strong>desenvolupament emocional<\/strong>.<\/p>\n<p style=\"text-align: justify;\">Els infants cal que prenguin consci\u00e8ncia de les pr\u00f2pies emocions i siguin capa\u00e7os de regular-les. Descobrir, identificar, diferenciar i gestionar les emocions \u00e9s una forma d\u2019educar els nostres alumnes, perqu\u00e8 es descobreixin a ells mateixos i perqu\u00e8 acabin convertint-se en adults autoconscients, amb una bona base emocional per afrontar-se als reptes de la vida.<\/p>\n<p style=\"text-align: justify;\">Un infant que coneix i sap gestionar les seves emocions no nom\u00e9s tindr\u00e0 bons resultats acad\u00e8mics, sin\u00f3 que tamb\u00e9 estar\u00e0 m\u00e9s preparat pel m\u00f3n laboral.\u00a0Construir una bona\u00a0<strong>educaci\u00f3 emocional<\/strong>\u00a0\u00e9s futur!!<\/p>\n<p style=\"text-align: justify;\">Les persones amb m\u00e9s intel\u00b7lig\u00e8ncia emocional s\u00f3n m\u00e9s felices, tenen m\u00e9s benestar, menys ansietat i m\u00e9s recursos per enfrontar-se a les dificultats que es trobaran a la vida.<\/p>\n<p style=\"text-align: justify;\">Aix\u00ed doncs, a l&#8217;Escola Martinet emprem molts recursos relacionats amb l&#8217;expressi\u00f3 i la gesti\u00f3 de les emocions, l&#8217;autoconeixement, l&#8217;autoestima i l&#8217;autoregulaci\u00f3 com a base d&#8217;una <strong>educaci\u00f3 integral<\/strong>.<\/p>\n","protected":false},"excerpt":{"rendered":"<p>L\u2019educaci\u00f3 emocional\u00a0\u00e9s l\u2019educaci\u00f3 centrada a con\u00e8ixer i recon\u00e8ixer els sentiments i les emocions, propis i dels altres, i a fer-les servir de manera adaptativa. Aix\u00ed doncs, l\u2019educaci\u00f3 emocional pret\u00e9n aprendre a identificar i expressar emocions i sentiments, treballant la forma d\u2019interaccionar amb el m\u00f3n. L\u2019estat emocional d\u2019una persona determina la forma en qu\u00e8 percep el [&hellip;]<\/p>\n","protected":false},"author":1,"featured_media":0,"parent":277,"menu_order":9,"comment_status":"closed","ping_status":"closed","template":"page-templates\/side-menu.php","meta":{"_bbp_topic_count":0,"_bbp_reply_count":0,"_bbp_total_topic_count":0,"_bbp_total_reply_count":0,"_bbp_voice_count":0,"_bbp_anonymous_reply_count":0,"_bbp_topic_count_hidden":0,"_bbp_reply_count_hidden":0,"_bbp_forum_subforum_count":0,"site-sidebar-layout":"default","site-content-layout":"","ast-site-content-layout":"","site-content-style":"default","site-sidebar-style":"default","ast-global-header-display":"","ast-banner-title-visibility":"","ast-main-header-display":"","ast-hfb-above-header-display":"","ast-hfb-below-header-display":"","ast-hfb-mobile-header-display":"","site-post-title":"","ast-breadcrumbs-content":"","ast-featured-img":"","footer-sml-layout":"","theme-transparent-header-meta":"","adv-header-id-meta":"","stick-header-meta":"","header-above-stick-meta":"","header-main-stick-meta":"","header-below-stick-meta":"","astra-migrate-meta-layouts":"default","ast-page-background-enabled":"default","ast-page-background-meta":{"desktop":{"background-color":"var(--ast-global-color-4)","background-image":"","background-repeat":"repeat","background-position":"center center","background-size":"auto","background-attachment":"scroll","background-type":"","background-media":"","overlay-type":"","overlay-color":"","overlay-opacity":"","overlay-gradient":""},"tablet":{"background-color":"","background-image":"","background-repeat":"repeat","background-position":"center center","background-size":"auto","background-attachment":"scroll","background-type":"","background-media":"","overlay-type":"","overlay-color":"","overlay-opacity":"","overlay-gradient":""},"mobile":{"background-color":"","background-image":"","background-repeat":"repeat","background-position":"center center","background-size":"auto","background-attachment":"scroll","background-type":"","background-media":"","overlay-type":"","overlay-color":"","overlay-opacity":"","overlay-gradient":""}},"ast-content-background-meta":{"desktop":{"background-color":"var(--ast-global-color-5)","background-image":"","background-repeat":"repeat","background-position":"center center","background-size":"auto","background-attachment":"scroll","background-type":"","background-media":"","overlay-type":"","overlay-color":"","overlay-opacity":"","overlay-gradient":""},"tablet":{"background-color":"var(--ast-global-color-5)","background-image":"","background-repeat":"repeat","background-position":"center center","background-size":"auto","background-attachment":"scroll","background-type":"","background-media":"","overlay-type":"","overlay-color":"","overlay-opacity":"","overlay-gradient":""},"mobile":{"background-color":"var(--ast-global-color-5)","background-image":"","background-repeat":"repeat","background-position":"center center","background-size":"auto","background-attachment":"scroll","background-type":"","background-media":"","overlay-type":"","overlay-color":"","overlay-opacity":"","overlay-gradient":""}},"footnotes":""},"class_list":["post-1736","page","type-page","status-publish","hentry"],"post_mailing_queue_ids":[],"_links":{"self":[{"href":"https:\/\/agora.xtec.cat\/escolamartinet\/wp-json\/wp\/v2\/pages\/1736","targetHints":{"allow":["GET"]}}],"collection":[{"href":"https:\/\/agora.xtec.cat\/escolamartinet\/wp-json\/wp\/v2\/pages"}],"about":[{"href":"https:\/\/agora.xtec.cat\/escolamartinet\/wp-json\/wp\/v2\/types\/page"}],"author":[{"embeddable":true,"href":"https:\/\/agora.xtec.cat\/escolamartinet\/wp-json\/wp\/v2\/users\/1"}],"replies":[{"embeddable":true,"href":"https:\/\/agora.xtec.cat\/escolamartinet\/wp-json\/wp\/v2\/comments?post=1736"}],"version-history":[{"count":3,"href":"https:\/\/agora.xtec.cat\/escolamartinet\/wp-json\/wp\/v2\/pages\/1736\/revisions"}],"predecessor-version":[{"id":5739,"href":"https:\/\/agora.xtec.cat\/escolamartinet\/wp-json\/wp\/v2\/pages\/1736\/revisions\/5739"}],"up":[{"embeddable":true,"href":"https:\/\/agora.xtec.cat\/escolamartinet\/wp-json\/wp\/v2\/pages\/277"}],"wp:attachment":[{"href":"https:\/\/agora.xtec.cat\/escolamartinet\/wp-json\/wp\/v2\/media?parent=1736"}],"curies":[{"name":"wp","href":"https:\/\/api.w.org\/{rel}","templated":true}]}}