{"id":1730,"date":"2016-10-07T15:16:30","date_gmt":"2016-10-07T13:16:30","guid":{"rendered":"http:\/\/agora.xtec.cat\/escolamartinet\/?page_id=1730"},"modified":"2023-01-27T14:01:46","modified_gmt":"2023-01-27T13:01:46","slug":"escola-formadora","status":"publish","type":"page","link":"https:\/\/agora.xtec.cat\/escolamartinet\/projectes\/escola-formadora\/","title":{"rendered":"Escola formadora"},"content":{"rendered":"<p style=\"text-align: justify;\">L\u2019escola \u00e9s una escola formadora d\u2019estudiants que volen formar part de l\u2019educaci\u00f3 des de diferents \u00e0mbits que l\u2019escola pot oferir.<\/p>\n<p style=\"text-align: justify;\">Cada curs tenim estudiants de pr\u00e0ctiques de Magisteri, com tamb\u00e9 de Pedagogia, de diferents universitats.<\/p>\n<p style=\"text-align: justify;\">Sempre hem estat una escola amb \u00e0nims de formar alumnes que aprenguin que \u00e9s i com fer de mestre i tinguin l\u2019experi\u00e8ncia d\u2019aprendre.<\/p>\n<p>Tamb\u00e9 som escola que rebem mestres que volen con\u00e8ixer com funcionem i treballem, en estades d&#8217;observaci\u00f3. En els passats cursos hem tingut la visita de molts mestres europeus en activitats de <em>Job Shadowing<\/em>.\u00a0<\/p>\n","protected":false},"excerpt":{"rendered":"<p>L\u2019escola \u00e9s una escola formadora d\u2019estudiants que volen formar part de l\u2019educaci\u00f3 des de diferents \u00e0mbits que l\u2019escola pot oferir. Cada curs tenim estudiants de pr\u00e0ctiques de Magisteri, com tamb\u00e9 de Pedagogia, de diferents universitats. Sempre hem estat una escola amb \u00e0nims de formar alumnes que aprenguin que \u00e9s i com fer de mestre i [&hellip;]<\/p>\n","protected":false},"author":1,"featured_media":0,"parent":277,"menu_order":10,"comment_status":"closed","ping_status":"closed","template":"page-templates\/side-menu.php","meta":{"_bbp_topic_count":0,"_bbp_reply_count":0,"_bbp_total_topic_count":0,"_bbp_total_reply_count":0,"_bbp_voice_count":0,"_bbp_anonymous_reply_count":0,"_bbp_topic_count_hidden":0,"_bbp_reply_count_hidden":0,"_bbp_forum_subforum_count":0,"site-sidebar-layout":"default","site-content-layout":"","ast-site-content-layout":"","site-content-style":"default","site-sidebar-style":"default","ast-global-header-display":"","ast-banner-title-visibility":"","ast-main-header-display":"","ast-hfb-above-header-display":"","ast-hfb-below-header-display":"","ast-hfb-mobile-header-display":"","site-post-title":"","ast-breadcrumbs-content":"","ast-featured-img":"","footer-sml-layout":"","theme-transparent-header-meta":"","adv-header-id-meta":"","stick-header-meta":"","header-above-stick-meta":"","header-main-stick-meta":"","header-below-stick-meta":"","astra-migrate-meta-layouts":"default","ast-page-background-enabled":"default","ast-page-background-meta":{"desktop":{"background-color":"var(--ast-global-color-4)","background-image":"","background-repeat":"repeat","background-position":"center center","background-size":"auto","background-attachment":"scroll","background-type":"","background-media":"","overlay-type":"","overlay-color":"","overlay-opacity":"","overlay-gradient":""},"tablet":{"background-color":"","background-image":"","background-repeat":"repeat","background-position":"center center","background-size":"auto","background-attachment":"scroll","background-type":"","background-media":"","overlay-type":"","overlay-color":"","overlay-opacity":"","overlay-gradient":""},"mobile":{"background-color":"","background-image":"","background-repeat":"repeat","background-position":"center center","background-size":"auto","background-attachment":"scroll","background-type":"","background-media":"","overlay-type":"","overlay-color":"","overlay-opacity":"","overlay-gradient":""}},"ast-content-background-meta":{"desktop":{"background-color":"var(--ast-global-color-5)","background-image":"","background-repeat":"repeat","background-position":"center center","background-size":"auto","background-attachment":"scroll","background-type":"","background-media":"","overlay-type":"","overlay-color":"","overlay-opacity":"","overlay-gradient":""},"tablet":{"background-color":"var(--ast-global-color-5)","background-image":"","background-repeat":"repeat","background-position":"center center","background-size":"auto","background-attachment":"scroll","background-type":"","background-media":"","overlay-type":"","overlay-color":"","overlay-opacity":"","overlay-gradient":""},"mobile":{"background-color":"var(--ast-global-color-5)","background-image":"","background-repeat":"repeat","background-position":"center center","background-size":"auto","background-attachment":"scroll","background-type":"","background-media":"","overlay-type":"","overlay-color":"","overlay-opacity":"","overlay-gradient":""}},"footnotes":""},"class_list":["post-1730","page","type-page","status-publish","hentry"],"post_mailing_queue_ids":[],"_links":{"self":[{"href":"https:\/\/agora.xtec.cat\/escolamartinet\/wp-json\/wp\/v2\/pages\/1730","targetHints":{"allow":["GET"]}}],"collection":[{"href":"https:\/\/agora.xtec.cat\/escolamartinet\/wp-json\/wp\/v2\/pages"}],"about":[{"href":"https:\/\/agora.xtec.cat\/escolamartinet\/wp-json\/wp\/v2\/types\/page"}],"author":[{"embeddable":true,"href":"https:\/\/agora.xtec.cat\/escolamartinet\/wp-json\/wp\/v2\/users\/1"}],"replies":[{"embeddable":true,"href":"https:\/\/agora.xtec.cat\/escolamartinet\/wp-json\/wp\/v2\/comments?post=1730"}],"version-history":[{"count":3,"href":"https:\/\/agora.xtec.cat\/escolamartinet\/wp-json\/wp\/v2\/pages\/1730\/revisions"}],"predecessor-version":[{"id":9670,"href":"https:\/\/agora.xtec.cat\/escolamartinet\/wp-json\/wp\/v2\/pages\/1730\/revisions\/9670"}],"up":[{"embeddable":true,"href":"https:\/\/agora.xtec.cat\/escolamartinet\/wp-json\/wp\/v2\/pages\/277"}],"wp:attachment":[{"href":"https:\/\/agora.xtec.cat\/escolamartinet\/wp-json\/wp\/v2\/media?parent=1730"}],"curies":[{"name":"wp","href":"https:\/\/api.w.org\/{rel}","templated":true}]}}