{"id":1038,"date":"2016-01-25T23:35:22","date_gmt":"2016-01-25T22:35:22","guid":{"rendered":"http:\/\/agora.xtec.cat\/escolamartinet\/?page_id=1038"},"modified":"2023-07-12T12:23:03","modified_gmt":"2023-07-12T10:23:03","slug":"articles-dinteres","status":"publish","type":"page","link":"https:\/\/agora.xtec.cat\/escolamartinet\/families\/articles-dinteres\/","title":{"rendered":"Articles d&#8217;inter\u00e9s i espais recomanables"},"content":{"rendered":"<p>&nbsp;<\/p>\n<ul>\n<li><span style=\"font-size: 20px;\"><a href=\"http:\/\/m.ara.cat\/firmes\/carles_capdevila\/grups-WhatsApp-pares-glups_0_1509449169.html?utm_medium=social&amp;utm_source=twitter&amp;utm_campaign=ara\" target=\"_blank\" rel=\"noopener\">Els grups de WhatsApp de pares: glups!<\/a> (Article de Carles Capdevila, Diari Ara)<\/span><\/li>\n<\/ul>\n<ul>\n<li><span style=\"font-size: 20px;\"><a href=\"http:\/\/dones.gencat.cat\/ca\/temes\/foment_igualtat\/coeducacio\/valors_joguines\/index.html\" target=\"_blank\" rel=\"noopener\">La transmissi\u00f3 dels valors de l\u2019equitat de g\u00e8nere mitjan\u00e7ant el temps de joc<\/a><\/span><\/li>\n<\/ul>\n<ul>\n<li><span style=\"font-size: 20px;\"><a href=\"http:\/\/familiaiescola.gencat.cat\/ca\" target=\"_blank\" rel=\"noopener\">Web Fam\u00edlia i Escola<\/a> (Generalitat de Catalunya)<\/span><\/li>\n<\/ul>\n<ul>\n<li><span style=\"font-size: 20px;\"><a href=\"https:\/\/www.youtube.com\/watch?v=dd_z-pnGKaU&amp;feature=youtu.be\" target=\"_blank\" rel=\"noopener\">Educar \u00e9s comunicar amb humor<\/a> (Carles Capdevila)<\/span><\/li>\n<\/ul>\n<ul>\n<li><span style=\"font-size: 20px;\"><a href=\"http:\/\/www.ccma.cat\/catradio\/alacarta\/informatius-catalunya-radio\/blog-de-mestres-una-altra-manera-densenyar-matematiques\/audio\/879602\/\" target=\"_blank\" rel=\"noopener\">Una altra manera d\u2019ensenyar matem\u00e0tiques <\/a>(\u201cBlog de mestres\u201d, Catalunya Informaci\u00f3)<\/span><\/li>\n<\/ul>\n<ul>\n<li><span style=\"font-size: 20px;\"><a href=\"http:\/\/faros.hsjdbcn.org\/ca\/cuaderno-faro\/noves-tecnologies-nens-adolescents-guia-educar-saludablement-societat-digital\" target=\"_blank\" rel=\"noopener\">Les noves tecnologies en nens i adolescents. Guia per a educar saludablement a una societat digital <\/a>(Font: Quaderns FAROS Sant Joan de D\u00e9u)<\/span><\/li>\n<\/ul>\n<ul>\n<li><span style=\"font-size: 20px;\"><a href=\"http:\/\/www.cavallfort.cat\/cavallfort\/ca\/mes-coses\/esbodesaber.html\" target=\"_blank\" rel=\"noopener\">\u00c9s bo de saber<\/a>\u00a0(Font: Cavall Fort)<\/span><\/li>\n<\/ul>\n<ul>\n<li><span style=\"font-size: 20px;\">\u00a0<a href=\"http:\/\/familiaiescola.gencat.cat\/ca\/educar-creixer-en-familia\/educacio-us-tecnologies\/\" target=\"_blank\" rel=\"noopener\">Educaci\u00f3 en l\u2019\u00fas de les tecnologies<\/a> (Font: Fam\u00edlia i Escola, Generalitat de Catalunya)<\/span><\/li>\n<\/ul>\n<ul>\n<li><span style=\"font-size: 20px;\"><a href=\"http:\/\/www.vilaweb.cat\/noticia\/4237098\/20150323\/deu-consells-pares-grups-whatsapp-lescola.html\" target=\"_blank\" rel=\"noopener\">10 consells per als pares sobre els grups de WhatsApp de l\u2019escola<\/a> (Font: Vilaweb)<\/span><\/li>\n<\/ul>\n<p>&nbsp;<\/p>\n","protected":false},"excerpt":{"rendered":"<p>&nbsp; Els grups de WhatsApp de pares: glups! (Article de Carles Capdevila, Diari Ara) La transmissi\u00f3 dels valors de l\u2019equitat de g\u00e8nere mitjan\u00e7ant el temps de joc Web Fam\u00edlia i Escola (Generalitat de Catalunya) Educar \u00e9s comunicar amb humor (Carles Capdevila) Una altra manera d\u2019ensenyar matem\u00e0tiques (\u201cBlog de mestres\u201d, Catalunya Informaci\u00f3) Les noves tecnologies en [&hellip;]<\/p>\n","protected":false},"author":1,"featured_media":0,"parent":281,"menu_order":4,"comment_status":"closed","ping_status":"closed","template":"page-templates\/side-menu.php","meta":{"_bbp_topic_count":0,"_bbp_reply_count":0,"_bbp_total_topic_count":0,"_bbp_total_reply_count":0,"_bbp_voice_count":0,"_bbp_anonymous_reply_count":0,"_bbp_topic_count_hidden":0,"_bbp_reply_count_hidden":0,"_bbp_forum_subforum_count":0,"site-sidebar-layout":"default","site-content-layout":"","ast-site-content-layout":"","site-content-style":"default","site-sidebar-style":"default","ast-global-header-display":"","ast-banner-title-visibility":"","ast-main-header-display":"","ast-hfb-above-header-display":"","ast-hfb-below-header-display":"","ast-hfb-mobile-header-display":"","site-post-title":"","ast-breadcrumbs-content":"","ast-featured-img":"","footer-sml-layout":"","theme-transparent-header-meta":"","adv-header-id-meta":"","stick-header-meta":"","header-above-stick-meta":"","header-main-stick-meta":"","header-below-stick-meta":"","astra-migrate-meta-layouts":"default","ast-page-background-enabled":"default","ast-page-background-meta":{"desktop":{"background-color":"var(--ast-global-color-4)","background-image":"","background-repeat":"repeat","background-position":"center center","background-size":"auto","background-attachment":"scroll","background-type":"","background-media":"","overlay-type":"","overlay-color":"","overlay-opacity":"","overlay-gradient":""},"tablet":{"background-color":"","background-image":"","background-repeat":"repeat","background-position":"center center","background-size":"auto","background-attachment":"scroll","background-type":"","background-media":"","overlay-type":"","overlay-color":"","overlay-opacity":"","overlay-gradient":""},"mobile":{"background-color":"","background-image":"","background-repeat":"repeat","background-position":"center center","background-size":"auto","background-attachment":"scroll","background-type":"","background-media":"","overlay-type":"","overlay-color":"","overlay-opacity":"","overlay-gradient":""}},"ast-content-background-meta":{"desktop":{"background-color":"var(--ast-global-color-5)","background-image":"","background-repeat":"repeat","background-position":"center center","background-size":"auto","background-attachment":"scroll","background-type":"","background-media":"","overlay-type":"","overlay-color":"","overlay-opacity":"","overlay-gradient":""},"tablet":{"background-color":"var(--ast-global-color-5)","background-image":"","background-repeat":"repeat","background-position":"center center","background-size":"auto","background-attachment":"scroll","background-type":"","background-media":"","overlay-type":"","overlay-color":"","overlay-opacity":"","overlay-gradient":""},"mobile":{"background-color":"var(--ast-global-color-5)","background-image":"","background-repeat":"repeat","background-position":"center center","background-size":"auto","background-attachment":"scroll","background-type":"","background-media":"","overlay-type":"","overlay-color":"","overlay-opacity":"","overlay-gradient":""}},"footnotes":""},"class_list":["post-1038","page","type-page","status-publish","hentry"],"post_mailing_queue_ids":[],"_links":{"self":[{"href":"https:\/\/agora.xtec.cat\/escolamartinet\/wp-json\/wp\/v2\/pages\/1038","targetHints":{"allow":["GET"]}}],"collection":[{"href":"https:\/\/agora.xtec.cat\/escolamartinet\/wp-json\/wp\/v2\/pages"}],"about":[{"href":"https:\/\/agora.xtec.cat\/escolamartinet\/wp-json\/wp\/v2\/types\/page"}],"author":[{"embeddable":true,"href":"https:\/\/agora.xtec.cat\/escolamartinet\/wp-json\/wp\/v2\/users\/1"}],"replies":[{"embeddable":true,"href":"https:\/\/agora.xtec.cat\/escolamartinet\/wp-json\/wp\/v2\/comments?post=1038"}],"version-history":[{"count":3,"href":"https:\/\/agora.xtec.cat\/escolamartinet\/wp-json\/wp\/v2\/pages\/1038\/revisions"}],"predecessor-version":[{"id":10209,"href":"https:\/\/agora.xtec.cat\/escolamartinet\/wp-json\/wp\/v2\/pages\/1038\/revisions\/10209"}],"up":[{"embeddable":true,"href":"https:\/\/agora.xtec.cat\/escolamartinet\/wp-json\/wp\/v2\/pages\/281"}],"wp:attachment":[{"href":"https:\/\/agora.xtec.cat\/escolamartinet\/wp-json\/wp\/v2\/media?parent=1038"}],"curies":[{"name":"wp","href":"https:\/\/api.w.org\/{rel}","templated":true}]}}