{"id":3308,"date":"2026-01-30T09:44:21","date_gmt":"2026-01-30T08:44:21","guid":{"rendered":"https:\/\/agora.xtec.cat\/escolamartamatagirona\/?page_id=3308"},"modified":"2026-01-30T10:30:02","modified_gmt":"2026-01-30T09:30:02","slug":"escola-marta-mata-de-girona","status":"publish","type":"page","link":"https:\/\/agora.xtec.cat\/escolamartamatagirona\/","title":{"rendered":"Escola Marta Mata de Girona"},"content":{"rendered":"<p style=\"text-align: justify;\"><strong>Una escola p\u00fablica, inclusiva i compromesa amb les persones.\u00a0<\/strong><\/p>\n<p style=\"text-align: justify;\">L&#8217;escola Marta Mata de Girona \u00e9s un centre p\u00fablic d&#8217;educaci\u00f3 infantil i prim\u00e0ria que ofereix una educaci\u00f3 integral, inclusiva i de qualitat, amb l&#8217;alumnat al centre del seu proc\u00e9s d&#8217;aprenentatge.<\/p>\n<p style=\"text-align: justify;\">Acompanyem els infants en el seu desenvolupament personal, social i acad\u00e8mic, respectant els seus ritmes i potenciant al m\u00e0xim les seves capacitats, perqu\u00e8 esdevinguin persones aut\u00f2nomes, responsables, cr\u00edtiques i compromeses amb el seu entorn.<\/p>\n<p style=\"text-align: justify;\">La llengua catalana \u00e9s la llengua vehicular del centre i un element clau de la cohesi\u00f3 social. Alhora, fomentem el pluriling\u00fcisme, amb l&#8217;aprenentatge progressiu del castell\u00e0 i de la llengua anglesa, per preparar l&#8217;alumnat per a un m\u00f3n globalitzat.<\/p>\n<p style=\"text-align: justify;\">El nostre centre pren el nom de <a href=\"https:\/\/agora.xtec.cat\/escolamartamatagirona\/coneix-lescola\/qui-era-marta-mata\/\">Marta Mata<\/a>, pedagoga i referent de la renovaci\u00f3 educativa de Catalunya.<\/p>\n<p><img loading=\"lazy\" decoding=\"async\" class=\"wp-image-3315 aligncenter\" src=\"https:\/\/agora.xtec.cat\/escolamartamatagirona\/wp-content\/uploads\/usu830\/2026\/01\/Logo-imatge.png\" alt=\"\" width=\"120\" height=\"50\" srcset=\"https:\/\/agora.xtec.cat\/escolamartamatagirona\/wp-content\/uploads\/usu830\/2026\/01\/Logo-imatge.png 1036w, https:\/\/agora.xtec.cat\/escolamartamatagirona\/wp-content\/uploads\/usu830\/2026\/01\/Logo-imatge-300x125.png 300w, https:\/\/agora.xtec.cat\/escolamartamatagirona\/wp-content\/uploads\/usu830\/2026\/01\/Logo-imatge-1024x426.png 1024w, https:\/\/agora.xtec.cat\/escolamartamatagirona\/wp-content\/uploads\/usu830\/2026\/01\/Logo-imatge-768x320.png 768w\" sizes=\"auto, (max-width: 120px) 100vw, 120px\" \/><\/p>\n<p><img loading=\"lazy\" decoding=\"async\" class=\"aligncenter wp-image-3313\" src=\"https:\/\/agora.xtec.cat\/escolamartamatagirona\/wp-content\/uploads\/usu830\/2026\/01\/foto-escola-1-1.png\" alt=\"\" width=\"879\" height=\"485\" srcset=\"https:\/\/agora.xtec.cat\/escolamartamatagirona\/wp-content\/uploads\/usu830\/2026\/01\/foto-escola-1-1.png 1536w, https:\/\/agora.xtec.cat\/escolamartamatagirona\/wp-content\/uploads\/usu830\/2026\/01\/foto-escola-1-1-300x165.png 300w, https:\/\/agora.xtec.cat\/escolamartamatagirona\/wp-content\/uploads\/usu830\/2026\/01\/foto-escola-1-1-1024x565.png 1024w, https:\/\/agora.xtec.cat\/escolamartamatagirona\/wp-content\/uploads\/usu830\/2026\/01\/foto-escola-1-1-768x424.png 768w\" sizes=\"auto, (max-width: 879px) 100vw, 879px\" \/><\/p>\n<p>&nbsp;<\/p>\n","protected":false},"excerpt":{"rendered":"<p>Una escola p\u00fablica, inclusiva i compromesa amb les persones.\u00a0 L&#8217;escola Marta Mata de Girona \u00e9s un centre p\u00fablic d&#8217;educaci\u00f3 infantil [&hellip;]<\/p>\n","protected":false},"author":1,"featured_media":0,"parent":0,"menu_order":0,"comment_status":"closed","ping_status":"closed","template":"","meta":{"_bbp_topic_count":0,"_bbp_reply_count":0,"_bbp_total_topic_count":0,"_bbp_total_reply_count":0,"_bbp_voice_count":0,"_bbp_anonymous_reply_count":0,"_bbp_topic_count_hidden":0,"_bbp_reply_count_hidden":0,"_bbp_forum_subforum_count":0,"site-sidebar-layout":"default","site-content-layout":"","ast-site-content-layout":"default","site-content-style":"default","site-sidebar-style":"default","ast-global-header-display":"","ast-banner-title-visibility":"","ast-main-header-display":"","ast-hfb-above-header-display":"","ast-hfb-below-header-display":"","ast-hfb-mobile-header-display":"","site-post-title":"","ast-breadcrumbs-content":"","ast-featured-img":"","footer-sml-layout":"","theme-transparent-header-meta":"default","adv-header-id-meta":"","stick-header-meta":"","header-above-stick-meta":"","header-main-stick-meta":"","header-below-stick-meta":"","astra-migrate-meta-layouts":"set","ast-page-background-enabled":"default","ast-page-background-meta":{"desktop":{"background-color":"var(--ast-global-color-4)","background-image":"","background-repeat":"repeat","background-position":"center center","background-size":"auto","background-attachment":"scroll","background-type":"","background-media":"","overlay-type":"","overlay-color":"","overlay-opacity":"","overlay-gradient":""},"tablet":{"background-color":"","background-image":"","background-repeat":"repeat","background-position":"center center","background-size":"auto","background-attachment":"scroll","background-type":"","background-media":"","overlay-type":"","overlay-color":"","overlay-opacity":"","overlay-gradient":""},"mobile":{"background-color":"","background-image":"","background-repeat":"repeat","background-position":"center center","background-size":"auto","background-attachment":"scroll","background-type":"","background-media":"","overlay-type":"","overlay-color":"","overlay-opacity":"","overlay-gradient":""}},"ast-content-background-meta":{"desktop":{"background-color":"var(--ast-global-color-5)","background-image":"","background-repeat":"repeat","background-position":"center center","background-size":"auto","background-attachment":"scroll","background-type":"","background-media":"","overlay-type":"","overlay-color":"","overlay-opacity":"","overlay-gradient":""},"tablet":{"background-color":"var(--ast-global-color-5)","background-image":"","background-repeat":"repeat","background-position":"center center","background-size":"auto","background-attachment":"scroll","background-type":"","background-media":"","overlay-type":"","overlay-color":"","overlay-opacity":"","overlay-gradient":""},"mobile":{"background-color":"var(--ast-global-color-5)","background-image":"","background-repeat":"repeat","background-position":"center center","background-size":"auto","background-attachment":"scroll","background-type":"","background-media":"","overlay-type":"","overlay-color":"","overlay-opacity":"","overlay-gradient":""}},"footnotes":""},"class_list":["post-3308","page","type-page","status-publish","hentry"],"post_mailing_queue_ids":[],"_links":{"self":[{"href":"https:\/\/agora.xtec.cat\/escolamartamatagirona\/wp-json\/wp\/v2\/pages\/3308","targetHints":{"allow":["GET"]}}],"collection":[{"href":"https:\/\/agora.xtec.cat\/escolamartamatagirona\/wp-json\/wp\/v2\/pages"}],"about":[{"href":"https:\/\/agora.xtec.cat\/escolamartamatagirona\/wp-json\/wp\/v2\/types\/page"}],"author":[{"embeddable":true,"href":"https:\/\/agora.xtec.cat\/escolamartamatagirona\/wp-json\/wp\/v2\/users\/1"}],"replies":[{"embeddable":true,"href":"https:\/\/agora.xtec.cat\/escolamartamatagirona\/wp-json\/wp\/v2\/comments?post=3308"}],"version-history":[{"count":6,"href":"https:\/\/agora.xtec.cat\/escolamartamatagirona\/wp-json\/wp\/v2\/pages\/3308\/revisions"}],"predecessor-version":[{"id":3318,"href":"https:\/\/agora.xtec.cat\/escolamartamatagirona\/wp-json\/wp\/v2\/pages\/3308\/revisions\/3318"}],"wp:attachment":[{"href":"https:\/\/agora.xtec.cat\/escolamartamatagirona\/wp-json\/wp\/v2\/media?parent=3308"}],"curies":[{"name":"wp","href":"https:\/\/api.w.org\/{rel}","templated":true}]}}