{"id":301,"date":"2013-09-19T09:36:41","date_gmt":"2013-09-19T09:36:41","guid":{"rendered":"https:\/\/www.escolamartamata.cat\/?page_id=301"},"modified":"2025-11-28T17:01:55","modified_gmt":"2025-11-28T16:01:55","slug":"comissions","status":"publish","type":"page","link":"https:\/\/agora.xtec.cat\/escolamartamatabdv\/afa\/comissions\/","title":{"rendered":"ORGANITZACI\u00d3 DE PROJECTES"},"content":{"rendered":"<p style=\"text-align: left;\" align=\"center\">Si et preguntes: \u201cEn quines coses puc col\u00b7laborar en la nostra escola?\u201d et direm que ens pots ajudar a pintar, a retallar, a enganxar, a pensar activitats per infants i fam\u00edlies, a penjar llistes, a buscar una extraescolar, a decorar una festa, a millorar la comunicaci\u00f3, a parar taules, a portar material per fer activitats, a recollir, a fer la revista, a riure i passar-ho b\u00e9, a fer m\u00e9s gran la escola dels nostres infants.<\/p>\n<p style=\"text-align: left;\" align=\"center\">Els diferents projectes s\u00f3n:<\/p>\n<ul>\n<li><strong>Activitats extraescolars: <\/strong>S&#8217;encarrega d&#8217;organitzar i coordinar les activitats extraescolars.<\/li>\n<\/ul>\n<p>&nbsp;<\/p>\n<ul>\n<li>Comunicaci\u00f3:<\/li>\n<\/ul>\n<p>&nbsp;<\/p>\n<ul>\n<li><strong>Dinamitzaci\u00f3: <\/strong>Organitza sortides, tallers, xerrades, etc.. per a la comunitat educativa fora de l&#8217;horari escolar.\u00a0 Tamb\u00e9 busca altres fonts d&#8217;ingressos de l&#8217;associaci\u00f3.durant l&#8217;any es programen diverses festes;\u00a0 fam\u00edlies i mestres organitzen diferents activitats com la castanyada, carnestoltes, Sant Jordi, Festa Major per poder gaudir tota la comunitat educativa.<\/li>\n<\/ul>\n<ul>\n<li><strong>Serveis educatius: <\/strong>Treballa per consolidar el projecte de menjador d&#8217;acord amb la l\u00ednia pedag\u00f2gica de l&#8217;escola pel curs 2016-17 i crear i revisar el seu funcionament.<\/li>\n<\/ul>\n<p>&nbsp;<\/p>\n<ul>\n<li><strong>Pati:<\/strong> Juntament amb mestres de l&#8217;escola pensa i organitza el dissabte de manetes, on les fam\u00edlies participen en l&#8217;elaboraci\u00f3 de materials, jocs, i totes les tasques de manteniment de les diferents propostes.<\/li>\n<\/ul>\n<p>&nbsp;<\/p>\n<ul>\n<li>Biblioteca:<\/li>\n<\/ul>\n<p>&nbsp;<\/p>\n<ul>\n<li><strong>Caf\u00e8 pedag\u00f2gic<\/strong>: \u00e9s un espai de trobada on fam\u00edlies i mestres comparteixen diferents temes relacionats amb l&#8217;educaci\u00f3 dels infants. Tamb\u00e9 organitza sessions de debat, tallers, xerrades i jornades pedag\u00f2giques on tota la comunitat hi t\u00e9 cabuda.<\/li>\n<\/ul>\n<p>&nbsp;<\/p>\n<ul>\n<li><strong>Horta<\/strong>: la comissi\u00f3 d&#8217;horta est\u00e0 basada principalment per fam\u00edlies que gestionen la plantaci\u00f3 de productes aix\u00ed com l&#8217;organitzaci\u00f3 del seu manteniment. En la comissi\u00f3 tamb\u00e9 col\u00b7labora l&#8217;escola, qui fa d&#8217;enlla\u00e7 amb les activitats que es realitzen a l&#8217;hort des de l&#8217;escola. S&#8217;organitzen dissabtes d&#8217;horta per\u00f2 tamb\u00e9 es treballa en el terreny entre setmana.<\/li>\n<\/ul>\n<p>Si vols participar en qualsevol comissi\u00f3 envian&#8217;s un correu electr\u00f2nic a l&#8217;adre\u00e7a <a href=\"mailto:ampa@escolamartamata.cat\">afa@escolamartamata.cat<\/a><\/p>\n","protected":false},"excerpt":{"rendered":"<p>Si et preguntes: \u201cEn quines coses puc col\u00b7laborar en la nostra escola?\u201d et direm que ens pots ajudar a pintar, a retallar, a enganxar, a pensar activitats per infants i fam\u00edlies, a penjar llistes, a buscar una extraescolar, a decorar una festa, a millorar la&hellip;  <a href=\"https:\/\/agora.xtec.cat\/escolamartamatabdv\/afa\/comissions\/\" title=\"Read ORGANITZACI\u00d3 DE PROJECTES\">Llegeix m\u00e9s\u00bb<\/a><\/p>\n","protected":false},"author":8,"featured_media":0,"parent":11102,"menu_order":6,"comment_status":"closed","ping_status":"closed","template":"page-templates\/side-menu.php","meta":{"_bbp_topic_count":0,"_bbp_reply_count":0,"_bbp_total_topic_count":0,"_bbp_total_reply_count":0,"_bbp_voice_count":0,"_bbp_anonymous_reply_count":0,"_bbp_topic_count_hidden":0,"_bbp_reply_count_hidden":0,"_bbp_forum_subforum_count":0,"footnotes":""},"class_list":["post-301","page","type-page","status-publish","hentry"],"post_mailing_queue_ids":[],"_links":{"self":[{"href":"https:\/\/agora.xtec.cat\/escolamartamatabdv\/wp-json\/wp\/v2\/pages\/301","targetHints":{"allow":["GET"]}}],"collection":[{"href":"https:\/\/agora.xtec.cat\/escolamartamatabdv\/wp-json\/wp\/v2\/pages"}],"about":[{"href":"https:\/\/agora.xtec.cat\/escolamartamatabdv\/wp-json\/wp\/v2\/types\/page"}],"author":[{"embeddable":true,"href":"https:\/\/agora.xtec.cat\/escolamartamatabdv\/wp-json\/wp\/v2\/users\/8"}],"replies":[{"embeddable":true,"href":"https:\/\/agora.xtec.cat\/escolamartamatabdv\/wp-json\/wp\/v2\/comments?post=301"}],"version-history":[{"count":5,"href":"https:\/\/agora.xtec.cat\/escolamartamatabdv\/wp-json\/wp\/v2\/pages\/301\/revisions"}],"predecessor-version":[{"id":14484,"href":"https:\/\/agora.xtec.cat\/escolamartamatabdv\/wp-json\/wp\/v2\/pages\/301\/revisions\/14484"}],"up":[{"embeddable":true,"href":"https:\/\/agora.xtec.cat\/escolamartamatabdv\/wp-json\/wp\/v2\/pages\/11102"}],"wp:attachment":[{"href":"https:\/\/agora.xtec.cat\/escolamartamatabdv\/wp-json\/wp\/v2\/media?parent=301"}],"curies":[{"name":"wp","href":"https:\/\/api.w.org\/{rel}","templated":true}]}}