{"id":14656,"date":"2026-01-19T13:28:10","date_gmt":"2026-01-19T12:28:10","guid":{"rendered":"https:\/\/agora.xtec.cat\/escolamartamatabdv\/?page_id=14656"},"modified":"2026-01-19T13:37:15","modified_gmt":"2026-01-19T12:37:15","slug":"plans-de-treball","status":"publish","type":"page","link":"https:\/\/agora.xtec.cat\/escolamartamatabdv\/plans-de-treball\/","title":{"rendered":"Plans de treball"},"content":{"rendered":"<p align=\"justify\"><span style=\"color: #000000;\"><span style=\"font-family: Calibri, sans-serif;\"><span style=\"font-size: medium;\">Els plans de treball es defineixen com a <b>instruments did\u00e0ctics<\/b> dissenyats per <b>garantir la consolidaci\u00f3 d&#8217;aprenentatges i l&#8217;assoliment dels objectius curriculars vinculats.<\/b> La seva finalitat principal \u00e9s abordar aquells continguts que, per la seva naturalesa, requereixen una sistematitzaci\u00f3 espec\u00edfica i que no s&#8217;han treballat de manera transversal en altres contextos d&#8217;aprenentatge (com ara projectes d&#8217;aula, ambients, tallers o capses d&#8217;aprenentatge).<\/span><\/span><\/span><\/p>\n<p align=\"justify\"><span style=\"font-family: Calibri, sans-serif;\"><span style=\"font-size: medium;\">L&#8217;objectiu fonamental \u00e9s facilitar que l&#8217;alumnat treballi continguts de car\u00e0cter m\u00e9s <b>procedimental i mec\u00e0nic<\/b> mitjan\u00e7ant una dedicaci\u00f3 sistem\u00e0tica dins l&#8217;horari lectiu setmanal.<\/span><\/span><\/p>\n<p align=\"justify\"><span style=\"font-family: Calibri, sans-serif;\"><span style=\"font-size: medium;\">L&#8217;elaboraci\u00f3 dels plans de treball respon a una planificaci\u00f3 a nivell de cicle. Aquest document inclou la seq\u00fcenciaci\u00f3 de continguts per a cada nivell educatiu, centrant-se espec\u00edficament en les \u00e0rees de <b>Llengua<\/b> i <b>Matem\u00e0tiques<\/b>. A partir d&#8217;aquesta concreci\u00f3 curricular pr\u00e8via, es dissenyen les propostes espec\u00edfiques per a cada \u00e0rea.<\/span><\/span><\/p>\n<p align=\"justify\"><span style=\"font-family: Calibri, sans-serif;\"><span style=\"font-size: medium;\">La metodologia emprada es caracteritza per la seva flexibilitat i adaptabilitat en funci\u00f3 del contingut i el nivell educatiu, presentant-se en diversos formats:<\/span><\/span><\/p>\n<ul>\n<li>\n<p align=\"justify\"><span style=\"font-family: Calibri, sans-serif;\"><span style=\"font-size: medium;\"><b>Vinculaci\u00f3 amb el Projecte:<\/b> Relacionar el pla de treball amb el projecte d&#8217;aula vigent per refor\u00e7ar continguts espec\u00edfics de manera contextualitzada.<\/span><\/span><\/p>\n<\/li>\n<li>\n<p align=\"justify\"><span style=\"font-family: Calibri, sans-serif;\"><span style=\"font-size: medium;\"><b>Progressi\u00f3 de l&#8217;Aprenentatge:<\/b> Es prioritza la introducci\u00f3 de continguts mitjan\u00e7ant materials manipulatius abans de procedir a l&#8217;abstracci\u00f3 en suport paper.<\/span><\/span><\/p>\n<\/li>\n<li>\n<p align=\"justify\"><span style=\"font-family: Calibri, sans-serif;\"><span style=\"font-size: medium;\"><b>Aprenentatge Basat en Reptes:<\/b> Es fomenta la presentaci\u00f3 de tasques en format de repte o resoluci\u00f3 de problemes significatius per a l&#8217;alumnat.<\/span><\/span><\/p>\n<\/li>\n<li>\n<p align=\"justify\"><span style=\"font-family: Calibri, sans-serif;\"><span style=\"font-size: medium;\"><b>Cicle Inicial (1r i 2n):<\/b> En els nivells inferiors, els plans de treball s\u2019articulen mitjan\u00e7ant racons d&#8217;aprenentatge, combinant diversos materials i suports.<\/span><\/span><\/p>\n<\/li>\n<\/ul>\n<p align=\"justify\"><span style=\"color: #000000;\"><span style=\"font-family: Calibri, sans-serif;\"><span style=\"font-size: medium;\">Els infants podran utilitzar la pauta ortogr\u00e0fica i la r\u00fabrica per autoavaluar-se.<\/span><\/span><\/span><\/p>\n<p align=\"justify\"><span style=\"color: #000000;\"><span style=\"font-family: Calibri, sans-serif;\"><span style=\"font-size: medium;\">A la setmana es dedi<\/span><\/span><\/span><span style=\"color: #000000;\"><span style=\"font-family: Calibri, sans-serif;\"><span style=\"font-size: medium;\">que<\/span><\/span><\/span><span style=\"color: #000000;\"><span style=\"font-family: Calibri, sans-serif;\"><span style=\"font-size: medium;\">n un m\u00ednim de dues franges per fer pla de treball.<\/span><\/span><\/span><\/p>\n","protected":false},"excerpt":{"rendered":"<p>Els plans de treball es defineixen com a instruments did\u00e0ctics dissenyats per garantir la consolidaci\u00f3 d&#8217;aprenentatges i l&#8217;assoliment dels objectius curriculars vinculats. La seva finalitat principal \u00e9s abordar aquells continguts que, per la seva naturalesa, requereixen una sistematitzaci\u00f3 espec\u00edfica i que no s&#8217;han treballat de&hellip;  <a href=\"https:\/\/agora.xtec.cat\/escolamartamatabdv\/plans-de-treball\/\" title=\"Read Plans de treball\">Llegeix m\u00e9s\u00bb<\/a><\/p>\n","protected":false},"author":10,"featured_media":0,"parent":0,"menu_order":0,"comment_status":"closed","ping_status":"closed","template":"","meta":{"_bbp_topic_count":0,"_bbp_reply_count":0,"_bbp_total_topic_count":0,"_bbp_total_reply_count":0,"_bbp_voice_count":0,"_bbp_anonymous_reply_count":0,"_bbp_topic_count_hidden":0,"_bbp_reply_count_hidden":0,"_bbp_forum_subforum_count":0,"footnotes":""},"class_list":["post-14656","page","type-page","status-publish","hentry"],"post_mailing_queue_ids":[],"_links":{"self":[{"href":"https:\/\/agora.xtec.cat\/escolamartamatabdv\/wp-json\/wp\/v2\/pages\/14656","targetHints":{"allow":["GET"]}}],"collection":[{"href":"https:\/\/agora.xtec.cat\/escolamartamatabdv\/wp-json\/wp\/v2\/pages"}],"about":[{"href":"https:\/\/agora.xtec.cat\/escolamartamatabdv\/wp-json\/wp\/v2\/types\/page"}],"author":[{"embeddable":true,"href":"https:\/\/agora.xtec.cat\/escolamartamatabdv\/wp-json\/wp\/v2\/users\/10"}],"replies":[{"embeddable":true,"href":"https:\/\/agora.xtec.cat\/escolamartamatabdv\/wp-json\/wp\/v2\/comments?post=14656"}],"version-history":[{"count":2,"href":"https:\/\/agora.xtec.cat\/escolamartamatabdv\/wp-json\/wp\/v2\/pages\/14656\/revisions"}],"predecessor-version":[{"id":14667,"href":"https:\/\/agora.xtec.cat\/escolamartamatabdv\/wp-json\/wp\/v2\/pages\/14656\/revisions\/14667"}],"wp:attachment":[{"href":"https:\/\/agora.xtec.cat\/escolamartamatabdv\/wp-json\/wp\/v2\/media?parent=14656"}],"curies":[{"name":"wp","href":"https:\/\/api.w.org\/{rel}","templated":true}]}}