{"id":14610,"date":"2025-12-16T10:32:41","date_gmt":"2025-12-16T09:32:41","guid":{"rendered":"https:\/\/agora.xtec.cat\/escolamartamatabdv\/?page_id=14610"},"modified":"2025-12-16T10:32:41","modified_gmt":"2025-12-16T09:32:41","slug":"projecte-de-radio","status":"publish","type":"page","link":"https:\/\/agora.xtec.cat\/escolamartamatabdv\/projecte-de-radio\/","title":{"rendered":"Projecte de r\u00e0dio"},"content":{"rendered":"<p style=\"text-align: justify;\"><span style=\"font-family: Gadugi, sans-serif;\"><span style=\"font-size: small;\">Es proposa un projecte innovador destinat als alumnes de 5\u00e8 de prim\u00e0ria, centrat en el proc\u00e9s complet de creaci\u00f3 i realitzaci\u00f3 d&#8217;un podcast (preparaci\u00f3, enregistrament i postproducci\u00f3) amb contingut d&#8217;elaboraci\u00f3 pr\u00f2pia.<\/span><\/span><\/p>\n<p style=\"text-align: justify;\"><span style=\"font-family: Gadugi, sans-serif;\"><span style=\"font-size: small;\">L&#8217;objectiu principal \u00e9s mitigar els problemes habituals de comunicaci\u00f3 oral en aquesta l&#8217;etapa, oferint eines per millorar l&#8217;expressi\u00f3 i el domini de la parla en p\u00fablic. Les habilitats desenvolupades s\u00f3n:<\/span><\/span><\/p>\n<ul style=\"text-align: justify;\">\n<li><span style=\"font-family: Gadugi, sans-serif;\"><span style=\"font-size: small;\"><b>Ampliaci\u00f3 <\/b><b>del l\u00e8xic<\/b><b>:<\/b> Enriquiment significatiu del vocabulari actiu.<\/span><\/span><\/li>\n<li><span style=\"font-family: Gadugi, sans-serif;\"><span style=\"font-size: small;\"><b>Col\u00b7laboraci\u00f3:<\/b> Potenciaci\u00f3 del treball cooperatiu.<\/span><\/span><\/li>\n<li><span style=\"font-family: Gadugi, sans-serif;\"><span style=\"font-size: small;\"><b>Inclusi\u00f3:<\/b> Benefici\u00f3s per a alumnes amb alguna dificultat comunicativa, a m\u00e9s de ser un canal d&#8217;expressi\u00f3 valu\u00f3s per a tots.<\/span><\/span><\/li>\n<li><span style=\"font-family: Gadugi, sans-serif;\"><span style=\"font-size: small;\"><b>Projecci\u00f3:<\/b> Est\u00edmul per a la consideraci\u00f3 de futurs estudis relacionats amb la comunicaci\u00f3, obrint possibles sortides professionals futures.<\/span><\/span><\/li>\n<\/ul>\n<p style=\"text-align: justify;\"><span style=\"font-family: Gadugi, sans-serif;\"><span style=\"font-size: small;\">Aquesta activitat est\u00e0 dissenyada per explotar el valor did\u00e0ctic del format radiof\u00f2nic, permetent a l&#8217;alumnat millorar aspectes com la comprensi\u00f3 (oral i escrita), la capacitat de s\u00edntesi i estructuraci\u00f3 d&#8217;idees, la improvisaci\u00f3 i, fonamentalment, l&#8217;adequaci\u00f3 ling\u00fc\u00edstica en catal\u00e0.<\/span><\/span><\/p>\n","protected":false},"excerpt":{"rendered":"<p>Es proposa un projecte innovador destinat als alumnes de 5\u00e8 de prim\u00e0ria, centrat en el proc\u00e9s complet de creaci\u00f3 i realitzaci\u00f3 d&#8217;un podcast (preparaci\u00f3, enregistrament i postproducci\u00f3) amb contingut d&#8217;elaboraci\u00f3 pr\u00f2pia.<br \/>\nL&#8217;objectiu principal \u00e9s mitigar els problemes habituals de comunicaci\u00f3 oral en aquesta l&#8217;etapa, oferint eines&hellip;  <a href=\"https:\/\/agora.xtec.cat\/escolamartamatabdv\/projecte-de-radio\/\" title=\"Read Projecte de r\u00e0dio\">Llegeix m\u00e9s\u00bb<\/a><\/p>\n","protected":false},"author":10,"featured_media":0,"parent":0,"menu_order":0,"comment_status":"closed","ping_status":"closed","template":"","meta":{"_bbp_topic_count":0,"_bbp_reply_count":0,"_bbp_total_topic_count":0,"_bbp_total_reply_count":0,"_bbp_voice_count":0,"_bbp_anonymous_reply_count":0,"_bbp_topic_count_hidden":0,"_bbp_reply_count_hidden":0,"_bbp_forum_subforum_count":0,"footnotes":""},"class_list":["post-14610","page","type-page","status-publish","hentry"],"post_mailing_queue_ids":[],"_links":{"self":[{"href":"https:\/\/agora.xtec.cat\/escolamartamatabdv\/wp-json\/wp\/v2\/pages\/14610","targetHints":{"allow":["GET"]}}],"collection":[{"href":"https:\/\/agora.xtec.cat\/escolamartamatabdv\/wp-json\/wp\/v2\/pages"}],"about":[{"href":"https:\/\/agora.xtec.cat\/escolamartamatabdv\/wp-json\/wp\/v2\/types\/page"}],"author":[{"embeddable":true,"href":"https:\/\/agora.xtec.cat\/escolamartamatabdv\/wp-json\/wp\/v2\/users\/10"}],"replies":[{"embeddable":true,"href":"https:\/\/agora.xtec.cat\/escolamartamatabdv\/wp-json\/wp\/v2\/comments?post=14610"}],"version-history":[{"count":1,"href":"https:\/\/agora.xtec.cat\/escolamartamatabdv\/wp-json\/wp\/v2\/pages\/14610\/revisions"}],"predecessor-version":[{"id":14611,"href":"https:\/\/agora.xtec.cat\/escolamartamatabdv\/wp-json\/wp\/v2\/pages\/14610\/revisions\/14611"}],"wp:attachment":[{"href":"https:\/\/agora.xtec.cat\/escolamartamatabdv\/wp-json\/wp\/v2\/media?parent=14610"}],"curies":[{"name":"wp","href":"https:\/\/api.w.org\/{rel}","templated":true}]}}