{"id":14500,"date":"2025-12-01T11:50:08","date_gmt":"2025-12-01T10:50:08","guid":{"rendered":"https:\/\/agora.xtec.cat\/escolamartamatabdv\/?page_id=14500"},"modified":"2025-12-02T13:09:04","modified_gmt":"2025-12-02T12:09:04","slug":"com-ho-fem","status":"publish","type":"page","link":"https:\/\/agora.xtec.cat\/escolamartamatabdv\/com-ho-fem\/","title":{"rendered":"Com ho fem?"},"content":{"rendered":"<ul>\n<li>Escoltant-los, tenint en compte que els infants s\u00f3n el centre del proc\u00e9s d\u2019aprenentatge, i no els\/les mestres.<\/li>\n<li>Observant-los per tal d\u2019apropar-nos als seus interessos i necessitats.<\/li>\n<li>Planificant molt b\u00e9 quins s\u00f3n els nostres objectius i el material que posem al seu abast per tal que arribin a ser capa\u00e7os i competents.<\/li>\n<li>Respectant-los, tot confiant en les seves capacitats i atenen les necessitats de cada infant.<\/li>\n<li>Comprometent-nos amb el projecte de l\u2019escola.<\/li>\n<li>Participant democr\u00e0ticament i fomentant un debat pedag\u00f2gic.<\/li>\n<li>Fomentant el desenvolupament de projectes interdisciplinaris en llengua anglesa (AICLE).<\/li>\n<li>Treballem a partir de propostes d\u2019ambients d\u2019aprenentatge.<\/li>\n<li>Proposem tallers a la comunitat de grans: art, hist\u00f2ria i ci\u00e8ncia a trav\u00e9s de\u00a0Missi\u00f3 Alba.<\/li>\n<li>Resolem reptes de capses d\u2019aprenentatge.<\/li>\n<li>Descobrim el m\u00f3n a trav\u00e9s dels Projectes d\u2019aula.<\/li>\n<li>Treballem altres continguts curriculars a trav\u00e9s dels Plans de Treball.<\/li>\n<\/ul>\n","protected":false},"excerpt":{"rendered":"<ul>\n<li>Escoltant-los, tenint en compte que els infants s\u00f3n el centre del proc\u00e9s d\u2019aprenentatge, i no els\/les mestres.<\/li>\n<li>Observant-los per tal d\u2019apropar-nos als seus interessos i necessitats.<\/li>\n<li>Planificant molt b\u00e9 quins s\u00f3n els nostres objectius i el material que posem al seu abast per tal que arribin a&hellip;  <a href=\"https:\/\/agora.xtec.cat\/escolamartamatabdv\/com-ho-fem\/\" title=\"Read Com ho fem?\">Llegeix m\u00e9s\u00bb<\/a><br \/>\n","protected":false},"author":10,"featured_media":0,"parent":0,"menu_order":0,"comment_status":"closed","ping_status":"closed","template":"","meta":{"_bbp_topic_count":0,"_bbp_reply_count":0,"_bbp_total_topic_count":0,"_bbp_total_reply_count":0,"_bbp_voice_count":0,"_bbp_anonymous_reply_count":0,"_bbp_topic_count_hidden":0,"_bbp_reply_count_hidden":0,"_bbp_forum_subforum_count":0,"footnotes":""},"class_list":["post-14500","page","type-page","status-publish","hentry"],"post_mailing_queue_ids":[],"_links":{"self":[{"href":"https:\/\/agora.xtec.cat\/escolamartamatabdv\/wp-json\/wp\/v2\/pages\/14500","targetHints":{"allow":["GET"]}}],"collection":[{"href":"https:\/\/agora.xtec.cat\/escolamartamatabdv\/wp-json\/wp\/v2\/pages"}],"about":[{"href":"https:\/\/agora.xtec.cat\/escolamartamatabdv\/wp-json\/wp\/v2\/types\/page"}],"author":[{"embeddable":true,"href":"https:\/\/agora.xtec.cat\/escolamartamatabdv\/wp-json\/wp\/v2\/users\/10"}],"replies":[{"embeddable":true,"href":"https:\/\/agora.xtec.cat\/escolamartamatabdv\/wp-json\/wp\/v2\/comments?post=14500"}],"version-history":[{"count":3,"href":"https:\/\/agora.xtec.cat\/escolamartamatabdv\/wp-json\/wp\/v2\/pages\/14500\/revisions"}],"predecessor-version":[{"id":14514,"href":"https:\/\/agora.xtec.cat\/escolamartamatabdv\/wp-json\/wp\/v2\/pages\/14500\/revisions\/14514"}],"wp:attachment":[{"href":"https:\/\/agora.xtec.cat\/escolamartamatabdv\/wp-json\/wp\/v2\/media?parent=14500"}],"curies":[{"name":"wp","href":"https:\/\/api.w.org\/{rel}","templated":true}]}}