{"id":14487,"date":"2025-12-01T10:24:30","date_gmt":"2025-12-01T09:24:30","guid":{"rendered":"https:\/\/agora.xtec.cat\/escolamartamatabdv\/?page_id=14487"},"modified":"2025-12-01T10:24:30","modified_gmt":"2025-12-01T09:24:30","slug":"installacions","status":"publish","type":"page","link":"https:\/\/agora.xtec.cat\/escolamartamatabdv\/installacions\/","title":{"rendered":"Instal\u00b7lacions"},"content":{"rendered":"<p><img loading=\"lazy\" decoding=\"async\" class=\"aligncenter wp-image-14489 size-large\" src=\"https:\/\/agora.xtec.cat\/escolamartamatabdv\/wp-content\/uploads\/usu2203\/2025\/12\/White-Gray-Creative-Work-Plan-Presentation-1024x576.png\" alt=\"\" width=\"1024\" height=\"576\" srcset=\"https:\/\/agora.xtec.cat\/escolamartamatabdv\/wp-content\/uploads\/usu2203\/2025\/12\/White-Gray-Creative-Work-Plan-Presentation-1024x576.png 1024w, https:\/\/agora.xtec.cat\/escolamartamatabdv\/wp-content\/uploads\/usu2203\/2025\/12\/White-Gray-Creative-Work-Plan-Presentation-300x169.png 300w, https:\/\/agora.xtec.cat\/escolamartamatabdv\/wp-content\/uploads\/usu2203\/2025\/12\/White-Gray-Creative-Work-Plan-Presentation-768x432.png 768w, https:\/\/agora.xtec.cat\/escolamartamatabdv\/wp-content\/uploads\/usu2203\/2025\/12\/White-Gray-Creative-Work-Plan-Presentation-1536x864.png 1536w, https:\/\/agora.xtec.cat\/escolamartamatabdv\/wp-content\/uploads\/usu2203\/2025\/12\/White-Gray-Creative-Work-Plan-Presentation.png 1920w\" sizes=\"auto, (max-width: 1024px) 100vw, 1024px\" \/><\/p>\n<p>L&#8217;escola t\u00e9 una estructura de dos pisos.<\/p>\n<p>Al pis de baix trobem les aules d&#8217;infantil, art, m\u00fasica, sala sensorial, sala de r\u00e0dio, lavabos i sala de material a un costat i a l&#8217;altre, els despatxos, la biblioteca, el menjador i el gimn\u00e0s.<\/p>\n<p><img loading=\"lazy\" decoding=\"async\" class=\"aligncenter size-large wp-image-14491\" src=\"https:\/\/agora.xtec.cat\/escolamartamatabdv\/wp-content\/uploads\/usu2203\/2025\/12\/White-Gray-Creative-Work-Plan-Presentation-2-1024x576.png\" alt=\"\" width=\"1024\" height=\"576\" srcset=\"https:\/\/agora.xtec.cat\/escolamartamatabdv\/wp-content\/uploads\/usu2203\/2025\/12\/White-Gray-Creative-Work-Plan-Presentation-2-1024x576.png 1024w, https:\/\/agora.xtec.cat\/escolamartamatabdv\/wp-content\/uploads\/usu2203\/2025\/12\/White-Gray-Creative-Work-Plan-Presentation-2-300x169.png 300w, https:\/\/agora.xtec.cat\/escolamartamatabdv\/wp-content\/uploads\/usu2203\/2025\/12\/White-Gray-Creative-Work-Plan-Presentation-2-768x432.png 768w, https:\/\/agora.xtec.cat\/escolamartamatabdv\/wp-content\/uploads\/usu2203\/2025\/12\/White-Gray-Creative-Work-Plan-Presentation-2-1536x864.png 1536w, https:\/\/agora.xtec.cat\/escolamartamatabdv\/wp-content\/uploads\/usu2203\/2025\/12\/White-Gray-Creative-Work-Plan-Presentation-2.png 1920w\" sizes=\"auto, (max-width: 1024px) 100vw, 1024px\" \/><\/p>\n<p>Al pis de dalt trobem les aules de prim\u00e0ria, el Cau (At. Diversitat), Auleta (SIEI), English Class, un aula polivalent, la sala de mestres, el despatx logopeda i EAP, els lavabos i 2 sales de material.<\/p>\n","protected":false},"excerpt":{"rendered":"<p>L&#8217;escola t\u00e9 una estructura de dos pisos.<br \/>\nAl pis de baix trobem les aules d&#8217;infantil, art, m\u00fasica, sala sensorial, sala de r\u00e0dio, lavabos i sala de material a un costat i a l&#8217;altre, els despatxos, la biblioteca, el menjador i el gimn\u00e0s.<\/p>\n<p>Al pis de dalt trobem&hellip;  <a href=\"https:\/\/agora.xtec.cat\/escolamartamatabdv\/installacions\/\" title=\"Read Instal\u00b7lacions\">Llegeix m\u00e9s\u00bb<\/a><\/p>\n","protected":false},"author":10,"featured_media":0,"parent":0,"menu_order":0,"comment_status":"closed","ping_status":"closed","template":"","meta":{"_bbp_topic_count":0,"_bbp_reply_count":0,"_bbp_total_topic_count":0,"_bbp_total_reply_count":0,"_bbp_voice_count":0,"_bbp_anonymous_reply_count":0,"_bbp_topic_count_hidden":0,"_bbp_reply_count_hidden":0,"_bbp_forum_subforum_count":0,"footnotes":""},"class_list":["post-14487","page","type-page","status-publish","hentry"],"post_mailing_queue_ids":[],"_links":{"self":[{"href":"https:\/\/agora.xtec.cat\/escolamartamatabdv\/wp-json\/wp\/v2\/pages\/14487","targetHints":{"allow":["GET"]}}],"collection":[{"href":"https:\/\/agora.xtec.cat\/escolamartamatabdv\/wp-json\/wp\/v2\/pages"}],"about":[{"href":"https:\/\/agora.xtec.cat\/escolamartamatabdv\/wp-json\/wp\/v2\/types\/page"}],"author":[{"embeddable":true,"href":"https:\/\/agora.xtec.cat\/escolamartamatabdv\/wp-json\/wp\/v2\/users\/10"}],"replies":[{"embeddable":true,"href":"https:\/\/agora.xtec.cat\/escolamartamatabdv\/wp-json\/wp\/v2\/comments?post=14487"}],"version-history":[{"count":1,"href":"https:\/\/agora.xtec.cat\/escolamartamatabdv\/wp-json\/wp\/v2\/pages\/14487\/revisions"}],"predecessor-version":[{"id":14492,"href":"https:\/\/agora.xtec.cat\/escolamartamatabdv\/wp-json\/wp\/v2\/pages\/14487\/revisions\/14492"}],"wp:attachment":[{"href":"https:\/\/agora.xtec.cat\/escolamartamatabdv\/wp-json\/wp\/v2\/media?parent=14487"}],"curies":[{"name":"wp","href":"https:\/\/api.w.org\/{rel}","templated":true}]}}