{"id":13134,"date":"2023-07-13T11:23:29","date_gmt":"2023-07-13T09:23:29","guid":{"rendered":"https:\/\/agora.xtec.cat\/escolamartamatabdv\/?page_id=13134"},"modified":"2024-06-11T11:15:30","modified_gmt":"2024-06-11T09:15:30","slug":"autoritzacions","status":"publish","type":"page","link":"https:\/\/agora.xtec.cat\/escolamartamatabdv\/autoritzacions\/","title":{"rendered":"Autoritzacions"},"content":{"rendered":"<p><a href=\"https:\/\/agora.xtec.cat\/escolamartamatabdv\/wp-content\/uploads\/usu2203\/2023\/07\/AUTORITZACIO-A-MENORS-PER-RECOLLIR-ALS-INFANTS.pdf\">AUTORITZACI\u00d3 A MENORS PER RECOLLIR ALS INFANTS<\/a><\/p>\n<p><a href=\"https:\/\/agora.xtec.cat\/escolamartamatabdv\/wp-content\/uploads\/usu2203\/2023\/07\/AUTORITZACIO-PER-RECOLLIR-ALS-INFANTS.pdf\">AUTORITZACI\u00d3 PER RECOLLIR ALS INFANTS<\/a><\/p>\n<p><a href=\"https:\/\/agora.xtec.cat\/escolamartamatabdv\/wp-content\/uploads\/usu2203\/2023\/07\/AUTORITZACIO-INFANTS-QUE-MARXEN-SOLS-a-partir-de-4t.docx.pdf\">AUTORITZACI\u00d3 INFANTS QUE MARXEN SOLS (a partir de 4t).docx<\/a><\/p>\n<p><a href=\"https:\/\/agora.xtec.cat\/escolamartamatabdv\/wp-content\/uploads\/usu2203\/2024\/06\/us-imatge_alumnat-per-a-tota-lescolaritat-menors-de-14-anys.pdf\">AUTORITZACI\u00d3 \u00daS IMATGE_alumnat per a tota l&#8217;escolaritat menors de 14 anys<\/a><\/p>\n<p><a href=\"https:\/\/agora.xtec.cat\/escolamartamatabdv\/wp-content\/uploads\/usu2203\/2023\/07\/AUTORITZACIO-US-DIMATGE-Alumnes-SIEI.docx.pdf\">AUTORITZACI\u00d3 \u00daS D&#8217;IMATGE Alumnes SIEI<\/a><\/p>\n<p><a href=\"https:\/\/agora.xtec.cat\/escolamartamatabdv\/wp-content\/uploads\/usu2203\/2023\/07\/AUTORITZACIO-US-DIMATGE-families.docx.pdf\">AUTORITZACI\u00d3 \u00daS D&#8217;IMATGE fam\u00edlies<\/a><\/p>\n<p><a href=\"https:\/\/agora.xtec.cat\/escolamartamatabdv\/wp-content\/uploads\/usu2203\/2023\/07\/AUTORITZACIO-SORTIDES.docx.pdf\">AUTORITZACI\u00d3 SORTIDES<\/a><\/p>\n<p><a href=\"https:\/\/agora.xtec.cat\/escolamartamatabdv\/wp-content\/uploads\/usu2203\/2023\/07\/MODIFICACIO-DADES-ALUMNES.docx.pdf\">MODIFICACI\u00d3 DADES ALUMNES<\/a><\/p>\n<p><a href=\"https:\/\/agora.xtec.cat\/escolamartamatabdv\/wp-content\/uploads\/usu2203\/2023\/07\/AUTORITZACIO-DAMINISTRACIO-DE-MEDICAMENTS.docx.pdf\">AUTORITZACI\u00d3 D&#8217;AMINISTRACI\u00d3 DE MEDICAMENTS<\/a><\/p>\n<p><a href=\"https:\/\/agora.xtec.cat\/escolamartamatabdv\/wp-content\/uploads\/usu2203\/2023\/07\/AUTORITZACIO-ALERGIES.pdf\">AUTORITZACI\u00d3 AL\u00c8RGIES<\/a><\/p>\n<p><a href=\"https:\/\/agora.xtec.cat\/escolamartamatabdv\/wp-content\/uploads\/usu2203\/2024\/03\/AUTORITZACIO-DISPOSITIUS-I-EINES-DIGITALS-1.pdf\">AUTORITZACI\u00d3 DISPOSITIUS DIGITALS<\/a><\/p>\n","protected":false},"excerpt":{"rendered":"<p><a href=\"https:\/\/agora.xtec.cat\/escolamartamatabdv\/wp-content\/uploads\/usu2203\/2023\/07\/AUTORITZACIO-A-MENORS-PER-RECOLLIR-ALS-INFANTS.pdf\">AUTORITZACI\u00d3 A MENORS PER RECOLLIR ALS INFANTS<\/a><br \/>\n<a href=\"https:\/\/agora.xtec.cat\/escolamartamatabdv\/wp-content\/uploads\/usu2203\/2023\/07\/AUTORITZACIO-PER-RECOLLIR-ALS-INFANTS.pdf\">AUTORITZACI\u00d3 PER RECOLLIR ALS INFANTS<\/a><br \/>\n<a href=\"https:\/\/agora.xtec.cat\/escolamartamatabdv\/wp-content\/uploads\/usu2203\/2023\/07\/AUTORITZACIO-INFANTS-QUE-MARXEN-SOLS-a-partir-de-4t.docx.pdf\">AUTORITZACI\u00d3 INFANTS QUE MARXEN SOLS (a partir de 4t).docx<\/a><br \/>\n<a href=\"https:\/\/agora.xtec.cat\/escolamartamatabdv\/wp-content\/uploads\/usu2203\/2024\/06\/us-imatge_alumnat-per-a-tota-lescolaritat-menors-de-14-anys.pdf\">AUTORITZACI\u00d3 \u00daS IMATGE_alumnat per a tota l&#8217;escolaritat menors de 14 anys<\/a><br \/>\n<a href=\"https:\/\/agora.xtec.cat\/escolamartamatabdv\/wp-content\/uploads\/usu2203\/2023\/07\/AUTORITZACIO-US-DIMATGE-Alumnes-SIEI.docx.pdf\">AUTORITZACI\u00d3 \u00daS D&#8217;IMATGE Alumnes SIEI<\/a><br \/>\n<a href=\"https:\/\/agora.xtec.cat\/escolamartamatabdv\/wp-content\/uploads\/usu2203\/2023\/07\/AUTORITZACIO-US-DIMATGE-families.docx.pdf\">AUTORITZACI\u00d3 \u00daS D&#8217;IMATGE fam\u00edlies<\/a><br \/>\n<a href=\"https:\/\/agora.xtec.cat\/escolamartamatabdv\/wp-content\/uploads\/usu2203\/2023\/07\/AUTORITZACIO-SORTIDES.docx.pdf\">AUTORITZACI\u00d3 SORTIDES<\/a><br \/>\n<a href=\"https:\/\/agora.xtec.cat\/escolamartamatabdv\/wp-content\/uploads\/usu2203\/2023\/07\/MODIFICACIO-DADES-ALUMNES.docx.pdf\">MODIFICACI\u00d3&hellip;  <a href=\"https:\/\/agora.xtec.cat\/escolamartamatabdv\/autoritzacions\/\" title=\"Read Autoritzacions\">Llegeix m\u00e9s\u00bb<\/a><\/p>\n","protected":false},"author":10,"featured_media":0,"parent":0,"menu_order":0,"comment_status":"closed","ping_status":"closed","template":"","meta":{"_bbp_topic_count":0,"_bbp_reply_count":0,"_bbp_total_topic_count":0,"_bbp_total_reply_count":0,"_bbp_voice_count":0,"_bbp_anonymous_reply_count":0,"_bbp_topic_count_hidden":0,"_bbp_reply_count_hidden":0,"_bbp_forum_subforum_count":0,"footnotes":""},"class_list":["post-13134","page","type-page","status-publish","hentry"],"post_mailing_queue_ids":[],"_links":{"self":[{"href":"https:\/\/agora.xtec.cat\/escolamartamatabdv\/wp-json\/wp\/v2\/pages\/13134","targetHints":{"allow":["GET"]}}],"collection":[{"href":"https:\/\/agora.xtec.cat\/escolamartamatabdv\/wp-json\/wp\/v2\/pages"}],"about":[{"href":"https:\/\/agora.xtec.cat\/escolamartamatabdv\/wp-json\/wp\/v2\/types\/page"}],"author":[{"embeddable":true,"href":"https:\/\/agora.xtec.cat\/escolamartamatabdv\/wp-json\/wp\/v2\/users\/10"}],"replies":[{"embeddable":true,"href":"https:\/\/agora.xtec.cat\/escolamartamatabdv\/wp-json\/wp\/v2\/comments?post=13134"}],"version-history":[{"count":7,"href":"https:\/\/agora.xtec.cat\/escolamartamatabdv\/wp-json\/wp\/v2\/pages\/13134\/revisions"}],"predecessor-version":[{"id":13879,"href":"https:\/\/agora.xtec.cat\/escolamartamatabdv\/wp-json\/wp\/v2\/pages\/13134\/revisions\/13879"}],"wp:attachment":[{"href":"https:\/\/agora.xtec.cat\/escolamartamatabdv\/wp-json\/wp\/v2\/media?parent=13134"}],"curies":[{"name":"wp","href":"https:\/\/api.w.org\/{rel}","templated":true}]}}