{"id":11500,"date":"2021-02-03T17:17:23","date_gmt":"2021-02-03T16:17:23","guid":{"rendered":"https:\/\/agora.xtec.cat\/escolamartamatabdv\/?page_id=11500"},"modified":"2025-12-16T12:13:07","modified_gmt":"2025-12-16T11:13:07","slug":"grans","status":"publish","type":"page","link":"https:\/\/agora.xtec.cat\/escolamartamatabdv\/comunitats\/grans\/","title":{"rendered":"Grans"},"content":{"rendered":"<p><span style=\"font-family: 'Century Gothic','sans-serif';\">La comunitat de grans la conformen els infants de 4t, 5\u00e8 i 6\u00e8 de prim\u00e0ria. El grup de 4t t\u00e9 com a base del projecte d&#8217;inici de curs el tema dels <strong>arquitectes<\/strong>. El grup de 5\u00e8 s\u00f3n <strong>periodistes<\/strong> i els grups de 6\u00e8 s\u00f3n <strong>m\u00fasiques i m\u00fasics<\/strong>. Aquests infants ja s\u00f3n uns experts en el treball per projectes. En posat a la pr\u00e0ctica l&#8217;exposici\u00f3 dels temes que han anat sorgint com a tema d&#8217;inter\u00e8s, ja sigui de projectes com de petites investigacions.<\/span><\/p>\n<p><span style=\"font-family: 'Century Gothic','sans-serif';\">El treball cooperatiu en aquesta comunitat tamb\u00e9 \u00e9s present en les Capses d&#8217;aprenentatge. Les \u201cCapses d\u2019aprenentatge\u201d sorgeixen de l\u2019evoluci\u00f3 dels \u201cambients&#8221; i\u00a0 es fomenta el treball a partir del m\u00e8tode cient\u00edfic. En petits grups els infants han de resoldre un repte, a trav\u00e9s d&#8217;un material concret i a partir de la investigaci\u00f3, l&#8217;experimentaci\u00f3, la hip\u00f2tesi, el descobriment, el raonament i la l\u00f2gica, esdevenen protagonistes del seu propi proc\u00e9s d&#8217;aprenentatge. Mitjan\u00e7ant les capses ens assegurarem l\u2019assoliment de les Compet\u00e8ncies B\u00e0siques, arrelades als diversos \u00e0mbits.<\/span><\/p>\n<p><span style=\"font-family: 'Century Gothic','sans-serif';\">Els tallers tamb\u00e9 s\u00f3n per la comunitat de grans una manera d&#8217;aprendre els continguts per a cadascun dels nivells. S\u00f3n propostes que tracten diferents temes, entre ells els tallers de Missi\u00f3 Alba (Projecte sincrotr\u00f3 Alba) que ofereix la possibilitat de viure la ci\u00e8ncia en primera persona, els tallers d&#8217;hist\u00f2ria o fins i tot tallers d&#8217;art.<\/span><\/p>\n<p><span style=\"font-family: 'Century Gothic','sans-serif';\">A la comunitat de grans tamb\u00e9 hi s\u00f3n presents els plans de treball, ja m\u00e9s adre\u00e7ats a treballar de forma sistem\u00e0tica alguns continguts curriculars.<\/span><\/p>\n","protected":false},"excerpt":{"rendered":"<p>La comunitat de grans la conformen els infants de 4t, 5\u00e8 i 6\u00e8 de prim\u00e0ria. El grup de 4t t\u00e9 com a base del projecte d&#8217;inici de curs el tema dels arquitectes. El grup de 5\u00e8 s\u00f3n periodistes i els grups de 6\u00e8 s\u00f3n m\u00fasiques&hellip;  <a href=\"https:\/\/agora.xtec.cat\/escolamartamatabdv\/comunitats\/grans\/\" title=\"Read Grans\">Llegeix m\u00e9s\u00bb<\/a><\/p>\n","protected":false},"author":9,"featured_media":0,"parent":11487,"menu_order":2,"comment_status":"closed","ping_status":"closed","template":"page-templates\/side-menu.php","meta":{"_bbp_topic_count":0,"_bbp_reply_count":0,"_bbp_total_topic_count":0,"_bbp_total_reply_count":0,"_bbp_voice_count":0,"_bbp_anonymous_reply_count":0,"_bbp_topic_count_hidden":0,"_bbp_reply_count_hidden":0,"_bbp_forum_subforum_count":0,"footnotes":""},"class_list":["post-11500","page","type-page","status-publish","hentry"],"post_mailing_queue_ids":[],"_links":{"self":[{"href":"https:\/\/agora.xtec.cat\/escolamartamatabdv\/wp-json\/wp\/v2\/pages\/11500","targetHints":{"allow":["GET"]}}],"collection":[{"href":"https:\/\/agora.xtec.cat\/escolamartamatabdv\/wp-json\/wp\/v2\/pages"}],"about":[{"href":"https:\/\/agora.xtec.cat\/escolamartamatabdv\/wp-json\/wp\/v2\/types\/page"}],"author":[{"embeddable":true,"href":"https:\/\/agora.xtec.cat\/escolamartamatabdv\/wp-json\/wp\/v2\/users\/9"}],"replies":[{"embeddable":true,"href":"https:\/\/agora.xtec.cat\/escolamartamatabdv\/wp-json\/wp\/v2\/comments?post=11500"}],"version-history":[{"count":4,"href":"https:\/\/agora.xtec.cat\/escolamartamatabdv\/wp-json\/wp\/v2\/pages\/11500\/revisions"}],"predecessor-version":[{"id":14621,"href":"https:\/\/agora.xtec.cat\/escolamartamatabdv\/wp-json\/wp\/v2\/pages\/11500\/revisions\/14621"}],"up":[{"embeddable":true,"href":"https:\/\/agora.xtec.cat\/escolamartamatabdv\/wp-json\/wp\/v2\/pages\/11487"}],"wp:attachment":[{"href":"https:\/\/agora.xtec.cat\/escolamartamatabdv\/wp-json\/wp\/v2\/media?parent=11500"}],"curies":[{"name":"wp","href":"https:\/\/api.w.org\/{rel}","templated":true}]}}