{"id":11496,"date":"2021-02-03T17:14:03","date_gmt":"2021-02-03T16:14:03","guid":{"rendered":"https:\/\/agora.xtec.cat\/escolamartamatabdv\/?page_id=11496"},"modified":"2025-12-16T12:13:30","modified_gmt":"2025-12-16T11:13:30","slug":"mitjans","status":"publish","type":"page","link":"https:\/\/agora.xtec.cat\/escolamartamatabdv\/comunitats\/mitjans\/","title":{"rendered":"Mitjans"},"content":{"rendered":"<p><span style=\"font-family: 'Century Gothic','sans-serif';\">La comunitat de mitjans la conformen els infants de 1r, 2n i 3r de prim\u00e0ria. El grup de 1r t\u00e9 com a base del projecte d&#8217;inici de curs el tema d&#8217;<strong>escultores i escultors<\/strong> , 2n <strong>artesanes i artesans<\/strong> i 3r <strong>inventors i inventores<\/strong>.\u00a0 A partir d&#8217;aquests temes treballaran individualment, en grups, fent recerca, exposant les informacions que han trobat, es q\u00fcestionaran preguntes i resoldran dubtes. En paral\u00b7lel a aquests projectes apareixen altres interessos, moment ideal per treballar altres projectes o petites investigacions. El treball per projectes representa una oportunitat per trencar l\u2019individualisme i fomentar el treball en col\u00b7laboraci\u00f3 a la recerca de solucions comunes als dubtes i preguntes plantejades. Ser\u00e0 a partir d&#8217;aquest treball cooperatiu que arribaran a aprendre significativament&#8230; un treball interdisciplinari per l&#8217;equip de mestres.\u00a0<\/span><\/p>\n<p><span style=\"font-family: 'Century Gothic','sans-serif';\">Els moments de treball en grup redu\u00eft \u00e9s un bon moment per manipular material Montessori, i apropar-los a conceptes matem\u00e0tics que de forma manipulativa adquireixen tot jugant. La manipulaci\u00f3 ser\u00e0 un treball previ i en paral\u00b7lel al treball en paper. Apropem als infants a conceptes m\u00e9s abstractes d&#8217;una altra manera.<\/span><\/p>\n<p><span style=\"font-family: 'Century Gothic','sans-serif';\">Els plans de treball seran propostes adaptades a les necessitats de cada infant, ja siguin propostes manipulatives com en el paper.<\/span><\/p>\n<p><span style=\"font-family: 'Century Gothic','sans-serif';\">Els infants de la comunitat de mitjans es barregen per trobar-se en els ambients d&#8217;aprenentatge.<\/span><\/p>\n","protected":false},"excerpt":{"rendered":"<p>La comunitat de mitjans la conformen els infants de 1r, 2n i 3r de prim\u00e0ria. El grup de 1r t\u00e9 com a base del projecte d&#8217;inici de curs el tema d&#8217;escultores i escultors , 2n artesanes i artesans i 3r inventors i inventores.\u00a0 A partir&hellip;  <a href=\"https:\/\/agora.xtec.cat\/escolamartamatabdv\/comunitats\/mitjans\/\" title=\"Read Mitjans\">Llegeix m\u00e9s\u00bb<\/a><\/p>\n","protected":false},"author":9,"featured_media":0,"parent":11487,"menu_order":1,"comment_status":"closed","ping_status":"closed","template":"page-templates\/side-menu.php","meta":{"_bbp_topic_count":0,"_bbp_reply_count":0,"_bbp_total_topic_count":0,"_bbp_total_reply_count":0,"_bbp_voice_count":0,"_bbp_anonymous_reply_count":0,"_bbp_topic_count_hidden":0,"_bbp_reply_count_hidden":0,"_bbp_forum_subforum_count":0,"footnotes":""},"class_list":["post-11496","page","type-page","status-publish","hentry"],"post_mailing_queue_ids":[],"_links":{"self":[{"href":"https:\/\/agora.xtec.cat\/escolamartamatabdv\/wp-json\/wp\/v2\/pages\/11496","targetHints":{"allow":["GET"]}}],"collection":[{"href":"https:\/\/agora.xtec.cat\/escolamartamatabdv\/wp-json\/wp\/v2\/pages"}],"about":[{"href":"https:\/\/agora.xtec.cat\/escolamartamatabdv\/wp-json\/wp\/v2\/types\/page"}],"author":[{"embeddable":true,"href":"https:\/\/agora.xtec.cat\/escolamartamatabdv\/wp-json\/wp\/v2\/users\/9"}],"replies":[{"embeddable":true,"href":"https:\/\/agora.xtec.cat\/escolamartamatabdv\/wp-json\/wp\/v2\/comments?post=11496"}],"version-history":[{"count":6,"href":"https:\/\/agora.xtec.cat\/escolamartamatabdv\/wp-json\/wp\/v2\/pages\/11496\/revisions"}],"predecessor-version":[{"id":14622,"href":"https:\/\/agora.xtec.cat\/escolamartamatabdv\/wp-json\/wp\/v2\/pages\/11496\/revisions\/14622"}],"up":[{"embeddable":true,"href":"https:\/\/agora.xtec.cat\/escolamartamatabdv\/wp-json\/wp\/v2\/pages\/11487"}],"wp:attachment":[{"href":"https:\/\/agora.xtec.cat\/escolamartamatabdv\/wp-json\/wp\/v2\/media?parent=11496"}],"curies":[{"name":"wp","href":"https:\/\/api.w.org\/{rel}","templated":true}]}}