{"id":11484,"date":"2021-02-03T13:31:38","date_gmt":"2021-02-03T12:31:38","guid":{"rendered":"https:\/\/agora.xtec.cat\/escolamartamatabdv\/?page_id=11484"},"modified":"2025-12-16T12:10:56","modified_gmt":"2025-12-16T11:10:56","slug":"petits-2","status":"publish","type":"page","link":"https:\/\/agora.xtec.cat\/escolamartamatabdv\/comunitats\/petits-2\/","title":{"rendered":"Petits"},"content":{"rendered":"<p><span style=\"font-family: 'Century Gothic','sans-serif';\">La comunitat de petits la conformen els infants d&#8217;I3, I4 i I5. Les entrades a l&#8217;escola s\u00f3n relaxades i les fam\u00edlies els acompanyen durant una estona. Les aules es dissenyen i s&#8217;organitzen mitjan\u00e7ant diferents racons, on les propostes conviden a aprendre tot manipulant materials diversos, on es fomenta l&#8217;autonomia dels nens i nenes. <\/span><\/p>\n<p><span style=\"font-family: 'Century Gothic','sans-serif';\">El dia comen\u00e7a activament, tot jugant en els racons de benvinguda. Els infants es canvien de sabates per estar a l&#8217;aula, d&#8217;aquesta manera mantenim l&#8217;aula m\u00e9s neta i estan m\u00e9s c\u00f2modes durant l&#8217;estona de classe. Les rotllanes s\u00f3n un moment per compartir viv\u00e8ncies, explicar esdeveniments, compartir amb els companys i companyes all\u00f2 que tant els agrada&#8230; s&#8217;aprofita aquest moment tamb\u00e9 per explicar tot all\u00f2 que faran durant el dia, i aix\u00ed anticipar les activitats previstes. <\/span><\/p>\n<p><span style=\"font-family: 'Century Gothic','sans-serif';\">Els infants de la comunitat de petits comparteixen entre ells diferents moments: jocs de pati, ambients, aix\u00ed com les festes i celebracions amb la resta de comunitats. El fil conductor i excusa de treball a l&#8217;inici de curs\u00a0 gira entorn d&#8217;un tema, <strong>pintores i pintors<\/strong>. Els projectes donen nom a les diferents aules. El treball per projectes implica una manera de fer que afavoreix la iniciativa i l\u2019autonomia en el treball.<\/span><\/p>\n<p>&nbsp;<\/p>\n","protected":false},"excerpt":{"rendered":"<p>La comunitat de petits la conformen els infants d&#8217;I3, I4 i I5. Les entrades a l&#8217;escola s\u00f3n relaxades i les fam\u00edlies els acompanyen durant una estona. Les aules es dissenyen i s&#8217;organitzen mitjan\u00e7ant diferents racons, on les propostes conviden a aprendre tot manipulant materials diversos,&hellip;  <a href=\"https:\/\/agora.xtec.cat\/escolamartamatabdv\/comunitats\/petits-2\/\" title=\"Read Petits\">Llegeix m\u00e9s\u00bb<\/a><\/p>\n","protected":false},"author":9,"featured_media":0,"parent":11487,"menu_order":0,"comment_status":"closed","ping_status":"closed","template":"page-templates\/side-menu.php","meta":{"_bbp_topic_count":0,"_bbp_reply_count":0,"_bbp_total_topic_count":0,"_bbp_total_reply_count":0,"_bbp_voice_count":0,"_bbp_anonymous_reply_count":0,"_bbp_topic_count_hidden":0,"_bbp_reply_count_hidden":0,"_bbp_forum_subforum_count":0,"footnotes":""},"class_list":["post-11484","page","type-page","status-publish","hentry"],"post_mailing_queue_ids":[],"_links":{"self":[{"href":"https:\/\/agora.xtec.cat\/escolamartamatabdv\/wp-json\/wp\/v2\/pages\/11484","targetHints":{"allow":["GET"]}}],"collection":[{"href":"https:\/\/agora.xtec.cat\/escolamartamatabdv\/wp-json\/wp\/v2\/pages"}],"about":[{"href":"https:\/\/agora.xtec.cat\/escolamartamatabdv\/wp-json\/wp\/v2\/types\/page"}],"author":[{"embeddable":true,"href":"https:\/\/agora.xtec.cat\/escolamartamatabdv\/wp-json\/wp\/v2\/users\/9"}],"replies":[{"embeddable":true,"href":"https:\/\/agora.xtec.cat\/escolamartamatabdv\/wp-json\/wp\/v2\/comments?post=11484"}],"version-history":[{"count":4,"href":"https:\/\/agora.xtec.cat\/escolamartamatabdv\/wp-json\/wp\/v2\/pages\/11484\/revisions"}],"predecessor-version":[{"id":14619,"href":"https:\/\/agora.xtec.cat\/escolamartamatabdv\/wp-json\/wp\/v2\/pages\/11484\/revisions\/14619"}],"up":[{"embeddable":true,"href":"https:\/\/agora.xtec.cat\/escolamartamatabdv\/wp-json\/wp\/v2\/pages\/11487"}],"wp:attachment":[{"href":"https:\/\/agora.xtec.cat\/escolamartamatabdv\/wp-json\/wp\/v2\/media?parent=11484"}],"curies":[{"name":"wp","href":"https:\/\/api.w.org\/{rel}","templated":true}]}}